{"id":20590,"date":"2025-02-02T12:47:28","date_gmt":"2025-02-02T11:47:28","guid":{"rendered":"https:\/\/boskienasiona.pl\/product\/nasiona-aster-karlowy-mix-nasiona-kwiatow-toraf\/"},"modified":"2026-04-18T14:17:50","modified_gmt":"2026-04-18T12:17:50","slug":"nasiona-aster-karlowy-mix-nasiona-kwiatow-toraf","status":"publish","type":"product","link":"https:\/\/boskienasiona.pl\/en\/produkt\/nasiona-aster-karlowy-mix-nasiona-kwiatow-toraf\/","title":{"rendered":"Nasiona Aster kar\u0142owy MIX Nasiona Kwiat\u00f3w TORAF"},"content":{"rendered":"<section class=\"section\">\n<div class=\"item item-12\">\n<section class=\"text-item\">\n<h1>NASIONA KWIAT\u00d3W Aster kar\u0142owy MIX na rabaty obw\u00f3dki do skrzynek<\/h1>\n<\/section>\n<\/div>\n<\/section>\n<section class=\"section\">\n<div class=\"item item-6\">\n<section class=\"image-item\"><img decoding=\"async\" src=\"https:\/\/upload.cdn.baselinker.com\/products\/3018170\/e54aff1a6e96a7c49d9e72f6d2f8071b.png\" \/><\/section>\n<\/div>\n<div class=\"item item-6\">\n<section class=\"text-item\"><b>Aster KAR\u0141OWY MIX &#8211; 1g (Calisthepus chinensis).<\/b><\/p>\n<p><b>Mieszanka r\u00f3\u017cnokolorowych, obficie kwitn\u0105cych astr\u00f3w\u00a0kar\u0142owych.<\/b> Ro\u015bliny wysoko\u015bci 20-30 cm, \u015brednica kwiat\u00f3w 6-9 cm. Wysiew nasion\u00a0III-IV do\u00a0inspektu lub\u00a0na\u00a0rozsadniku albo\u00a0w\u00a0ko\u0144cu kwietnia wprost do\u00a0gruntu. Pikowanie wzmacnia ro\u015blin\u0119. Na\u00a0miejsce sta\u0142e wsadza\u0107 w\u00a0maju. Doskonale nadaje\u00a0si\u0119 na\u00a0rabaty, obw\u00f3dki, do\u00a0skrzynek oraz\u00a0do\u00a0uprawy doniczkowej.<\/p>\n<p><b>Nasion w opakowaniu:<\/b> 1 g<\/p>\n<p><b>Siew:<\/b> III-IV (inspekt) \/ IV-V (grunt)<\/p>\n<p><b>Rozsada:<\/b> V<\/p>\n<p><b>Kwitnienie:<\/b> VII-IX<\/p>\n<\/section>\n<\/div>\n<\/section>\n<section class=\"section\">\n<div class=\"item item-6\">\n<section class=\"image-item\"><img decoding=\"async\" src=\"https:\/\/upload.cdn.baselinker.com\/products\/3018170\/190330f0ca2165b0b4a843dd9fa42c97.png\" \/><\/section>\n<\/div>\n<div class=\"item item-6\">\n<section class=\"text-item\"><b>SPRAWDZONA JAKO\u015a\u0106 NASION<\/b><\/p>\n<p>Oferowane przez nas nasiona s\u0105 testowane w\u00a0<b>Laboratorium Oceny Nasion pod wzgl\u0119dem:<\/b><\/p>\n<p>\u2705<b>kie\u0142kowania<\/b><\/p>\n<p>\u2705<b>wilgotno\u015bci<\/b><\/p>\n<p>\u2705<b>czysto\u015bci ziarna<\/b><\/p>\n<p><b>Dzi\u0119ki czemu udost\u0119pniane nasiona s\u0105 \u015bci\u015ble wyselekcjonowane, tylko wysokiej klasy.<\/b><\/p>\n<p>Torebki zakupione na naszej aukcji s\u0105 w pe\u0142ni bezpieczne, posiadaj\u0105\u00a0<b>dat\u0119 wa\u017cno\u015bci i nr partii na opakowaniu.<\/b>\u00a0Gwarantujemy r\u00f3wnie\u017c jako\u015b\u0107 i oryginalno\u015b\u0107 produkt\u00f3w, poniewa\u017c s\u0105 nabywane bezpo\u015brednio od producenta.<\/p>\n<\/section>\n<\/div>\n<\/section>\n","protected":false},"excerpt":{"rendered":"<p>NASIONA KWIAT\u00d3W Aster kar\u0142owy MIX na rabaty obw\u00f3dki do skrzynek Aster KAR\u0141OWY MIX &#8211; 1g (Calisthepus chinensis). Mieszanka r\u00f3\u017cnokolorowych, obficie kwitn\u0105cych astr\u00f3w\u00a0kar\u0142owych. Ro\u015bliny wysoko\u015bci 20-30 cm, \u015brednica kwiat\u00f3w 6-9 cm. Wysiew nasion\u00a0III-IV do\u00a0inspektu lub\u00a0na\u00a0rozsadniku albo\u00a0w\u00a0ko\u0144cu kwietnia wprost do\u00a0gruntu. Pikowanie wzmacnia ro\u015blin\u0119. Na\u00a0miejsce sta\u0142e wsadza\u0107 w\u00a0maju. Doskonale nadaje\u00a0si\u0119 na\u00a0rabaty, obw\u00f3dki, do\u00a0skrzynek oraz\u00a0do\u00a0uprawy doniczkowej. Nasion w opakowaniu:&#8230;<\/p>\n","protected":false},"featured_media":20621,"comment_status":"open","ping_status":"closed","template":"","meta":{"inline_featured_image":false},"product_cat":[162,183,182],"product_tag":[],"location":[],"class_list":{"0":"post-20590","1":"product","2":"type-product","3":"status-publish","4":"has-post-thumbnail","6":"product_cat-nasiona","7":"product_cat-nasiona-kwiatow-ogrodowych","8":"product_cat-nasiona-kwiaty-doniczkowe","9":"nt-post-class","10":"","13":"excerpt-none","16":"first","17":"instock","18":"shipping-taxable","19":"purchasable","20":"product-type-simple"},"_links":{"self":[{"href":"https:\/\/boskienasiona.pl\/en\/wp-json\/wp\/v2\/product\/20590","targetHints":{"allow":["GET"]}}],"collection":[{"href":"https:\/\/boskienasiona.pl\/en\/wp-json\/wp\/v2\/product"}],"about":[{"href":"https:\/\/boskienasiona.pl\/en\/wp-json\/wp\/v2\/types\/product"}],"replies":[{"embeddable":true,"href":"https:\/\/boskienasiona.pl\/en\/wp-json\/wp\/v2\/comments?post=20590"}],"version-history":[{"count":2,"href":"https:\/\/boskienasiona.pl\/en\/wp-json\/wp\/v2\/product\/20590\/revisions"}],"predecessor-version":[{"id":22549,"href":"https:\/\/boskienasiona.pl\/en\/wp-json\/wp\/v2\/product\/20590\/revisions\/22549"}],"wp:featuredmedia":[{"embeddable":true,"href":"https:\/\/boskienasiona.pl\/en\/wp-json\/wp\/v2\/media\/20621"}],"wp:attachment":[{"href":"https:\/\/boskienasiona.pl\/en\/wp-json\/wp\/v2\/media?parent=20590"}],"wp:term":[{"taxonomy":"product_cat","embeddable":true,"href":"https:\/\/boskienasiona.pl\/en\/wp-json\/wp\/v2\/product_cat?post=20590"},{"taxonomy":"product_tag","embeddable":true,"href":"https:\/\/boskienasiona.pl\/en\/wp-json\/wp\/v2\/product_tag?post=20590"},{"taxonomy":"location","embeddable":true,"href":"https:\/\/boskienasiona.pl\/en\/wp-json\/wp\/v2\/location?post=20590"}],"curies":[{"name":"wp","href":"https:\/\/api.w.org\/{rel}","templated":true}]}}