{"id":20600,"date":"2025-02-02T12:47:44","date_gmt":"2025-02-02T11:47:44","guid":{"rendered":"https:\/\/boskienasiona.pl\/product\/nasiona-kwiatow-aster-chryzantemowy-mix-na-kwiat-ciety-rabaty-obwodki\/"},"modified":"2026-04-15T14:22:31","modified_gmt":"2026-04-15T12:22:31","slug":"nasiona-kwiatow-aster-chryzantemowy-mix-na-kwiat-ciety-rabaty-obwodki","status":"publish","type":"product","link":"https:\/\/boskienasiona.pl\/en\/produkt\/nasiona-kwiatow-aster-chryzantemowy-mix-na-kwiat-ciety-rabaty-obwodki\/","title":{"rendered":"Nasiona kwiat\u00f3w Aster chryzantemowy MIX na kwiat ci\u0119ty rabaty obw\u00f3dki"},"content":{"rendered":"<section class=\"section\">\n<div class=\"item item-12\">\n<section class=\"text-item\">\n<h1>Nasiona kwiat\u00f3w Aster chryzantemowy MIX na kwiat ci\u0119ty rabaty obw\u00f3dki<\/h1>\n<\/section><\/div>\n<\/section>\n<section class=\"section\">\n<div class=\"item item-6\">\n<section class=\"image-item\">\n            <img decoding=\"async\" src=\"https:\/\/upload.cdn.baselinker.com\/products\/3018170\/f81c4ab740a6f3472af6c40e35105716.png\" \/><br \/>\n        <\/section>\n<\/p><\/div>\n<div class=\"item item-6\">\n<section class=\"text-item\">\n<p><b>Aster\u00a0chryzantemowy\u00a0MIX<\/b><\/p>\n<p>Callistephus chinensis<\/p>\n<p>Ro\u015blina jednoroczna 50-80\u00a0cm wysoko\u015bci. Mieszanka kolor\u00f3w o\u00a0pe\u0142nych r\u00f3\u017cnobarwnych kwiatach. Kwitnie od\u00a0lipca do\u00a0pa\u017adziernika. Stosowany na\u00a0kwiat ci\u0119ty, rabaty, obw\u00f3dki i\u00a0kwietniki. Wysiew w\u00a0marcu-kwietniu do\u00a0ogrzewanego inspektu lub\u00a0wprost do\u00a0gruntu w\u00a0kwietniu-maju. Wymaga stanowiska s\u0142onecznego, \u015brednio wilgotnej, \u017cyznej gleby.<\/p>\n<p><b>\u2705Siew:<\/b> III-V<\/p>\n<p><b>\u2705Kwitnienie:<\/b> VII-X<\/p>\n<p><b>\u2705Rozstawa:<\/b> 20x40cm<\/p>\n<p><b>\u2705Wysoko\u015b\u0107:<\/b> 50-80cm<\/p>\n<\/section><\/div>\n<\/section>\n<section class=\"section\">\n<div class=\"item item-6\">\n<section class=\"image-item\">\n            <img decoding=\"async\" src=\"https:\/\/upload.cdn.baselinker.com\/products\/3018170\/8cc0a72ee5aeb136617494c4307ad174.png\" \/><br \/>\n        <\/section>\n<\/p><\/div>\n<div class=\"item item-6\">\n<section class=\"text-item\">\n<p><b>SPRAWDZONA JAKO\u015a\u0106 NASION<\/b><\/p>\n<p>Oferowane przez nas nasiona s\u0105 testowane w\u00a0<b>Laboratorium Oceny Nasion pod wzgl\u0119dem:<\/b><\/p>\n<p>\u2705<b>kie\u0142kowania<\/b><\/p>\n<p>\u2705<b>wilgotno\u015bci<\/b><\/p>\n<p>\u2705<b>czysto\u015bci ziarna<\/b><\/p>\n<p><b>Dzi\u0119ki czemu udost\u0119pniane nasiona s\u0105 \u015bci\u015ble wyselekcjonowane, tylko wysokiej klasy.<\/b><\/p>\n<p>Torebki zakupione na naszej aukcji s\u0105 w pe\u0142ni bezpieczne, posiadaj\u0105\u00a0<b>dat\u0119 wa\u017cno\u015bci i nr partii na opakowaniu.<\/b>\u00a0Gwarantujemy r\u00f3wnie\u017c jako\u015b\u0107 i oryginalno\u015b\u0107 produkt\u00f3w, poniewa\u017c s\u0105 nabywane bezpo\u015brednio od producenta.<\/p>\n<\/section><\/div>\n<\/section>\n","protected":false},"excerpt":{"rendered":"<p>Nasiona kwiat\u00f3w Aster chryzantemowy MIX na kwiat ci\u0119ty rabaty obw\u00f3dki Aster\u00a0chryzantemowy\u00a0MIX Callistephus chinensis Ro\u015blina jednoroczna 50-80\u00a0cm wysoko\u015bci. Mieszanka kolor\u00f3w o\u00a0pe\u0142nych r\u00f3\u017cnobarwnych kwiatach. Kwitnie od\u00a0lipca do\u00a0pa\u017adziernika. Stosowany na\u00a0kwiat ci\u0119ty, rabaty, obw\u00f3dki i\u00a0kwietniki. Wysiew w\u00a0marcu-kwietniu do\u00a0ogrzewanego inspektu lub\u00a0wprost do\u00a0gruntu w\u00a0kwietniu-maju. Wymaga stanowiska s\u0142onecznego, \u015brednio wilgotnej, \u017cyznej gleby. \u2705Siew: III-V \u2705Kwitnienie: VII-X \u2705Rozstawa: 20x40cm \u2705Wysoko\u015b\u0107: 50-80cm SPRAWDZONA JAKO\u015a\u0106&#8230;<\/p>\n","protected":false},"featured_media":20630,"comment_status":"open","ping_status":"closed","template":"","meta":{"inline_featured_image":false},"product_cat":[126,162,182],"product_tag":[],"location":[],"class_list":{"0":"post-20600","1":"product","2":"type-product","3":"status-publish","4":"has-post-thumbnail","6":"product_cat-nasiona-warzyw","7":"product_cat-nasiona","8":"product_cat-nasiona-kwiaty-doniczkowe","9":"nt-post-class","10":"","13":"excerpt-none","16":"first","17":"instock","18":"shipping-taxable","19":"purchasable","20":"product-type-simple"},"_links":{"self":[{"href":"https:\/\/boskienasiona.pl\/en\/wp-json\/wp\/v2\/product\/20600","targetHints":{"allow":["GET"]}}],"collection":[{"href":"https:\/\/boskienasiona.pl\/en\/wp-json\/wp\/v2\/product"}],"about":[{"href":"https:\/\/boskienasiona.pl\/en\/wp-json\/wp\/v2\/types\/product"}],"replies":[{"embeddable":true,"href":"https:\/\/boskienasiona.pl\/en\/wp-json\/wp\/v2\/comments?post=20600"}],"version-history":[{"count":1,"href":"https:\/\/boskienasiona.pl\/en\/wp-json\/wp\/v2\/product\/20600\/revisions"}],"predecessor-version":[{"id":20634,"href":"https:\/\/boskienasiona.pl\/en\/wp-json\/wp\/v2\/product\/20600\/revisions\/20634"}],"wp:featuredmedia":[{"embeddable":true,"href":"https:\/\/boskienasiona.pl\/en\/wp-json\/wp\/v2\/media\/20630"}],"wp:attachment":[{"href":"https:\/\/boskienasiona.pl\/en\/wp-json\/wp\/v2\/media?parent=20600"}],"wp:term":[{"taxonomy":"product_cat","embeddable":true,"href":"https:\/\/boskienasiona.pl\/en\/wp-json\/wp\/v2\/product_cat?post=20600"},{"taxonomy":"product_tag","embeddable":true,"href":"https:\/\/boskienasiona.pl\/en\/wp-json\/wp\/v2\/product_tag?post=20600"},{"taxonomy":"location","embeddable":true,"href":"https:\/\/boskienasiona.pl\/en\/wp-json\/wp\/v2\/location?post=20600"}],"curies":[{"name":"wp","href":"https:\/\/api.w.org\/{rel}","templated":true}]}}