{"id":20612,"date":"2025-02-02T12:48:04","date_gmt":"2025-02-02T11:48:04","guid":{"rendered":"https:\/\/boskienasiona.pl\/product\/nasiona-kwiatow-aksamitka-rozp-zolta-na-rabaty-obwodki-kwietniki-balkony\/"},"modified":"2026-03-27T14:21:14","modified_gmt":"2026-03-27T13:21:14","slug":"nasiona-kwiatow-aksamitka-rozp-zolta-na-rabaty-obwodki-kwietniki-balkony","status":"publish","type":"product","link":"https:\/\/boskienasiona.pl\/en\/produkt\/nasiona-kwiatow-aksamitka-rozp-zolta-na-rabaty-obwodki-kwietniki-balkony\/","title":{"rendered":"Nasiona kwiat\u00f3w Aksamitka rozp. \u017b\u00f3\u0142ta na rabaty obw\u00f3dki kwietniki balkony"},"content":{"rendered":"<section class=\"section\">\n<div class=\"item item-12\">\n<section class=\"text-item\">\n<h1>Nasiona kwiat\u00f3w Aksamitka rozp. \u017b\u00f3\u0142ta na rabaty obw\u00f3dki kwietniki balkony<\/h1>\n<\/section><\/div>\n<\/section>\n<section class=\"section\">\n<div class=\"item item-6\">\n<section class=\"image-item\">\n            <img decoding=\"async\" src=\"https:\/\/upload.cdn.baselinker.com\/products\/3018170\/6ab170a06581044e3064925b0d0d8262.png\" \/><br \/>\n        <\/section>\n<\/p><\/div>\n<div class=\"item item-6\">\n<section class=\"text-item\">\n<p><b>Aksamitka Rozpierzch\u0142a GYPSY SUNSHINE<\/b><\/p>\n<p>T. patula nana fl.pl.<\/p>\n<p>Ro\u015blina jednoroczna wysoko\u015bci 25-35cm o\u00a0pe\u0142nych kwiatach barwy cytrynowej. Kwitnie obficie i\u00a0r\u00f3wnomiernie od\u00a0czerwca do\u00a0pa\u017adziernika. Doskona\u0142a na\u00a0rabaty, obw\u00f3dki, kwietniki, balkony. Udaje\u00a0si\u0119 na\u00a0ka\u017cdej glebie ogrodowej. Wysiew w\u00a0kwietniu do\u00a0inspektu lub\u00a0w\u00a0maju wprost do\u00a0gruntu.<\/p>\n<ul>\n<li><b>Wysoko\u015b\u0107:<\/b>\u00a020-25 cm<\/li>\n<li><b>Siew:<\/b>\u00a0III-V<\/li>\n<li><b>Kwitnienie:<\/b>\u00a0VI-X<\/li>\n<li><b>Rozstawa:<\/b>\u00a020 x 20-30 cm<\/li>\n<\/ul>\n<\/section><\/div>\n<\/section>\n<section class=\"section\">\n<div class=\"item item-6\">\n<section class=\"image-item\">\n            <img decoding=\"async\" src=\"https:\/\/upload.cdn.baselinker.com\/products\/3018170\/908ce09cf1c85d3298748581b2d6f536.png\" \/><br \/>\n        <\/section>\n<\/p><\/div>\n<div class=\"item item-6\">\n<section class=\"text-item\">\n<p><b>SPRAWDZONA JAKO\u015a\u0106 NASION<\/b><\/p>\n<p>Oferowane przez nas nasiona s\u0105 testowane w\u00a0<b>Laboratorium Oceny Nasion pod wzgl\u0119dem:<\/b><\/p>\n<p>\u2705<b>kie\u0142kowania<\/b><\/p>\n<p>\u2705<b>wilgotno\u015bci<\/b><\/p>\n<p>\u2705<b>czysto\u015bci ziarna<\/b><\/p>\n<p><b>Dzi\u0119ki czemu udost\u0119pniane nasiona s\u0105 \u015bci\u015ble wyselekcjonowane, tylko wysokiej klasy.<\/b><\/p>\n<p>Torebki zakupione na naszej aukcji s\u0105 w pe\u0142ni bezpieczne, posiadaj\u0105\u00a0<b>dat\u0119 wa\u017cno\u015bci i nr partii na opakowaniu.<\/b>\u00a0Gwarantujemy r\u00f3wnie\u017c jako\u015b\u0107 i oryginalno\u015b\u0107 produkt\u00f3w, poniewa\u017c s\u0105 nabywane bezpo\u015brednio od producenta.<\/p>\n<\/section><\/div>\n<\/section>\n","protected":false},"excerpt":{"rendered":"<p>Nasiona kwiat\u00f3w Aksamitka rozp. \u017b\u00f3\u0142ta na rabaty obw\u00f3dki kwietniki balkony Aksamitka Rozpierzch\u0142a GYPSY SUNSHINE T. patula nana fl.pl. Ro\u015blina jednoroczna wysoko\u015bci 25-35cm o\u00a0pe\u0142nych kwiatach barwy cytrynowej. Kwitnie obficie i\u00a0r\u00f3wnomiernie od\u00a0czerwca do\u00a0pa\u017adziernika. Doskona\u0142a na\u00a0rabaty, obw\u00f3dki, kwietniki, balkony. Udaje\u00a0si\u0119 na\u00a0ka\u017cdej glebie ogrodowej. Wysiew w\u00a0kwietniu do\u00a0inspektu lub\u00a0w\u00a0maju wprost do\u00a0gruntu. Wysoko\u015b\u0107:\u00a020-25 cm Siew:\u00a0III-V Kwitnienie:\u00a0VI-X Rozstawa:\u00a020 x 20-30 cm SPRAWDZONA&#8230;<\/p>\n","protected":false},"featured_media":20635,"comment_status":"open","ping_status":"closed","template":"","meta":{"inline_featured_image":false},"product_cat":[126,162,183,182],"product_tag":[],"location":[],"class_list":{"0":"post-20612","1":"product","2":"type-product","3":"status-publish","4":"has-post-thumbnail","6":"product_cat-nasiona-warzyw","7":"product_cat-nasiona","8":"product_cat-nasiona-kwiatow-ogrodowych","9":"product_cat-nasiona-kwiaty-doniczkowe","10":"nt-post-class","11":"","14":"excerpt-none","17":"first","18":"instock","19":"shipping-taxable","20":"purchasable","21":"product-type-simple"},"_links":{"self":[{"href":"https:\/\/boskienasiona.pl\/en\/wp-json\/wp\/v2\/product\/20612","targetHints":{"allow":["GET"]}}],"collection":[{"href":"https:\/\/boskienasiona.pl\/en\/wp-json\/wp\/v2\/product"}],"about":[{"href":"https:\/\/boskienasiona.pl\/en\/wp-json\/wp\/v2\/types\/product"}],"replies":[{"embeddable":true,"href":"https:\/\/boskienasiona.pl\/en\/wp-json\/wp\/v2\/comments?post=20612"}],"version-history":[{"count":1,"href":"https:\/\/boskienasiona.pl\/en\/wp-json\/wp\/v2\/product\/20612\/revisions"}],"predecessor-version":[{"id":20639,"href":"https:\/\/boskienasiona.pl\/en\/wp-json\/wp\/v2\/product\/20612\/revisions\/20639"}],"wp:featuredmedia":[{"embeddable":true,"href":"https:\/\/boskienasiona.pl\/en\/wp-json\/wp\/v2\/media\/20635"}],"wp:attachment":[{"href":"https:\/\/boskienasiona.pl\/en\/wp-json\/wp\/v2\/media?parent=20612"}],"wp:term":[{"taxonomy":"product_cat","embeddable":true,"href":"https:\/\/boskienasiona.pl\/en\/wp-json\/wp\/v2\/product_cat?post=20612"},{"taxonomy":"product_tag","embeddable":true,"href":"https:\/\/boskienasiona.pl\/en\/wp-json\/wp\/v2\/product_tag?post=20612"},{"taxonomy":"location","embeddable":true,"href":"https:\/\/boskienasiona.pl\/en\/wp-json\/wp\/v2\/location?post=20612"}],"curies":[{"name":"wp","href":"https:\/\/api.w.org\/{rel}","templated":true}]}}