{"id":20681,"date":"2025-02-03T10:12:26","date_gmt":"2025-02-03T09:12:26","guid":{"rendered":"https:\/\/boskienasiona.pl\/product\/nasiona-na-tasmie-kwiatow-mieszanka-antyslimakowa\/"},"modified":"2026-04-19T14:17:54","modified_gmt":"2026-04-19T12:17:54","slug":"nasiona-na-tasmie-kwiatow-mieszanka-antyslimakowa","status":"publish","type":"product","link":"https:\/\/boskienasiona.pl\/en\/produkt\/nasiona-na-tasmie-kwiatow-mieszanka-antyslimakowa\/","title":{"rendered":"Nasiona na ta\u015bmie kwiat\u00f3w MIESZANKA ANTY\u015aLIMAKOWA"},"content":{"rendered":"<section class=\"section\">\n<div class=\"item item-12\">\n<section class=\"text-item\">\n<h1>Nasiona na ta\u015bmie kwiat\u00f3w MIESZANKA ANTY\u015aLIMAKOWA<\/h1>\n<\/section><\/div>\n<\/section>\n<section class=\"section\">\n<div class=\"item item-6\">\n<section class=\"text-item\">\n<p><b>NASIONA NA TA\u015aMIE<\/b><\/p>\n<p>S\u0105 to specjalne ta\u015bmy oraz kr\u0105\u017cki naszpikowane nasionami w odpowiednim zag\u0119szczeniu. Precyzyjne zachowanie odleg\u0142o\u015bci na ta\u015bmie eliminuj\u0105c potrzeb\u0119 stosowania przerywki.\u00a0 Wysiew wymaga jedynie wykopania rowka, umieszczenia w nim ta\u015bmy i zasypania ziemi\u0105. T\u0105 prost\u0105 metod\u0105 mo\u017cna wysiewa\u0107 zar\u00f3wno\u00a0nasiona warzyw gruntowych, jak i zio\u0142a czy kwiaty.<\/p>\n<p><b>Mieszanka ANTY \u2013 \u015aLIMAKOWA &#8211; NASIONA NA\u00a0TA\u015aMIE<\/b><\/p>\n<p>Opakowanie zawiera 7\u00a0m ta\u015bmy. \u015alimaki niszcz\u0105 tw\u00f3j\u00a0ogr\u00f3dek? Chcesz\u00a0si\u0119 ich\u00a0pozby\u0107 w\u00a0zupe\u0142nie naturalny spos\u00f3b? Nic prostszego \u2013 u\u017cyj naszej ta\u015bmy z\u00a0mieszank\u0105 anty-\u015blimakow\u0105. Pokr\u00f3j ro\u015blin, ich\u00a0zapach i\u00a0struktura stworz\u0105 naturaln\u0105 barier\u0119 uniemo\u017cliwiaj\u0105c\u0105 im \u017cerowanie. Dodatkowym walorem b\u0119dzie pi\u0119kna kompozycja kwiat\u00f3w i\u00a0zi\u00f3\u0142 (jednorocznych i\u00a0wieloletnich) w\u00a0twoim ogrodzie. U\u0142\u00f3\u017c ta\u015bm\u0119 w\u00a0odleg\u0142o\u015bci 30\u00a0cm od\u00a0ro\u015blin kt\u00f3re chcesz chroni\u0107 i\u00a0po\u017cegnaj \u015blimaki na\u00a0zawsze.<\/p>\n<\/section><\/div>\n<div class=\"item item-6\">\n<section class=\"image-item\">\n            <img decoding=\"async\" src=\"https:\/\/upload.cdn.baselinker.com\/products\/3018170\/e007e90ce44747306d6478769e944e4f.png\" \/><br \/>\n        <\/section>\n<\/p><\/div>\n<\/section>\n<section class=\"section\">\n<div class=\"item item-6\">\n<section class=\"text-item\">\n<p><b>Opakowanie zawiera 7m ta\u015bmy nasiennej.<\/b><\/p>\n<p><b>Ta\u015bma nasienna u\u0142atwia wysiew, dzi\u0119ki odpowiedniemu rozmieszczeniu nasion na ta\u015bmie eliminuj\u0105c potrzeb\u0119 stosowania przerywki i pozwala na\u00a0uzyskanie dobrych plon\u00f3w.<\/b><\/p>\n<p><b>WARUNKI UPRAWY:<\/b><\/p>\n<p>1\ufe0f\u20e3 Przygotowa\u0107 pod\u0142o\u017ce usuwaj\u0105c kamienie i grabi\u0105c w celu\u00a0 \u00a0 \u00a0 \u00a0 \u00a0wyr\u00f3wnania i rozdrobnienia powierzchni ziemi.<\/p>\n<p>2\ufe0f\u20e3 Wykona\u0107 w ziemi p\u0142ytki rowek ok. 0,5-1 cm g\u0142\u0119boko\u015bci roz\u0142o\u017cy\u0107 ta\u015bm\u0119, przykry\u0107 warstw\u0105 pod\u0142o\u017ca.<\/p>\n<p>3\ufe0f\u20e3 Obficie podla\u0107 i utrzymywa\u0107 wilgotno\u015b\u0107 nie dopuszczaj\u0105c do przesuszenia w celu u\u0142atwienia kie\u0142kowania.<\/p>\n<\/section><\/div>\n<div class=\"item item-6\">\n<section class=\"image-item\">\n            <img decoding=\"async\" src=\"https:\/\/upload.cdn.baselinker.com\/products\/3018170\/057b01397a7c3eedb6baee4d8bdb855e.png\" \/><br \/>\n        <\/section>\n<\/p><\/div>\n<\/section>\n<section class=\"section\">\n<div class=\"item item-6\">\n<section class=\"text-item\">\n<p><b>SPRAWDZONA JAKO\u015a\u0106 NASION<\/b><\/p>\n<p>Oferowane przez nas nasiona s\u0105 testowane w <b>Laboratorium Oceny Nasion pod wzgl\u0119dem:<\/b><\/p>\n<p>\u2705<b>kie\u0142kowania<\/b><\/p>\n<p>\u2705<b>wilgotno\u015bci<\/b><\/p>\n<p>\u2705<b>czysto\u015bci ziarna<\/b><\/p>\n<p><b>Dzi\u0119ki czemu udost\u0119pniane nasiona s\u0105 \u015bci\u015ble wyselekcjonowane, tylko wysokiej klasy.<\/b><\/p>\n<p>Torebki zakupione na naszej aukcji s\u0105 w pe\u0142ni bezpieczne, posiadaj\u0105 <b>dat\u0119 wa\u017cno\u015bci i nr partii na opakowaniu.<\/b> Gwarantujemy r\u00f3wnie\u017c jako\u015b\u0107 i oryginalno\u015b\u0107 produkt\u00f3w, poniewa\u017c s\u0105 nabywane bezpo\u015brednio od producenta.<\/p>\n<\/section><\/div>\n<div class=\"item item-6\">\n<section class=\"image-item\">\n            <img decoding=\"async\" src=\"https:\/\/upload.cdn.baselinker.com\/products\/3018170\/e007e90ce44747306d6478769e944e4f.png\" \/><br \/>\n        <\/section>\n<\/p><\/div>\n<\/section>\n","protected":false},"excerpt":{"rendered":"<p>Nasiona na ta\u015bmie kwiat\u00f3w MIESZANKA ANTY\u015aLIMAKOWA NASIONA NA TA\u015aMIE S\u0105 to specjalne ta\u015bmy oraz kr\u0105\u017cki naszpikowane nasionami w odpowiednim zag\u0119szczeniu. Precyzyjne zachowanie odleg\u0142o\u015bci na ta\u015bmie eliminuj\u0105c potrzeb\u0119 stosowania przerywki.\u00a0 Wysiew wymaga jedynie wykopania rowka, umieszczenia w nim ta\u015bmy i zasypania ziemi\u0105. T\u0105 prost\u0105 metod\u0105 mo\u017cna wysiewa\u0107 zar\u00f3wno\u00a0nasiona warzyw gruntowych, jak i zio\u0142a czy kwiaty. Mieszanka&#8230;<\/p>\n","protected":false},"featured_media":20675,"comment_status":"open","ping_status":"closed","template":"","meta":{"inline_featured_image":false},"product_cat":[126,162,183],"product_tag":[],"location":[],"class_list":{"0":"post-20681","1":"product","2":"type-product","3":"status-publish","4":"has-post-thumbnail","6":"product_cat-nasiona-warzyw","7":"product_cat-nasiona","8":"product_cat-nasiona-kwiatow-ogrodowych","9":"nt-post-class","10":"","13":"excerpt-none","16":"first","17":"instock","18":"shipping-taxable","19":"purchasable","20":"product-type-simple"},"_links":{"self":[{"href":"https:\/\/boskienasiona.pl\/en\/wp-json\/wp\/v2\/product\/20681","targetHints":{"allow":["GET"]}}],"collection":[{"href":"https:\/\/boskienasiona.pl\/en\/wp-json\/wp\/v2\/product"}],"about":[{"href":"https:\/\/boskienasiona.pl\/en\/wp-json\/wp\/v2\/types\/product"}],"replies":[{"embeddable":true,"href":"https:\/\/boskienasiona.pl\/en\/wp-json\/wp\/v2\/comments?post=20681"}],"version-history":[{"count":1,"href":"https:\/\/boskienasiona.pl\/en\/wp-json\/wp\/v2\/product\/20681\/revisions"}],"predecessor-version":[{"id":22547,"href":"https:\/\/boskienasiona.pl\/en\/wp-json\/wp\/v2\/product\/20681\/revisions\/22547"}],"wp:featuredmedia":[{"embeddable":true,"href":"https:\/\/boskienasiona.pl\/en\/wp-json\/wp\/v2\/media\/20675"}],"wp:attachment":[{"href":"https:\/\/boskienasiona.pl\/en\/wp-json\/wp\/v2\/media?parent=20681"}],"wp:term":[{"taxonomy":"product_cat","embeddable":true,"href":"https:\/\/boskienasiona.pl\/en\/wp-json\/wp\/v2\/product_cat?post=20681"},{"taxonomy":"product_tag","embeddable":true,"href":"https:\/\/boskienasiona.pl\/en\/wp-json\/wp\/v2\/product_tag?post=20681"},{"taxonomy":"location","embeddable":true,"href":"https:\/\/boskienasiona.pl\/en\/wp-json\/wp\/v2\/location?post=20681"}],"curies":[{"name":"wp","href":"https:\/\/api.w.org\/{rel}","templated":true}]}}