{"id":20722,"date":"2025-02-03T10:13:45","date_gmt":"2025-02-03T09:13:45","guid":{"rendered":"https:\/\/boskienasiona.pl\/product\/nasiona-ziol-aromatyczny-rozmaryn-wieloletni-aromatyczna-przyprawa\/"},"modified":"2026-04-19T14:17:55","modified_gmt":"2026-04-19T12:17:55","slug":"nasiona-ziol-aromatyczny-rozmaryn-wieloletni-aromatyczna-przyprawa","status":"publish","type":"product","link":"https:\/\/boskienasiona.pl\/en\/produkt\/nasiona-ziol-aromatyczny-rozmaryn-wieloletni-aromatyczna-przyprawa\/","title":{"rendered":"Nasiona zi\u00f3\u0142 aromatyczny Rozmaryn wieloletni aromatyczna przyprawa"},"content":{"rendered":"<section class=\"section\">\n<div class=\"item item-12\">\n<section class=\"text-item\">\n<h1>Nasiona zi\u00f3\u0142 aromatyczny Rozmaryn wieloletni aromatyczna przyprawa\u00a0<\/h1>\n<\/section><\/div>\n<\/section>\n<section class=\"section\">\n<div class=\"item item-6\">\n<section class=\"image-item\">\n            <img decoding=\"async\" src=\"https:\/\/upload.cdn.baselinker.com\/products\/3018170\/f22b5d8b4a1f99159cc83c75d3ed33dc.png\" \/><br \/>\n        <\/section>\n<\/p><\/div>\n<div class=\"item item-6\">\n<section class=\"text-item\">\n<p><b>Rozmaryn<\/b><\/p>\n<p>Rosmarinus officinalis<\/p>\n<p>Wieloletnia, wiecznie zielona, aromatyczna ro\u015blina przyprawowa o\u00a0igie\u0142kowatych listkach wydzielaj\u0105cych, intensywny \u017cywiczny zapach i\u00a0pi\u0119knych b\u0142\u0119kitnych kwiatach. Ro\u015blina polecana do\u00a0ca\u0142orocznej uprawy doniczkowej. Li\u015bcie ro\u015bliny mo\u017cna zbiera\u0107 przez ca\u0142y rok i\u00a0suszone b\u0105d\u017a\u00a0\u015bwie\u017ce wykorzystywa\u0107 jako przypraw\u0119 do\u00a0mi\u0119s, ryb, da\u0144 z\u00a0ziemniak\u00f3w, pomidor\u00f3w i\u00a0kapusty w\u0142oskiej. Pomaga w\u00a0trawieniu, pobudza kr\u0105\u017cenie i\u00a0prac\u0119 woreczka \u017c\u00f3\u0142ciowego, napar oczyszcza drogi oddechowe, \u0142agodzi skurcze. Wysiew nasion pod\u00a0os\u0142onami III-IV lub\u00a0w\u00a0V-VI wprost do\u00a0gruntu. Najlepiej ro\u015bnie na\u00a0stanowisku s\u0142onecznym o\u00a0przepuszczalnym pod\u0142o\u017cu.<\/p>\n<ul>\n<li><b>Siew:<\/b> III-VI<\/li>\n<li><b>Zbi\u00f3r:<\/b> II -XI<\/li>\n<li><b>Rozstawa:<\/b> 25&#215;35 cm<\/li>\n<li><b>Wysoko\u015b\u0107:<\/b> 30-35 cm<\/li>\n<\/ul>\n<\/section><\/div>\n<\/section>\n<section class=\"section\">\n<div class=\"item item-6\">\n<section class=\"image-item\">\n            <img decoding=\"async\" src=\"https:\/\/upload.cdn.baselinker.com\/products\/3018170\/42bac9feaa150f80bdd1db2e6db4ce32.png\" \/><br \/>\n        <\/section>\n<\/p><\/div>\n<div class=\"item item-6\">\n<section class=\"text-item\">\n<p><b>SPRAWDZONA JAKO\u015a\u0106 NASION<\/b><\/p>\n<p>Oferowane przez nas nasiona s\u0105 testowane w\u00a0<b>Laboratorium Oceny Nasion pod wzgl\u0119dem:<\/b><\/p>\n<p>\u2705<b>kie\u0142kowania<\/b><\/p>\n<p>\u2705<b>wilgotno\u015bci<\/b><\/p>\n<p>\u2705<b>czysto\u015bci ziarna<\/b><\/p>\n<p><b>Dzi\u0119ki czemu udost\u0119pniane nasiona s\u0105 \u015bci\u015ble wyselekcjonowane, tylko wysokiej klasy.<\/b><\/p>\n<p>Torebki zakupione na naszej aukcji s\u0105 w pe\u0142ni bezpieczne, posiadaj\u0105\u00a0<b>dat\u0119 wa\u017cno\u015bci i nr partii na opakowaniu.<\/b>\u00a0Gwarantujemy r\u00f3wnie\u017c jako\u015b\u0107 i oryginalno\u015b\u0107 produkt\u00f3w, poniewa\u017c s\u0105 nabywane bezpo\u015brednio od producenta.<\/p>\n<\/section><\/div>\n<\/section>\n<section class=\"section\">\n<div class=\"item item-6\">\n<section class=\"image-item\">\n            <img decoding=\"async\" src=\"https:\/\/upload.cdn.baselinker.com\/products\/3018170\/49427bcc356a7896876994c7e5a690f3.jpg\" \/><br \/>\n        <\/section>\n<\/p><\/div>\n<div class=\"item item-6\">\n<section class=\"image-item\">\n            <img decoding=\"async\" src=\"https:\/\/upload.cdn.baselinker.com\/products\/3018170\/a78927695e0bc73b314e4b0a9539f418.jpg\" \/><br \/>\n        <\/section>\n<\/p><\/div>\n<\/section>\n<section class=\"section\">\n<div class=\"item item-12\">\n<section class=\"image-item\">\n            <img decoding=\"async\" src=\"https:\/\/upload.cdn.baselinker.com\/products\/3018170\/cbf5223ffab47c8eb4a2032d3de4d6a8.jpg\" \/><br \/>\n        <\/section>\n<\/p><\/div>\n<\/section>\n","protected":false},"excerpt":{"rendered":"<p>Nasiona zi\u00f3\u0142 aromatyczny Rozmaryn wieloletni aromatyczna przyprawa\u00a0 Rozmaryn Rosmarinus officinalis Wieloletnia, wiecznie zielona, aromatyczna ro\u015blina przyprawowa o\u00a0igie\u0142kowatych listkach wydzielaj\u0105cych, intensywny \u017cywiczny zapach i\u00a0pi\u0119knych b\u0142\u0119kitnych kwiatach. Ro\u015blina polecana do\u00a0ca\u0142orocznej uprawy doniczkowej. Li\u015bcie ro\u015bliny mo\u017cna zbiera\u0107 przez ca\u0142y rok i\u00a0suszone b\u0105d\u017a\u00a0\u015bwie\u017ce wykorzystywa\u0107 jako przypraw\u0119 do\u00a0mi\u0119s, ryb, da\u0144 z\u00a0ziemniak\u00f3w, pomidor\u00f3w i\u00a0kapusty w\u0142oskiej. Pomaga w\u00a0trawieniu, pobudza kr\u0105\u017cenie i\u00a0prac\u0119 woreczka&#8230;<\/p>\n","protected":false},"featured_media":20791,"comment_status":"open","ping_status":"closed","template":"","meta":{"inline_featured_image":false},"product_cat":[126,162],"product_tag":[],"location":[],"class_list":{"0":"post-20722","1":"product","2":"type-product","3":"status-publish","4":"has-post-thumbnail","6":"product_cat-nasiona-warzyw","7":"product_cat-nasiona","8":"nt-post-class","9":"","12":"excerpt-none","15":"first","16":"instock","17":"shipping-taxable","18":"purchasable","19":"product-type-simple"},"_links":{"self":[{"href":"https:\/\/boskienasiona.pl\/en\/wp-json\/wp\/v2\/product\/20722","targetHints":{"allow":["GET"]}}],"collection":[{"href":"https:\/\/boskienasiona.pl\/en\/wp-json\/wp\/v2\/product"}],"about":[{"href":"https:\/\/boskienasiona.pl\/en\/wp-json\/wp\/v2\/types\/product"}],"replies":[{"embeddable":true,"href":"https:\/\/boskienasiona.pl\/en\/wp-json\/wp\/v2\/comments?post=20722"}],"version-history":[{"count":1,"href":"https:\/\/boskienasiona.pl\/en\/wp-json\/wp\/v2\/product\/20722\/revisions"}],"predecessor-version":[{"id":20818,"href":"https:\/\/boskienasiona.pl\/en\/wp-json\/wp\/v2\/product\/20722\/revisions\/20818"}],"wp:featuredmedia":[{"embeddable":true,"href":"https:\/\/boskienasiona.pl\/en\/wp-json\/wp\/v2\/media\/20791"}],"wp:attachment":[{"href":"https:\/\/boskienasiona.pl\/en\/wp-json\/wp\/v2\/media?parent=20722"}],"wp:term":[{"taxonomy":"product_cat","embeddable":true,"href":"https:\/\/boskienasiona.pl\/en\/wp-json\/wp\/v2\/product_cat?post=20722"},{"taxonomy":"product_tag","embeddable":true,"href":"https:\/\/boskienasiona.pl\/en\/wp-json\/wp\/v2\/product_tag?post=20722"},{"taxonomy":"location","embeddable":true,"href":"https:\/\/boskienasiona.pl\/en\/wp-json\/wp\/v2\/location?post=20722"}],"curies":[{"name":"wp","href":"https:\/\/api.w.org\/{rel}","templated":true}]}}