{"id":20750,"date":"2025-02-03T10:14:18","date_gmt":"2025-02-03T09:14:18","guid":{"rendered":"https:\/\/boskienasiona.pl\/product\/nasiona-ziol-aromatyczne-oregano-roslina-wieloletnia-wlasciwosci-lecznicze\/"},"modified":"2026-04-19T14:17:56","modified_gmt":"2026-04-19T12:17:56","slug":"nasiona-ziol-aromatyczne-oregano-roslina-wieloletnia-wlasciwosci-lecznicze","status":"publish","type":"product","link":"https:\/\/boskienasiona.pl\/en\/produkt\/nasiona-ziol-aromatyczne-oregano-roslina-wieloletnia-wlasciwosci-lecznicze\/","title":{"rendered":"Nasiona zi\u00f3\u0142 aromatyczne Oregano ro\u015blina wieloletnia w\u0142a\u015bciwo\u015bci lecznicze"},"content":{"rendered":"<section class=\"section\">\n<div class=\"item item-12\">\n<section class=\"text-item\">\n<h1>Nasiona zi\u00f3\u0142 aromatyczne Oregano ro\u015blina wieloletnia w\u0142a\u015bciwo\u015bci lecznicze<\/h1>\n<\/section><\/div>\n<\/section>\n<section class=\"section\">\n<div class=\"item item-6\">\n<section class=\"image-item\">\n            <img decoding=\"async\" src=\"https:\/\/upload.cdn.baselinker.com\/products\/3018170\/cf8ffe9edbb69b9dceb9fd12cd889165.png\" \/><br \/>\n        <\/section>\n<\/p><\/div>\n<div class=\"item item-6\">\n<section class=\"text-item\">\n<p><b>Oregano<\/b><\/p>\n<p>Origanum vulgare<\/p>\n<p>Ro\u015blina wieloletnia o\u00a0w\u0142a\u015bciwo\u015bciach leczniczych. S\u0142u\u017cy do\u00a0p\u0142ukania gard\u0142a, dzi\u0105se\u0142, reguluje prac\u0119 uk\u0142adu trawiennego. U\u017cywa\u00a0si\u0119 jej\u00a0jako przypraw\u0119 do\u00a0sa\u0142atek, potraw z\u00a0jaj, ser\u00f3w, warzyw, ryb, mi\u0119sa. Niezb\u0119dny sk\u0142adnik pizzy. Wysiew IV. Wymaga stanowiska ciep\u0142ego, os\u0142oni\u0119tego. Zbiera\u00a0si\u0119 listki z\u00a0cz\u0119\u015bciami \u0142odyg.<\/p>\n<ul>\n<li><b>Siew:<\/b> IV &#8211; V<\/li>\n<li><b>Zbi\u00f3r:<\/b> po\u0142owa VI &#8211; po\u0142owa IX<\/li>\n<li><b>Rozstawa:<\/b> 40 x 20-25 cm<\/li>\n<\/ul>\n<\/section><\/div>\n<\/section>\n<section class=\"section\">\n<div class=\"item item-6\">\n<section class=\"image-item\">\n            <img decoding=\"async\" src=\"https:\/\/upload.cdn.baselinker.com\/products\/3018170\/39d632e1428ba05602c5a027a4d6e82f.png\" \/><br \/>\n        <\/section>\n<\/p><\/div>\n<div class=\"item item-6\">\n<section class=\"text-item\">\n<p><b>SPRAWDZONA JAKO\u015a\u0106 NASION<\/b><\/p>\n<p>Oferowane przez nas nasiona s\u0105 testowane w\u00a0<b>Laboratorium Oceny Nasion pod wzgl\u0119dem:<\/b><\/p>\n<p>\u2705<b>kie\u0142kowania<\/b><\/p>\n<p>\u2705<b>wilgotno\u015bci<\/b><\/p>\n<p>\u2705<b>czysto\u015bci ziarna<\/b><\/p>\n<p><b>Dzi\u0119ki czemu udost\u0119pniane nasiona s\u0105 \u015bci\u015ble wyselekcjonowane, tylko wysokiej klasy.<\/b><\/p>\n<p>Torebki zakupione na naszej aukcji s\u0105 w pe\u0142ni bezpieczne, posiadaj\u0105\u00a0<b>dat\u0119 wa\u017cno\u015bci i nr partii na opakowaniu.<\/b>\u00a0Gwarantujemy r\u00f3wnie\u017c jako\u015b\u0107 i oryginalno\u015b\u0107 produkt\u00f3w, poniewa\u017c s\u0105 nabywane bezpo\u015brednio od producenta.<\/p>\n<\/section><\/div>\n<\/section>\n<section class=\"section\">\n<div class=\"item item-6\">\n<section class=\"image-item\">\n            <img decoding=\"async\" src=\"https:\/\/upload.cdn.baselinker.com\/products\/3018170\/44be973fd1f558a28b0b98b83a55b14c.jpg\" \/><br \/>\n        <\/section>\n<\/p><\/div>\n<div class=\"item item-6\">\n<section class=\"image-item\">\n            <img decoding=\"async\" src=\"https:\/\/upload.cdn.baselinker.com\/products\/3018170\/932076a6fa4b5354de841932064f5f6d.jpg\" \/><br \/>\n        <\/section>\n<\/p><\/div>\n<\/section>\n","protected":false},"excerpt":{"rendered":"<p>Nasiona zi\u00f3\u0142 aromatyczne Oregano ro\u015blina wieloletnia w\u0142a\u015bciwo\u015bci lecznicze Oregano Origanum vulgare Ro\u015blina wieloletnia o\u00a0w\u0142a\u015bciwo\u015bciach leczniczych. S\u0142u\u017cy do\u00a0p\u0142ukania gard\u0142a, dzi\u0105se\u0142, reguluje prac\u0119 uk\u0142adu trawiennego. U\u017cywa\u00a0si\u0119 jej\u00a0jako przypraw\u0119 do\u00a0sa\u0142atek, potraw z\u00a0jaj, ser\u00f3w, warzyw, ryb, mi\u0119sa. Niezb\u0119dny sk\u0142adnik pizzy. Wysiew IV. Wymaga stanowiska ciep\u0142ego, os\u0142oni\u0119tego. Zbiera\u00a0si\u0119 listki z\u00a0cz\u0119\u015bciami \u0142odyg. Siew: IV &#8211; V Zbi\u00f3r: po\u0142owa VI &#8211; po\u0142owa&#8230;<\/p>\n","protected":false},"featured_media":20821,"comment_status":"open","ping_status":"closed","template":"","meta":{"inline_featured_image":false},"product_cat":[126,162],"product_tag":[],"location":[],"class_list":{"0":"post-20750","1":"product","2":"type-product","3":"status-publish","4":"has-post-thumbnail","6":"product_cat-nasiona-warzyw","7":"product_cat-nasiona","8":"nt-post-class","9":"","12":"excerpt-none","15":"first","16":"instock","17":"shipping-taxable","18":"purchasable","19":"product-type-simple"},"_links":{"self":[{"href":"https:\/\/boskienasiona.pl\/en\/wp-json\/wp\/v2\/product\/20750","targetHints":{"allow":["GET"]}}],"collection":[{"href":"https:\/\/boskienasiona.pl\/en\/wp-json\/wp\/v2\/product"}],"about":[{"href":"https:\/\/boskienasiona.pl\/en\/wp-json\/wp\/v2\/types\/product"}],"replies":[{"embeddable":true,"href":"https:\/\/boskienasiona.pl\/en\/wp-json\/wp\/v2\/comments?post=20750"}],"version-history":[{"count":1,"href":"https:\/\/boskienasiona.pl\/en\/wp-json\/wp\/v2\/product\/20750\/revisions"}],"predecessor-version":[{"id":20844,"href":"https:\/\/boskienasiona.pl\/en\/wp-json\/wp\/v2\/product\/20750\/revisions\/20844"}],"wp:featuredmedia":[{"embeddable":true,"href":"https:\/\/boskienasiona.pl\/en\/wp-json\/wp\/v2\/media\/20821"}],"wp:attachment":[{"href":"https:\/\/boskienasiona.pl\/en\/wp-json\/wp\/v2\/media?parent=20750"}],"wp:term":[{"taxonomy":"product_cat","embeddable":true,"href":"https:\/\/boskienasiona.pl\/en\/wp-json\/wp\/v2\/product_cat?post=20750"},{"taxonomy":"product_tag","embeddable":true,"href":"https:\/\/boskienasiona.pl\/en\/wp-json\/wp\/v2\/product_tag?post=20750"},{"taxonomy":"location","embeddable":true,"href":"https:\/\/boskienasiona.pl\/en\/wp-json\/wp\/v2\/location?post=20750"}],"curies":[{"name":"wp","href":"https:\/\/api.w.org\/{rel}","templated":true}]}}