{"id":20780,"date":"2025-02-03T10:14:52","date_gmt":"2025-02-03T09:14:52","guid":{"rendered":"https:\/\/boskienasiona.pl\/product\/nasiona-ziol-mieta-pieprzowa-aromatyczna-roslina-wieloletnia\/"},"modified":"2026-04-19T14:17:57","modified_gmt":"2026-04-19T12:17:57","slug":"nasiona-ziol-mieta-pieprzowa-aromatyczna-roslina-wieloletnia","status":"publish","type":"product","link":"https:\/\/boskienasiona.pl\/en\/produkt\/nasiona-ziol-mieta-pieprzowa-aromatyczna-roslina-wieloletnia\/","title":{"rendered":"Nasiona zi\u00f3\u0142 Mi\u0119ta pieprzowa aromatyczna ro\u015blina wieloletnia"},"content":{"rendered":"<section class=\"section\">\n<div class=\"item item-12\">\n<section class=\"text-item\">\n<h1>Nasiona zi\u00f3\u0142 Mi\u0119ta pieprzowa aromatyczna ro\u015blina wieloletnia<\/h1>\n<\/section><\/div>\n<\/section>\n<section class=\"section\">\n<div class=\"item item-6\">\n<section class=\"image-item\">\n            <img decoding=\"async\" src=\"https:\/\/upload.cdn.baselinker.com\/products\/3018170\/d64ff00a02f4589e1b222d7833b0fca1.png\" \/><br \/>\n        <\/section>\n<\/p><\/div>\n<div class=\"item item-6\">\n<section class=\"text-item\">\n<p><b>Mi\u0119ta pieprzowa<\/b><\/p>\n<p>Mentha piperita<\/p>\n<p>Ro\u015blina wieloletnia. Wymaga gleby pr\u00f3chniczej, wilgotnej o\u00a0odczynie zasadowym. Stanowisko s\u0142oneczne. Wysiew nasion do\u00a0skrzynek lub\u00a0na\u00a0rozsadniku w\u00a0IV-V, wysadzanie ro\u015blin na\u00a0miejsce sta\u0142e p\u00f3\u017anym latem. Kie\u0142kuj\u0105 na\u00a0\u015bwietle. Surowiec: li\u015bcie, kt\u00f3re obrywa\u00a0si\u0119 przed kwitnieniem. W\u00a0kuchni \u015bwie\u017ce i\u00a0suszone li\u015bcie stanowi\u0105 przypraw\u0119 do\u00a0sa\u0142at, ryb, mi\u0119sa, deser\u00f3w i\u00a0napoj\u00f3w orze\u017awiaj\u0105cych. Dzia\u0142a korzystnie na\u00a0system trawienny, pomaga przy migrenie.<\/p>\n<ul>\n<li><b>Siew:<\/b> IV-V<\/li>\n<li><b>Zbi\u00f3r:<\/b> VI-VIII<\/li>\n<li><b>Rozstawa:<\/b> 25-30 x 25 cm<\/li>\n<li><b>Wysoko\u015b\u0107:<\/b> 30-60 cm<\/li>\n<\/ul>\n<\/section><\/div>\n<\/section>\n<section class=\"section\">\n<div class=\"item item-6\">\n<section class=\"image-item\">\n            <img decoding=\"async\" src=\"https:\/\/upload.cdn.baselinker.com\/products\/3018170\/e6d6731e08bba440efac6744bf052a05.png\" \/><br \/>\n        <\/section>\n<\/p><\/div>\n<div class=\"item item-6\">\n<section class=\"text-item\">\n<p><b>SPRAWDZONA JAKO\u015a\u0106 NASION<\/b><\/p>\n<p>Oferowane przez nas nasiona s\u0105 testowane w\u00a0<b>Laboratorium Oceny Nasion pod wzgl\u0119dem:<\/b><\/p>\n<p>\u2705<b>kie\u0142kowania<\/b><\/p>\n<p>\u2705<b>wilgotno\u015bci<\/b><\/p>\n<p>\u2705<b>czysto\u015bci ziarna<\/b><\/p>\n<p><b>Dzi\u0119ki czemu udost\u0119pniane nasiona s\u0105 \u015bci\u015ble wyselekcjonowane, tylko wysokiej klasy.<\/b><\/p>\n<p>Torebki zakupione na naszej aukcji s\u0105 w pe\u0142ni bezpieczne, posiadaj\u0105\u00a0<b>dat\u0119 wa\u017cno\u015bci i nr partii na opakowaniu.<\/b>\u00a0Gwarantujemy r\u00f3wnie\u017c jako\u015b\u0107 i oryginalno\u015b\u0107 produkt\u00f3w, poniewa\u017c s\u0105 nabywane bezpo\u015brednio od producenta.<\/p>\n<\/section><\/div>\n<\/section>\n<section class=\"section\">\n<div class=\"item item-6\">\n<section class=\"image-item\">\n            <img decoding=\"async\" src=\"https:\/\/upload.cdn.baselinker.com\/products\/3018170\/cbd8b611e1e56e1f4dec8e4e31fd6e08.jpg\" \/><br \/>\n        <\/section>\n<\/p><\/div>\n<div class=\"item item-6\">\n<section class=\"image-item\">\n            <img decoding=\"async\" src=\"https:\/\/upload.cdn.baselinker.com\/products\/3018170\/ea97a541ba6a8dc6d9ba9c787eae4238.jpg\" \/><br \/>\n        <\/section>\n<\/p><\/div>\n<\/section>\n","protected":false},"excerpt":{"rendered":"<p>Nasiona zi\u00f3\u0142 Mi\u0119ta pieprzowa aromatyczna ro\u015blina wieloletnia Mi\u0119ta pieprzowa Mentha piperita Ro\u015blina wieloletnia. Wymaga gleby pr\u00f3chniczej, wilgotnej o\u00a0odczynie zasadowym. Stanowisko s\u0142oneczne. Wysiew nasion do\u00a0skrzynek lub\u00a0na\u00a0rozsadniku w\u00a0IV-V, wysadzanie ro\u015blin na\u00a0miejsce sta\u0142e p\u00f3\u017anym latem. Kie\u0142kuj\u0105 na\u00a0\u015bwietle. Surowiec: li\u015bcie, kt\u00f3re obrywa\u00a0si\u0119 przed kwitnieniem. W\u00a0kuchni \u015bwie\u017ce i\u00a0suszone li\u015bcie stanowi\u0105 przypraw\u0119 do\u00a0sa\u0142at, ryb, mi\u0119sa, deser\u00f3w i\u00a0napoj\u00f3w orze\u017awiaj\u0105cych. Dzia\u0142a korzystnie na\u00a0system&#8230;<\/p>\n","protected":false},"featured_media":20849,"comment_status":"open","ping_status":"closed","template":"","meta":{"inline_featured_image":false},"product_cat":[126,162],"product_tag":[],"location":[],"class_list":{"0":"post-20780","1":"product","2":"type-product","3":"status-publish","4":"has-post-thumbnail","6":"product_cat-nasiona-warzyw","7":"product_cat-nasiona","8":"nt-post-class","9":"","12":"excerpt-none","15":"first","16":"instock","17":"shipping-taxable","18":"purchasable","19":"product-type-simple"},"_links":{"self":[{"href":"https:\/\/boskienasiona.pl\/en\/wp-json\/wp\/v2\/product\/20780","targetHints":{"allow":["GET"]}}],"collection":[{"href":"https:\/\/boskienasiona.pl\/en\/wp-json\/wp\/v2\/product"}],"about":[{"href":"https:\/\/boskienasiona.pl\/en\/wp-json\/wp\/v2\/types\/product"}],"replies":[{"embeddable":true,"href":"https:\/\/boskienasiona.pl\/en\/wp-json\/wp\/v2\/comments?post=20780"}],"version-history":[{"count":1,"href":"https:\/\/boskienasiona.pl\/en\/wp-json\/wp\/v2\/product\/20780\/revisions"}],"predecessor-version":[{"id":20873,"href":"https:\/\/boskienasiona.pl\/en\/wp-json\/wp\/v2\/product\/20780\/revisions\/20873"}],"wp:featuredmedia":[{"embeddable":true,"href":"https:\/\/boskienasiona.pl\/en\/wp-json\/wp\/v2\/media\/20849"}],"wp:attachment":[{"href":"https:\/\/boskienasiona.pl\/en\/wp-json\/wp\/v2\/media?parent=20780"}],"wp:term":[{"taxonomy":"product_cat","embeddable":true,"href":"https:\/\/boskienasiona.pl\/en\/wp-json\/wp\/v2\/product_cat?post=20780"},{"taxonomy":"product_tag","embeddable":true,"href":"https:\/\/boskienasiona.pl\/en\/wp-json\/wp\/v2\/product_tag?post=20780"},{"taxonomy":"location","embeddable":true,"href":"https:\/\/boskienasiona.pl\/en\/wp-json\/wp\/v2\/location?post=20780"}],"curies":[{"name":"wp","href":"https:\/\/api.w.org\/{rel}","templated":true}]}}