{"id":20803,"date":"2025-02-03T10:15:32","date_gmt":"2025-02-03T09:15:32","guid":{"rendered":"https:\/\/boskienasiona.pl\/product\/nasiona-ziol-mieta-klosowa-roslina-wieloletnia-o-wlasciwosciach-leczniczych\/"},"modified":"2026-04-19T14:17:58","modified_gmt":"2026-04-19T12:17:58","slug":"nasiona-ziol-mieta-klosowa-roslina-wieloletnia-o-wlasciwosciach-leczniczych","status":"publish","type":"product","link":"https:\/\/boskienasiona.pl\/en\/produkt\/nasiona-ziol-mieta-klosowa-roslina-wieloletnia-o-wlasciwosciach-leczniczych\/","title":{"rendered":"Nasiona zi\u00f3\u0142 Mi\u0119ta k\u0142osowa ro\u015blina wieloletnia o w\u0142a\u015bciwo\u015bciach leczniczych"},"content":{"rendered":"<section class=\"section\">\n<div class=\"item item-12\">\n<section class=\"text-item\">\n<h1>Nasiona zi\u00f3\u0142 Mi\u0119ta k\u0142osowa ro\u015blina wieloletnia o w\u0142a\u015bciwo\u015bciach leczniczych<\/h1>\n<\/section><\/div>\n<\/section>\n<section class=\"section\">\n<div class=\"item item-6\">\n<section class=\"image-item\">\n            <img decoding=\"async\" src=\"https:\/\/upload.cdn.baselinker.com\/products\/3018170\/62d2b9075a270d8014c378b700c729f1.png\" \/><br \/>\n        <\/section>\n<\/p><\/div>\n<div class=\"item item-6\">\n<section class=\"text-item\">\n<p><b>Mi\u0119ta K\u0142osowa<\/b><\/p>\n<p>Ro\u015blina wieloletnia o niezwykle aromatycznych li\u015bciach. Herbata z li\u015bci pomaga przy migrenie, schorzeniach w\u0105troby i dr\u00f3g \u017c\u00f3\u0142ciowych oraz nie\u017cytach g\u00f3rnych dr\u00f3g oddechowych.<\/p>\n<p>Surowiec: li\u015bcie, kt\u00f3re obrywa si\u0119 przed kwitnieniem.<\/p>\n<p>Wyci\u0105gi z mi\u0119ty s\u0105 \u00a0u\u017cywane jako przyprawy do deser\u00f3w, napoj\u00f3w, gum do \u017cucia, stosuje si\u0119 je do wyrobu pasty do z\u0119b\u00f3w oraz wszelkiego rodzaju p\u0142ukanek jamy ustnej, jak r\u00f3wnie\u017c jako \u015brodka leczniczego stosowanego g\u0142\u00f3wnie w przypadkach problem\u00f3w z uk\u0142adem trawiennym. \u0141agodz\u0105\u00a0 b\u00f3le \u017co\u0142\u0105dka,\u00a0 pomagaj\u0105 w \u0142agodzeniu nudno\u015bci. Gor\u0105cy napar dzia\u0142a orze\u017awiaj\u0105co. Suszone li\u015bcie mi\u0119ty zielonej s\u0105 u\u017cywane do sporz\u0105dzania zio\u0142owych herbatek wspomagaj\u0105cych trawienie. Li\u015bcie mi\u0119ty mog\u0105 by\u0107 u\u017cywane \u015bwie\u017ce, suszone, w ca\u0142o\u015bci, krojone, mro\u017cone, konserwowane w soli, cukrze, syropie cukrowym, alkoholu lub w oleju. Trac\u0105 sw\u00f3j aromatyczny zapach po tym, jak zio\u0142o zaczyna kwitn\u0105\u0107. Wysiew nasion do skrzynek lub na rozsadniku w IV-V, wysadzanie ro\u015blin na miejsce sta\u0142e p\u00f3\u017anym latem. Kie\u0142kuj\u0105 na \u015bwietle.<\/p>\n<ul>\n<li><b>Waga:<\/b>\u00a00,1g<\/li>\n<li><b>Wysiew:\u00a0<\/b>IV-V<\/li>\n<li><b>Kwitnienie<\/b>: VI-VII<\/li>\n<li><b>Zbi\u00f3r:<\/b>\u00a0przed kwitnieniem<\/li>\n<li><b>Wysoko\u015b\u0107:<\/b>\u00a030-60 cm<\/li>\n<li><b>Rozstawa<\/b>\u00a025-30 x 25 cm<\/li>\n<\/ul>\n<\/section><\/div>\n<\/section>\n<section class=\"section\">\n<div class=\"item item-6\">\n<section class=\"image-item\">\n            <img decoding=\"async\" src=\"https:\/\/upload.cdn.baselinker.com\/products\/3018170\/05c2aa1d0b94fa4889bf8684c15e484a.png\" \/><br \/>\n        <\/section>\n<\/p><\/div>\n<div class=\"item item-6\">\n<section class=\"text-item\">\n<p><b>SPRAWDZONA JAKO\u015a\u0106 NASION<\/b><\/p>\n<p>Oferowane przez nas nasiona s\u0105 testowane w\u00a0<b>Laboratorium Oceny Nasion pod wzgl\u0119dem:<\/b><\/p>\n<p>\u2705<b>kie\u0142kowania<\/b><\/p>\n<p>\u2705<b>wilgotno\u015bci<\/b><\/p>\n<p>\u2705<b>czysto\u015bci ziarna<\/b><\/p>\n<p><b>Dzi\u0119ki czemu udost\u0119pniane nasiona s\u0105 \u015bci\u015ble wyselekcjonowane, tylko wysokiej klasy.<\/b><\/p>\n<p>Torebki zakupione na naszej aukcji s\u0105 w pe\u0142ni bezpieczne, posiadaj\u0105\u00a0<b>dat\u0119 wa\u017cno\u015bci i nr partii na opakowaniu.<\/b>\u00a0Gwarantujemy r\u00f3wnie\u017c jako\u015b\u0107 i oryginalno\u015b\u0107 produkt\u00f3w, poniewa\u017c s\u0105 nabywane bezpo\u015brednio od producenta.<\/p>\n<\/section><\/div>\n<\/section>\n<section class=\"section\">\n<div class=\"item item-6\">\n<section class=\"image-item\">\n            <img decoding=\"async\" src=\"https:\/\/upload.cdn.baselinker.com\/products\/3018170\/a1e01e6b67abfb93fb03a789b033f5f4.jpg\" \/><br \/>\n        <\/section>\n<\/p><\/div>\n<div class=\"item item-6\">\n<section class=\"image-item\">\n            <img decoding=\"async\" src=\"https:\/\/upload.cdn.baselinker.com\/products\/3018170\/e61c1be180f86242bd3a4d80bd2bfcb4.jpg\" \/><br \/>\n        <\/section>\n<\/p><\/div>\n<\/section>\n<section class=\"section\">\n<div class=\"item item-6\">\n<section class=\"image-item\">\n            <img decoding=\"async\" src=\"https:\/\/upload.cdn.baselinker.com\/products\/3018170\/c830cfeba2907e0bb36c2dd067961db6.jpg\" \/><br \/>\n        <\/section>\n<\/p><\/div>\n<div class=\"item item-6\">\n<section class=\"image-item\">\n            <img decoding=\"async\" src=\"https:\/\/upload.cdn.baselinker.com\/products\/3018170\/5617c4ea95be1dc1eabaabe72ab90cd4.jpg\" \/><br \/>\n        <\/section>\n<\/p><\/div>\n<\/section>\n","protected":false},"excerpt":{"rendered":"<p>Nasiona zi\u00f3\u0142 Mi\u0119ta k\u0142osowa ro\u015blina wieloletnia o w\u0142a\u015bciwo\u015bciach leczniczych Mi\u0119ta K\u0142osowa Ro\u015blina wieloletnia o niezwykle aromatycznych li\u015bciach. Herbata z li\u015bci pomaga przy migrenie, schorzeniach w\u0105troby i dr\u00f3g \u017c\u00f3\u0142ciowych oraz nie\u017cytach g\u00f3rnych dr\u00f3g oddechowych. Surowiec: li\u015bcie, kt\u00f3re obrywa si\u0119 przed kwitnieniem. Wyci\u0105gi z mi\u0119ty s\u0105 \u00a0u\u017cywane jako przyprawy do deser\u00f3w, napoj\u00f3w, gum do \u017cucia, stosuje si\u0119&#8230;<\/p>\n","protected":false},"featured_media":20876,"comment_status":"open","ping_status":"closed","template":"","meta":{"inline_featured_image":false},"product_cat":[126,162],"product_tag":[],"location":[],"class_list":{"0":"post-20803","1":"product","2":"type-product","3":"status-publish","4":"has-post-thumbnail","6":"product_cat-nasiona-warzyw","7":"product_cat-nasiona","8":"nt-post-class","9":"","12":"excerpt-none","15":"first","16":"instock","17":"shipping-taxable","18":"purchasable","19":"product-type-simple"},"_links":{"self":[{"href":"https:\/\/boskienasiona.pl\/en\/wp-json\/wp\/v2\/product\/20803","targetHints":{"allow":["GET"]}}],"collection":[{"href":"https:\/\/boskienasiona.pl\/en\/wp-json\/wp\/v2\/product"}],"about":[{"href":"https:\/\/boskienasiona.pl\/en\/wp-json\/wp\/v2\/types\/product"}],"replies":[{"embeddable":true,"href":"https:\/\/boskienasiona.pl\/en\/wp-json\/wp\/v2\/comments?post=20803"}],"version-history":[{"count":1,"href":"https:\/\/boskienasiona.pl\/en\/wp-json\/wp\/v2\/product\/20803\/revisions"}],"predecessor-version":[{"id":20899,"href":"https:\/\/boskienasiona.pl\/en\/wp-json\/wp\/v2\/product\/20803\/revisions\/20899"}],"wp:featuredmedia":[{"embeddable":true,"href":"https:\/\/boskienasiona.pl\/en\/wp-json\/wp\/v2\/media\/20876"}],"wp:attachment":[{"href":"https:\/\/boskienasiona.pl\/en\/wp-json\/wp\/v2\/media?parent=20803"}],"wp:term":[{"taxonomy":"product_cat","embeddable":true,"href":"https:\/\/boskienasiona.pl\/en\/wp-json\/wp\/v2\/product_cat?post=20803"},{"taxonomy":"product_tag","embeddable":true,"href":"https:\/\/boskienasiona.pl\/en\/wp-json\/wp\/v2\/product_tag?post=20803"},{"taxonomy":"location","embeddable":true,"href":"https:\/\/boskienasiona.pl\/en\/wp-json\/wp\/v2\/location?post=20803"}],"curies":[{"name":"wp","href":"https:\/\/api.w.org\/{rel}","templated":true}]}}