{"id":20831,"date":"2025-02-03T10:16:04","date_gmt":"2025-02-03T09:16:04","guid":{"rendered":"https:\/\/boskienasiona.pl\/product\/nasiona-ziol-melisa-cytrynowa-intensywna-nuta-cytryny-roslina-wieloletnia\/"},"modified":"2026-04-19T06:16:33","modified_gmt":"2026-04-19T04:16:33","slug":"nasiona-ziol-melisa-cytrynowa-intensywna-nuta-cytryny-roslina-wieloletnia","status":"publish","type":"product","link":"https:\/\/boskienasiona.pl\/en\/produkt\/nasiona-ziol-melisa-cytrynowa-intensywna-nuta-cytryny-roslina-wieloletnia\/","title":{"rendered":"Nasiona zi\u00f3\u0142 Melisa cytrynowa intensywna nuta cytryny ro\u015blina wieloletnia"},"content":{"rendered":"<section class=\"section\">\n<div class=\"item item-12\">\n<section class=\"text-item\">\n<h1>Nasiona zi\u00f3\u0142 Melisa cytrynowa intensywna nuta cytryny ro\u015blina wieloletnia<\/h1>\n<\/section><\/div>\n<\/section>\n<section class=\"section\">\n<div class=\"item item-6\">\n<section class=\"image-item\">\n            <img decoding=\"async\" src=\"https:\/\/upload.cdn.baselinker.com\/products\/3018170\/6ea0cbd7acc11a49e28434f96b9363cc.png\" \/><br \/>\n        <\/section>\n<\/p><\/div>\n<div class=\"item item-6\">\n<section class=\"text-item\">\n<p><b>Melisa cytrynowa Limonella<\/b><\/p>\n<p>Melissa officinalis<\/p>\n<p>Nowa odmiana melisy o\u00a0bardziej intensywnym cytrynowym aromacie. Ro\u015blina wieloletnia o\u00a0dzia\u0142aniu uspokajaj\u0105cym, stosowana w\u00a0leczeniu bezsenno\u015bci, depresji oraz\u00a0nerwicy, pomaga w\u00a0b\u00f3lach g\u0142owy, b\u00f3lach menstruacyjnych i\u00a0zespole przewlek\u0142ego zm\u0119czenia.<\/p>\n<p>Ze wzgl\u0119du na\u00a0walory smakowe \u015bwie\u017ce li\u015bcie doskonale smakuj\u0105 w\u00a0formie herbatek lub\u00a0z\u00a0dodatkiem lodu jako nap\u00f3j gasz\u0105cy pragnienie, jako dodatek w\u00a0sa\u0142atkach, nadaje im cytrynowy smak. Dobrze zast\u0119puje traw\u0119 cytrynow\u0105. Suszona melisa traci aromat cytrynowy.<\/p>\n<p>Nasiona wysiewa\u0107 do\u00a0doniczek na\u00a0parapecie III-V. Rozsad\u0119 wysadza\u0107 po\u00a015 V. Nasiona potrzebuj\u0105 \u015bwiat\u0142a do\u00a0kie\u0142kowania dlatego nale\u017cy sia\u0107 je p\u0142ytko na\u00a00,5cm. Melis\u0119 mo\u017cna tak\u017ce uprawia\u0107 przez ca\u0142y rok w\u00a0donicy na\u00a0balkonie, tarasie lub\u00a0w\u00a0domu.<\/p>\n<ul>\n<li><b>Siew:<\/b> III-V<\/li>\n<li><b>Zbi\u00f3r:<\/b> VII-VIII<\/li>\n<li><b>Rozstawa:<\/b> 40 x 30 cm<\/li>\n<\/ul>\n<\/section><\/div>\n<\/section>\n<section class=\"section\">\n<div class=\"item item-6\">\n<section class=\"image-item\">\n            <img decoding=\"async\" src=\"https:\/\/upload.cdn.baselinker.com\/products\/3018170\/acf3fc3fa936319da32ba86645673f81.png\" \/><br \/>\n        <\/section>\n<\/p><\/div>\n<div class=\"item item-6\">\n<section class=\"text-item\">\n<p><b>SPRAWDZONA JAKO\u015a\u0106 NASION<\/b><\/p>\n<p>Oferowane przez nas nasiona s\u0105 testowane w\u00a0<b>Laboratorium Oceny Nasion pod wzgl\u0119dem:<\/b><\/p>\n<p>\u2705<b>kie\u0142kowania<\/b><\/p>\n<p>\u2705<b>wilgotno\u015bci<\/b><\/p>\n<p>\u2705<b>czysto\u015bci ziarna<\/b><\/p>\n<p><b>Dzi\u0119ki czemu udost\u0119pniane nasiona s\u0105 \u015bci\u015ble wyselekcjonowane, tylko wysokiej klasy.<\/b><\/p>\n<p>Torebki zakupione na naszej aukcji s\u0105 w pe\u0142ni bezpieczne, posiadaj\u0105\u00a0<b>dat\u0119 wa\u017cno\u015bci i nr partii na opakowaniu.<\/b>\u00a0Gwarantujemy r\u00f3wnie\u017c jako\u015b\u0107 i oryginalno\u015b\u0107 produkt\u00f3w, poniewa\u017c s\u0105 nabywane bezpo\u015brednio od producenta.<\/p>\n<\/section><\/div>\n<\/section>\n<section class=\"section\">\n<div class=\"item item-6\">\n<section class=\"image-item\">\n            <img decoding=\"async\" src=\"https:\/\/upload.cdn.baselinker.com\/products\/3018170\/e8e820a31bd087415b84f5e4c08fb54e.jpg\" \/><br \/>\n        <\/section>\n<\/p><\/div>\n<div class=\"item item-6\">\n<section class=\"image-item\">\n            <img decoding=\"async\" src=\"https:\/\/upload.cdn.baselinker.com\/products\/3018170\/11049ef65c7b61abd851e3a4d954fa26.jpg\" \/><br \/>\n        <\/section>\n<\/p><\/div>\n<\/section>\n<section class=\"section\">\n<div class=\"item item-12\">\n<section class=\"image-item\">\n            <img decoding=\"async\" src=\"https:\/\/upload.cdn.baselinker.com\/products\/3018170\/a70a1ad3da0b41b1c28265d164ff7693.jpg\" \/><br \/>\n        <\/section>\n<\/p><\/div>\n<\/section>\n","protected":false},"excerpt":{"rendered":"<p>Nasiona zi\u00f3\u0142 Melisa cytrynowa intensywna nuta cytryny ro\u015blina wieloletnia Melisa cytrynowa Limonella Melissa officinalis Nowa odmiana melisy o\u00a0bardziej intensywnym cytrynowym aromacie. Ro\u015blina wieloletnia o\u00a0dzia\u0142aniu uspokajaj\u0105cym, stosowana w\u00a0leczeniu bezsenno\u015bci, depresji oraz\u00a0nerwicy, pomaga w\u00a0b\u00f3lach g\u0142owy, b\u00f3lach menstruacyjnych i\u00a0zespole przewlek\u0142ego zm\u0119czenia. Ze wzgl\u0119du na\u00a0walory smakowe \u015bwie\u017ce li\u015bcie doskonale smakuj\u0105 w\u00a0formie herbatek lub\u00a0z\u00a0dodatkiem lodu jako nap\u00f3j gasz\u0105cy pragnienie, jako&#8230;<\/p>\n","protected":false},"featured_media":20900,"comment_status":"open","ping_status":"closed","template":"","meta":{"inline_featured_image":false},"product_cat":[126,162],"product_tag":[],"location":[],"class_list":{"0":"post-20831","1":"product","2":"type-product","3":"status-publish","4":"has-post-thumbnail","6":"product_cat-nasiona-warzyw","7":"product_cat-nasiona","8":"nt-post-class","9":"","12":"excerpt-none","15":"first","16":"instock","17":"shipping-taxable","18":"purchasable","19":"product-type-simple"},"_links":{"self":[{"href":"https:\/\/boskienasiona.pl\/en\/wp-json\/wp\/v2\/product\/20831","targetHints":{"allow":["GET"]}}],"collection":[{"href":"https:\/\/boskienasiona.pl\/en\/wp-json\/wp\/v2\/product"}],"about":[{"href":"https:\/\/boskienasiona.pl\/en\/wp-json\/wp\/v2\/types\/product"}],"replies":[{"embeddable":true,"href":"https:\/\/boskienasiona.pl\/en\/wp-json\/wp\/v2\/comments?post=20831"}],"version-history":[{"count":1,"href":"https:\/\/boskienasiona.pl\/en\/wp-json\/wp\/v2\/product\/20831\/revisions"}],"predecessor-version":[{"id":20914,"href":"https:\/\/boskienasiona.pl\/en\/wp-json\/wp\/v2\/product\/20831\/revisions\/20914"}],"wp:featuredmedia":[{"embeddable":true,"href":"https:\/\/boskienasiona.pl\/en\/wp-json\/wp\/v2\/media\/20900"}],"wp:attachment":[{"href":"https:\/\/boskienasiona.pl\/en\/wp-json\/wp\/v2\/media?parent=20831"}],"wp:term":[{"taxonomy":"product_cat","embeddable":true,"href":"https:\/\/boskienasiona.pl\/en\/wp-json\/wp\/v2\/product_cat?post=20831"},{"taxonomy":"product_tag","embeddable":true,"href":"https:\/\/boskienasiona.pl\/en\/wp-json\/wp\/v2\/product_tag?post=20831"},{"taxonomy":"location","embeddable":true,"href":"https:\/\/boskienasiona.pl\/en\/wp-json\/wp\/v2\/location?post=20831"}],"curies":[{"name":"wp","href":"https:\/\/api.w.org\/{rel}","templated":true}]}}