{"id":20859,"date":"2025-02-03T10:16:38","date_gmt":"2025-02-03T09:16:38","guid":{"rendered":"https:\/\/boskienasiona.pl\/product\/nasiona-ziol-aromatyczna-melisa-lekarska-roslina-wieloletnia\/"},"modified":"2026-04-17T14:20:57","modified_gmt":"2026-04-17T12:20:57","slug":"nasiona-ziol-aromatyczna-melisa-lekarska-roslina-wieloletnia","status":"publish","type":"product","link":"https:\/\/boskienasiona.pl\/en\/produkt\/nasiona-ziol-aromatyczna-melisa-lekarska-roslina-wieloletnia\/","title":{"rendered":"Nasiona Zi\u00f3\u0142 Aromatyczna Melisa Lekarska ro\u015blina wieloletnia"},"content":{"rendered":"<section class=\"section\">\n<div class=\"item item-12\">\n<section class=\"text-item\">\n<h1>Nasiona Zi\u00f3\u0142 Aromatyczna Melisa Lekarska ro\u015blina wieloletnia<\/h1>\n<\/section><\/div>\n<\/section>\n<section class=\"section\">\n<div class=\"item item-6\">\n<section class=\"image-item\">\n            <img decoding=\"async\" src=\"https:\/\/upload.cdn.baselinker.com\/products\/3018170\/c28dedf78a31bbb456a302666168d06c.png\" \/><br \/>\n        <\/section>\n<\/p><\/div>\n<div class=\"item item-6\">\n<section class=\"text-item\">\n<p><b>Melisa lekarska<\/b><\/p>\n<p>Melissa officinalis<\/p>\n<p>Ro\u015blina wieloletnia o\u00a0dzia\u0142aniu uspokajaj\u0105cym, stosowana w\u00a0leczeniu bezsenno\u015bci, depresji oraz\u00a0nerwicy. Stosowana jako dodatek do\u00a0sa\u0142atek, nadaj\u0105c im cytrynowy smak, r\u00f3wnie\u017c do\u00a0produkcji herbat. Nasiona wysiewa\u0107 do\u00a0ciep\u0142ego inspektu w\u00a0po\u0142. III. Rozsad\u0119 wysadza\u0107 po\u00a015 V.<\/p>\n<ul>\n<li><b>Siew:<\/b> \u00bd\u00a0III-V<\/li>\n<li><b>Zbi\u00f3r:<\/b> \u00bd VII-VIII<\/li>\n<li><b>Rozstawa:<\/b> 30 x 40 cm<\/li>\n<\/ul>\n<\/section><\/div>\n<\/section>\n<section class=\"section\">\n<div class=\"item item-6\">\n<section class=\"image-item\">\n            <img decoding=\"async\" src=\"https:\/\/upload.cdn.baselinker.com\/products\/3018170\/e5df45a3f8623544c37991ff1919f603.png\" \/><br \/>\n        <\/section>\n<\/p><\/div>\n<div class=\"item item-6\">\n<section class=\"text-item\">\n<p><b>SPRAWDZONA JAKO\u015a\u0106 NASION<\/b><\/p>\n<p>Oferowane przez nas nasiona s\u0105 testowane w\u00a0<b>Laboratorium Oceny Nasion pod wzgl\u0119dem:<\/b><\/p>\n<p>\u2705<b>kie\u0142kowania<\/b><\/p>\n<p>\u2705<b>wilgotno\u015bci<\/b><\/p>\n<p>\u2705<b>czysto\u015bci ziarna<\/b><\/p>\n<p><b>Dzi\u0119ki czemu udost\u0119pniane nasiona s\u0105 \u015bci\u015ble wyselekcjonowane, tylko wysokiej klasy.<\/b><\/p>\n<p>Torebki zakupione na naszej aukcji s\u0105 w pe\u0142ni bezpieczne, posiadaj\u0105\u00a0<b>dat\u0119 wa\u017cno\u015bci i nr partii na opakowaniu.<\/b>\u00a0Gwarantujemy r\u00f3wnie\u017c jako\u015b\u0107 i oryginalno\u015b\u0107 produkt\u00f3w, poniewa\u017c s\u0105 nabywane bezpo\u015brednio od producenta.<\/p>\n<\/section><\/div>\n<\/section>\n<section class=\"section\">\n<div class=\"item item-6\">\n<section class=\"image-item\">\n            <img decoding=\"async\" src=\"https:\/\/upload.cdn.baselinker.com\/products\/3018170\/99bf474cee7c9f81fa5d4156600467f5.jpg\" \/><br \/>\n        <\/section>\n<\/p><\/div>\n<div class=\"item item-6\">\n<section class=\"image-item\">\n            <img decoding=\"async\" src=\"https:\/\/upload.cdn.baselinker.com\/products\/3018170\/93d8a5d951672c8ee411e7b319140771.jpg\" \/><br \/>\n        <\/section>\n<\/p><\/div>\n<\/section>\n<section class=\"section\">\n<div class=\"item item-12\">\n<section class=\"image-item\">\n            <img decoding=\"async\" src=\"https:\/\/upload.cdn.baselinker.com\/products\/3018170\/a52b2faea27e4a32c6651c4f48f0c7d2.jpg\" \/><br \/>\n        <\/section>\n<\/p><\/div>\n<\/section>\n","protected":false},"excerpt":{"rendered":"<p>Nasiona Zi\u00f3\u0142 Aromatyczna Melisa Lekarska ro\u015blina wieloletnia Melisa lekarska Melissa officinalis Ro\u015blina wieloletnia o\u00a0dzia\u0142aniu uspokajaj\u0105cym, stosowana w\u00a0leczeniu bezsenno\u015bci, depresji oraz\u00a0nerwicy. Stosowana jako dodatek do\u00a0sa\u0142atek, nadaj\u0105c im cytrynowy smak, r\u00f3wnie\u017c do\u00a0produkcji herbat. Nasiona wysiewa\u0107 do\u00a0ciep\u0142ego inspektu w\u00a0po\u0142. III. Rozsad\u0119 wysadza\u0107 po\u00a015 V. Siew: \u00bd\u00a0III-V Zbi\u00f3r: \u00bd VII-VIII Rozstawa: 30 x 40 cm SPRAWDZONA JAKO\u015a\u0106 NASION Oferowane&#8230;<\/p>\n","protected":false},"featured_media":20915,"comment_status":"open","ping_status":"closed","template":"","meta":{"inline_featured_image":false},"product_cat":[126,162],"product_tag":[],"location":[],"class_list":{"0":"post-20859","1":"product","2":"type-product","3":"status-publish","4":"has-post-thumbnail","6":"product_cat-nasiona-warzyw","7":"product_cat-nasiona","8":"nt-post-class","9":"","12":"excerpt-none","15":"first","16":"instock","17":"shipping-taxable","18":"purchasable","19":"product-type-simple"},"_links":{"self":[{"href":"https:\/\/boskienasiona.pl\/en\/wp-json\/wp\/v2\/product\/20859","targetHints":{"allow":["GET"]}}],"collection":[{"href":"https:\/\/boskienasiona.pl\/en\/wp-json\/wp\/v2\/product"}],"about":[{"href":"https:\/\/boskienasiona.pl\/en\/wp-json\/wp\/v2\/types\/product"}],"replies":[{"embeddable":true,"href":"https:\/\/boskienasiona.pl\/en\/wp-json\/wp\/v2\/comments?post=20859"}],"version-history":[{"count":1,"href":"https:\/\/boskienasiona.pl\/en\/wp-json\/wp\/v2\/product\/20859\/revisions"}],"predecessor-version":[{"id":20929,"href":"https:\/\/boskienasiona.pl\/en\/wp-json\/wp\/v2\/product\/20859\/revisions\/20929"}],"wp:featuredmedia":[{"embeddable":true,"href":"https:\/\/boskienasiona.pl\/en\/wp-json\/wp\/v2\/media\/20915"}],"wp:attachment":[{"href":"https:\/\/boskienasiona.pl\/en\/wp-json\/wp\/v2\/media?parent=20859"}],"wp:term":[{"taxonomy":"product_cat","embeddable":true,"href":"https:\/\/boskienasiona.pl\/en\/wp-json\/wp\/v2\/product_cat?post=20859"},{"taxonomy":"product_tag","embeddable":true,"href":"https:\/\/boskienasiona.pl\/en\/wp-json\/wp\/v2\/product_tag?post=20859"},{"taxonomy":"location","embeddable":true,"href":"https:\/\/boskienasiona.pl\/en\/wp-json\/wp\/v2\/location?post=20859"}],"curies":[{"name":"wp","href":"https:\/\/api.w.org\/{rel}","templated":true}]}}