{"id":20868,"date":"2025-02-03T10:16:47","date_gmt":"2025-02-03T09:16:47","guid":{"rendered":"https:\/\/boskienasiona.pl\/product\/nasiona-hyzop-lekarski-nasiona-ziol\/"},"modified":"2026-04-17T14:20:58","modified_gmt":"2026-04-17T12:20:58","slug":"nasiona-hyzop-lekarski-nasiona-ziol","status":"publish","type":"product","link":"https:\/\/boskienasiona.pl\/en\/produkt\/nasiona-hyzop-lekarski-nasiona-ziol\/","title":{"rendered":"Nasiona HYZOP LEKARSKI Nasiona zi\u00f3\u0142"},"content":{"rendered":"<section class=\"section\">\n<div class=\"item item-6\">\n<section class=\"image-item\">\n            <img decoding=\"async\" src=\"https:\/\/upload.cdn.baselinker.com\/products\/3018170\/4b72a1806ee1a0adcb45c3135f77cbaf.jpg\" \/><br \/>\n        <\/section>\n<\/p><\/div>\n<div class=\"item item-6\">\n<section class=\"text-item\">\n<h1>Hyzop\u00a0lekarski<\/h1>\n<p><b>Hyzop<\/b>\u00a0<b>lekarski<\/b><\/p>\n<p>Hyssopus officinalis<\/p>\n<p>Ro\u015blina wieloletnia pomocna przy niestrawno\u015bci, zaparciach, anemii. S\u0142u\u017cy te\u017c jako \u015brodek wykrztu\u015bny i\u00a0przeciwpotny. Napar z\u00a0kwitn\u0105cych szczyt\u00f3w ro\u015blin stosuje\u00a0si\u0119 przy schorzeniach gard\u0142a i\u00a0nie\u017cycie oskrzeli. Wysiewa\u0107 w\u00a0IV do\u00a0ciep\u0142ego inspektu lub\u00a0w\u00a0V wprost do\u00a0gruntu. Ziele zbiera\u0107 najlepiej na\u00a0pocz\u0105tku kwitnienia. Li\u015bcie s\u0105 doskona\u0142\u0105 przypraw\u0105 do\u00a0zup, jaj, pomidor\u00f3w, ryb, mi\u0119s, sos\u00f3w i\u00a0w\u0119dlin. Kwiaty stanowi\u0105 wy\u015bmienity dodatek do\u00a0sa\u0142atek.<\/p>\n<ul>\n<li><b>Siew:<\/b> IV-V<\/li>\n<li><b>Zbi\u00f3r:<\/b> po\u0142owa VII-VIII<\/li>\n<li><b>Rozstawa:<\/b> 40x30cm<\/li>\n<\/ul>\n<\/section><\/div>\n<\/section>\n<section class=\"section\">\n<div class=\"item item-12\">\n<section class=\"image-item\">\n            <img decoding=\"async\" src=\"https:\/\/upload.cdn.baselinker.com\/products\/3018170\/0a514108d5615c3aa6b42452163b6627.jpg\" \/><br \/>\n        <\/section>\n<\/p><\/div>\n<\/section>\n<section class=\"section\">\n<div class=\"item item-12\">\n<section class=\"text-item\">\n<p><b>SPRAWDZONA JAKO\u015a\u0106 NASION<\/b><\/p>\n<p>Oferowane przez nas nasiona s\u0105 testowane w <b>Laboratorium Oceny Nasion pod wzgl\u0119dem:<\/b><\/p>\n<p>\u2705<b>kie\u0142kowania<\/b><\/p>\n<p>\u2705<b>wilgotno\u015bci<\/b><\/p>\n<p>\u2705<b>czysto\u015bci ziarna<\/b><\/p>\n<p><b>Dzi\u0119ki czemu udost\u0119pniane nasiona s\u0105 \u015bci\u015ble wyselekcjonowane, tylko wysokiej klasy.<\/b><\/p>\n<p>Torebki zakupione na naszej aukcji s\u0105 w pe\u0142ni bezpieczne, posiadaj\u0105 <b>dat\u0119 wa\u017cno\u015bci i nr partii na opakowaniu.<\/b> Gwarantujemy r\u00f3wnie\u017c jako\u015b\u0107 i oryginalno\u015b\u0107 produkt\u00f3w, poniewa\u017c s\u0105 nabywane bezpo\u015brednio od producenta.<\/p>\n<\/section><\/div>\n<\/section>\n","protected":false},"excerpt":{"rendered":"<p>Hyzop\u00a0lekarski Hyzop\u00a0lekarski Hyssopus officinalis Ro\u015blina wieloletnia pomocna przy niestrawno\u015bci, zaparciach, anemii. S\u0142u\u017cy te\u017c jako \u015brodek wykrztu\u015bny i\u00a0przeciwpotny. Napar z\u00a0kwitn\u0105cych szczyt\u00f3w ro\u015blin stosuje\u00a0si\u0119 przy schorzeniach gard\u0142a i\u00a0nie\u017cycie oskrzeli. Wysiewa\u0107 w\u00a0IV do\u00a0ciep\u0142ego inspektu lub\u00a0w\u00a0V wprost do\u00a0gruntu. Ziele zbiera\u0107 najlepiej na\u00a0pocz\u0105tku kwitnienia. Li\u015bcie s\u0105 doskona\u0142\u0105 przypraw\u0105 do\u00a0zup, jaj, pomidor\u00f3w, ryb, mi\u0119s, sos\u00f3w i\u00a0w\u0119dlin. Kwiaty stanowi\u0105 wy\u015bmienity dodatek do\u00a0sa\u0142atek&#8230;.<\/p>\n","protected":false},"featured_media":20930,"comment_status":"open","ping_status":"closed","template":"","meta":{"inline_featured_image":false},"product_cat":[126,162],"product_tag":[],"location":[],"class_list":{"0":"post-20868","1":"product","2":"type-product","3":"status-publish","4":"has-post-thumbnail","6":"product_cat-nasiona-warzyw","7":"product_cat-nasiona","8":"nt-post-class","9":"","12":"excerpt-none","15":"first","16":"instock","17":"shipping-taxable","18":"purchasable","19":"product-type-simple"},"_links":{"self":[{"href":"https:\/\/boskienasiona.pl\/en\/wp-json\/wp\/v2\/product\/20868","targetHints":{"allow":["GET"]}}],"collection":[{"href":"https:\/\/boskienasiona.pl\/en\/wp-json\/wp\/v2\/product"}],"about":[{"href":"https:\/\/boskienasiona.pl\/en\/wp-json\/wp\/v2\/types\/product"}],"replies":[{"embeddable":true,"href":"https:\/\/boskienasiona.pl\/en\/wp-json\/wp\/v2\/comments?post=20868"}],"version-history":[{"count":1,"href":"https:\/\/boskienasiona.pl\/en\/wp-json\/wp\/v2\/product\/20868\/revisions"}],"predecessor-version":[{"id":20934,"href":"https:\/\/boskienasiona.pl\/en\/wp-json\/wp\/v2\/product\/20868\/revisions\/20934"}],"wp:featuredmedia":[{"embeddable":true,"href":"https:\/\/boskienasiona.pl\/en\/wp-json\/wp\/v2\/media\/20930"}],"wp:attachment":[{"href":"https:\/\/boskienasiona.pl\/en\/wp-json\/wp\/v2\/media?parent=20868"}],"wp:term":[{"taxonomy":"product_cat","embeddable":true,"href":"https:\/\/boskienasiona.pl\/en\/wp-json\/wp\/v2\/product_cat?post=20868"},{"taxonomy":"product_tag","embeddable":true,"href":"https:\/\/boskienasiona.pl\/en\/wp-json\/wp\/v2\/product_tag?post=20868"},{"taxonomy":"location","embeddable":true,"href":"https:\/\/boskienasiona.pl\/en\/wp-json\/wp\/v2\/location?post=20868"}],"curies":[{"name":"wp","href":"https:\/\/api.w.org\/{rel}","templated":true}]}}