{"id":20890,"date":"2025-02-03T10:17:17","date_gmt":"2025-02-03T09:17:17","guid":{"rendered":"https:\/\/boskienasiona.pl\/product\/nasiona-ziol-czaber-ogrodowy-korzenny-aromatyczny-zapach\/"},"modified":"2026-04-17T22:18:51","modified_gmt":"2026-04-17T20:18:51","slug":"nasiona-ziol-czaber-ogrodowy-korzenny-aromatyczny-zapach","status":"publish","type":"product","link":"https:\/\/boskienasiona.pl\/en\/produkt\/nasiona-ziol-czaber-ogrodowy-korzenny-aromatyczny-zapach\/","title":{"rendered":"Nasiona zi\u00f3\u0142 CZ\u0104BER OGRODOWY korzenny aromatyczny zapach"},"content":{"rendered":"<section class=\"section\">\n<div class=\"item item-12\">\n<section class=\"text-item\">\n<h1>Nasiona zi\u00f3\u0142 CZ\u0104BER OGRODOWY korzenny aromatyczny zapach<\/h1>\n<\/section><\/div>\n<\/section>\n<section class=\"section\">\n<div class=\"item item-6\">\n<section class=\"image-item\">\n            <img decoding=\"async\" src=\"https:\/\/upload.cdn.baselinker.com\/products\/3018170\/7199dfcf7a94c5201fe15ec9ec12d1b9.png\" \/><br \/>\n        <\/section>\n<\/p><\/div>\n<div class=\"item item-6\">\n<section class=\"text-item\">\n<p><b>Cz\u0105ber\u00a0Ogrodowy<\/b><\/p>\n<p>Satureja hortensis<\/p>\n<p>Ro\u015blina jednoroczna o\u00a0specyficznym korzennym, aromatycznym zapachu i\u00a0gorzko-korzennym smaku, podobnym do\u00a0pieprzu.\u00a0<b>Cz\u0105ber<\/b>\u00a0jest \u015bwietn\u0105 przypraw\u0105 do\u00a0mi\u0119s, ryb, ziemniak\u00f3w, zup. Doskona\u0142y do\u00a0kwaszenia og\u00f3rk\u00f3w. Dzi\u0119ki wysokiej zawarto\u015bci olejk\u00f3w eterycznych polepsza trawienie, ma dzia\u0142anie dietetyczne. Wysiew w\u00a0IV nasion przykrywaj\u0105c cienk\u0105 warstw\u0105 ziemi. Zbi\u00f3r rozpoczyna\u00a0si\u0119 z\u00a0pocz\u0105tkiem kwitnienia.<\/p>\n<ul>\n<li><b>Siew:<\/b> IV-po\u0142owa V<\/li>\n<li><b>Zbi\u00f3r:<\/b> koniec VI-pocz\u0105tek IX<\/li>\n<li><b>Rozstawa:<\/b> 25-30x25cm<\/li>\n<\/ul>\n<\/section><\/div>\n<\/section>\n<section class=\"section\">\n<div class=\"item item-6\">\n<section class=\"image-item\">\n            <img decoding=\"async\" src=\"https:\/\/upload.cdn.baselinker.com\/products\/3018170\/183f825580a79b3f5f007f3a319f35fb.png\" \/><br \/>\n        <\/section>\n<\/p><\/div>\n<div class=\"item item-6\">\n<section class=\"text-item\">\n<p><b>SPRAWDZONA JAKO\u015a\u0106 NASION<\/b><\/p>\n<p>Oferowane przez nas nasiona s\u0105 testowane w <b>Laboratorium Oceny Nasion pod wzgl\u0119dem:<\/b><\/p>\n<p>\u2705<b>kie\u0142kowania<\/b><\/p>\n<p>\u2705<b>wilgotno\u015bci<\/b><\/p>\n<p>\u2705<b>czysto\u015bci ziarna<\/b><\/p>\n<p><b>Dzi\u0119ki czemu udost\u0119pniane nasiona s\u0105 \u015bci\u015ble wyselekcjonowane, tylko wysokiej klasy.<\/b><\/p>\n<p>Torebki zakupione na naszej aukcji s\u0105 w pe\u0142ni bezpieczne, posiadaj\u0105 <b>dat\u0119 wa\u017cno\u015bci i nr partii na opakowaniu.<\/b> Gwarantujemy r\u00f3wnie\u017c jako\u015b\u0107 i oryginalno\u015b\u0107 produkt\u00f3w, poniewa\u017c s\u0105 nabywane bezpo\u015brednio od producenta.<\/p>\n<\/section><\/div>\n<\/section>\n<section class=\"section\">\n<div class=\"item item-12\">\n<section class=\"image-item\">\n            <img decoding=\"async\" src=\"https:\/\/upload.cdn.baselinker.com\/products\/3018170\/5988f12f4792d36b345eadfac40c6b8d.png\" \/><br \/>\n        <\/section>\n<\/p><\/div>\n<\/section>\n","protected":false},"excerpt":{"rendered":"<p>Nasiona zi\u00f3\u0142 CZ\u0104BER OGRODOWY korzenny aromatyczny zapach Cz\u0105ber\u00a0Ogrodowy Satureja hortensis Ro\u015blina jednoroczna o\u00a0specyficznym korzennym, aromatycznym zapachu i\u00a0gorzko-korzennym smaku, podobnym do\u00a0pieprzu.\u00a0Cz\u0105ber\u00a0jest \u015bwietn\u0105 przypraw\u0105 do\u00a0mi\u0119s, ryb, ziemniak\u00f3w, zup. Doskona\u0142y do\u00a0kwaszenia og\u00f3rk\u00f3w. Dzi\u0119ki wysokiej zawarto\u015bci olejk\u00f3w eterycznych polepsza trawienie, ma dzia\u0142anie dietetyczne. Wysiew w\u00a0IV nasion przykrywaj\u0105c cienk\u0105 warstw\u0105 ziemi. Zbi\u00f3r rozpoczyna\u00a0si\u0119 z\u00a0pocz\u0105tkiem kwitnienia. Siew: IV-po\u0142owa V Zbi\u00f3r: koniec&#8230;<\/p>\n","protected":false},"featured_media":20935,"comment_status":"open","ping_status":"closed","template":"","meta":{"inline_featured_image":false},"product_cat":[126,162],"product_tag":[],"location":[],"class_list":{"0":"post-20890","1":"product","2":"type-product","3":"status-publish","4":"has-post-thumbnail","6":"product_cat-nasiona-warzyw","7":"product_cat-nasiona","8":"nt-post-class","9":"","12":"excerpt-none","15":"first","16":"instock","17":"shipping-taxable","18":"purchasable","19":"product-type-simple"},"_links":{"self":[{"href":"https:\/\/boskienasiona.pl\/en\/wp-json\/wp\/v2\/product\/20890","targetHints":{"allow":["GET"]}}],"collection":[{"href":"https:\/\/boskienasiona.pl\/en\/wp-json\/wp\/v2\/product"}],"about":[{"href":"https:\/\/boskienasiona.pl\/en\/wp-json\/wp\/v2\/types\/product"}],"replies":[{"embeddable":true,"href":"https:\/\/boskienasiona.pl\/en\/wp-json\/wp\/v2\/comments?post=20890"}],"version-history":[{"count":1,"href":"https:\/\/boskienasiona.pl\/en\/wp-json\/wp\/v2\/product\/20890\/revisions"}],"predecessor-version":[{"id":20943,"href":"https:\/\/boskienasiona.pl\/en\/wp-json\/wp\/v2\/product\/20890\/revisions\/20943"}],"wp:featuredmedia":[{"embeddable":true,"href":"https:\/\/boskienasiona.pl\/en\/wp-json\/wp\/v2\/media\/20935"}],"wp:attachment":[{"href":"https:\/\/boskienasiona.pl\/en\/wp-json\/wp\/v2\/media?parent=20890"}],"wp:term":[{"taxonomy":"product_cat","embeddable":true,"href":"https:\/\/boskienasiona.pl\/en\/wp-json\/wp\/v2\/product_cat?post=20890"},{"taxonomy":"product_tag","embeddable":true,"href":"https:\/\/boskienasiona.pl\/en\/wp-json\/wp\/v2\/product_tag?post=20890"},{"taxonomy":"location","embeddable":true,"href":"https:\/\/boskienasiona.pl\/en\/wp-json\/wp\/v2\/location?post=20890"}],"curies":[{"name":"wp","href":"https:\/\/api.w.org\/{rel}","templated":true}]}}