{"id":20952,"date":"2025-02-03T10:19:29","date_gmt":"2025-02-03T09:19:29","guid":{"rendered":"https:\/\/boskienasiona.pl\/product\/nasiona-warzyw-dynia-uchiki-kuri-jadalna-na-zupe-salatke\/"},"modified":"2026-04-19T06:16:34","modified_gmt":"2026-04-19T04:16:34","slug":"nasiona-warzyw-dynia-uchiki-kuri-jadalna-na-zupe-salatke","status":"publish","type":"product","link":"https:\/\/boskienasiona.pl\/en\/produkt\/nasiona-warzyw-dynia-uchiki-kuri-jadalna-na-zupe-salatke\/","title":{"rendered":"Nasiona warzyw Dynia Uchiki Kuri Jadalna na zup\u0119 sa\u0142atk\u0119"},"content":{"rendered":"<section class=\"section\">\n<div class=\"item item-12\">\n<section class=\"text-item\">\n<h1>Nasiona warzyw Dynia Uchiki Kuri Jadalna na zup\u0119 sa\u0142atk\u0119<\/h1>\n<\/section><\/div>\n<\/section>\n<section class=\"section\">\n<div class=\"item item-6\">\n<section class=\"image-item\">\n            <img decoding=\"async\" src=\"https:\/\/upload.cdn.baselinker.com\/products\/3018170\/62ef506a580a3a834c424a56ac90718b.jpg\" \/><br \/>\n        <\/section>\n<\/p><\/div>\n<div class=\"item item-6\">\n<section class=\"text-item\">\n<h1>Dynia Uchiki Kuri<\/h1>\n<p>Uchiki Kuri, (synonim Hokkaido), to\u00a0japo\u0144ska odmiana dynia charakteryzuj\u0105ca\u00a0si\u0119 jadaln\u0105 sk\u00f3rk\u0105, wczesnym okresem dojrzewania i\u00a0wyj\u0105tkowo przyjemnym smakiem przypominaj\u0105cym pieczone kasztany. Owoce o\u00a0kszta\u0142cie du\u017cej cebuli osi\u0105gaj\u0105 wag\u0119 oko\u0142o 1,5 kg. Nadaj\u0119\u00a0si\u0119 do\u00a0d\u0142ugiego przechowywania. Dzi\u0119ki zwartej bezw\u0142\u00f3knistej konsystencji \u015bwietnie nadaje\u00a0si\u0119 do\u00a0duszenia, gotowania, sa\u0142atek, a\u00a0tak\u017ce grillowania, a\u00a0dzi\u0119ki znacznym przyrost\u0105 p\u0119d\u00f3w tak\u017ce do\u00a0obsadzania p\u0142ot\u00f3w i\u00a0altan. Jest bardzo zdrowa ze wzgl\u0119du na\u00a0wysok\u0105 zawarto\u015b\u0107 prowitaminy A, wy\u017csz\u0105 ni\u017c w\u00a0marchwi. Siew IV-V nasiona po\u0142o\u017cy\u0107 p\u0142asko i\u00a0wcisn\u0105\u0107 lekko w\u00a0ziemie. Temp. kie\u0142kowania15 &#8211; 25\u00b0C.<\/p>\n<ul>\n<li><b>Opakowanie:<\/b> 3g<\/li>\n<li><b>Siew:<\/b> IV-V<\/li>\n<li><b>Zbi\u00f3r:<\/b> VIII-IX<\/li>\n<li><b>Rozstawa:<\/b> 100 x 150 cm<\/li>\n<\/ul>\n<\/section><\/div>\n<\/section>\n<section class=\"section\">\n<div class=\"item item-6\">\n<section class=\"image-item\">\n            <img decoding=\"async\" src=\"https:\/\/upload.cdn.baselinker.com\/products\/3018170\/cc18de4382db6b6ac2777697106f6fa2.jpg\" \/><br \/>\n        <\/section>\n<\/p><\/div>\n<div class=\"item item-6\">\n<section class=\"image-item\">\n            <img decoding=\"async\" src=\"https:\/\/upload.cdn.baselinker.com\/products\/3018170\/833bbc9341c7bd2df48e0b148b0170ca.jpg\" \/><br \/>\n        <\/section>\n<\/p><\/div>\n<\/section>\n<section class=\"section\">\n<div class=\"item item-6\">\n<section class=\"image-item\">\n            <img decoding=\"async\" src=\"https:\/\/upload.cdn.baselinker.com\/products\/3018170\/248cac9735cb510a366da1e70dfc3252.jpg\" \/><br \/>\n        <\/section>\n<\/p><\/div>\n<div class=\"item item-6\">\n<section class=\"text-item\">\n<p><b>SPRAWDZONA JAKO\u015a\u0106 NASION<\/b><\/p>\n<p>Oferowane przez nas nasiona s\u0105 testowane w <b>Laboratorium Oceny Nasion pod wzgl\u0119dem:<\/b><\/p>\n<p>\u2705<b>kie\u0142kowania<\/b><\/p>\n<p>\u2705<b>wilgotno\u015bci<\/b><\/p>\n<p>\u2705<b>czysto\u015bci ziarna<\/b><\/p>\n<p><b>Dzi\u0119ki czemu udost\u0119pniane nasiona s\u0105 \u015bci\u015ble wyselekcjonowane, tylko wysokiej klasy.<\/b><\/p>\n<p>Torebki zakupione na naszej aukcji s\u0105 w pe\u0142ni bezpieczne, posiadaj\u0105 <b>dat\u0119 wa\u017cno\u015bci i nr partii na opakowaniu.<\/b> Gwarantujemy r\u00f3wnie\u017c jako\u015b\u0107 i oryginalno\u015b\u0107 produkt\u00f3w, poniewa\u017c s\u0105 nabywane bezpo\u015brednio od producenta.<\/p>\n<\/section><\/div>\n<\/section>\n","protected":false},"excerpt":{"rendered":"<p>Nasiona warzyw Dynia Uchiki Kuri Jadalna na zup\u0119 sa\u0142atk\u0119 Dynia Uchiki Kuri Uchiki Kuri, (synonim Hokkaido), to\u00a0japo\u0144ska odmiana dynia charakteryzuj\u0105ca\u00a0si\u0119 jadaln\u0105 sk\u00f3rk\u0105, wczesnym okresem dojrzewania i\u00a0wyj\u0105tkowo przyjemnym smakiem przypominaj\u0105cym pieczone kasztany. Owoce o\u00a0kszta\u0142cie du\u017cej cebuli osi\u0105gaj\u0105 wag\u0119 oko\u0142o 1,5 kg. Nadaj\u0119\u00a0si\u0119 do\u00a0d\u0142ugiego przechowywania. Dzi\u0119ki zwartej bezw\u0142\u00f3knistej konsystencji \u015bwietnie nadaje\u00a0si\u0119 do\u00a0duszenia, gotowania, sa\u0142atek, a\u00a0tak\u017ce grillowania, a\u00a0dzi\u0119ki&#8230;<\/p>\n","protected":false},"featured_media":20944,"comment_status":"open","ping_status":"closed","template":"","meta":{"inline_featured_image":false},"product_cat":[126,162,187],"product_tag":[],"location":[],"class_list":{"0":"post-20952","1":"product","2":"type-product","3":"status-publish","4":"has-post-thumbnail","6":"product_cat-nasiona-warzyw","7":"product_cat-nasiona","8":"product_cat-nasiona-dynii","9":"nt-post-class","10":"","13":"excerpt-none","16":"first","17":"instock","18":"shipping-taxable","19":"purchasable","20":"product-type-simple"},"_links":{"self":[{"href":"https:\/\/boskienasiona.pl\/en\/wp-json\/wp\/v2\/product\/20952","targetHints":{"allow":["GET"]}}],"collection":[{"href":"https:\/\/boskienasiona.pl\/en\/wp-json\/wp\/v2\/product"}],"about":[{"href":"https:\/\/boskienasiona.pl\/en\/wp-json\/wp\/v2\/types\/product"}],"replies":[{"embeddable":true,"href":"https:\/\/boskienasiona.pl\/en\/wp-json\/wp\/v2\/comments?post=20952"}],"version-history":[{"count":1,"href":"https:\/\/boskienasiona.pl\/en\/wp-json\/wp\/v2\/product\/20952\/revisions"}],"predecessor-version":[{"id":22636,"href":"https:\/\/boskienasiona.pl\/en\/wp-json\/wp\/v2\/product\/20952\/revisions\/22636"}],"wp:featuredmedia":[{"embeddable":true,"href":"https:\/\/boskienasiona.pl\/en\/wp-json\/wp\/v2\/media\/20944"}],"wp:attachment":[{"href":"https:\/\/boskienasiona.pl\/en\/wp-json\/wp\/v2\/media?parent=20952"}],"wp:term":[{"taxonomy":"product_cat","embeddable":true,"href":"https:\/\/boskienasiona.pl\/en\/wp-json\/wp\/v2\/product_cat?post=20952"},{"taxonomy":"product_tag","embeddable":true,"href":"https:\/\/boskienasiona.pl\/en\/wp-json\/wp\/v2\/product_tag?post=20952"},{"taxonomy":"location","embeddable":true,"href":"https:\/\/boskienasiona.pl\/en\/wp-json\/wp\/v2\/location?post=20952"}],"curies":[{"name":"wp","href":"https:\/\/api.w.org\/{rel}","templated":true}]}}