{"id":20967,"date":"2025-02-03T10:20:32","date_gmt":"2025-02-03T09:20:32","guid":{"rendered":"https:\/\/boskienasiona.pl\/product\/nasiona-fasolka-szparagowa-zlota-saxa-bezwloknista-bardzo-smaczna\/"},"modified":"2026-04-19T14:18:00","modified_gmt":"2026-04-19T12:18:00","slug":"nasiona-fasolka-szparagowa-zlota-saxa-bezwloknista-bardzo-smaczna","status":"publish","type":"product","link":"https:\/\/boskienasiona.pl\/en\/produkt\/nasiona-fasolka-szparagowa-zlota-saxa-bezwloknista-bardzo-smaczna\/","title":{"rendered":"Nasiona Fasolka szparagowa Z\u0142ota Saxa bezw\u0142\u00f3knista bardzo smaczna"},"content":{"rendered":"<section class=\"section\">\n<div class=\"item item-12\">\n<section class=\"text-item\">\n<h1>Nasiona Fasolka szparagowa Z\u0142ota Saxa bezw\u0142\u00f3knista bardzo smaczna<\/h1>\n<\/section><\/div>\n<\/section>\n<section class=\"section\">\n<div class=\"item item-6\">\n<section class=\"image-item\">\n            <img decoding=\"async\" src=\"https:\/\/upload.cdn.baselinker.com\/products\/3018170\/3e120fb360087208bbce4b6911d1a6c5.png\" \/><br \/>\n        <\/section>\n<\/p><\/div>\n<div class=\"item item-6\">\n<section class=\"text-item\">\n<p><b>Fasola szparagowa kar\u0142owa Z\u0142ota Saxa (wczesna)<\/b><\/p>\n<p>Phaseolus vulgaris L.<\/p>\n<p>Odmiana wczesna, kar\u0142owa, plenna. Okres wegetacji oko\u0142o 65 dni. Str\u0105ki d\u0142ugo\u015bci 11-12 cm, \u017c\u00f3\u0142te proste, bezw\u0142\u00f3kniste, dojrzewaj\u0105 stopniowo. Nasiona bia\u0142e. Przeznaczenie do\u00a0przetw\u00f3rstwa i\u00a0spo\u017cycia na\u00a0\u015bwie\u017co. Wysiew wprost do\u00a0gruntu od\u00a0po\u0142owy V do\u00a0pocz\u0105tku VII. Zbi\u00f3r od\u00a0po\u0142owy VII do\u00a0IX.<\/p>\n<ul>\n<li><b>Opakowanie:<\/b>\u00a050g<\/li>\n<li><b>Siew:<\/b>\u00a0V- pocz\u0105tek VII<\/li>\n<li><b>Zbi\u00f3r:<\/b>\u00a0po\u0142owa VII- IX<\/li>\n<li><b>Rozstawa:<\/b>\u00a040-60 x 10 cm<\/li>\n<\/ul>\n<\/section><\/div>\n<\/section>\n<section class=\"section\">\n<div class=\"item item-6\">\n<section class=\"image-item\">\n            <img decoding=\"async\" src=\"https:\/\/upload.cdn.baselinker.com\/products\/3018170\/29b8609602ee5050d7bc66893219844f.png\" \/><br \/>\n        <\/section>\n<\/p><\/div>\n<div class=\"item item-6\">\n<section class=\"text-item\">\n<p><b>SPRAWDZONA JAKO\u015a\u0106 NASION<\/b><\/p>\n<p>Oferowane przez nas nasiona s\u0105 testowane w\u00a0<b>Laboratorium Oceny Nasion pod wzgl\u0119dem:<\/b><\/p>\n<p>\u2705<b>kie\u0142kowania<\/b><\/p>\n<p>\u2705<b>wilgotno\u015bci<\/b><\/p>\n<p>\u2705<b>czysto\u015bci ziarna<\/b><\/p>\n<p><b>Dzi\u0119ki czemu udost\u0119pniane nasiona s\u0105 \u015bci\u015ble wyselekcjonowane, tylko wysokiej klasy.<\/b><\/p>\n<p>Torebki zakupione na naszej aukcji s\u0105 w pe\u0142ni bezpieczne, posiadaj\u0105\u00a0<b>dat\u0119 wa\u017cno\u015bci i nr partii na opakowaniu.<\/b>\u00a0Gwarantujemy r\u00f3wnie\u017c jako\u015b\u0107 i oryginalno\u015b\u0107 produkt\u00f3w, poniewa\u017c s\u0105 nabywane bezpo\u015brednio od producenta.<\/p>\n<\/section><\/div>\n<\/section>\n<section class=\"section\">\n<div class=\"item item-12\">\n<section class=\"image-item\">\n            <img decoding=\"async\" src=\"https:\/\/upload.cdn.baselinker.com\/products\/3018170\/8d01dd1316f32b3c102e307bbda7d24c.png\" \/><br \/>\n        <\/section>\n<\/p><\/div>\n<\/section>\n<section class=\"section\">\n<div class=\"item item-12\">\n<section class=\"image-item\">\n            <img decoding=\"async\" src=\"https:\/\/upload.cdn.baselinker.com\/products\/3018170\/0b62ffdde4e5d6ad04f1b8dd037407b2.png\" \/><br \/>\n        <\/section>\n<\/p><\/div>\n<\/section>\n<section class=\"section\">\n<div class=\"item item-12\">\n<section class=\"image-item\">\n            <img decoding=\"async\" src=\"https:\/\/upload.cdn.baselinker.com\/products\/3018170\/a6526495140a61ea30f50bcf987afe74.png\" \/><br \/>\n        <\/section>\n<\/p><\/div>\n<\/section>\n","protected":false},"excerpt":{"rendered":"<p>Nasiona Fasolka szparagowa Z\u0142ota Saxa bezw\u0142\u00f3knista bardzo smaczna Fasola szparagowa kar\u0142owa Z\u0142ota Saxa (wczesna) Phaseolus vulgaris L. Odmiana wczesna, kar\u0142owa, plenna. Okres wegetacji oko\u0142o 65 dni. Str\u0105ki d\u0142ugo\u015bci 11-12 cm, \u017c\u00f3\u0142te proste, bezw\u0142\u00f3kniste, dojrzewaj\u0105 stopniowo. Nasiona bia\u0142e. Przeznaczenie do\u00a0przetw\u00f3rstwa i\u00a0spo\u017cycia na\u00a0\u015bwie\u017co. Wysiew wprost do\u00a0gruntu od\u00a0po\u0142owy V do\u00a0pocz\u0105tku VII. Zbi\u00f3r od\u00a0po\u0142owy VII do\u00a0IX. Opakowanie:\u00a050g Siew:\u00a0V- pocz\u0105tek&#8230;<\/p>\n","protected":false},"featured_media":20953,"comment_status":"open","ping_status":"closed","template":"","meta":{"inline_featured_image":false},"product_cat":[126,162,189],"product_tag":[],"location":[],"class_list":{"0":"post-20967","1":"product","2":"type-product","3":"status-publish","4":"has-post-thumbnail","6":"product_cat-nasiona-warzyw","7":"product_cat-nasiona","8":"product_cat-nasiona-fasolki-szparagowej","9":"nt-post-class","10":"","13":"excerpt-none","16":"first","17":"instock","18":"shipping-taxable","19":"purchasable","20":"product-type-simple"},"_links":{"self":[{"href":"https:\/\/boskienasiona.pl\/en\/wp-json\/wp\/v2\/product\/20967","targetHints":{"allow":["GET"]}}],"collection":[{"href":"https:\/\/boskienasiona.pl\/en\/wp-json\/wp\/v2\/product"}],"about":[{"href":"https:\/\/boskienasiona.pl\/en\/wp-json\/wp\/v2\/types\/product"}],"replies":[{"embeddable":true,"href":"https:\/\/boskienasiona.pl\/en\/wp-json\/wp\/v2\/comments?post=20967"}],"version-history":[{"count":1,"href":"https:\/\/boskienasiona.pl\/en\/wp-json\/wp\/v2\/product\/20967\/revisions"}],"predecessor-version":[{"id":22647,"href":"https:\/\/boskienasiona.pl\/en\/wp-json\/wp\/v2\/product\/20967\/revisions\/22647"}],"wp:featuredmedia":[{"embeddable":true,"href":"https:\/\/boskienasiona.pl\/en\/wp-json\/wp\/v2\/media\/20953"}],"wp:attachment":[{"href":"https:\/\/boskienasiona.pl\/en\/wp-json\/wp\/v2\/media?parent=20967"}],"wp:term":[{"taxonomy":"product_cat","embeddable":true,"href":"https:\/\/boskienasiona.pl\/en\/wp-json\/wp\/v2\/product_cat?post=20967"},{"taxonomy":"product_tag","embeddable":true,"href":"https:\/\/boskienasiona.pl\/en\/wp-json\/wp\/v2\/product_tag?post=20967"},{"taxonomy":"location","embeddable":true,"href":"https:\/\/boskienasiona.pl\/en\/wp-json\/wp\/v2\/location?post=20967"}],"curies":[{"name":"wp","href":"https:\/\/api.w.org\/{rel}","templated":true}]}}