{"id":20984,"date":"2025-02-03T10:21:17","date_gmt":"2025-02-03T09:21:17","guid":{"rendered":"https:\/\/boskienasiona.pl\/product\/nasiona-na-tasmie-marchew-duza-wysiew-od-kwietnia-krucha-soczysta-na-soki\/"},"modified":"2026-04-19T06:16:36","modified_gmt":"2026-04-19T04:16:36","slug":"nasiona-na-tasmie-marchew-duza-wysiew-od-kwietnia-krucha-soczysta-na-soki","status":"publish","type":"product","link":"https:\/\/boskienasiona.pl\/en\/produkt\/nasiona-na-tasmie-marchew-duza-wysiew-od-kwietnia-krucha-soczysta-na-soki\/","title":{"rendered":"Nasiona na ta\u015bmie Marchew Du\u017ca Wysiew od Kwietnia Krucha Soczysta na soki"},"content":{"rendered":"<section class=\"section\">\n<div class=\"item item-12\">\n<section class=\"text-item\">\n<h1>Nasiona na ta\u015bmie Marchew Du\u017ca Wysiew od Kwietnia Krucha Soczysta na soki<\/h1>\n<\/section><\/div>\n<\/section>\n<section class=\"section\">\n<div class=\"item item-6\">\n<section class=\"image-item\">\n            <img decoding=\"async\" src=\"https:\/\/upload.cdn.baselinker.com\/products\/3018170\/b852928714cc9da6ba8caa9f8bc8be73.png\" \/><br \/>\n        <\/section>\n<\/p><\/div>\n<div class=\"item item-6\">\n<section class=\"text-item\">\n<p><b>Marchew jadalna AMSTERDAM 3 \u2013 ta\u015bma<\/b><\/p>\n<p>Daucus carota\u00a0 L.<\/p>\n<p>Odmiana wczesna. Korzenie d\u0142ugo\u015bci 15 cm, ciemno-pomara\u0144czowe, wcze\u015bnie wybarwiaj\u0105ce si\u0119, kruche i soczyste. Bardzo dobra na soki i do bezpo\u015bredniego spo\u017cycia i kr\u00f3tkotrwa\u0142ego przechowywania. Wymaga gleby lekkiej, \u017cyznej dobrze uprawionej. Wysiew na g\u0142\u0119boko\u015b\u01071-2 cm od ko\u0144ca III od ko\u0144ca V. Zbi\u00f3r od VIII do IX.<\/p>\n<p>Ta\u015bma nasienna u\u0142atwia wysiew, dzi\u0119ki odpowiedniemu rozmieszczeniu nasion na ta\u015bmie eliminuj\u0105c potrzeb\u0119 stosowania przerywki i pozwala na uzyskanie dobrych plon\u00f3w.<\/p>\n<p><b>Opakowanie zawiera 6 m ta\u015bmy nasiennej.<\/b><\/p>\n<\/section><\/div>\n<\/section>\n<section class=\"section\">\n<div class=\"item item-6\">\n<section class=\"image-item\">\n            <img decoding=\"async\" src=\"https:\/\/upload.cdn.baselinker.com\/products\/3018170\/8ce20e0d11ffaf595b0f540b2af8ee5b.jpg\" \/><br \/>\n        <\/section>\n<\/p><\/div>\n<div class=\"item item-6\">\n<section class=\"text-item\">\n<p><b>NASIONA NA TA\u015aMIE<\/b><\/p>\n<p>S\u0105 to specjalne ta\u015bmy oraz kr\u0105\u017cki naszpikowane nasionami w odpowiednim zag\u0119szczeniu. Precyzyjne zachowanie odleg\u0142o\u015bci na ta\u015bmie eliminuj\u0105c potrzeb\u0119 stosowania przerywki.\u00a0 Wysiew wymaga jedynie wykopania rowka, umieszczenia w nim ta\u015bmy i zasypania ziemi\u0105. T\u0105 prost\u0105 metod\u0105 mo\u017cna wysiewa\u0107 zar\u00f3wno\u00a0nasiona warzyw gruntowych, jak i zio\u0142a czy kwiaty.<\/p>\n<\/section><\/div>\n<\/section>\n<section class=\"section\">\n<div class=\"item item-6\">\n<section class=\"image-item\">\n            <img decoding=\"async\" src=\"https:\/\/upload.cdn.baselinker.com\/products\/3018170\/68a9b8935c60e470907766ac5bff41b2.jpg\" \/><br \/>\n        <\/section>\n<\/p><\/div>\n<div class=\"item item-6\">\n<section class=\"text-item\">\n<p><b>Wysiew nasion na ta\u015bmie w 4 prostych krokach<\/b><\/p>\n<p><b>1\ufe0f\u20e3 Rozrywamy ta\u015bm\u0119 w miejscu perforacji<\/b><\/p>\n<p><b>2\ufe0f\u20e3 Uk\u0142adamy we wcze\u015bniej przygotowanym rowku<\/b><\/p>\n<p><b>3\ufe0f\u20e3 Roz\u0142o\u017con\u0105 ta\u015bm\u0119 przysypujemy cienk\u0105 warstw\u0105 ziemi<\/b><\/p>\n<p><b>4\ufe0f\u20e3 Na koniec obficie podlewamy<\/b><\/p>\n<\/section><\/div>\n<\/section>\n<section class=\"section\">\n<div class=\"item item-6\">\n<section class=\"image-item\">\n            <img decoding=\"async\" src=\"https:\/\/upload.cdn.baselinker.com\/products\/3018170\/f89071f2a50bace84c901873dcdec952.png\" \/><br \/>\n        <\/section>\n<\/p><\/div>\n<div class=\"item item-6\">\n<section class=\"text-item\">\n<p><b>SPRAWDZONA JAKO\u015a\u0106 NASION<\/b><\/p>\n<p>Oferowane przez nas nasiona s\u0105 testowane w <b>Laboratorium Oceny Nasion pod wzgl\u0119dem:<\/b><\/p>\n<p>\u2705<b>kie\u0142kowania<\/b><\/p>\n<p>\u2705<b>wilgotno\u015bci<\/b><\/p>\n<p>\u2705<b>czysto\u015bci ziarna<\/b><\/p>\n<p><b>Dzi\u0119ki czemu udost\u0119pniane nasiona s\u0105 \u015bci\u015ble wyselekcjonowane, tylko wysokiej klasy.<\/b><\/p>\n<p>Torebki zakupione na naszej aukcji s\u0105 w pe\u0142ni bezpieczne, posiadaj\u0105 <b>dat\u0119 wa\u017cno\u015bci i nr partii na opakowaniu.<\/b> Gwarantujemy r\u00f3wnie\u017c jako\u015b\u0107 i oryginalno\u015b\u0107 produkt\u00f3w, poniewa\u017c s\u0105 nabywane bezpo\u015brednio od producenta.<\/p>\n<\/section><\/div>\n<\/section>\n<section class=\"section\">\n<div class=\"item item-6\">\n<section class=\"image-item\">\n            <img decoding=\"async\" src=\"https:\/\/upload.cdn.baselinker.com\/products\/3018170\/8e3856467c20007bc99b3bdf43bbba6a.jpg\" \/><br \/>\n        <\/section>\n<\/p><\/div>\n<div class=\"item item-6\">\n<section class=\"image-item\">\n            <img decoding=\"async\" src=\"https:\/\/upload.cdn.baselinker.com\/products\/3018170\/c8ff3d389cb78336075d2c100ce96dbb.jpg\" \/><br \/>\n        <\/section>\n<\/p><\/div>\n<\/section>\n<section class=\"section\">\n<div class=\"item item-12\">\n<section class=\"image-item\">\n            <img decoding=\"async\" src=\"https:\/\/upload.cdn.baselinker.com\/products\/3018170\/8ce20e0d11ffaf595b0f540b2af8ee5b.jpg\" \/><br \/>\n        <\/section>\n<\/p><\/div>\n<\/section>\n","protected":false},"excerpt":{"rendered":"<p>Nasiona na ta\u015bmie Marchew Du\u017ca Wysiew od Kwietnia Krucha Soczysta na soki Marchew jadalna AMSTERDAM 3 \u2013 ta\u015bma Daucus carota\u00a0 L. Odmiana wczesna. Korzenie d\u0142ugo\u015bci 15 cm, ciemno-pomara\u0144czowe, wcze\u015bnie wybarwiaj\u0105ce si\u0119, kruche i soczyste. Bardzo dobra na soki i do bezpo\u015bredniego spo\u017cycia i kr\u00f3tkotrwa\u0142ego przechowywania. Wymaga gleby lekkiej, \u017cyznej dobrze uprawionej. Wysiew na g\u0142\u0119boko\u015b\u01071-2 cm&#8230;<\/p>\n","protected":false},"featured_media":20968,"comment_status":"open","ping_status":"closed","template":"","meta":{"inline_featured_image":false},"product_cat":[126,162,186,184],"product_tag":[],"location":[],"class_list":{"0":"post-20984","1":"product","2":"type-product","3":"status-publish","4":"has-post-thumbnail","6":"product_cat-nasiona-warzyw","7":"product_cat-nasiona","8":"product_cat-nasiona-marchwi","9":"product_cat-nasiona-warzyw-na-tasmie","10":"nt-post-class","11":"","14":"excerpt-none","17":"first","18":"instock","19":"shipping-taxable","20":"purchasable","21":"product-type-simple"},"_links":{"self":[{"href":"https:\/\/boskienasiona.pl\/en\/wp-json\/wp\/v2\/product\/20984","targetHints":{"allow":["GET"]}}],"collection":[{"href":"https:\/\/boskienasiona.pl\/en\/wp-json\/wp\/v2\/product"}],"about":[{"href":"https:\/\/boskienasiona.pl\/en\/wp-json\/wp\/v2\/types\/product"}],"replies":[{"embeddable":true,"href":"https:\/\/boskienasiona.pl\/en\/wp-json\/wp\/v2\/comments?post=20984"}],"version-history":[{"count":1,"href":"https:\/\/boskienasiona.pl\/en\/wp-json\/wp\/v2\/product\/20984\/revisions"}],"predecessor-version":[{"id":22576,"href":"https:\/\/boskienasiona.pl\/en\/wp-json\/wp\/v2\/product\/20984\/revisions\/22576"}],"wp:featuredmedia":[{"embeddable":true,"href":"https:\/\/boskienasiona.pl\/en\/wp-json\/wp\/v2\/media\/20968"}],"wp:attachment":[{"href":"https:\/\/boskienasiona.pl\/en\/wp-json\/wp\/v2\/media?parent=20984"}],"wp:term":[{"taxonomy":"product_cat","embeddable":true,"href":"https:\/\/boskienasiona.pl\/en\/wp-json\/wp\/v2\/product_cat?post=20984"},{"taxonomy":"product_tag","embeddable":true,"href":"https:\/\/boskienasiona.pl\/en\/wp-json\/wp\/v2\/product_tag?post=20984"},{"taxonomy":"location","embeddable":true,"href":"https:\/\/boskienasiona.pl\/en\/wp-json\/wp\/v2\/location?post=20984"}],"curies":[{"name":"wp","href":"https:\/\/api.w.org\/{rel}","templated":true}]}}