{"id":20999,"date":"2025-02-03T10:21:53","date_gmt":"2025-02-03T09:21:53","guid":{"rendered":"https:\/\/boskienasiona.pl\/product\/nasiona-marchew-marchewka-pierwszy-zbior-bardzo-wczesna-do-surowek-i-sokow\/"},"modified":"2026-04-19T14:18:02","modified_gmt":"2026-04-19T12:18:02","slug":"nasiona-marchew-marchewka-pierwszy-zbior-bardzo-wczesna-do-surowek-i-sokow","status":"publish","type":"product","link":"https:\/\/boskienasiona.pl\/en\/produkt\/nasiona-marchew-marchewka-pierwszy-zbior-bardzo-wczesna-do-surowek-i-sokow\/","title":{"rendered":"Nasiona Marchew Marchewka Pierwszy Zbi\u00f3r Bardzo Wczesna do sur\u00f3wek i sok\u00f3w"},"content":{"rendered":"<section class=\"section\">\n<div class=\"item item-12\">\n<section class=\"text-item\">\n<h1>Nasiona Marchew Marchewka Pierwszy Zbi\u00f3r Bardzo Wczesna do sur\u00f3wek i sok\u00f3w<\/h1>\n<\/section><\/div>\n<\/section>\n<section class=\"section\">\n<div class=\"item item-6\">\n<section class=\"image-item\">\n            <img decoding=\"async\" src=\"https:\/\/upload.cdn.baselinker.com\/products\/3018170\/7eef3760c26818fe6a4bbe45c94cbb90.png\" \/><br \/>\n        <\/section>\n<\/p><\/div>\n<div class=\"item item-6\">\n<section class=\"text-item\">\n<p><b>Marchew jadalna PIERWSZY ZBI\u00d3R (bardzo wczesna)<\/b><\/p>\n<p>Odmiana bardzo wczesna plenna o\u00a0drobnych li\u015bciach. Korze\u0144 walcowaty \u015bredniej d\u0142ugo\u015bci oko\u0142o 11 cm. Mi\u0105\u017csz jasnopomara\u0144czowy, soczysty, smaczny, zawiera du\u017co cukr\u00f3w i\u00a0karotenu. Odmiana polecana do\u00a0bezpo\u015bredniego spo\u017cycia, do\u00a0przygotowania sur\u00f3wek i\u00a0sok\u00f3w. Wymaga gleby lekkiej, \u017cyznej, dobrze uprawionej. Wysiew na\u00a0g\u0142\u0119boko\u015b\u0107 1-2cm od\u00a0ko\u0144ca III do\u00a0ko\u0144ca V. Zbi\u00f3r od\u00a0po\u0142owy VI do\u00a0VIII.<\/p>\n<ul>\n<li><b>Opakowanie:<\/b> 5g<\/li>\n<li><b>Siew:<\/b> III do\u00a0V<\/li>\n<li><b>Zbi\u00f3r:<\/b> VI do\u00a0VIII<\/li>\n<li><b>Rozstawa:<\/b> 30 x 5 cm<\/li>\n<\/ul>\n<\/section><\/div>\n<\/section>\n<section class=\"section\">\n<div class=\"item item-6\">\n<section class=\"image-item\">\n            <img decoding=\"async\" src=\"https:\/\/upload.cdn.baselinker.com\/products\/3018170\/f60be118fbd8d52127f8bd88af4c9d8d.png\" \/><br \/>\n        <\/section>\n<\/p><\/div>\n<div class=\"item item-6\">\n<section class=\"text-item\">\n<p><b>SPRAWDZONA JAKO\u015a\u0106 NASION<\/b><\/p>\n<p>Oferowane przez nas nasiona s\u0105 testowane w\u00a0<b>Laboratorium Oceny Nasion pod wzgl\u0119dem:<\/b><\/p>\n<p>\u2705<b>kie\u0142kowania<\/b><\/p>\n<p>\u2705<b>wilgotno\u015bci<\/b><\/p>\n<p>\u2705<b>czysto\u015bci ziarna<\/b><\/p>\n<p><b>Dzi\u0119ki czemu udost\u0119pniane nasiona s\u0105 \u015bci\u015ble wyselekcjonowane, tylko wysokiej klasy.<\/b><\/p>\n<p>Torebki zakupione na naszej aukcji s\u0105 w pe\u0142ni bezpieczne, posiadaj\u0105\u00a0<b>dat\u0119 wa\u017cno\u015bci i nr partii na opakowaniu.<\/b>\u00a0Gwarantujemy r\u00f3wnie\u017c jako\u015b\u0107 i oryginalno\u015b\u0107 produkt\u00f3w, poniewa\u017c s\u0105 nabywane bezpo\u015brednio od producenta.<\/p>\n<\/section><\/div>\n<\/section>\n<section class=\"section\">\n<div class=\"item item-6\">\n<section class=\"image-item\">\n            <img decoding=\"async\" src=\"https:\/\/upload.cdn.baselinker.com\/products\/3018170\/4b7fb2021bb9294bbac1eb66f4bf0025.jpg\" \/><br \/>\n        <\/section>\n<\/p><\/div>\n<div class=\"item item-6\">\n<section class=\"image-item\">\n            <img decoding=\"async\" src=\"https:\/\/upload.cdn.baselinker.com\/products\/3018170\/875a7636add8ca06bfb2a1d6d88a62bc.jpg\" \/><br \/>\n        <\/section>\n<\/p><\/div>\n<\/section>\n<section class=\"section\">\n<div class=\"item item-12\">\n<section class=\"image-item\">\n            <img decoding=\"async\" src=\"https:\/\/upload.cdn.baselinker.com\/products\/3018170\/923da039dca7ffb7ded1dbd87226f60d.jpg\" \/><br \/>\n        <\/section>\n<\/p><\/div>\n<\/section>\n","protected":false},"excerpt":{"rendered":"<p>Nasiona Marchew Marchewka Pierwszy Zbi\u00f3r Bardzo Wczesna do sur\u00f3wek i sok\u00f3w Marchew jadalna PIERWSZY ZBI\u00d3R (bardzo wczesna) Odmiana bardzo wczesna plenna o\u00a0drobnych li\u015bciach. Korze\u0144 walcowaty \u015bredniej d\u0142ugo\u015bci oko\u0142o 11 cm. Mi\u0105\u017csz jasnopomara\u0144czowy, soczysty, smaczny, zawiera du\u017co cukr\u00f3w i\u00a0karotenu. Odmiana polecana do\u00a0bezpo\u015bredniego spo\u017cycia, do\u00a0przygotowania sur\u00f3wek i\u00a0sok\u00f3w. Wymaga gleby lekkiej, \u017cyznej, dobrze uprawionej. Wysiew na\u00a0g\u0142\u0119boko\u015b\u0107 1-2cm od\u00a0ko\u0144ca&#8230;<\/p>\n","protected":false},"featured_media":20985,"comment_status":"open","ping_status":"closed","template":"","meta":{"inline_featured_image":false},"product_cat":[126,162,186],"product_tag":[],"location":[],"class_list":{"0":"post-20999","1":"product","2":"type-product","3":"status-publish","4":"has-post-thumbnail","6":"product_cat-nasiona-warzyw","7":"product_cat-nasiona","8":"product_cat-nasiona-marchwi","9":"nt-post-class","10":"","13":"excerpt-none","16":"first","17":"instock","18":"shipping-taxable","19":"purchasable","20":"product-type-simple"},"_links":{"self":[{"href":"https:\/\/boskienasiona.pl\/en\/wp-json\/wp\/v2\/product\/20999","targetHints":{"allow":["GET"]}}],"collection":[{"href":"https:\/\/boskienasiona.pl\/en\/wp-json\/wp\/v2\/product"}],"about":[{"href":"https:\/\/boskienasiona.pl\/en\/wp-json\/wp\/v2\/types\/product"}],"replies":[{"embeddable":true,"href":"https:\/\/boskienasiona.pl\/en\/wp-json\/wp\/v2\/comments?post=20999"}],"version-history":[{"count":1,"href":"https:\/\/boskienasiona.pl\/en\/wp-json\/wp\/v2\/product\/20999\/revisions"}],"predecessor-version":[{"id":22604,"href":"https:\/\/boskienasiona.pl\/en\/wp-json\/wp\/v2\/product\/20999\/revisions\/22604"}],"wp:featuredmedia":[{"embeddable":true,"href":"https:\/\/boskienasiona.pl\/en\/wp-json\/wp\/v2\/media\/20985"}],"wp:attachment":[{"href":"https:\/\/boskienasiona.pl\/en\/wp-json\/wp\/v2\/media?parent=20999"}],"wp:term":[{"taxonomy":"product_cat","embeddable":true,"href":"https:\/\/boskienasiona.pl\/en\/wp-json\/wp\/v2\/product_cat?post=20999"},{"taxonomy":"product_tag","embeddable":true,"href":"https:\/\/boskienasiona.pl\/en\/wp-json\/wp\/v2\/product_tag?post=20999"},{"taxonomy":"location","embeddable":true,"href":"https:\/\/boskienasiona.pl\/en\/wp-json\/wp\/v2\/location?post=20999"}],"curies":[{"name":"wp","href":"https:\/\/api.w.org\/{rel}","templated":true}]}}