{"id":21027,"date":"2025-02-03T10:27:47","date_gmt":"2025-02-03T09:27:47","guid":{"rendered":"https:\/\/boskienasiona.pl\/product\/nasiona-nagietek-lekarski-ziola-wyjatkowe-wlasciwosci-lecznicze\/"},"modified":"2026-04-16T14:22:03","modified_gmt":"2026-04-16T12:22:03","slug":"nasiona-nagietek-lekarski-ziola-wyjatkowe-wlasciwosci-lecznicze","status":"publish","type":"product","link":"https:\/\/boskienasiona.pl\/en\/produkt\/nasiona-nagietek-lekarski-ziola-wyjatkowe-wlasciwosci-lecznicze\/","title":{"rendered":"Nasiona Nagietek lekarski Zio\u0142a wyj\u0105tkowe w\u0142a\u015bciwo\u015bci lecznicze"},"content":{"rendered":"<section class=\"section\">\n<div class=\"item item-12\">\n<section class=\"text-item\">\n<h1>Nasiona Nagietek lekarski Zio\u0142a wyj\u0105tkowe w\u0142a\u015bciwo\u015bci lecznicze<\/h1>\n<\/section><\/div>\n<\/section>\n<section class=\"section\">\n<div class=\"item item-6\">\n<section class=\"image-item\">\n            <img decoding=\"async\" src=\"https:\/\/upload.cdn.baselinker.com\/products\/3018170\/de43b49fcec3e6a301420bf220a82b86.png\" \/><br \/>\n        <\/section>\n<\/p><\/div>\n<div class=\"item item-6\">\n<section class=\"text-item\">\n<p><b>Nagietek lekarski<\/b><\/p>\n<p>Calendula officinalis<\/p>\n<p>Wyj\u0105tkowe zio\u0142o o\u00a0w\u0142a\u015bciwo\u015bciach leczniczych i\u00a0dekoracyjnych. Zapach kwiat\u00f3w uspokaja i\u00a0koi. Napar z\u00a0kwiat\u00f3w stosowany jest w\u00a0leczeniu chor\u00f3b \u017co\u0142\u0105dka i\u00a0jelit. Ro\u015blina ma w\u0142a\u015bciwo\u015bci przeciwzapalne i\u00a0przeciwbakteryjne. P\u0142atki dodane do\u00a0potrawy barwi\u0105 j\u0105 na\u00a0\u017c\u00f3\u0142to, nadaj\u0105c lekko pikantnego posmaku. Wysiew nasion IV-VI wprost do\u00a0gruntu.<\/p>\n<ul>\n<li><b>Siew:<\/b> po\u0142owa IV-VI<\/li>\n<li><b>Zbi\u00f3r:<\/b> po\u0142owa VI-X<\/li>\n<li><b>Rozstawa:<\/b> 20 x 25 cm<\/li>\n<li><b>Wysoko\u015b\u0107:<\/b> 30-70 cm<\/li>\n<\/ul>\n<\/section><\/div>\n<\/section>\n<section class=\"section\">\n<div class=\"item item-6\">\n<section class=\"image-item\">\n            <img decoding=\"async\" src=\"https:\/\/upload.cdn.baselinker.com\/products\/3018170\/8732f2df317c751b8118771da3655bd0.png\" \/><br \/>\n        <\/section>\n<\/p><\/div>\n<div class=\"item item-6\">\n<section class=\"text-item\">\n<p><b>SPRAWDZONA JAKO\u015a\u0106 NASION<\/b><\/p>\n<p>Oferowane przez nas nasiona s\u0105 testowane w\u00a0<b>Laboratorium Oceny Nasion pod wzgl\u0119dem:<\/b><\/p>\n<p>\u2705<b>kie\u0142kowania<\/b><\/p>\n<p>\u2705<b>wilgotno\u015bci<\/b><\/p>\n<p>\u2705<b>czysto\u015bci ziarna<\/b><\/p>\n<p><b>Dzi\u0119ki czemu udost\u0119pniane nasiona s\u0105 \u015bci\u015ble wyselekcjonowane, tylko wysokiej klasy.<\/b><\/p>\n<p>Torebki zakupione na naszej aukcji s\u0105 w pe\u0142ni bezpieczne, posiadaj\u0105\u00a0<b>dat\u0119 wa\u017cno\u015bci i nr partii na opakowaniu.<\/b>\u00a0Gwarantujemy r\u00f3wnie\u017c jako\u015b\u0107 i oryginalno\u015b\u0107 produkt\u00f3w, poniewa\u017c s\u0105 nabywane bezpo\u015brednio od producenta.<\/p>\n<\/section><\/div>\n<\/section>\n<section class=\"section\">\n<div class=\"item item-12\">\n<section class=\"image-item\">\n            <img decoding=\"async\" src=\"https:\/\/upload.cdn.baselinker.com\/products\/3018170\/97a31a5fda30a204824e9611b351cb3a.jpg\" \/><br \/>\n        <\/section>\n<\/p><\/div>\n<\/section>\n","protected":false},"excerpt":{"rendered":"<p>Nasiona Nagietek lekarski Zio\u0142a wyj\u0105tkowe w\u0142a\u015bciwo\u015bci lecznicze Nagietek lekarski Calendula officinalis Wyj\u0105tkowe zio\u0142o o\u00a0w\u0142a\u015bciwo\u015bciach leczniczych i\u00a0dekoracyjnych. Zapach kwiat\u00f3w uspokaja i\u00a0koi. Napar z\u00a0kwiat\u00f3w stosowany jest w\u00a0leczeniu chor\u00f3b \u017co\u0142\u0105dka i\u00a0jelit. Ro\u015blina ma w\u0142a\u015bciwo\u015bci przeciwzapalne i\u00a0przeciwbakteryjne. P\u0142atki dodane do\u00a0potrawy barwi\u0105 j\u0105 na\u00a0\u017c\u00f3\u0142to, nadaj\u0105c lekko pikantnego posmaku. Wysiew nasion IV-VI wprost do\u00a0gruntu. Siew: po\u0142owa IV-VI Zbi\u00f3r: po\u0142owa VI-X Rozstawa:&#8230;<\/p>\n","protected":false},"featured_media":21060,"comment_status":"open","ping_status":"closed","template":"","meta":{"inline_featured_image":false},"product_cat":[134,162,182],"product_tag":[],"location":[],"class_list":{"0":"post-21027","1":"product","2":"type-product","3":"status-publish","4":"has-post-thumbnail","6":"product_cat-nasiona-kwiatow","7":"product_cat-nasiona","8":"product_cat-nasiona-kwiaty-doniczkowe","9":"nt-post-class","10":"","13":"excerpt-none","16":"first","17":"instock","18":"shipping-taxable","19":"purchasable","20":"product-type-simple"},"_links":{"self":[{"href":"https:\/\/boskienasiona.pl\/en\/wp-json\/wp\/v2\/product\/21027","targetHints":{"allow":["GET"]}}],"collection":[{"href":"https:\/\/boskienasiona.pl\/en\/wp-json\/wp\/v2\/product"}],"about":[{"href":"https:\/\/boskienasiona.pl\/en\/wp-json\/wp\/v2\/types\/product"}],"replies":[{"embeddable":true,"href":"https:\/\/boskienasiona.pl\/en\/wp-json\/wp\/v2\/comments?post=21027"}],"version-history":[{"count":1,"href":"https:\/\/boskienasiona.pl\/en\/wp-json\/wp\/v2\/product\/21027\/revisions"}],"predecessor-version":[{"id":21070,"href":"https:\/\/boskienasiona.pl\/en\/wp-json\/wp\/v2\/product\/21027\/revisions\/21070"}],"wp:featuredmedia":[{"embeddable":true,"href":"https:\/\/boskienasiona.pl\/en\/wp-json\/wp\/v2\/media\/21060"}],"wp:attachment":[{"href":"https:\/\/boskienasiona.pl\/en\/wp-json\/wp\/v2\/media?parent=21027"}],"wp:term":[{"taxonomy":"product_cat","embeddable":true,"href":"https:\/\/boskienasiona.pl\/en\/wp-json\/wp\/v2\/product_cat?post=21027"},{"taxonomy":"product_tag","embeddable":true,"href":"https:\/\/boskienasiona.pl\/en\/wp-json\/wp\/v2\/product_tag?post=21027"},{"taxonomy":"location","embeddable":true,"href":"https:\/\/boskienasiona.pl\/en\/wp-json\/wp\/v2\/location?post=21027"}],"curies":[{"name":"wp","href":"https:\/\/api.w.org\/{rel}","templated":true}]}}