{"id":21050,"date":"2025-02-03T10:28:23","date_gmt":"2025-02-03T09:28:23","guid":{"rendered":"https:\/\/boskienasiona.pl\/product\/nasiona-ziol-lawenda-wlasciwosci-lecznicze-lagodzi-migrene\/"},"modified":"2025-12-03T08:23:06","modified_gmt":"2025-12-03T07:23:06","slug":"nasiona-ziol-lawenda-wlasciwosci-lecznicze-lagodzi-migrene","status":"publish","type":"product","link":"https:\/\/boskienasiona.pl\/en\/produkt\/nasiona-ziol-lawenda-wlasciwosci-lecznicze-lagodzi-migrene\/","title":{"rendered":"Nasiona zi\u00f3\u0142 Lawenda w\u0142a\u015bciwo\u015bci lecznicze \u0142agodzi migren\u0119"},"content":{"rendered":"<section class=\"section\">\n<div class=\"item item-12\">\n<section class=\"text-item\">\n<h1>Nasiona zi\u00f3\u0142 Lawenda w\u0142a\u015bciwo\u015bci lecznicze \u0142agodzi migren\u0119\u00a0<\/h1>\n<\/section><\/div>\n<\/section>\n<section class=\"section\">\n<div class=\"item item-6\">\n<section class=\"image-item\">\n            <img decoding=\"async\" src=\"https:\/\/upload.cdn.baselinker.com\/products\/3018170\/43d83e7124b6c2973c9b3525525c9893.png\" \/><br \/>\n        <\/section>\n<\/p><\/div>\n<div class=\"item item-6\">\n<section class=\"text-item\">\n<p><b>Lawenda<\/b><\/p>\n<p>Ro\u015blina wieloletnia, zalecana przy schorzeniach przewodu pokarmowego. Herbata z\u00a0niej \u0142agodzi migren\u0119 oraz\u00a0bezsenno\u015b\u0107. Umieszczona w\u00a0szafach, skutecznie zabezpiecz przed molami. Wysiew nasion do\u00a0inspektu III-IV lub\u00a0na\u00a0rozsadniku X-XI. Nasiona przed siewem nale\u017cy przech\u0142odzi\u0107 przez okres 2-3 miesi\u0119cy w\u00a0temperaturze 2-4oC. Rozsad\u0119 sadzimy na\u00a0miejsce sta\u0142e po\u00a015 maja gdy ma 4-5cm wysoko\u015bci.<\/p>\n<ul>\n<li><b>Siew:<\/b> III &#8211; V , X-XI<\/li>\n<li><b>Zbi\u00f3r:<\/b> VII &#8211; IX<\/li>\n<li><b>Rozstawa:<\/b> 40&#215;40 cm<\/li>\n<\/ul>\n<\/section><\/div>\n<\/section>\n<section class=\"section\">\n<div class=\"item item-6\">\n<section class=\"image-item\">\n            <img decoding=\"async\" src=\"https:\/\/upload.cdn.baselinker.com\/products\/3018170\/7fb24840c765ceeb2073f4e4a32e37cf.png\" \/><br \/>\n        <\/section>\n<\/p><\/div>\n<div class=\"item item-6\">\n<section class=\"text-item\">\n<p><b>SPRAWDZONA JAKO\u015a\u0106 NASION<\/b><\/p>\n<p>Oferowane przez nas nasiona s\u0105 testowane w\u00a0<b>Laboratorium Oceny Nasion pod wzgl\u0119dem:<\/b><\/p>\n<p>\u2705<b>kie\u0142kowania<\/b><\/p>\n<p>\u2705<b>wilgotno\u015bci<\/b><\/p>\n<p>\u2705<b>czysto\u015bci ziarna<\/b><\/p>\n<p><b>Dzi\u0119ki czemu udost\u0119pniane nasiona s\u0105 \u015bci\u015ble wyselekcjonowane, tylko wysokiej klasy.<\/b><\/p>\n<p>Torebki zakupione na naszej aukcji s\u0105 w pe\u0142ni bezpieczne, posiadaj\u0105\u00a0<b>dat\u0119 wa\u017cno\u015bci i nr partii na opakowaniu.<\/b>\u00a0Gwarantujemy r\u00f3wnie\u017c jako\u015b\u0107 i oryginalno\u015b\u0107 produkt\u00f3w, poniewa\u017c s\u0105 nabywane bezpo\u015brednio od producenta.<\/p>\n<\/section><\/div>\n<\/section>\n<section class=\"section\">\n<div class=\"item item-6\">\n<section class=\"image-item\">\n            <img decoding=\"async\" src=\"https:\/\/upload.cdn.baselinker.com\/products\/3018170\/aa7ce9bffe3d897a905233457d1d897d.jpg\" \/><br \/>\n        <\/section>\n<\/p><\/div>\n<div class=\"item item-6\">\n<section class=\"image-item\">\n            <img decoding=\"async\" src=\"https:\/\/upload.cdn.baselinker.com\/products\/3018170\/b6b6166227c0cc1ec90279252ca0f98d.jpg\" \/><br \/>\n        <\/section>\n<\/p><\/div>\n<\/section>\n<section class=\"section\">\n<div class=\"item item-12\">\n<section class=\"image-item\">\n            <img decoding=\"async\" src=\"https:\/\/upload.cdn.baselinker.com\/products\/3018170\/9d64de3cf9d821b696be10160d306675.jpg\" \/><br \/>\n        <\/section>\n<\/p><\/div>\n<\/section>\n","protected":false},"excerpt":{"rendered":"<p>Nasiona zi\u00f3\u0142 Lawenda w\u0142a\u015bciwo\u015bci lecznicze \u0142agodzi migren\u0119\u00a0 Lawenda Ro\u015blina wieloletnia, zalecana przy schorzeniach przewodu pokarmowego. Herbata z\u00a0niej \u0142agodzi migren\u0119 oraz\u00a0bezsenno\u015b\u0107. Umieszczona w\u00a0szafach, skutecznie zabezpiecz przed molami. Wysiew nasion do\u00a0inspektu III-IV lub\u00a0na\u00a0rozsadniku X-XI. Nasiona przed siewem nale\u017cy przech\u0142odzi\u0107 przez okres 2-3 miesi\u0119cy w\u00a0temperaturze 2-4oC. Rozsad\u0119 sadzimy na\u00a0miejsce sta\u0142e po\u00a015 maja gdy ma 4-5cm wysoko\u015bci. Siew: III&#8230;<\/p>\n","protected":false},"featured_media":21071,"comment_status":"open","ping_status":"closed","template":"","meta":{"inline_featured_image":false},"product_cat":[134,162,191],"product_tag":[],"location":[],"class_list":{"0":"post-21050","1":"product","2":"type-product","3":"status-publish","4":"has-post-thumbnail","6":"product_cat-nasiona-kwiatow","7":"product_cat-nasiona","8":"product_cat-nasiona-lawendy","9":"nt-post-class","10":"","13":"excerpt-none","16":"first","17":"outofstock","18":"shipping-taxable","19":"purchasable","20":"product-type-simple"},"_links":{"self":[{"href":"https:\/\/boskienasiona.pl\/en\/wp-json\/wp\/v2\/product\/21050","targetHints":{"allow":["GET"]}}],"collection":[{"href":"https:\/\/boskienasiona.pl\/en\/wp-json\/wp\/v2\/product"}],"about":[{"href":"https:\/\/boskienasiona.pl\/en\/wp-json\/wp\/v2\/types\/product"}],"replies":[{"embeddable":true,"href":"https:\/\/boskienasiona.pl\/en\/wp-json\/wp\/v2\/comments?post=21050"}],"version-history":[{"count":1,"href":"https:\/\/boskienasiona.pl\/en\/wp-json\/wp\/v2\/product\/21050\/revisions"}],"predecessor-version":[{"id":21087,"href":"https:\/\/boskienasiona.pl\/en\/wp-json\/wp\/v2\/product\/21050\/revisions\/21087"}],"wp:featuredmedia":[{"embeddable":true,"href":"https:\/\/boskienasiona.pl\/en\/wp-json\/wp\/v2\/media\/21071"}],"wp:attachment":[{"href":"https:\/\/boskienasiona.pl\/en\/wp-json\/wp\/v2\/media?parent=21050"}],"wp:term":[{"taxonomy":"product_cat","embeddable":true,"href":"https:\/\/boskienasiona.pl\/en\/wp-json\/wp\/v2\/product_cat?post=21050"},{"taxonomy":"product_tag","embeddable":true,"href":"https:\/\/boskienasiona.pl\/en\/wp-json\/wp\/v2\/product_tag?post=21050"},{"taxonomy":"location","embeddable":true,"href":"https:\/\/boskienasiona.pl\/en\/wp-json\/wp\/v2\/location?post=21050"}],"curies":[{"name":"wp","href":"https:\/\/api.w.org\/{rel}","templated":true}]}}