{"id":21104,"date":"2025-02-03T10:30:05","date_gmt":"2025-02-03T09:30:05","guid":{"rendered":"https:\/\/boskienasiona.pl\/product\/nasiona-kwiatow-aksamitka-kilimanjaro-duzy-kwiat\/"},"modified":"2026-04-19T14:24:09","modified_gmt":"2026-04-19T12:24:09","slug":"nasiona-kwiatow-aksamitka-kilimanjaro-duzy-kwiat","status":"publish","type":"product","link":"https:\/\/boskienasiona.pl\/en\/produkt\/nasiona-kwiatow-aksamitka-kilimanjaro-duzy-kwiat\/","title":{"rendered":"Nasiona kwiat\u00f3w Aksamitka KILIMANJARO du\u017cy kwiat"},"content":{"rendered":"<section class=\"section\">\n<div class=\"item item-12\">\n<section class=\"text-item\">\n<h1>Nasiona kwiat\u00f3w Aksamitka KILIMANJARO du\u017cy kwiat<\/h1>\n<\/section><\/div>\n<\/section>\n<section class=\"section\">\n<div class=\"item item-6\">\n<section class=\"image-item\">\n            <img decoding=\"async\" src=\"https:\/\/upload.cdn.baselinker.com\/products\/3018170\/a67a56b88048eee68ef1d977e8dc2508.jpg\" \/><br \/>\n        <\/section>\n<\/p><\/div>\n<div class=\"item item-6\">\n<section class=\"text-item\">\n<p><b>Aksamitka wielkokwiatowa KILIMANJARO<\/b><\/p>\n<p>Tagetes erecta<\/p>\n<p>Ro\u015blina jednoroczna wysoko\u015bci 50-70cm o\u00a0pi\u0119knych, pe\u0142nych, du\u017cych kwiatach barwy kremowej. Kwitnie obficie i\u00a0r\u00f3wnomiernie od\u00a0VI do\u00a0mroz\u00f3w. Doskona\u0142a na\u00a0rabaty, obw\u00f3dki, kwietniki, do\u00a0pojemnik\u00f3w i\u00a0na\u00a0kwiat ci\u0119ty. Udaje\u00a0si\u0119 na\u00a0ka\u017cdej glebie ogrodowej. Wysiew w\u00a0kwietniu do\u00a0inspektu lub\u00a0w\u00a0maju wprost do\u00a0gruntu.<\/p>\n<ul>\n<li><b>Wysoko\u015b\u0107:<\/b> 50-70 cm<\/li>\n<li><b>Siew:<\/b> IV- V<\/li>\n<li><b>Kwitnienie:<\/b> VI-X<\/li>\n<li><b>Rozstawa:<\/b> 30&#215;30 cm<\/li>\n<\/ul>\n<\/section><\/div>\n<\/section>\n<section class=\"section\">\n<div class=\"item item-6\">\n<section class=\"image-item\">\n            <img decoding=\"async\" src=\"https:\/\/upload.cdn.baselinker.com\/products\/3018170\/c690fb4940d366fc2478c7b171a77633.png\" \/><br \/>\n        <\/section>\n<\/p><\/div>\n<div class=\"item item-6\">\n<section class=\"text-item\">\n<p><b>SPRAWDZONA JAKO\u015a\u0106 NASION<\/b><\/p>\n<p>Oferowane przez nas nasiona s\u0105 testowane w\u00a0<b>Laboratorium Oceny Nasion pod wzgl\u0119dem:<\/b><\/p>\n<p>\u2705<b>kie\u0142kowania<\/b><\/p>\n<p>\u2705<b>wilgotno\u015bci<\/b><\/p>\n<p>\u2705<b>czysto\u015bci ziarna<\/b><\/p>\n<p><b>Dzi\u0119ki czemu udost\u0119pniane nasiona s\u0105 \u015bci\u015ble wyselekcjonowane, tylko wysokiej klasy.<\/b><\/p>\n<p>Torebki zakupione na naszej aukcji s\u0105 w pe\u0142ni bezpieczne, posiadaj\u0105\u00a0<b>dat\u0119 wa\u017cno\u015bci i nr partii na opakowaniu.<\/b>\u00a0Gwarantujemy r\u00f3wnie\u017c jako\u015b\u0107 i oryginalno\u015b\u0107 produkt\u00f3w, poniewa\u017c s\u0105 nabywane bezpo\u015brednio od producenta.<\/p>\n<\/section><\/div>\n<\/section>\n<section class=\"section\">\n<div class=\"item item-6\">\n<section class=\"image-item\">\n            <img decoding=\"async\" src=\"https:\/\/upload.cdn.baselinker.com\/products\/3018170\/a67a56b88048eee68ef1d977e8dc2508.jpg\" \/><br \/>\n        <\/section>\n<\/p><\/div>\n<div class=\"item item-6\">\n<section class=\"image-item\">\n            <img decoding=\"async\" src=\"https:\/\/upload.cdn.baselinker.com\/products\/3018170\/c690fb4940d366fc2478c7b171a77633.png\" \/><br \/>\n        <\/section>\n<\/p><\/div>\n<\/section>\n","protected":false},"excerpt":{"rendered":"<p>Nasiona kwiat\u00f3w Aksamitka KILIMANJARO du\u017cy kwiat Aksamitka wielkokwiatowa KILIMANJARO Tagetes erecta Ro\u015blina jednoroczna wysoko\u015bci 50-70cm o\u00a0pi\u0119knych, pe\u0142nych, du\u017cych kwiatach barwy kremowej. Kwitnie obficie i\u00a0r\u00f3wnomiernie od\u00a0VI do\u00a0mroz\u00f3w. Doskona\u0142a na\u00a0rabaty, obw\u00f3dki, kwietniki, do\u00a0pojemnik\u00f3w i\u00a0na\u00a0kwiat ci\u0119ty. Udaje\u00a0si\u0119 na\u00a0ka\u017cdej glebie ogrodowej. Wysiew w\u00a0kwietniu do\u00a0inspektu lub\u00a0w\u00a0maju wprost do\u00a0gruntu. Wysoko\u015b\u0107: 50-70 cm Siew: IV- V Kwitnienie: VI-X Rozstawa: 30&#215;30 cm SPRAWDZONA&#8230;<\/p>\n","protected":false},"featured_media":21092,"comment_status":"open","ping_status":"closed","template":"","meta":{"inline_featured_image":false},"product_cat":[134,162,183,182],"product_tag":[],"location":[],"class_list":{"0":"post-21104","1":"product","2":"type-product","3":"status-publish","4":"has-post-thumbnail","6":"product_cat-nasiona-kwiatow","7":"product_cat-nasiona","8":"product_cat-nasiona-kwiatow-ogrodowych","9":"product_cat-nasiona-kwiaty-doniczkowe","10":"nt-post-class","11":"","14":"excerpt-none","17":"first","18":"instock","19":"shipping-taxable","20":"purchasable","21":"product-type-simple"},"_links":{"self":[{"href":"https:\/\/boskienasiona.pl\/en\/wp-json\/wp\/v2\/product\/21104","targetHints":{"allow":["GET"]}}],"collection":[{"href":"https:\/\/boskienasiona.pl\/en\/wp-json\/wp\/v2\/product"}],"about":[{"href":"https:\/\/boskienasiona.pl\/en\/wp-json\/wp\/v2\/types\/product"}],"replies":[{"embeddable":true,"href":"https:\/\/boskienasiona.pl\/en\/wp-json\/wp\/v2\/comments?post=21104"}],"version-history":[{"count":1,"href":"https:\/\/boskienasiona.pl\/en\/wp-json\/wp\/v2\/product\/21104\/revisions"}],"predecessor-version":[{"id":22513,"href":"https:\/\/boskienasiona.pl\/en\/wp-json\/wp\/v2\/product\/21104\/revisions\/22513"}],"wp:featuredmedia":[{"embeddable":true,"href":"https:\/\/boskienasiona.pl\/en\/wp-json\/wp\/v2\/media\/21092"}],"wp:attachment":[{"href":"https:\/\/boskienasiona.pl\/en\/wp-json\/wp\/v2\/media?parent=21104"}],"wp:term":[{"taxonomy":"product_cat","embeddable":true,"href":"https:\/\/boskienasiona.pl\/en\/wp-json\/wp\/v2\/product_cat?post=21104"},{"taxonomy":"product_tag","embeddable":true,"href":"https:\/\/boskienasiona.pl\/en\/wp-json\/wp\/v2\/product_tag?post=21104"},{"taxonomy":"location","embeddable":true,"href":"https:\/\/boskienasiona.pl\/en\/wp-json\/wp\/v2\/location?post=21104"}],"curies":[{"name":"wp","href":"https:\/\/api.w.org\/{rel}","templated":true}]}}