{"id":21109,"date":"2025-02-03T10:30:12","date_gmt":"2025-02-03T09:30:12","guid":{"rendered":"https:\/\/boskienasiona.pl\/product\/nasiona-kwiatow-lubin-trwaly-wieloletni-mix-wieloletni-doskonaly-na-rabaty\/"},"modified":"2026-02-23T01:20:53","modified_gmt":"2026-02-23T00:20:53","slug":"nasiona-kwiatow-lubin-trwaly-wieloletni-mix-wieloletni-doskonaly-na-rabaty","status":"publish","type":"product","link":"https:\/\/boskienasiona.pl\/en\/produkt\/nasiona-kwiatow-lubin-trwaly-wieloletni-mix-wieloletni-doskonaly-na-rabaty\/","title":{"rendered":"Nasiona kwiat\u00f3w \u0141ubin Trwa\u0142y Wieloletni MIX WIELOLETNI DOSKONA\u0141Y NA RABATY"},"content":{"rendered":"<section class=\"section\">\n<div class=\"item item-12\">\n<section class=\"text-item\">\n<h1>Nasiona kwiat\u00f3w \u0141ubin Trwa\u0142y Wieloletni MIX WIELOLETNI DOSKONA\u0141Y NA RABATY<\/h1>\n<\/section><\/div>\n<\/section>\n<section class=\"section\">\n<div class=\"item item-6\">\n<section class=\"image-item\">\n            <img decoding=\"async\" src=\"https:\/\/upload.cdn.baselinker.com\/products\/3018170\/84f16ec276a6426bff197dffbb5a095c.png\" \/><br \/>\n        <\/section>\n<\/p><\/div>\n<div class=\"item item-6\">\n<section class=\"text-item\">\n<p><b>\u0141ubin trwa\u0142y Wieloletni MIX<\/b><\/p>\n<p>Lupinus polyphyllus russel.<\/p>\n<p>Ro\u015blina wieloletnia o\u00a0wielobarwnych, d\u0142ugich kwiatostanach w\u00a0odcieniach r\u00f3\u017cu, fioletu, bieli i\u00a0\u017c\u00f3\u0142tego. Pokr\u00f3j ro\u015bliny zwarty, li\u015bcie palczasto z\u0142o\u017cone. Kwitnie od\u00a0V do\u00a0VII w\u00a0drugim roku uprawy. Doskona\u0142a do\u00a0nasadze\u0144 naturalistycznych i\u00a0na\u00a0wy\u017csze rabaty bylinowe. Wysiew nasion od\u00a0III do\u00a0VI na\u00a0miejsce sta\u0142e.<\/p>\n<ul>\n<li><b>Wysoko\u015b\u0107:<\/b> 60-100 cm<\/li>\n<li><b>Siew:<\/b> III-VI<\/li>\n<li><b>Kwitnienie:<\/b> V-VII\/II rok<\/li>\n<li><b>Rozstawa:<\/b> 20-40 cm<\/li>\n<\/ul>\n<\/section><\/div>\n<\/section>\n<section class=\"section\">\n<div class=\"item item-6\">\n<section class=\"image-item\">\n            <img decoding=\"async\" src=\"https:\/\/upload.cdn.baselinker.com\/products\/3018170\/e5f3c7add3877cac3880cace61e948b5.png\" \/><br \/>\n        <\/section>\n<\/p><\/div>\n<div class=\"item item-6\">\n<section class=\"text-item\">\n<p><b>SPRAWDZONA JAKO\u015a\u0106 NASION<\/b><\/p>\n<p>Oferowane przez nas nasiona s\u0105 testowane w\u00a0<b>Laboratorium Oceny Nasion pod wzgl\u0119dem:<\/b><\/p>\n<p>\u2705<b>kie\u0142kowania<\/b><\/p>\n<p>\u2705<b>wilgotno\u015bci<\/b><\/p>\n<p>\u2705<b>czysto\u015bci ziarna<\/b><\/p>\n<p><b>Dzi\u0119ki czemu udost\u0119pniane nasiona s\u0105 \u015bci\u015ble wyselekcjonowane, tylko wysokiej klasy.<\/b><\/p>\n<p>Torebki zakupione na naszej aukcji s\u0105 w pe\u0142ni bezpieczne, posiadaj\u0105\u00a0<b>dat\u0119 wa\u017cno\u015bci i nr partii na opakowaniu.<\/b>\u00a0Gwarantujemy r\u00f3wnie\u017c jako\u015b\u0107 i oryginalno\u015b\u0107 produkt\u00f3w, poniewa\u017c s\u0105 nabywane bezpo\u015brednio od producenta.<\/p>\n<\/section><\/div>\n<\/section>\n<section class=\"section\">\n<div class=\"item item-12\">\n<section class=\"image-item\">\n            <img decoding=\"async\" src=\"https:\/\/upload.cdn.baselinker.com\/products\/3018170\/4afcb1f0fca5ddf1003b97a7084c0d5a.jpg\" \/><br \/>\n        <\/section>\n<\/p><\/div>\n<\/section>\n<section class=\"section\">\n<div class=\"item item-12\">\n<section class=\"image-item\">\n            <img decoding=\"async\" src=\"https:\/\/upload.cdn.baselinker.com\/products\/3018170\/b3634d9c857a5b519c9c22ccbadd848b.jpg\" \/><br \/>\n        <\/section>\n<\/p><\/div>\n<\/section>\n<section class=\"section\">\n<div class=\"item item-12\">\n<section class=\"image-item\">\n            <img decoding=\"async\" src=\"https:\/\/upload.cdn.baselinker.com\/products\/3018170\/9e6190cfef1e76067b6c9983fcc9e479.png\" \/><br \/>\n        <\/section>\n<\/p><\/div>\n<\/section>\n","protected":false},"excerpt":{"rendered":"<p>Nasiona kwiat\u00f3w \u0141ubin Trwa\u0142y Wieloletni MIX WIELOLETNI DOSKONA\u0141Y NA RABATY \u0141ubin trwa\u0142y Wieloletni MIX Lupinus polyphyllus russel. Ro\u015blina wieloletnia o\u00a0wielobarwnych, d\u0142ugich kwiatostanach w\u00a0odcieniach r\u00f3\u017cu, fioletu, bieli i\u00a0\u017c\u00f3\u0142tego. Pokr\u00f3j ro\u015bliny zwarty, li\u015bcie palczasto z\u0142o\u017cone. Kwitnie od\u00a0V do\u00a0VII w\u00a0drugim roku uprawy. Doskona\u0142a do\u00a0nasadze\u0144 naturalistycznych i\u00a0na\u00a0wy\u017csze rabaty bylinowe. Wysiew nasion od\u00a0III do\u00a0VI na\u00a0miejsce sta\u0142e. Wysoko\u015b\u0107: 60-100 cm Siew:&#8230;<\/p>\n","protected":false},"featured_media":21083,"comment_status":"open","ping_status":"closed","template":"","meta":{"inline_featured_image":false},"product_cat":[134,162],"product_tag":[],"location":[],"class_list":{"0":"post-21109","1":"product","2":"type-product","3":"status-publish","4":"has-post-thumbnail","6":"product_cat-nasiona-kwiatow","7":"product_cat-nasiona","8":"nt-post-class","9":"","12":"excerpt-none","15":"first","16":"outofstock","17":"shipping-taxable","18":"purchasable","19":"product-type-simple"},"_links":{"self":[{"href":"https:\/\/boskienasiona.pl\/en\/wp-json\/wp\/v2\/product\/21109","targetHints":{"allow":["GET"]}}],"collection":[{"href":"https:\/\/boskienasiona.pl\/en\/wp-json\/wp\/v2\/product"}],"about":[{"href":"https:\/\/boskienasiona.pl\/en\/wp-json\/wp\/v2\/types\/product"}],"replies":[{"embeddable":true,"href":"https:\/\/boskienasiona.pl\/en\/wp-json\/wp\/v2\/comments?post=21109"}],"version-history":[{"count":0,"href":"https:\/\/boskienasiona.pl\/en\/wp-json\/wp\/v2\/product\/21109\/revisions"}],"wp:featuredmedia":[{"embeddable":true,"href":"https:\/\/boskienasiona.pl\/en\/wp-json\/wp\/v2\/media\/21083"}],"wp:attachment":[{"href":"https:\/\/boskienasiona.pl\/en\/wp-json\/wp\/v2\/media?parent=21109"}],"wp:term":[{"taxonomy":"product_cat","embeddable":true,"href":"https:\/\/boskienasiona.pl\/en\/wp-json\/wp\/v2\/product_cat?post=21109"},{"taxonomy":"product_tag","embeddable":true,"href":"https:\/\/boskienasiona.pl\/en\/wp-json\/wp\/v2\/product_tag?post=21109"},{"taxonomy":"location","embeddable":true,"href":"https:\/\/boskienasiona.pl\/en\/wp-json\/wp\/v2\/location?post=21109"}],"curies":[{"name":"wp","href":"https:\/\/api.w.org\/{rel}","templated":true}]}}