{"id":21138,"date":"2025-02-03T10:30:53","date_gmt":"2025-02-03T09:30:53","guid":{"rendered":"https:\/\/boskienasiona.pl\/product\/nasiona-kwiatow-jezowka-purpurowa-na-kwiat-ciety-i-rabaty-bylinowe\/"},"modified":"2026-04-19T14:18:05","modified_gmt":"2026-04-19T12:18:05","slug":"nasiona-kwiatow-jezowka-purpurowa-na-kwiat-ciety-i-rabaty-bylinowe","status":"publish","type":"product","link":"https:\/\/boskienasiona.pl\/en\/produkt\/nasiona-kwiatow-jezowka-purpurowa-na-kwiat-ciety-i-rabaty-bylinowe\/","title":{"rendered":"Nasiona kwiat\u00f3w Je\u017c\u00f3wka PURPUROWA na kwiat ci\u0119ty i rabaty bylinowe"},"content":{"rendered":"<section class=\"section\">\n<div class=\"item item-12\">\n<section class=\"text-item\">\n<h1>Nasiona kwiat\u00f3w Je\u017c\u00f3wka PURPUROWA na kwiat ci\u0119ty i rabaty bylinowe<\/h1>\n<\/section><\/div>\n<\/section>\n<section class=\"section\">\n<div class=\"item item-6\">\n<section class=\"image-item\">\n            <img decoding=\"async\" src=\"https:\/\/upload.cdn.baselinker.com\/products\/3018170\/2dc2b0bdac761ab4bdf8796c45fdcd34.png\" \/><br \/>\n        <\/section>\n<\/p><\/div>\n<div class=\"item item-6\">\n<section class=\"text-item\">\n<p><b>Je\u017c\u00f3wka purpurowa<\/b><\/p>\n<p>Rudbeckia purpurea<\/p>\n<p>Okaza\u0142a bylina, o\u00a0sztywnych p\u0119dach i\u00a0du\u017cych ciemnor\u00f3\u017cowych kwiatach. Kwiaty pi\u0119kne, dekoracyjne, d\u0142ugo utrzymuj\u0105ce \u015bwie\u017co\u015b\u0107 w\u00a0wazonie. Doskona\u0142a na\u00a0rabaty bylinowe, kwiat ci\u0119ty, do\u00a0wysadzania w\u00a0grupach. Nasiona wysiewamy wiosn\u0105 do\u00a0inspektu. Wysadzamy na\u00a0miejsce sta\u0142e jesieni\u0105. Zakwita latem nast\u0119pnego roku. Wymaga gleby \u017cyznej, dostatecznie wilgotnej.<\/p>\n<ul>\n<li><b>Wysoko\u015b\u0107:<\/b> 90-100 cm<\/li>\n<li><b>Siew:<\/b> V-VI<\/li>\n<li><b>Kwitnienie:<\/b> VIII-IX<\/li>\n<li><b>Rozstawa:<\/b> 60-80 cm<\/li>\n<\/ul>\n<\/section><\/div>\n<\/section>\n<section class=\"section\">\n<div class=\"item item-6\">\n<section class=\"image-item\">\n            <img decoding=\"async\" src=\"https:\/\/upload.cdn.baselinker.com\/products\/3018170\/6eb0235ad20e44b69e0f13210ec441c1.png\" \/><br \/>\n        <\/section>\n<\/p><\/div>\n<div class=\"item item-6\">\n<section class=\"text-item\">\n<p><b>SPRAWDZONA JAKO\u015a\u0106 NASION<\/b><\/p>\n<p>Oferowane przez nas nasiona s\u0105 testowane w\u00a0<b>Laboratorium Oceny Nasion pod wzgl\u0119dem:<\/b><\/p>\n<p>\u2705<b>kie\u0142kowania<\/b><\/p>\n<p>\u2705<b>wilgotno\u015bci<\/b><\/p>\n<p>\u2705<b>czysto\u015bci ziarna<\/b><\/p>\n<p><b>Dzi\u0119ki czemu udost\u0119pniane nasiona s\u0105 \u015bci\u015ble wyselekcjonowane, tylko wysokiej klasy.<\/b><\/p>\n<p>Torebki zakupione na naszej aukcji s\u0105 w pe\u0142ni bezpieczne, posiadaj\u0105\u00a0<b>dat\u0119 wa\u017cno\u015bci i nr partii na opakowaniu.<\/b>\u00a0Gwarantujemy r\u00f3wnie\u017c jako\u015b\u0107 i oryginalno\u015b\u0107 produkt\u00f3w, poniewa\u017c s\u0105 nabywane bezpo\u015brednio od producenta.<\/p>\n<\/section><\/div>\n<\/section>\n<section class=\"section\">\n<div class=\"item item-12\">\n<section class=\"image-item\">\n            <img decoding=\"async\" src=\"https:\/\/upload.cdn.baselinker.com\/products\/3018170\/2ef4b6bf9651241435766efec4caecf5.png\" \/><br \/>\n        <\/section>\n<\/p><\/div>\n<\/section>\n<section class=\"section\">\n<div class=\"item item-12\">\n<section class=\"image-item\">\n            <img decoding=\"async\" src=\"https:\/\/upload.cdn.baselinker.com\/products\/3018170\/e6aef993ae6f55fc6e5f039400d2d262.png\" \/><br \/>\n        <\/section>\n<\/p><\/div>\n<\/section>\n","protected":false},"excerpt":{"rendered":"<p>Nasiona kwiat\u00f3w Je\u017c\u00f3wka PURPUROWA na kwiat ci\u0119ty i rabaty bylinowe Je\u017c\u00f3wka purpurowa Rudbeckia purpurea Okaza\u0142a bylina, o\u00a0sztywnych p\u0119dach i\u00a0du\u017cych ciemnor\u00f3\u017cowych kwiatach. Kwiaty pi\u0119kne, dekoracyjne, d\u0142ugo utrzymuj\u0105ce \u015bwie\u017co\u015b\u0107 w\u00a0wazonie. Doskona\u0142a na\u00a0rabaty bylinowe, kwiat ci\u0119ty, do\u00a0wysadzania w\u00a0grupach. Nasiona wysiewamy wiosn\u0105 do\u00a0inspektu. Wysadzamy na\u00a0miejsce sta\u0142e jesieni\u0105. Zakwita latem nast\u0119pnego roku. Wymaga gleby \u017cyznej, dostatecznie wilgotnej. Wysoko\u015b\u0107: 90-100 cm&#8230;<\/p>\n","protected":false},"featured_media":21112,"comment_status":"open","ping_status":"closed","template":"","meta":{"inline_featured_image":false},"product_cat":[134,162,183],"product_tag":[],"location":[],"class_list":{"0":"post-21138","1":"product","2":"type-product","3":"status-publish","4":"has-post-thumbnail","6":"product_cat-nasiona-kwiatow","7":"product_cat-nasiona","8":"product_cat-nasiona-kwiatow-ogrodowych","9":"nt-post-class","10":"","13":"excerpt-none","16":"first","17":"instock","18":"shipping-taxable","19":"purchasable","20":"product-type-simple"},"_links":{"self":[{"href":"https:\/\/boskienasiona.pl\/en\/wp-json\/wp\/v2\/product\/21138","targetHints":{"allow":["GET"]}}],"collection":[{"href":"https:\/\/boskienasiona.pl\/en\/wp-json\/wp\/v2\/product"}],"about":[{"href":"https:\/\/boskienasiona.pl\/en\/wp-json\/wp\/v2\/types\/product"}],"replies":[{"embeddable":true,"href":"https:\/\/boskienasiona.pl\/en\/wp-json\/wp\/v2\/comments?post=21138"}],"version-history":[{"count":1,"href":"https:\/\/boskienasiona.pl\/en\/wp-json\/wp\/v2\/product\/21138\/revisions"}],"predecessor-version":[{"id":22543,"href":"https:\/\/boskienasiona.pl\/en\/wp-json\/wp\/v2\/product\/21138\/revisions\/22543"}],"wp:featuredmedia":[{"embeddable":true,"href":"https:\/\/boskienasiona.pl\/en\/wp-json\/wp\/v2\/media\/21112"}],"wp:attachment":[{"href":"https:\/\/boskienasiona.pl\/en\/wp-json\/wp\/v2\/media?parent=21138"}],"wp:term":[{"taxonomy":"product_cat","embeddable":true,"href":"https:\/\/boskienasiona.pl\/en\/wp-json\/wp\/v2\/product_cat?post=21138"},{"taxonomy":"product_tag","embeddable":true,"href":"https:\/\/boskienasiona.pl\/en\/wp-json\/wp\/v2\/product_tag?post=21138"},{"taxonomy":"location","embeddable":true,"href":"https:\/\/boskienasiona.pl\/en\/wp-json\/wp\/v2\/location?post=21138"}],"curies":[{"name":"wp","href":"https:\/\/api.w.org\/{rel}","templated":true}]}}