{"id":21139,"date":"2025-02-03T10:30:58","date_gmt":"2025-02-03T09:30:58","guid":{"rendered":"https:\/\/boskienasiona.pl\/product\/nasiona-kwiatow-lawenda-francuska-piekne-kwiaty\/"},"modified":"2026-04-19T14:18:06","modified_gmt":"2026-04-19T12:18:06","slug":"nasiona-kwiatow-lawenda-francuska-piekne-kwiaty","status":"publish","type":"product","link":"https:\/\/boskienasiona.pl\/en\/produkt\/nasiona-kwiatow-lawenda-francuska-piekne-kwiaty\/","title":{"rendered":"Nasiona kwiat\u00f3w Lawenda francuska Pi\u0119kne kwiaty"},"content":{"rendered":"<section class=\"section\">\n<div class=\"item item-12\">\n<section class=\"text-item\">\n<h1>Nasiona kwiat\u00f3w Lawenda francuska Pi\u0119kne kwiaty<\/h1>\n<\/section><\/div>\n<\/section>\n<section class=\"section\">\n<div class=\"item item-6\">\n<section class=\"image-item\">\n            <img decoding=\"async\" src=\"https:\/\/upload.cdn.baselinker.com\/products\/3018170\/0582269c44eb564f1596a56fd402d265.jpg\" \/><br \/>\n        <\/section>\n<\/p><\/div>\n<div class=\"item item-6\">\n<section class=\"text-item\">\n<p><b>Lawenda\u00a0francuska<\/b><\/p>\n<p>Lavendula stoechas<\/p>\n<p>Wiecznie zielona \u015br\u00f3dziemnomorska krzewinka do\u00a0uprawy doniczkowej na\u00a0balkonach i\u00a0tarasach. Tworzy zwarte, kuliste k\u0119py dorastaj\u0105ca do\u00a050cm wysoko\u015bci. Sw\u00f3j niepowtarzalny urok zawdzi\u0119cza liliowoniebieskim kwiatom o\u00a0ciekawym pokroju i\u00a0intensywnym przyjemnym zapachu. Kwitnie od\u00a0czerwca do\u00a0ko\u0144ca lata. Zaleca\u00a0si\u0119 picie naparu z\u00a0lawendy przy schorzeniach przewodu pokarmowego, \u0142agodzi migren\u0119 oraz\u00a0bezsenno\u015b\u0107 dzia\u0142a uspokajaj\u0105co. Wymaga miejsca s\u0142onecznego i\u00a0suchego oraz\u00a0dobrze zdrenowanej, przepuszczalnej wapiennej gleby. Wysiew wiosn\u0105 III-VI, lub\u00a0jesieni\u0105 IX-XI do\u00a0doniczek, nasiona przykry\u0107 cienk\u0105 warstw\u0105 ziemi. Zaleca\u00a0si\u0119 zim\u0119 chowanie donic z\u00a0lawend\u0105 . Przed wysiewem nasiona przemrozi\u0107 w\u00a0zamra\u017carce przez 2-4 tygodnie.<\/p>\n<ul>\n<li><b>Siew:<\/b> III &#8211; VI , IX-XI<\/li>\n<li><b>Zbi\u00f3r:<\/b> VI &#8211; IX<\/li>\n<li><b>Rozstawa:<\/b> 40x40cm<\/li>\n<\/ul>\n<\/section><\/div>\n<\/section>\n<section class=\"section\">\n<div class=\"item item-6\">\n<section class=\"image-item\">\n            <img decoding=\"async\" src=\"https:\/\/upload.cdn.baselinker.com\/products\/3018170\/745f2bf8f7b82f47b27e0aa785c42a12.png\" \/><br \/>\n        <\/section>\n<\/p><\/div>\n<div class=\"item item-6\">\n<section class=\"text-item\">\n<p><b>SPRAWDZONA JAKO\u015a\u0106 NASION<\/b><\/p>\n<p>Oferowane przez nas nasiona s\u0105 testowane w\u00a0<b>Laboratorium Oceny Nasion pod wzgl\u0119dem:<\/b><\/p>\n<p>\u2705<b>kie\u0142kowania<\/b><\/p>\n<p>\u2705<b>wilgotno\u015bci<\/b><\/p>\n<p>\u2705<b>czysto\u015bci ziarna<\/b><\/p>\n<p><b>Dzi\u0119ki czemu udost\u0119pniane nasiona s\u0105 \u015bci\u015ble wyselekcjonowane, tylko wysokiej klasy.<\/b><\/p>\n<p>Torebki zakupione na naszej aukcji s\u0105 w pe\u0142ni bezpieczne, posiadaj\u0105\u00a0<b>dat\u0119 wa\u017cno\u015bci i nr partii na opakowaniu.<\/b>\u00a0Gwarantujemy r\u00f3wnie\u017c jako\u015b\u0107 i oryginalno\u015b\u0107 produkt\u00f3w, poniewa\u017c s\u0105 nabywane bezpo\u015brednio od producenta.<\/p>\n<\/section><\/div>\n<\/section>\n<section class=\"section\">\n<div class=\"item item-6\">\n<section class=\"image-item\">\n            <img decoding=\"async\" src=\"https:\/\/upload.cdn.baselinker.com\/products\/3018170\/65f7b83914d699e23b03139debfed9a0.jpg\" \/><br \/>\n        <\/section>\n<\/p><\/div>\n<div class=\"item item-6\">\n<section class=\"image-item\">\n            <img decoding=\"async\" src=\"https:\/\/upload.cdn.baselinker.com\/products\/3018170\/cf271bc46889bc5fb1458a4a2c6e9d7a.png\" \/><br \/>\n        <\/section>\n<\/p><\/div>\n<\/section>\n<section class=\"section\">\n<div class=\"item item-12\">\n<section class=\"image-item\">\n            <img decoding=\"async\" src=\"https:\/\/upload.cdn.baselinker.com\/products\/3018170\/ef2dbb423c66db7eee90645cf34118e8.png\" \/><br \/>\n        <\/section>\n<\/p><\/div>\n<\/section>\n","protected":false},"excerpt":{"rendered":"<p>Nasiona kwiat\u00f3w Lawenda francuska Pi\u0119kne kwiaty Lawenda\u00a0francuska Lavendula stoechas Wiecznie zielona \u015br\u00f3dziemnomorska krzewinka do\u00a0uprawy doniczkowej na\u00a0balkonach i\u00a0tarasach. Tworzy zwarte, kuliste k\u0119py dorastaj\u0105ca do\u00a050cm wysoko\u015bci. Sw\u00f3j niepowtarzalny urok zawdzi\u0119cza liliowoniebieskim kwiatom o\u00a0ciekawym pokroju i\u00a0intensywnym przyjemnym zapachu. Kwitnie od\u00a0czerwca do\u00a0ko\u0144ca lata. Zaleca\u00a0si\u0119 picie naparu z\u00a0lawendy przy schorzeniach przewodu pokarmowego, \u0142agodzi migren\u0119 oraz\u00a0bezsenno\u015b\u0107 dzia\u0142a uspokajaj\u0105co. Wymaga miejsca s\u0142onecznego&#8230;<\/p>\n","protected":false},"featured_media":21107,"comment_status":"open","ping_status":"closed","template":"","meta":{"inline_featured_image":false},"product_cat":[134,162,191],"product_tag":[],"location":[],"class_list":{"0":"post-21139","1":"product","2":"type-product","3":"status-publish","4":"has-post-thumbnail","6":"product_cat-nasiona-kwiatow","7":"product_cat-nasiona","8":"product_cat-nasiona-lawendy","9":"nt-post-class","10":"","13":"excerpt-none","16":"first","17":"instock","18":"shipping-taxable","19":"purchasable","20":"product-type-simple"},"_links":{"self":[{"href":"https:\/\/boskienasiona.pl\/en\/wp-json\/wp\/v2\/product\/21139","targetHints":{"allow":["GET"]}}],"collection":[{"href":"https:\/\/boskienasiona.pl\/en\/wp-json\/wp\/v2\/product"}],"about":[{"href":"https:\/\/boskienasiona.pl\/en\/wp-json\/wp\/v2\/types\/product"}],"replies":[{"embeddable":true,"href":"https:\/\/boskienasiona.pl\/en\/wp-json\/wp\/v2\/comments?post=21139"}],"version-history":[{"count":1,"href":"https:\/\/boskienasiona.pl\/en\/wp-json\/wp\/v2\/product\/21139\/revisions"}],"predecessor-version":[{"id":22673,"href":"https:\/\/boskienasiona.pl\/en\/wp-json\/wp\/v2\/product\/21139\/revisions\/22673"}],"wp:featuredmedia":[{"embeddable":true,"href":"https:\/\/boskienasiona.pl\/en\/wp-json\/wp\/v2\/media\/21107"}],"wp:attachment":[{"href":"https:\/\/boskienasiona.pl\/en\/wp-json\/wp\/v2\/media?parent=21139"}],"wp:term":[{"taxonomy":"product_cat","embeddable":true,"href":"https:\/\/boskienasiona.pl\/en\/wp-json\/wp\/v2\/product_cat?post=21139"},{"taxonomy":"product_tag","embeddable":true,"href":"https:\/\/boskienasiona.pl\/en\/wp-json\/wp\/v2\/product_tag?post=21139"},{"taxonomy":"location","embeddable":true,"href":"https:\/\/boskienasiona.pl\/en\/wp-json\/wp\/v2\/location?post=21139"}],"curies":[{"name":"wp","href":"https:\/\/api.w.org\/{rel}","templated":true}]}}