{"id":21144,"date":"2025-02-03T10:31:06","date_gmt":"2025-02-03T09:31:06","guid":{"rendered":"https:\/\/boskienasiona.pl\/product\/nasiona-zatrwian-kwiat-ciety-do-suchych-bukietow\/"},"modified":"2026-04-19T14:18:07","modified_gmt":"2026-04-19T12:18:07","slug":"nasiona-zatrwian-kwiat-ciety-do-suchych-bukietow","status":"publish","type":"product","link":"https:\/\/boskienasiona.pl\/en\/produkt\/nasiona-zatrwian-kwiat-ciety-do-suchych-bukietow\/","title":{"rendered":"Nasiona Zatrwian kwiat ci\u0119ty do suchych bukiet\u00f3w"},"content":{"rendered":"<section class=\"section\">\n<div class=\"item item-6\">\n<section class=\"image-item\"><img decoding=\"async\" src=\"https:\/\/upload.cdn.baselinker.com\/products\/3018170\/15448b5df8fe9ac160d200e195115c7f.jpg\"><\/section>\n<\/p><\/div>\n<div class=\"item item-6\">\n<section class=\"text-item\">\n<h1>Zatrwian wr\u0119bny mieszanka<\/h1>\n<p>Limonium sinuatum<\/p>\n<p>Ro\u015blina jednoroczna, z\u00a0mn\u00f3stwem drobnych, urokliwych, r\u00f3\u017cnobarwnych kwiat\u00f3w zebranych w\u00a0d\u0142ugie kwiatostany. Popularna ro\u015blina na\u00a0kwiat ci\u0119ty, do\u00a0suchych bukiet\u00f3w i\u00a0na\u00a0rabaty. Stanowisko s\u0142oneczne. Wysiew nasion w\u00a0III-IV do\u00a0zimnego inspektu lub\u00a0w\u00a0maju wprost do\u00a0gruntu. Na\u00a0miejsce sta\u0142e wysadza\u0107 w\u00a0V.<\/p>\n<ul>\n<li><b>Siew:<\/b> IV-V<\/li>\n<li><b>Wysoko\u015b\u0107:<\/b> 60-80 cm<\/li>\n<li><b>Kwitnienie:<\/b> VII-X<\/li>\n<li><b>Rozstawa:<\/b> 30&#215;40 cm<\/li>\n<\/ul>\n<\/section><\/div>\n<\/section>\n<section class=\"section\">\n<div class=\"item item-6\">\n<section class=\"image-item\"><img decoding=\"async\" src=\"https:\/\/upload.cdn.baselinker.com\/products\/3018170\/162afb260d4010ca9faee052509fdfb2.jpg\"><\/section>\n<\/p><\/div>\n<div class=\"item item-6\">\n<section class=\"text-item\">\n<p><b>SPRAWDZONA JAKO\u015a\u0106 NASION<\/b><\/p>\n<p>Oferowane przez nas nasiona s\u0105 testowane w\u00a0<b>Laboratorium Oceny Nasion pod wzgl\u0119dem:<\/b><\/p>\n<p>\u2705<b>kie\u0142kowania<\/b><\/p>\n<p>\u2705<b>wilgotno\u015bci<\/b><\/p>\n<p>\u2705<b>czysto\u015bci ziarna<\/b><\/p>\n<p><b>Dzi\u0119ki czemu udost\u0119pniane nasiona s\u0105 \u015bci\u015ble wyselekcjonowane, tylko wysokiej klasy.<\/b><\/p>\n<p>Torebki zakupione na naszej aukcji s\u0105 w pe\u0142ni bezpieczne, posiadaj\u0105\u00a0<b>dat\u0119 wa\u017cno\u015bci i nr partii na opakowaniu.<\/b>\u00a0Gwarantujemy r\u00f3wnie\u017c jako\u015b\u0107 i oryginalno\u015b\u0107 produkt\u00f3w, poniewa\u017c s\u0105 nabywane bezpo\u015brednio od producenta.<\/p>\n<\/section><\/div>\n<\/section>\n","protected":false},"excerpt":{"rendered":"<p>Zatrwian wr\u0119bny mieszanka Limonium sinuatum Ro\u015blina jednoroczna, z\u00a0mn\u00f3stwem drobnych, urokliwych, r\u00f3\u017cnobarwnych kwiat\u00f3w zebranych w\u00a0d\u0142ugie kwiatostany. Popularna ro\u015blina na\u00a0kwiat ci\u0119ty, do\u00a0suchych bukiet\u00f3w i\u00a0na\u00a0rabaty. Stanowisko s\u0142oneczne. Wysiew nasion w\u00a0III-IV do\u00a0zimnego inspektu lub\u00a0w\u00a0maju wprost do\u00a0gruntu. Na\u00a0miejsce sta\u0142e wysadza\u0107 w\u00a0V. Siew: IV-V Wysoko\u015b\u0107: 60-80 cm Kwitnienie: VII-X Rozstawa: 30&#215;40 cm SPRAWDZONA JAKO\u015a\u0106 NASION Oferowane przez nas nasiona s\u0105 testowane&#8230;<\/p>\n","protected":false},"featured_media":21140,"comment_status":"open","ping_status":"closed","template":"","meta":{"inline_featured_image":false},"product_cat":[134,162],"product_tag":[],"location":[],"class_list":{"0":"post-21144","1":"product","2":"type-product","3":"status-publish","4":"has-post-thumbnail","6":"product_cat-nasiona-kwiatow","7":"product_cat-nasiona","8":"nt-post-class","9":"","12":"excerpt-none","15":"first","16":"instock","17":"shipping-taxable","18":"purchasable","19":"product-type-simple"},"_links":{"self":[{"href":"https:\/\/boskienasiona.pl\/en\/wp-json\/wp\/v2\/product\/21144","targetHints":{"allow":["GET"]}}],"collection":[{"href":"https:\/\/boskienasiona.pl\/en\/wp-json\/wp\/v2\/product"}],"about":[{"href":"https:\/\/boskienasiona.pl\/en\/wp-json\/wp\/v2\/types\/product"}],"replies":[{"embeddable":true,"href":"https:\/\/boskienasiona.pl\/en\/wp-json\/wp\/v2\/comments?post=21144"}],"version-history":[{"count":0,"href":"https:\/\/boskienasiona.pl\/en\/wp-json\/wp\/v2\/product\/21144\/revisions"}],"wp:featuredmedia":[{"embeddable":true,"href":"https:\/\/boskienasiona.pl\/en\/wp-json\/wp\/v2\/media\/21140"}],"wp:attachment":[{"href":"https:\/\/boskienasiona.pl\/en\/wp-json\/wp\/v2\/media?parent=21144"}],"wp:term":[{"taxonomy":"product_cat","embeddable":true,"href":"https:\/\/boskienasiona.pl\/en\/wp-json\/wp\/v2\/product_cat?post=21144"},{"taxonomy":"product_tag","embeddable":true,"href":"https:\/\/boskienasiona.pl\/en\/wp-json\/wp\/v2\/product_tag?post=21144"},{"taxonomy":"location","embeddable":true,"href":"https:\/\/boskienasiona.pl\/en\/wp-json\/wp\/v2\/location?post=21144"}],"curies":[{"name":"wp","href":"https:\/\/api.w.org\/{rel}","templated":true}]}}