{"id":21159,"date":"2025-02-03T10:32:24","date_gmt":"2025-02-03T09:32:24","guid":{"rendered":"https:\/\/boskienasiona.pl\/product\/nasiona-fasolka-szparagowa-zielona-bona-bezwloknista-plenna\/"},"modified":"2026-04-19T14:18:09","modified_gmt":"2026-04-19T12:18:09","slug":"nasiona-fasolka-szparagowa-zielona-bona-bezwloknista-plenna","status":"publish","type":"product","link":"https:\/\/boskienasiona.pl\/en\/produkt\/nasiona-fasolka-szparagowa-zielona-bona-bezwloknista-plenna\/","title":{"rendered":"Nasiona Fasolka szparagowa ZIELONA BONA bezw\u0142\u00f3knista Plenna"},"content":{"rendered":"<section class=\"section\">\n<div class=\"item item-12\">\n<section class=\"text-item\">\n<h1>Nasiona Fasolka szparagowa ZIELONA BONA bezw\u0142\u00f3knista<\/h1>\n<\/section><\/div>\n<\/section>\n<section class=\"section\">\n<div class=\"item item-6\">\n<section class=\"image-item\">\n            <img decoding=\"async\" src=\"https:\/\/upload.cdn.baselinker.com\/products\/3018170\/3aaa3a6d1dec2d5b025c3222bfcbe079.png\" \/><br \/>\n        <\/section>\n<\/p><\/div>\n<div class=\"item item-6\">\n<section class=\"text-item\">\n<p><b>Fasola szparagowa kar\u0142owa\u00a0Bona\u00a0(\u015brednio wczesna)<\/b><\/p>\n<p>Phaseolus vulgaris L.<\/p>\n<p>Odmiana kar\u0142owa, \u015brednio wczesna. Ro\u015blina o\u00a0pokroju zwartym, str\u0105ki jasnozielone, d\u0142ugo\u015bci 12-14 cm, proste, mi\u0119siste, bezw\u0142\u00f3kniste, osadzone w\u00a0g\u00f3rnej cz\u0119\u015bci ro\u015bliny. Odmiana plenna, nadaje\u00a0si\u0119 na\u00a0zbi\u00f3r mechaniczny. Przeznaczona do\u00a0bezpo\u015bredniego spo\u017cycia i\u00a0przetw\u00f3rstwa.<\/p>\n<p>Siew na\u00a0g\u0142\u0119boko\u015b\u0107 2-5cm od\u00a0po\u0142owy V do\u00a0po\u0142owy VII.<\/p>\n<ul>\n<li><b>Opakowanie:<\/b> 30g<\/li>\n<li><b>Siew:<\/b> \u00bd V- \u00bd VII<\/li>\n<li><b>Zbi\u00f3r:<\/b> VII- IX<\/li>\n<li><b>Rozstawa:<\/b> 40-60 x 10 cm<\/li>\n<\/ul>\n<\/section><\/div>\n<\/section>\n<section class=\"section\">\n<div class=\"item item-6\">\n<section class=\"image-item\">\n            <img decoding=\"async\" src=\"https:\/\/upload.cdn.baselinker.com\/products\/3018170\/2d077e6331a8c09117f0364f85f79db3.png\" \/><br \/>\n        <\/section>\n<\/p><\/div>\n<div class=\"item item-6\">\n<section class=\"text-item\">\n<p><b>SPRAWDZONA JAKO\u015a\u0106 NASION<\/b><\/p>\n<p>Oferowane przez nas nasiona s\u0105 testowane w\u00a0<b>Laboratorium Oceny Nasion pod wzgl\u0119dem:<\/b><\/p>\n<p>\u2705<b>kie\u0142kowania<\/b><\/p>\n<p>\u2705<b>wilgotno\u015bci<\/b><\/p>\n<p>\u2705<b>czysto\u015bci ziarna<\/b><\/p>\n<p><b>Dzi\u0119ki czemu udost\u0119pniane nasiona s\u0105 \u015bci\u015ble wyselekcjonowane, tylko wysokiej klasy.<\/b><\/p>\n<p>Torebki zakupione na naszej aukcji s\u0105 w pe\u0142ni bezpieczne, posiadaj\u0105\u00a0<b>dat\u0119 wa\u017cno\u015bci i nr partii na opakowaniu.<\/b>\u00a0Gwarantujemy r\u00f3wnie\u017c jako\u015b\u0107 i oryginalno\u015b\u0107 produkt\u00f3w, poniewa\u017c s\u0105 nabywane bezpo\u015brednio od producenta.<\/p>\n<\/section><\/div>\n<\/section>\n<section class=\"section\">\n<div class=\"item item-6\">\n<section class=\"image-item\">\n            <img decoding=\"async\" src=\"https:\/\/upload.cdn.baselinker.com\/products\/3018170\/368a27332d3a3a07e54cb2921c3a86b2.jpg\" \/><br \/>\n        <\/section>\n<\/p><\/div>\n<div class=\"item item-6\">\n<section class=\"image-item\">\n            <img decoding=\"async\" src=\"https:\/\/upload.cdn.baselinker.com\/products\/3018170\/f0bbdaaf24b1b6b942bbbb8377a06fff.jpg\" \/><br \/>\n        <\/section>\n<\/p><\/div>\n<\/section>\n<section class=\"section\">\n<div class=\"item item-12\">\n<section class=\"image-item\">\n            <img decoding=\"async\" src=\"https:\/\/upload.cdn.baselinker.com\/products\/3018170\/11b7f010a3abc35b214604c25ff89b41.jpg\" \/><br \/>\n        <\/section>\n<\/p><\/div>\n<\/section>\n","protected":false},"excerpt":{"rendered":"<p>Nasiona Fasolka szparagowa ZIELONA BONA bezw\u0142\u00f3knista Fasola szparagowa kar\u0142owa\u00a0Bona\u00a0(\u015brednio wczesna) Phaseolus vulgaris L. Odmiana kar\u0142owa, \u015brednio wczesna. Ro\u015blina o\u00a0pokroju zwartym, str\u0105ki jasnozielone, d\u0142ugo\u015bci 12-14 cm, proste, mi\u0119siste, bezw\u0142\u00f3kniste, osadzone w\u00a0g\u00f3rnej cz\u0119\u015bci ro\u015bliny. Odmiana plenna, nadaje\u00a0si\u0119 na\u00a0zbi\u00f3r mechaniczny. Przeznaczona do\u00a0bezpo\u015bredniego spo\u017cycia i\u00a0przetw\u00f3rstwa. Siew na\u00a0g\u0142\u0119boko\u015b\u0107 2-5cm od\u00a0po\u0142owy V do\u00a0po\u0142owy VII. Opakowanie: 30g Siew: \u00bd V- \u00bd VII&#8230;<\/p>\n","protected":false},"featured_media":21200,"comment_status":"open","ping_status":"closed","template":"","meta":{"inline_featured_image":false},"product_cat":[126,162,189],"product_tag":[],"location":[],"class_list":{"0":"post-21159","1":"product","2":"type-product","3":"status-publish","4":"has-post-thumbnail","6":"product_cat-nasiona-warzyw","7":"product_cat-nasiona","8":"product_cat-nasiona-fasolki-szparagowej","9":"nt-post-class","10":"","13":"excerpt-none","16":"first","17":"instock","18":"shipping-taxable","19":"purchasable","20":"product-type-simple"},"_links":{"self":[{"href":"https:\/\/boskienasiona.pl\/en\/wp-json\/wp\/v2\/product\/21159","targetHints":{"allow":["GET"]}}],"collection":[{"href":"https:\/\/boskienasiona.pl\/en\/wp-json\/wp\/v2\/product"}],"about":[{"href":"https:\/\/boskienasiona.pl\/en\/wp-json\/wp\/v2\/types\/product"}],"replies":[{"embeddable":true,"href":"https:\/\/boskienasiona.pl\/en\/wp-json\/wp\/v2\/comments?post=21159"}],"version-history":[{"count":1,"href":"https:\/\/boskienasiona.pl\/en\/wp-json\/wp\/v2\/product\/21159\/revisions"}],"predecessor-version":[{"id":21219,"href":"https:\/\/boskienasiona.pl\/en\/wp-json\/wp\/v2\/product\/21159\/revisions\/21219"}],"wp:featuredmedia":[{"embeddable":true,"href":"https:\/\/boskienasiona.pl\/en\/wp-json\/wp\/v2\/media\/21200"}],"wp:attachment":[{"href":"https:\/\/boskienasiona.pl\/en\/wp-json\/wp\/v2\/media?parent=21159"}],"wp:term":[{"taxonomy":"product_cat","embeddable":true,"href":"https:\/\/boskienasiona.pl\/en\/wp-json\/wp\/v2\/product_cat?post=21159"},{"taxonomy":"product_tag","embeddable":true,"href":"https:\/\/boskienasiona.pl\/en\/wp-json\/wp\/v2\/product_tag?post=21159"},{"taxonomy":"location","embeddable":true,"href":"https:\/\/boskienasiona.pl\/en\/wp-json\/wp\/v2\/location?post=21159"}],"curies":[{"name":"wp","href":"https:\/\/api.w.org\/{rel}","templated":true}]}}