{"id":21174,"date":"2025-02-03T10:33:01","date_gmt":"2025-02-03T09:33:01","guid":{"rendered":"https:\/\/boskienasiona.pl\/product\/nasiona-fasolka-szparagowa-zielona-ferrari-bezwloknista-bardzo-wczesna\/"},"modified":"2026-04-19T14:18:11","modified_gmt":"2026-04-19T12:18:11","slug":"nasiona-fasolka-szparagowa-zielona-ferrari-bezwloknista-bardzo-wczesna","status":"publish","type":"product","link":"https:\/\/boskienasiona.pl\/en\/produkt\/nasiona-fasolka-szparagowa-zielona-ferrari-bezwloknista-bardzo-wczesna\/","title":{"rendered":"Nasiona Fasolka szparagowa ZIELONA FERRARI bezw\u0142\u00f3knista bardzo wczesna"},"content":{"rendered":"<section class=\"section\">\n<div class=\"item item-12\">\n<section class=\"text-item\">\n<p>Nasiona Fasolka szparagowa ZIELONA FERRARI bezw\u0142\u00f3knista bardzo wczesna<\/p>\n<\/section><\/div>\n<\/section>\n<section class=\"section\">\n<div class=\"item item-6\">\n<section class=\"image-item\">\n            <img decoding=\"async\" src=\"https:\/\/upload.cdn.baselinker.com\/products\/3018170\/2a02d4943ad894c0b547538ee86e5752.png\" \/><br \/>\n        <\/section>\n<\/p><\/div>\n<div class=\"item item-6\">\n<section class=\"text-item\">\n<p><b>Fasola szparagowa kar\u0142owa zielonostr\u0105kowa\u00a0FERRARI\u00a0(bardzo wczesna)<\/b><\/p>\n<p>Phaseolus vulgaris L.<\/p>\n<p>Bardzo wczesna, plenna odmiana fasoli, odporna na\u00a0wirusa mozaiki, antraknoz\u0119 i\u00a0bakterioz\u0119 obw\u00f3dkow\u0105. Str\u0105ki ciemnozielone, l\u015bni\u0105ce, g\u0142adkie, bez\u00a0\u0142yka o\u00a0d\u0142ugo\u015bci 12-14 cm, dojrzewaj\u0105 jednocze\u015bnie. Doskona\u0142y delikatny smak i\u00a0uniwersalno\u015b\u0107 odmiany sprawia \u017ce nadaje\u00a0si\u0119 zar\u00f3wno do\u00a0bezpo\u015bredniego spo\u017cycia jak i\u00a0przetw\u00f3rstwa. Siew wprost do\u00a0gruntu w\u00a0V, na\u00a0g\u0142\u0119boko\u015b\u0107 2-5 cm.<\/p>\n<ul>\n<li><b>Siew grunt:<\/b> V- \u00bd VII na\u00a0g\u0142. 2-5 cm<\/li>\n<li><b>Rozstawa:<\/b> 40-50 x10 cm<\/li>\n<li><b>Zbi\u00f3r:<\/b> VII-VIII<\/li>\n<\/ul>\n<\/section><\/div>\n<\/section>\n<section class=\"section\">\n<div class=\"item item-6\">\n<section class=\"image-item\">\n            <img decoding=\"async\" src=\"https:\/\/upload.cdn.baselinker.com\/products\/3018170\/5780807c8419efff27c7ad1f6ee838fd.png\" \/><br \/>\n        <\/section>\n<\/p><\/div>\n<div class=\"item item-6\">\n<section class=\"text-item\">\n<p><b>SPRAWDZONA JAKO\u015a\u0106 NASION<\/b><\/p>\n<p>Oferowane przez nas nasiona s\u0105 testowane w\u00a0<b>Laboratorium Oceny Nasion pod wzgl\u0119dem:<\/b><\/p>\n<p>\u2705<b>kie\u0142kowania<\/b><\/p>\n<p>\u2705<b>wilgotno\u015bci<\/b><\/p>\n<p>\u2705<b>czysto\u015bci ziarna<\/b><\/p>\n<p><b>Dzi\u0119ki czemu udost\u0119pniane nasiona s\u0105 \u015bci\u015ble wyselekcjonowane, tylko wysokiej klasy.<\/b><\/p>\n<p>Torebki zakupione na naszej aukcji s\u0105 w pe\u0142ni bezpieczne, posiadaj\u0105\u00a0<b>dat\u0119 wa\u017cno\u015bci i nr partii na opakowaniu.<\/b>\u00a0Gwarantujemy r\u00f3wnie\u017c jako\u015b\u0107 i oryginalno\u015b\u0107 produkt\u00f3w, poniewa\u017c s\u0105 nabywane bezpo\u015brednio od producenta.<\/p>\n<\/section><\/div>\n<\/section>\n<section class=\"section\">\n<div class=\"item item-6\">\n<section class=\"image-item\">\n            <img decoding=\"async\" src=\"https:\/\/upload.cdn.baselinker.com\/products\/3018170\/92773214b66bb562cf19c5597715ebd0.jpg\" \/><br \/>\n        <\/section>\n<\/p><\/div>\n<div class=\"item item-6\">\n<section class=\"image-item\">\n            <img decoding=\"async\" src=\"https:\/\/upload.cdn.baselinker.com\/products\/3018170\/5662f061866da60c0c5bc56eead5d2e5.jpg\" \/><br \/>\n        <\/section>\n<\/p><\/div>\n<\/section>\n<section class=\"section\">\n<div class=\"item item-12\">\n<section class=\"image-item\">\n            <img decoding=\"async\" src=\"https:\/\/upload.cdn.baselinker.com\/products\/3018170\/d88cdc5d2990f052347d569e90272b37.jpg\" \/><br \/>\n        <\/section>\n<\/p><\/div>\n<\/section>\n","protected":false},"excerpt":{"rendered":"<p>Nasiona Fasolka szparagowa ZIELONA FERRARI bezw\u0142\u00f3knista bardzo wczesna Fasola szparagowa kar\u0142owa zielonostr\u0105kowa\u00a0FERRARI\u00a0(bardzo wczesna) Phaseolus vulgaris L. Bardzo wczesna, plenna odmiana fasoli, odporna na\u00a0wirusa mozaiki, antraknoz\u0119 i\u00a0bakterioz\u0119 obw\u00f3dkow\u0105. Str\u0105ki ciemnozielone, l\u015bni\u0105ce, g\u0142adkie, bez\u00a0\u0142yka o\u00a0d\u0142ugo\u015bci 12-14 cm, dojrzewaj\u0105 jednocze\u015bnie. Doskona\u0142y delikatny smak i\u00a0uniwersalno\u015b\u0107 odmiany sprawia \u017ce nadaje\u00a0si\u0119 zar\u00f3wno do\u00a0bezpo\u015bredniego spo\u017cycia jak i\u00a0przetw\u00f3rstwa. Siew wprost do\u00a0gruntu w\u00a0V, na\u00a0g\u0142\u0119boko\u015b\u0107&#8230;<\/p>\n","protected":false},"featured_media":21220,"comment_status":"open","ping_status":"closed","template":"","meta":{"inline_featured_image":false},"product_cat":[126,162,189],"product_tag":[],"location":[],"class_list":{"0":"post-21174","1":"product","2":"type-product","3":"status-publish","4":"has-post-thumbnail","6":"product_cat-nasiona-warzyw","7":"product_cat-nasiona","8":"product_cat-nasiona-fasolki-szparagowej","9":"nt-post-class","10":"","13":"excerpt-none","16":"first","17":"instock","18":"shipping-taxable","19":"purchasable","20":"product-type-simple"},"_links":{"self":[{"href":"https:\/\/boskienasiona.pl\/en\/wp-json\/wp\/v2\/product\/21174","targetHints":{"allow":["GET"]}}],"collection":[{"href":"https:\/\/boskienasiona.pl\/en\/wp-json\/wp\/v2\/product"}],"about":[{"href":"https:\/\/boskienasiona.pl\/en\/wp-json\/wp\/v2\/types\/product"}],"replies":[{"embeddable":true,"href":"https:\/\/boskienasiona.pl\/en\/wp-json\/wp\/v2\/comments?post=21174"}],"version-history":[{"count":1,"href":"https:\/\/boskienasiona.pl\/en\/wp-json\/wp\/v2\/product\/21174\/revisions"}],"predecessor-version":[{"id":21234,"href":"https:\/\/boskienasiona.pl\/en\/wp-json\/wp\/v2\/product\/21174\/revisions\/21234"}],"wp:featuredmedia":[{"embeddable":true,"href":"https:\/\/boskienasiona.pl\/en\/wp-json\/wp\/v2\/media\/21220"}],"wp:attachment":[{"href":"https:\/\/boskienasiona.pl\/en\/wp-json\/wp\/v2\/media?parent=21174"}],"wp:term":[{"taxonomy":"product_cat","embeddable":true,"href":"https:\/\/boskienasiona.pl\/en\/wp-json\/wp\/v2\/product_cat?post=21174"},{"taxonomy":"product_tag","embeddable":true,"href":"https:\/\/boskienasiona.pl\/en\/wp-json\/wp\/v2\/product_tag?post=21174"},{"taxonomy":"location","embeddable":true,"href":"https:\/\/boskienasiona.pl\/en\/wp-json\/wp\/v2\/location?post=21174"}],"curies":[{"name":"wp","href":"https:\/\/api.w.org\/{rel}","templated":true}]}}