{"id":21183,"date":"2025-02-03T10:33:17","date_gmt":"2025-02-03T09:33:17","guid":{"rendered":"https:\/\/boskienasiona.pl\/product\/nasiona-toraf-karczoch-vert-de-provence\/"},"modified":"2026-04-06T22:19:11","modified_gmt":"2026-04-06T20:19:11","slug":"nasiona-toraf-karczoch-vert-de-provence","status":"publish","type":"product","link":"https:\/\/boskienasiona.pl\/en\/produkt\/nasiona-toraf-karczoch-vert-de-provence\/","title":{"rendered":"Nasiona Toraf karczoch Vert de Provence"},"content":{"rendered":"<section class=\"section\">\n<div class=\"item item-12\">\n<section class=\"text-item\">\n<h1>Nasiona Toraf karczoch Vert de Provence<\/h1>\n<\/section><\/div>\n<\/section>\n<section class=\"section\">\n<div class=\"item item-6\">\n<section class=\"image-item\">\n            <img decoding=\"async\" src=\"https:\/\/upload.cdn.baselinker.com\/products\/3018170\/745214d97bcae5cc91af478fcf11232f.jpg\" \/><br \/>\n        <\/section>\n<\/p><\/div>\n<div class=\"item item-6\">\n<section class=\"text-item\">\n<p><b>Karczoch\u00a0Vert de Provence<\/b><\/p>\n<p>Okaza\u0142a, bardzo dekoracyjna, ro\u015blina wieloletnia, maj\u0105ca zastosowanie jako warzywo, ro\u015blina ozdobna i\u00a0zio\u0142o. W\u00a0drugim roku uprawy na\u00a0szczycie p\u0119du g\u0142\u00f3wnego i\u00a0p\u0119d\u00f3w bocznych tworz\u0105\u00a0si\u0119 kwiatostany &#8211; koszyczki o\u00a0\u015brednicy 10-12 cm, z\u00a0mi\u0119sistym dnem kwiatowym i\u00a0grubymi listkami okrywowymi.<\/p>\n<p>Spo\u017cywa\u00a0si\u0119 je po\u00a0ugotowaniu, podobnie jak szparagi. Zaleca\u00a0si\u0119 moczenie nasion przed siewem.<\/p>\n<p><b>\u2705Siew pod\u00a0os\u0142ony:<\/b> II \u2013III<\/p>\n<p><b>\u2705Wysiew do\u00a0gruntu:<\/b> IV-V<\/p>\n<p><b>\u2705Zbi\u00f3r:<\/b> VII &#8211; VIII<\/p>\n<p><b>\u2705Rozstawa:<\/b> 100\u00a0cm x 100 cm<\/p>\n<\/section><\/div>\n<\/section>\n<section class=\"section\">\n<div class=\"item item-6\">\n<section class=\"image-item\">\n            <img decoding=\"async\" src=\"https:\/\/upload.cdn.baselinker.com\/products\/3018170\/619b361e9e38a039021a7d9542875728.jpg\" \/><br \/>\n        <\/section>\n<\/p><\/div>\n<div class=\"item item-6\">\n<section class=\"text-item\">\n<p><b>SPRAWDZONA JAKO\u015a\u0106 NASION<\/b><\/p>\n<p>Oferowane przez nas nasiona s\u0105 testowane w\u00a0<b>Laboratorium Oceny Nasion pod wzgl\u0119dem:<\/b><\/p>\n<p>\u2705<b>kie\u0142kowania<\/b><\/p>\n<p>\u2705<b>wilgotno\u015bci<\/b><\/p>\n<p>\u2705<b>czysto\u015bci ziarna<\/b><\/p>\n<p><b>Dzi\u0119ki czemu udost\u0119pniane nasiona s\u0105 \u015bci\u015ble wyselekcjonowane, tylko wysokiej klasy.<\/b><\/p>\n<p>Torebki zakupione na naszej aukcji s\u0105 w pe\u0142ni bezpieczne, posiadaj\u0105\u00a0<b>dat\u0119 wa\u017cno\u015bci i nr partii na opakowaniu.<\/b>\u00a0Gwarantujemy r\u00f3wnie\u017c jako\u015b\u0107 i oryginalno\u015b\u0107 produkt\u00f3w, poniewa\u017c s\u0105 nabywane bezpo\u015brednio od producenta.<\/p>\n<\/section><\/div>\n<\/section>\n<section class=\"section\">\n<div class=\"item item-6\">\n<section class=\"image-item\">\n            <img decoding=\"async\" src=\"https:\/\/upload.cdn.baselinker.com\/products\/3018170\/be4a7d5fa5a0dc933841e7777dc690cf.jpg\" \/><br \/>\n        <\/section>\n<\/p><\/div>\n<div class=\"item item-6\">\n<section class=\"image-item\">\n            <img decoding=\"async\" src=\"https:\/\/upload.cdn.baselinker.com\/products\/3018170\/4df0d0d0d2bba910fc6181ad2935355c.jpg\" \/><br \/>\n        <\/section>\n<\/p><\/div>\n<\/section>\n","protected":false},"excerpt":{"rendered":"<p>Nasiona Toraf karczoch Vert de Provence Karczoch\u00a0Vert de Provence Okaza\u0142a, bardzo dekoracyjna, ro\u015blina wieloletnia, maj\u0105ca zastosowanie jako warzywo, ro\u015blina ozdobna i\u00a0zio\u0142o. W\u00a0drugim roku uprawy na\u00a0szczycie p\u0119du g\u0142\u00f3wnego i\u00a0p\u0119d\u00f3w bocznych tworz\u0105\u00a0si\u0119 kwiatostany &#8211; koszyczki o\u00a0\u015brednicy 10-12 cm, z\u00a0mi\u0119sistym dnem kwiatowym i\u00a0grubymi listkami okrywowymi. Spo\u017cywa\u00a0si\u0119 je po\u00a0ugotowaniu, podobnie jak szparagi. Zaleca\u00a0si\u0119 moczenie nasion przed siewem. \u2705Siew pod\u00a0os\u0142ony:&#8230;<\/p>\n","protected":false},"featured_media":21235,"comment_status":"open","ping_status":"closed","template":"","meta":{"inline_featured_image":false},"product_cat":[126,162],"product_tag":[],"location":[],"class_list":{"0":"post-21183","1":"product","2":"type-product","3":"status-publish","4":"has-post-thumbnail","6":"product_cat-nasiona-warzyw","7":"product_cat-nasiona","8":"nt-post-class","9":"","12":"excerpt-none","15":"first","16":"instock","17":"shipping-taxable","18":"purchasable","19":"product-type-simple"},"_links":{"self":[{"href":"https:\/\/boskienasiona.pl\/en\/wp-json\/wp\/v2\/product\/21183","targetHints":{"allow":["GET"]}}],"collection":[{"href":"https:\/\/boskienasiona.pl\/en\/wp-json\/wp\/v2\/product"}],"about":[{"href":"https:\/\/boskienasiona.pl\/en\/wp-json\/wp\/v2\/types\/product"}],"replies":[{"embeddable":true,"href":"https:\/\/boskienasiona.pl\/en\/wp-json\/wp\/v2\/comments?post=21183"}],"version-history":[{"count":1,"href":"https:\/\/boskienasiona.pl\/en\/wp-json\/wp\/v2\/product\/21183\/revisions"}],"predecessor-version":[{"id":21243,"href":"https:\/\/boskienasiona.pl\/en\/wp-json\/wp\/v2\/product\/21183\/revisions\/21243"}],"wp:featuredmedia":[{"embeddable":true,"href":"https:\/\/boskienasiona.pl\/en\/wp-json\/wp\/v2\/media\/21235"}],"wp:attachment":[{"href":"https:\/\/boskienasiona.pl\/en\/wp-json\/wp\/v2\/media?parent=21183"}],"wp:term":[{"taxonomy":"product_cat","embeddable":true,"href":"https:\/\/boskienasiona.pl\/en\/wp-json\/wp\/v2\/product_cat?post=21183"},{"taxonomy":"product_tag","embeddable":true,"href":"https:\/\/boskienasiona.pl\/en\/wp-json\/wp\/v2\/product_tag?post=21183"},{"taxonomy":"location","embeddable":true,"href":"https:\/\/boskienasiona.pl\/en\/wp-json\/wp\/v2\/location?post=21183"}],"curies":[{"name":"wp","href":"https:\/\/api.w.org\/{rel}","templated":true}]}}