{"id":21214,"date":"2025-02-03T10:34:10","date_gmt":"2025-02-03T09:34:10","guid":{"rendered":"https:\/\/boskienasiona.pl\/product\/nasiona-owies-wielkanocny-wysiew-od-8-do-14-dni-przed-swietami\/"},"modified":"2026-04-19T14:18:14","modified_gmt":"2026-04-19T12:18:14","slug":"nasiona-owies-wielkanocny-wysiew-od-8-do-14-dni-przed-swietami","status":"publish","type":"product","link":"https:\/\/boskienasiona.pl\/en\/produkt\/nasiona-owies-wielkanocny-wysiew-od-8-do-14-dni-przed-swietami\/","title":{"rendered":"Nasiona Owies wielkanocny Wysiew od 8 do 14 dni przed \u015awi\u0119tami"},"content":{"rendered":"<section class=\"section\">\n<div class=\"item item-12\">\n<section class=\"text-item\">\n<h1>Nasiona Owies wielkanocny Wysiew od 8 do 14 dni przed \u015awi\u0119tami<\/h1>\n<\/section>\n<\/div>\n<\/section>\n<section class=\"section\">\n<div class=\"item item-6\">\n<section class=\"image-item\"><img decoding=\"async\" src=\"https:\/\/upload.cdn.baselinker.com\/products\/3018170\/c9861fd79f9fd1d39ec5418d86060bf4.png\" \/><\/section>\n<\/div>\n<div class=\"item item-6\">\n<section class=\"text-item\"><b>Owies\u00a0wielkanocny<\/b><\/p>\n<p>Avena Sativa<\/p>\n<p><b>Owies<\/b>\u00a0podobnie jak rze\u017cucha stanowi ozdob\u0119 sto\u0142u Wielkanocnego.<\/p>\n<p>Wysiew od\u00a08 do\u00a014 dni przed \u015awi\u0119tami wprost do\u00a0doniczki z\u00a0ziemi\u0105. Nasiona musz\u0105 by\u0107 przykryte cienk\u0105 warstw\u0105 ziemi.<\/p>\n<ul>\n<li><b>Siew:<\/b> Zbi\u00f3r:<\/li>\n<li><b>I-XII:<\/b> I-XII<\/li>\n<\/ul>\n<\/section>\n<\/div>\n<\/section>\n<section class=\"section\">\n<div class=\"item item-6\">\n<section class=\"image-item\"><img decoding=\"async\" src=\"https:\/\/upload.cdn.baselinker.com\/products\/3018170\/2a5e9ad581c39396f9cfc9944771e6d7.png\" \/><\/section>\n<\/div>\n<div class=\"item item-6\">\n<section class=\"text-item\"><b>SPRAWDZONA JAKO\u015a\u0106 NASION<\/b><\/p>\n<p>Oferowane przez nas nasiona s\u0105 testowane w\u00a0<b>Laboratorium Oceny Nasion pod wzgl\u0119dem:<\/b><\/p>\n<p>\u2705<b>kie\u0142kowania<\/b><\/p>\n<p>\u2705<b>wilgotno\u015bci<\/b><\/p>\n<p>\u2705<b>czysto\u015bci ziarna<\/b><\/p>\n<p><b>Dzi\u0119ki czemu udost\u0119pniane nasiona s\u0105 \u015bci\u015ble wyselekcjonowane, tylko wysokiej klasy.<\/b><\/p>\n<p>Torebki zakupione na naszej aukcji s\u0105 w pe\u0142ni bezpieczne, posiadaj\u0105\u00a0<b>dat\u0119 wa\u017cno\u015bci i nr partii na opakowaniu.<\/b>\u00a0Gwarantujemy r\u00f3wnie\u017c jako\u015b\u0107 i oryginalno\u015b\u0107 produkt\u00f3w, poniewa\u017c s\u0105 nabywane bezpo\u015brednio od producenta.<\/p>\n<\/section>\n<\/div>\n<\/section>\n<section class=\"section\">\n<div class=\"item item-6\">\n<section class=\"image-item\"><img decoding=\"async\" src=\"https:\/\/upload.cdn.baselinker.com\/products\/3018170\/85a6cc66b1a51a60a2170bbb6f6103a9.jpg\" \/><\/section>\n<\/div>\n<div class=\"item item-6\">\n<section class=\"image-item\"><img decoding=\"async\" src=\"https:\/\/upload.cdn.baselinker.com\/products\/3018170\/a17b2b34c092cc6904c4da52cbc46b56.jpg\" \/><\/section>\n<\/div>\n<\/section>\n<section class=\"section\">\n<div class=\"item item-12\">\n<section class=\"image-item\"><img decoding=\"async\" src=\"https:\/\/upload.cdn.baselinker.com\/products\/3018170\/7272f5eae62a1e1d3bf0bb6cb9ae3410.png\" \/><\/section>\n<\/div>\n<\/section>\n","protected":false},"excerpt":{"rendered":"<p>Nasiona Owies wielkanocny Wysiew od 8 do 14 dni przed \u015awi\u0119tami Owies\u00a0wielkanocny Avena Sativa Owies\u00a0podobnie jak rze\u017cucha stanowi ozdob\u0119 sto\u0142u Wielkanocnego. Wysiew od\u00a08 do\u00a014 dni przed \u015awi\u0119tami wprost do\u00a0doniczki z\u00a0ziemi\u0105. Nasiona musz\u0105 by\u0107 przykryte cienk\u0105 warstw\u0105 ziemi. Siew: Zbi\u00f3r: I-XII: I-XII SPRAWDZONA JAKO\u015a\u0106 NASION Oferowane przez nas nasiona s\u0105 testowane w\u00a0Laboratorium Oceny Nasion pod wzgl\u0119dem:&#8230;<\/p>\n","protected":false},"featured_media":21244,"comment_status":"open","ping_status":"closed","template":"","meta":{"inline_featured_image":false},"product_cat":[126,162],"product_tag":[],"location":[],"class_list":{"0":"post-21214","1":"product","2":"type-product","3":"status-publish","4":"has-post-thumbnail","6":"product_cat-nasiona-warzyw","7":"product_cat-nasiona","8":"nt-post-class","9":"","12":"excerpt-none","15":"first","16":"instock","17":"shipping-taxable","18":"purchasable","19":"product-type-simple"},"_links":{"self":[{"href":"https:\/\/boskienasiona.pl\/en\/wp-json\/wp\/v2\/product\/21214","targetHints":{"allow":["GET"]}}],"collection":[{"href":"https:\/\/boskienasiona.pl\/en\/wp-json\/wp\/v2\/product"}],"about":[{"href":"https:\/\/boskienasiona.pl\/en\/wp-json\/wp\/v2\/types\/product"}],"replies":[{"embeddable":true,"href":"https:\/\/boskienasiona.pl\/en\/wp-json\/wp\/v2\/comments?post=21214"}],"version-history":[{"count":3,"href":"https:\/\/boskienasiona.pl\/en\/wp-json\/wp\/v2\/product\/21214\/revisions"}],"predecessor-version":[{"id":24866,"href":"https:\/\/boskienasiona.pl\/en\/wp-json\/wp\/v2\/product\/21214\/revisions\/24866"}],"wp:featuredmedia":[{"embeddable":true,"href":"https:\/\/boskienasiona.pl\/en\/wp-json\/wp\/v2\/media\/21244"}],"wp:attachment":[{"href":"https:\/\/boskienasiona.pl\/en\/wp-json\/wp\/v2\/media?parent=21214"}],"wp:term":[{"taxonomy":"product_cat","embeddable":true,"href":"https:\/\/boskienasiona.pl\/en\/wp-json\/wp\/v2\/product_cat?post=21214"},{"taxonomy":"product_tag","embeddable":true,"href":"https:\/\/boskienasiona.pl\/en\/wp-json\/wp\/v2\/product_tag?post=21214"},{"taxonomy":"location","embeddable":true,"href":"https:\/\/boskienasiona.pl\/en\/wp-json\/wp\/v2\/location?post=21214"}],"curies":[{"name":"wp","href":"https:\/\/api.w.org\/{rel}","templated":true}]}}