{"id":21272,"date":"2025-02-03T10:35:37","date_gmt":"2025-02-03T09:35:37","guid":{"rendered":"https:\/\/boskienasiona.pl\/product\/nasiona-kwiatow-aksamitki-champion-flame-pelny-piekny-kwiat-dwubarwny\/"},"modified":"2026-02-11T14:20:02","modified_gmt":"2026-02-11T13:20:02","slug":"nasiona-kwiatow-aksamitki-champion-flame-pelny-piekny-kwiat-dwubarwny","status":"publish","type":"product","link":"https:\/\/boskienasiona.pl\/en\/produkt\/nasiona-kwiatow-aksamitki-champion-flame-pelny-piekny-kwiat-dwubarwny\/","title":{"rendered":"Nasiona kwiat\u00f3w aksamitki Champion Flame pe\u0142ny pi\u0119kny kwiat dwubarwny"},"content":{"rendered":"<section class=\"section\">\n<div class=\"item item-12\">\n<section class=\"text-item\">\n<h1>Nasiona kwiat\u00f3w aksamitki Champion Flame pe\u0142ny pi\u0119kny kwiat dwubarwny<\/h1>\n<\/section><\/div>\n<\/section>\n<section class=\"section\">\n<div class=\"item item-6\">\n<section class=\"image-item\">\n            <img decoding=\"async\" src=\"https:\/\/upload.cdn.baselinker.com\/products\/3018170\/5f34395a4244d9670fb844f8112c0eac.jpg\" \/><br \/>\n        <\/section>\n<\/p><\/div>\n<div class=\"item item-6\">\n<section class=\"text-item\">\n<p><b>Aksamitka rozpierzch\u0142a\u00a0Champion\u00a0Flame<\/b><\/p>\n<p>Tagetes patula nana fl. pl.<\/p>\n<p>Oryginalna silnie kar\u0142owa (20cm) odmiana aksamitki wcze\u015bnie i\u00a0d\u0142ug\u0105 kwitn\u0105ca. Ro\u015bliny o\u00a0zwartym kulistym pokroju i\u00a0pe\u0142nych dwubarwnych \u00a0kwiatach. Zewn\u0119trzne p\u0142atki w\u00a0kolorze bordowym \u017c\u00f3\u0142to obrze\u017cone \u015brodek \u017c\u00f3\u0142ty.\u00a0 Kwitnie od\u00a0wiosny do\u00a0przymrozk\u00f3w. Doskona\u0142a na\u00a0rabaty, obw\u00f3dki, kwietniki, balkony. Udaje\u00a0si\u0119 na\u00a0ka\u017cdej glebie ogrodowej, wytrzyma\u0142a na\u00a0susze. Wysiew w\u00a0III-IV do\u00a0inspektu lub\u00a0w\u00a0IV-V wprost do\u00a0gruntu.<\/p>\n<p><b>\u2705Wysoko\u015b\u0107:<\/b> 20cm<\/p>\n<p><b>\u2705Siew:<\/b> III-V<\/p>\n<p><b>\u2705Kwitnienie:<\/b> VI-X<\/p>\n<p><b>\u2705Rozstawa:<\/b> 20-30 cm<\/p>\n<\/section><\/div>\n<\/section>\n<section class=\"section\">\n<div class=\"item item-6\">\n<section class=\"image-item\">\n            <img decoding=\"async\" src=\"https:\/\/upload.cdn.baselinker.com\/products\/3018170\/8ee3ef6e6ae996fc146c5c9ea1243ecd.jpg\" \/><br \/>\n        <\/section>\n<\/p><\/div>\n<div class=\"item item-6\">\n<section class=\"text-item\">\n<p><b>SPRAWDZONA JAKO\u015a\u0106 NASION<\/b><\/p>\n<p>Oferowane przez nas nasiona s\u0105 testowane w\u00a0<b>Laboratorium Oceny Nasion pod wzgl\u0119dem:<\/b><\/p>\n<p>\u2705<b>kie\u0142kowania<\/b><\/p>\n<p>\u2705<b>wilgotno\u015bci<\/b><\/p>\n<p>\u2705<b>czysto\u015bci ziarna<\/b><\/p>\n<p><b>Dzi\u0119ki czemu udost\u0119pniane nasiona s\u0105 \u015bci\u015ble wyselekcjonowane, tylko wysokiej klasy.<\/b><\/p>\n<p>Torebki zakupione na naszej aukcji s\u0105 w pe\u0142ni bezpieczne, posiadaj\u0105\u00a0<b>dat\u0119 wa\u017cno\u015bci i nr partii na opakowaniu.<\/b>\u00a0Gwarantujemy r\u00f3wnie\u017c jako\u015b\u0107 i oryginalno\u015b\u0107 produkt\u00f3w, poniewa\u017c s\u0105 nabywane bezpo\u015brednio od producenta.<\/p>\n<\/section><\/div>\n<\/section>\n<section class=\"section\">\n<div class=\"item item-6\">\n<section class=\"image-item\">\n            <img decoding=\"async\" src=\"https:\/\/upload.cdn.baselinker.com\/products\/3018170\/2d290fdf15db21dc48b9cb143e394166.jpg\" \/><br \/>\n        <\/section>\n<\/p><\/div>\n<div class=\"item item-6\">\n<section class=\"image-item\">\n            <img decoding=\"async\" src=\"https:\/\/upload.cdn.baselinker.com\/products\/3018170\/e224486204fbdb58d22c633ae390eba5.jpg\" \/><br \/>\n        <\/section>\n<\/p><\/div>\n<\/section>\n","protected":false},"excerpt":{"rendered":"<p>Nasiona kwiat\u00f3w aksamitki Champion Flame pe\u0142ny pi\u0119kny kwiat dwubarwny Aksamitka rozpierzch\u0142a\u00a0Champion\u00a0Flame Tagetes patula nana fl. pl. Oryginalna silnie kar\u0142owa (20cm) odmiana aksamitki wcze\u015bnie i\u00a0d\u0142ug\u0105 kwitn\u0105ca. Ro\u015bliny o\u00a0zwartym kulistym pokroju i\u00a0pe\u0142nych dwubarwnych \u00a0kwiatach. Zewn\u0119trzne p\u0142atki w\u00a0kolorze bordowym \u017c\u00f3\u0142to obrze\u017cone \u015brodek \u017c\u00f3\u0142ty.\u00a0 Kwitnie od\u00a0wiosny do\u00a0przymrozk\u00f3w. Doskona\u0142a na\u00a0rabaty, obw\u00f3dki, kwietniki, balkony. Udaje\u00a0si\u0119 na\u00a0ka\u017cdej glebie ogrodowej, wytrzyma\u0142a na\u00a0susze. Wysiew&#8230;<\/p>\n","protected":false},"featured_media":21246,"comment_status":"open","ping_status":"closed","template":"","meta":{"inline_featured_image":false},"product_cat":[134,162,183,182],"product_tag":[],"location":[],"class_list":{"0":"post-21272","1":"product","2":"type-product","3":"status-publish","4":"has-post-thumbnail","6":"product_cat-nasiona-kwiatow","7":"product_cat-nasiona","8":"product_cat-nasiona-kwiatow-ogrodowych","9":"product_cat-nasiona-kwiaty-doniczkowe","10":"nt-post-class","11":"","14":"excerpt-none","17":"first","18":"instock","19":"shipping-taxable","20":"purchasable","21":"product-type-simple"},"_links":{"self":[{"href":"https:\/\/boskienasiona.pl\/en\/wp-json\/wp\/v2\/product\/21272","targetHints":{"allow":["GET"]}}],"collection":[{"href":"https:\/\/boskienasiona.pl\/en\/wp-json\/wp\/v2\/product"}],"about":[{"href":"https:\/\/boskienasiona.pl\/en\/wp-json\/wp\/v2\/types\/product"}],"replies":[{"embeddable":true,"href":"https:\/\/boskienasiona.pl\/en\/wp-json\/wp\/v2\/comments?post=21272"}],"version-history":[{"count":1,"href":"https:\/\/boskienasiona.pl\/en\/wp-json\/wp\/v2\/product\/21272\/revisions"}],"predecessor-version":[{"id":22512,"href":"https:\/\/boskienasiona.pl\/en\/wp-json\/wp\/v2\/product\/21272\/revisions\/22512"}],"wp:featuredmedia":[{"embeddable":true,"href":"https:\/\/boskienasiona.pl\/en\/wp-json\/wp\/v2\/media\/21246"}],"wp:attachment":[{"href":"https:\/\/boskienasiona.pl\/en\/wp-json\/wp\/v2\/media?parent=21272"}],"wp:term":[{"taxonomy":"product_cat","embeddable":true,"href":"https:\/\/boskienasiona.pl\/en\/wp-json\/wp\/v2\/product_cat?post=21272"},{"taxonomy":"product_tag","embeddable":true,"href":"https:\/\/boskienasiona.pl\/en\/wp-json\/wp\/v2\/product_tag?post=21272"},{"taxonomy":"location","embeddable":true,"href":"https:\/\/boskienasiona.pl\/en\/wp-json\/wp\/v2\/location?post=21272"}],"curies":[{"name":"wp","href":"https:\/\/api.w.org\/{rel}","templated":true}]}}