{"id":21283,"date":"2025-02-03T10:35:52","date_gmt":"2025-02-03T09:35:52","guid":{"rendered":"https:\/\/boskienasiona.pl\/product\/nasiona-kwiatow-aksamitki-harvest-moon-pomaranczowa-pelne-kwiatki\/"},"modified":"2026-04-13T22:22:15","modified_gmt":"2026-04-13T20:22:15","slug":"nasiona-kwiatow-aksamitki-harvest-moon-pomaranczowa-pelne-kwiatki","status":"publish","type":"product","link":"https:\/\/boskienasiona.pl\/en\/produkt\/nasiona-kwiatow-aksamitki-harvest-moon-pomaranczowa-pelne-kwiatki\/","title":{"rendered":"Nasiona kwiat\u00f3w aksamitki Harvest Moon Pomara\u0144czowa pe\u0142ne kwiatki"},"content":{"rendered":"<section class=\"section\">\n<div class=\"item item-12\">\n<section class=\"text-item\">\n<h1>Nasiona kwiat\u00f3w aksamitki Harvest Moon Pomara\u0144czowa pe\u0142ne kwiatki<\/h1>\n<\/section><\/div>\n<\/section>\n<section class=\"section\">\n<div class=\"item item-6\">\n<section class=\"image-item\">\n            <img decoding=\"async\" src=\"https:\/\/upload.cdn.baselinker.com\/products\/3018170\/927dd9bb6be3c9ae1a1835b3813e385d.jpg\" \/><br \/>\n        <\/section>\n<\/p><\/div>\n<div class=\"item item-6\">\n<section class=\"text-item\">\n<p><b>Aksamitka Rozpierzch\u0142a\u00a0HARVEST\u00a0MOON\u00a0pomara\u0144czowa<\/b><\/p>\n<p>Tagetes patula nana<\/p>\n<p>Ro\u015blina jednoroczna wysoko\u015bci 25-35cm o\u00a0pe\u0142nych kwiatach barwy pomara\u0144czowej. Kwitnie obficie i\u00a0r\u00f3wnomiernie od\u00a0czerwca do\u00a0pa\u017adziernika. Doskona\u0142a na\u00a0rabaty, obw\u00f3dki, kwietniki, balkony. Udaje\u00a0si\u0119 na\u00a0ka\u017cdej glebie ogrodowej. Wysiew w\u00a0kwietniu do\u00a0inspektu lub\u00a0w\u00a0maju wprost do\u00a0gruntu.<\/p>\n<p><b>\u2705Wysoko\u015b\u0107:<\/b> 25-35 cm<\/p>\n<p><b>\u2705Siew:<\/b> IV &#8211; V<\/p>\n<p><b>\u2705Kwitnienie:<\/b> VI-X<\/p>\n<p><b>\u2705Rozstawa:<\/b> 20 x 20-35\u00a0cm<\/p>\n<\/section><\/div>\n<\/section>\n<section class=\"section\">\n<div class=\"item item-6\">\n<section class=\"image-item\">\n            <img decoding=\"async\" src=\"https:\/\/upload.cdn.baselinker.com\/products\/3018170\/7798993498fe8d7880e91cf6a40d0c29.jpg\" \/><br \/>\n        <\/section>\n<\/p><\/div>\n<div class=\"item item-6\">\n<section class=\"text-item\">\n<p><b>SPRAWDZONA JAKO\u015a\u0106 NASION<\/b><\/p>\n<p>Oferowane przez nas nasiona s\u0105 testowane w\u00a0<b>Laboratorium Oceny Nasion pod wzgl\u0119dem:<\/b><\/p>\n<p>\u2705<b>kie\u0142kowania<\/b><\/p>\n<p>\u2705<b>wilgotno\u015bci<\/b><\/p>\n<p>\u2705<b>czysto\u015bci ziarna<\/b><\/p>\n<p><b>Dzi\u0119ki czemu udost\u0119pniane nasiona s\u0105 \u015bci\u015ble wyselekcjonowane, tylko wysokiej klasy.<\/b><\/p>\n<p>Torebki zakupione na naszej aukcji s\u0105 w pe\u0142ni bezpieczne, posiadaj\u0105\u00a0<b>dat\u0119 wa\u017cno\u015bci i nr partii na opakowaniu.<\/b>\u00a0Gwarantujemy r\u00f3wnie\u017c jako\u015b\u0107 i oryginalno\u015b\u0107 produkt\u00f3w, poniewa\u017c s\u0105 nabywane bezpo\u015brednio od producenta.<\/p>\n<\/section><\/div>\n<\/section>\n<section class=\"section\">\n<div class=\"item item-12\">\n<section class=\"image-item\">\n            <img decoding=\"async\" src=\"https:\/\/upload.cdn.baselinker.com\/products\/3018170\/f8fd6381ac547d2559e311c14ed150f8.jpg\" \/><br \/>\n        <\/section>\n<\/p><\/div>\n<\/section>\n","protected":false},"excerpt":{"rendered":"<p>Nasiona kwiat\u00f3w aksamitki Harvest Moon Pomara\u0144czowa pe\u0142ne kwiatki Aksamitka Rozpierzch\u0142a\u00a0HARVEST\u00a0MOON\u00a0pomara\u0144czowa Tagetes patula nana Ro\u015blina jednoroczna wysoko\u015bci 25-35cm o\u00a0pe\u0142nych kwiatach barwy pomara\u0144czowej. Kwitnie obficie i\u00a0r\u00f3wnomiernie od\u00a0czerwca do\u00a0pa\u017adziernika. Doskona\u0142a na\u00a0rabaty, obw\u00f3dki, kwietniki, balkony. Udaje\u00a0si\u0119 na\u00a0ka\u017cdej glebie ogrodowej. Wysiew w\u00a0kwietniu do\u00a0inspektu lub\u00a0w\u00a0maju wprost do\u00a0gruntu. \u2705Wysoko\u015b\u0107: 25-35 cm \u2705Siew: IV &#8211; V \u2705Kwitnienie: VI-X \u2705Rozstawa: 20 x 20-35\u00a0cm SPRAWDZONA&#8230;<\/p>\n","protected":false},"featured_media":21273,"comment_status":"open","ping_status":"closed","template":"","meta":{"inline_featured_image":false},"product_cat":[134,162,183,182],"product_tag":[],"location":[],"class_list":{"0":"post-21283","1":"product","2":"type-product","3":"status-publish","4":"has-post-thumbnail","6":"product_cat-nasiona-kwiatow","7":"product_cat-nasiona","8":"product_cat-nasiona-kwiatow-ogrodowych","9":"product_cat-nasiona-kwiaty-doniczkowe","10":"nt-post-class","11":"","14":"excerpt-none","17":"first","18":"instock","19":"shipping-taxable","20":"purchasable","21":"product-type-simple"},"_links":{"self":[{"href":"https:\/\/boskienasiona.pl\/en\/wp-json\/wp\/v2\/product\/21283","targetHints":{"allow":["GET"]}}],"collection":[{"href":"https:\/\/boskienasiona.pl\/en\/wp-json\/wp\/v2\/product"}],"about":[{"href":"https:\/\/boskienasiona.pl\/en\/wp-json\/wp\/v2\/types\/product"}],"replies":[{"embeddable":true,"href":"https:\/\/boskienasiona.pl\/en\/wp-json\/wp\/v2\/comments?post=21283"}],"version-history":[{"count":1,"href":"https:\/\/boskienasiona.pl\/en\/wp-json\/wp\/v2\/product\/21283\/revisions"}],"predecessor-version":[{"id":22511,"href":"https:\/\/boskienasiona.pl\/en\/wp-json\/wp\/v2\/product\/21283\/revisions\/22511"}],"wp:featuredmedia":[{"embeddable":true,"href":"https:\/\/boskienasiona.pl\/en\/wp-json\/wp\/v2\/media\/21273"}],"wp:attachment":[{"href":"https:\/\/boskienasiona.pl\/en\/wp-json\/wp\/v2\/media?parent=21283"}],"wp:term":[{"taxonomy":"product_cat","embeddable":true,"href":"https:\/\/boskienasiona.pl\/en\/wp-json\/wp\/v2\/product_cat?post=21283"},{"taxonomy":"product_tag","embeddable":true,"href":"https:\/\/boskienasiona.pl\/en\/wp-json\/wp\/v2\/product_tag?post=21283"},{"taxonomy":"location","embeddable":true,"href":"https:\/\/boskienasiona.pl\/en\/wp-json\/wp\/v2\/location?post=21283"}],"curies":[{"name":"wp","href":"https:\/\/api.w.org\/{rel}","templated":true}]}}