{"id":21319,"date":"2025-02-03T10:36:21","date_gmt":"2025-02-03T09:36:21","guid":{"rendered":"https:\/\/boskienasiona.pl\/product\/nasiona-kwiatow-astry-aster-igielkowy-mix-na-kwiaty-ciete-i-rabaty\/"},"modified":"2026-04-18T22:18:17","modified_gmt":"2026-04-18T20:18:17","slug":"nasiona-kwiatow-astry-aster-igielkowy-mix-na-kwiaty-ciete-i-rabaty","status":"publish","type":"product","link":"https:\/\/boskienasiona.pl\/en\/produkt\/nasiona-kwiatow-astry-aster-igielkowy-mix-na-kwiaty-ciete-i-rabaty\/","title":{"rendered":"Nasiona kwiat\u00f3w Astry Aster igie\u0142kowy MIX na kwiaty ci\u0119te i rabaty"},"content":{"rendered":"<section class=\"section\">\n<div class=\"item item-12\">\n<section class=\"text-item\">\n<h1>Nasiona kwiat\u00f3w Astry Aster igie\u0142kowy MIX na kwiaty ci\u0119te i rabaty<\/h1>\n<\/section><\/div>\n<\/section>\n<section class=\"section\">\n<div class=\"item item-6\">\n<section class=\"image-item\">\n            <img decoding=\"async\" src=\"https:\/\/upload.cdn.baselinker.com\/products\/3018170\/0554575935c6296ec240571daf84b4ee.png\" \/><br \/>\n        <\/section>\n<\/p><\/div>\n<div class=\"item item-6\">\n<section class=\"text-item\">\n<p><b>Aster\u00a0wysoki\u00a0igie\u0142kowy\u00a0mix<\/b><\/p>\n<p>Callistephus chinensis<\/p>\n<p>Mieszanka kolor\u00f3w o\u00a0pe\u0142nych igie\u0142kowych kwiatach. Kwitnie od\u00a0lipca do\u00a0pa\u017adziernika. Zastosowanie na\u00a0kwiat ci\u0119ty, rabaty obw\u00f3dki i\u00a0kwietniki. Wysiew w\u00a0marcu-kwietniu do\u00a0ogrzewanego inspektu lub\u00a0wprost do\u00a0gruntu w\u00a0kwietniu. Na\u00a0rabaty wysadza\u0107 w\u00a0maju w\u00a0rozstawie 20&#215;40 cm. Wymaga stanowiska s\u0142onecznego, \u015brednio wilgotnej, \u017cyznej gleby.<\/p>\n<p><b>\u2705Siew:<\/b> III-V<\/p>\n<p><b>\u2705Kwitnienie:<\/b> VII-X<\/p>\n<p><b>\u2705Rozstawa:<\/b> 20x40cm<\/p>\n<p><b>\u2705Wysoko\u015b\u0107:<\/b> 50-75cm<\/p>\n<\/section><\/div>\n<\/section>\n<section class=\"section\">\n<div class=\"item item-6\">\n<section class=\"image-item\">\n            <img decoding=\"async\" src=\"https:\/\/upload.cdn.baselinker.com\/products\/3018170\/d5002f3463fbee6bb23033bdb7296adc.png\" \/><br \/>\n        <\/section>\n<\/p><\/div>\n<div class=\"item item-6\">\n<section class=\"text-item\">\n<p><b>SPRAWDZONA JAKO\u015a\u0106 NASION<\/b><\/p>\n<p>Oferowane przez nas nasiona s\u0105 testowane w\u00a0<b>Laboratorium Oceny Nasion pod wzgl\u0119dem:<\/b><\/p>\n<p>\u2705<b>kie\u0142kowania<\/b><\/p>\n<p>\u2705<b>wilgotno\u015bci<\/b><\/p>\n<p>\u2705<b>czysto\u015bci ziarna<\/b><\/p>\n<p><b>Dzi\u0119ki czemu udost\u0119pniane nasiona s\u0105 \u015bci\u015ble wyselekcjonowane, tylko wysokiej klasy.<\/b><\/p>\n<p>Torebki zakupione na naszej aukcji s\u0105 w pe\u0142ni bezpieczne, posiadaj\u0105\u00a0<b>dat\u0119 wa\u017cno\u015bci i nr partii na opakowaniu.<\/b>\u00a0Gwarantujemy r\u00f3wnie\u017c jako\u015b\u0107 i oryginalno\u015b\u0107 produkt\u00f3w, poniewa\u017c s\u0105 nabywane bezpo\u015brednio od producenta.<\/p>\n<\/section><\/div>\n<\/section>\n<section class=\"section\">\n<div class=\"item item-12\">\n<section class=\"image-item\">\n            <img decoding=\"async\" src=\"https:\/\/upload.cdn.baselinker.com\/products\/3018170\/0f933a44a3ebb5babfa39dfaba6dac9f.jpg\" \/><br \/>\n        <\/section>\n<\/p><\/div>\n<\/section>\n","protected":false},"excerpt":{"rendered":"<p>Nasiona kwiat\u00f3w Astry Aster igie\u0142kowy MIX na kwiaty ci\u0119te i rabaty Aster\u00a0wysoki\u00a0igie\u0142kowy\u00a0mix Callistephus chinensis Mieszanka kolor\u00f3w o\u00a0pe\u0142nych igie\u0142kowych kwiatach. Kwitnie od\u00a0lipca do\u00a0pa\u017adziernika. Zastosowanie na\u00a0kwiat ci\u0119ty, rabaty obw\u00f3dki i\u00a0kwietniki. Wysiew w\u00a0marcu-kwietniu do\u00a0ogrzewanego inspektu lub\u00a0wprost do\u00a0gruntu w\u00a0kwietniu. Na\u00a0rabaty wysadza\u0107 w\u00a0maju w\u00a0rozstawie 20&#215;40 cm. Wymaga stanowiska s\u0142onecznego, \u015brednio wilgotnej, \u017cyznej gleby. \u2705Siew: III-V \u2705Kwitnienie: VII-X \u2705Rozstawa: 20x40cm \u2705Wysoko\u015b\u0107:&#8230;<\/p>\n","protected":false},"featured_media":21288,"comment_status":"open","ping_status":"closed","template":"","meta":{"inline_featured_image":false},"product_cat":[134,162,183,182],"product_tag":[],"location":[],"class_list":{"0":"post-21319","1":"product","2":"type-product","3":"status-publish","4":"has-post-thumbnail","6":"product_cat-nasiona-kwiatow","7":"product_cat-nasiona","8":"product_cat-nasiona-kwiatow-ogrodowych","9":"product_cat-nasiona-kwiaty-doniczkowe","10":"nt-post-class","11":"","14":"excerpt-none","17":"first","18":"instock","19":"shipping-taxable","20":"purchasable","21":"product-type-simple"},"_links":{"self":[{"href":"https:\/\/boskienasiona.pl\/en\/wp-json\/wp\/v2\/product\/21319","targetHints":{"allow":["GET"]}}],"collection":[{"href":"https:\/\/boskienasiona.pl\/en\/wp-json\/wp\/v2\/product"}],"about":[{"href":"https:\/\/boskienasiona.pl\/en\/wp-json\/wp\/v2\/types\/product"}],"replies":[{"embeddable":true,"href":"https:\/\/boskienasiona.pl\/en\/wp-json\/wp\/v2\/comments?post=21319"}],"version-history":[{"count":1,"href":"https:\/\/boskienasiona.pl\/en\/wp-json\/wp\/v2\/product\/21319\/revisions"}],"predecessor-version":[{"id":22522,"href":"https:\/\/boskienasiona.pl\/en\/wp-json\/wp\/v2\/product\/21319\/revisions\/22522"}],"wp:featuredmedia":[{"embeddable":true,"href":"https:\/\/boskienasiona.pl\/en\/wp-json\/wp\/v2\/media\/21288"}],"wp:attachment":[{"href":"https:\/\/boskienasiona.pl\/en\/wp-json\/wp\/v2\/media?parent=21319"}],"wp:term":[{"taxonomy":"product_cat","embeddable":true,"href":"https:\/\/boskienasiona.pl\/en\/wp-json\/wp\/v2\/product_cat?post=21319"},{"taxonomy":"product_tag","embeddable":true,"href":"https:\/\/boskienasiona.pl\/en\/wp-json\/wp\/v2\/product_tag?post=21319"},{"taxonomy":"location","embeddable":true,"href":"https:\/\/boskienasiona.pl\/en\/wp-json\/wp\/v2\/location?post=21319"}],"curies":[{"name":"wp","href":"https:\/\/api.w.org\/{rel}","templated":true}]}}