{"id":21320,"date":"2025-02-03T10:36:22","date_gmt":"2025-02-03T09:36:22","guid":{"rendered":"https:\/\/boskienasiona.pl\/product\/nasiona-ziol-majeranek-przyprawa-do-mies-i-zup\/"},"modified":"2026-04-18T22:18:18","modified_gmt":"2026-04-18T20:18:18","slug":"nasiona-ziol-majeranek-przyprawa-do-mies-i-zup","status":"publish","type":"product","link":"https:\/\/boskienasiona.pl\/en\/produkt\/nasiona-ziol-majeranek-przyprawa-do-mies-i-zup\/","title":{"rendered":"Nasiona Zi\u00f3\u0142 majeranek przyprawa do mi\u0119s i zup"},"content":{"rendered":"<section class=\"section\">\n<div class=\"item item-12\">\n<section class=\"text-item\">\n<h1>Nasiona Zi\u00f3\u0142 majeranek przyprawa do mi\u0119s i zup<\/h1>\n<\/section><\/div>\n<\/section>\n<section class=\"section\">\n<div class=\"item item-6\">\n<section class=\"image-item\">\n            <img decoding=\"async\" src=\"https:\/\/upload.cdn.baselinker.com\/products\/3018170\/0994af8c0d2f4774334b8910b80e7b65.png\" \/><br \/>\n        <\/section>\n<\/p><\/div>\n<div class=\"item item-6\">\n<section class=\"text-item\">\n<p><b>Majeranek<\/b><\/p>\n<p>Organum majorana<\/p>\n<p>Ro\u015blina jednoroczna. \u015awie\u017ce i\u00a0suszone li\u015bcie majeranku stosuje\u00a0si\u0119 jako przypraw\u0119 do\u00a0mi\u0119s, w\u0119dlin, zup, itp. U\u0142atwia trawienie. Napar z\u00a0ro\u015bliny stosuje\u00a0si\u0119 przy b\u00f3lach g\u0142owy, zazi\u0119bieniach, niestrawno\u015bci. Wysiew w\u00a0po\u0142owie III do\u00a0ciep\u0142ego inspektu. Wysadza\u0107 do\u00a0gruntu w\u00a0pocz\u0105tku V po\u00a02-3 ro\u015bliny razem. Wymaga gleby \u017cyznej, pr\u00f3chnicznej, dostatecznie wilgotnej.<\/p>\n<ul>\n<li><b>Siew:<\/b> IV-V<\/li>\n<li><b>Zbi\u00f3r:<\/b> po\u0142owa VII-po\u0142owa IX<\/li>\n<li><b>Rozstawa:<\/b> 15-20 x 30 cm<\/li>\n<\/ul>\n<\/section><\/div>\n<\/section>\n<section class=\"section\">\n<div class=\"item item-6\">\n<section class=\"image-item\">\n            <img decoding=\"async\" src=\"https:\/\/upload.cdn.baselinker.com\/products\/3018170\/db6fd3beb6a7cefa0e44808ccd17af8f.png\" \/><br \/>\n        <\/section>\n<\/p><\/div>\n<div class=\"item item-6\">\n<section class=\"text-item\">\n<p><b>SPRAWDZONA JAKO\u015a\u0106 NASION<\/b><\/p>\n<p>Oferowane przez nas nasiona s\u0105 testowane w\u00a0<b>Laboratorium Oceny Nasion pod wzgl\u0119dem:<\/b><\/p>\n<p>\u2705<b>kie\u0142kowania<\/b><\/p>\n<p>\u2705<b>wilgotno\u015bci<\/b><\/p>\n<p>\u2705<b>czysto\u015bci ziarna<\/b><\/p>\n<p><b>Dzi\u0119ki czemu udost\u0119pniane nasiona s\u0105 \u015bci\u015ble wyselekcjonowane, tylko wysokiej klasy.<\/b><\/p>\n<p>Torebki zakupione na naszej aukcji s\u0105 w pe\u0142ni bezpieczne, posiadaj\u0105\u00a0<b>dat\u0119 wa\u017cno\u015bci i nr partii na opakowaniu.<\/b>\u00a0Gwarantujemy r\u00f3wnie\u017c jako\u015b\u0107 i oryginalno\u015b\u0107 produkt\u00f3w, poniewa\u017c s\u0105 nabywane bezpo\u015brednio od producenta.<\/p>\n<\/section><\/div>\n<\/section>\n<section class=\"section\">\n<div class=\"item item-6\">\n<section class=\"image-item\">\n            <img decoding=\"async\" src=\"https:\/\/upload.cdn.baselinker.com\/products\/3018170\/b7f79861ae5abd7b8f461e72732d022b.jpg\" \/><br \/>\n        <\/section>\n<\/p><\/div>\n<div class=\"item item-6\">\n<section class=\"image-item\">\n            <img decoding=\"async\" src=\"https:\/\/upload.cdn.baselinker.com\/products\/3018170\/f782983ed219d3a2f90f3195b8625d53.jpg\" \/><br \/>\n        <\/section>\n<\/p><\/div>\n<\/section>\n<section class=\"section\">\n<div class=\"item item-12\">\n<section class=\"image-item\">\n            <img decoding=\"async\" src=\"https:\/\/upload.cdn.baselinker.com\/products\/3018170\/f0455e5ae4a9909f944e90c55f001649.jpg\" \/><br \/>\n        <\/section>\n<\/p><\/div>\n<\/section>\n","protected":false},"excerpt":{"rendered":"<p>Nasiona Zi\u00f3\u0142 majeranek przyprawa do mi\u0119s i zup Majeranek Organum majorana Ro\u015blina jednoroczna. \u015awie\u017ce i\u00a0suszone li\u015bcie majeranku stosuje\u00a0si\u0119 jako przypraw\u0119 do\u00a0mi\u0119s, w\u0119dlin, zup, itp. U\u0142atwia trawienie. Napar z\u00a0ro\u015bliny stosuje\u00a0si\u0119 przy b\u00f3lach g\u0142owy, zazi\u0119bieniach, niestrawno\u015bci. Wysiew w\u00a0po\u0142owie III do\u00a0ciep\u0142ego inspektu. Wysadza\u0107 do\u00a0gruntu w\u00a0pocz\u0105tku V po\u00a02-3 ro\u015bliny razem. Wymaga gleby \u017cyznej, pr\u00f3chnicznej, dostatecznie wilgotnej. Siew: IV-V Zbi\u00f3r:&#8230;<\/p>\n","protected":false},"featured_media":21388,"comment_status":"open","ping_status":"closed","template":"","meta":{"inline_featured_image":false},"product_cat":[126,162],"product_tag":[],"location":[],"class_list":{"0":"post-21320","1":"product","2":"type-product","3":"status-publish","4":"has-post-thumbnail","6":"product_cat-nasiona-warzyw","7":"product_cat-nasiona","8":"nt-post-class","9":"","12":"excerpt-none","15":"first","16":"instock","17":"shipping-taxable","18":"purchasable","19":"product-type-simple"},"_links":{"self":[{"href":"https:\/\/boskienasiona.pl\/en\/wp-json\/wp\/v2\/product\/21320","targetHints":{"allow":["GET"]}}],"collection":[{"href":"https:\/\/boskienasiona.pl\/en\/wp-json\/wp\/v2\/product"}],"about":[{"href":"https:\/\/boskienasiona.pl\/en\/wp-json\/wp\/v2\/types\/product"}],"replies":[{"embeddable":true,"href":"https:\/\/boskienasiona.pl\/en\/wp-json\/wp\/v2\/comments?post=21320"}],"version-history":[{"count":1,"href":"https:\/\/boskienasiona.pl\/en\/wp-json\/wp\/v2\/product\/21320\/revisions"}],"predecessor-version":[{"id":21381,"href":"https:\/\/boskienasiona.pl\/en\/wp-json\/wp\/v2\/product\/21320\/revisions\/21381"}],"wp:featuredmedia":[{"embeddable":true,"href":"https:\/\/boskienasiona.pl\/en\/wp-json\/wp\/v2\/media\/21388"}],"wp:attachment":[{"href":"https:\/\/boskienasiona.pl\/en\/wp-json\/wp\/v2\/media?parent=21320"}],"wp:term":[{"taxonomy":"product_cat","embeddable":true,"href":"https:\/\/boskienasiona.pl\/en\/wp-json\/wp\/v2\/product_cat?post=21320"},{"taxonomy":"product_tag","embeddable":true,"href":"https:\/\/boskienasiona.pl\/en\/wp-json\/wp\/v2\/product_tag?post=21320"},{"taxonomy":"location","embeddable":true,"href":"https:\/\/boskienasiona.pl\/en\/wp-json\/wp\/v2\/location?post=21320"}],"curies":[{"name":"wp","href":"https:\/\/api.w.org\/{rel}","templated":true}]}}