{"id":21333,"date":"2025-02-03T10:36:39","date_gmt":"2025-02-03T09:36:39","guid":{"rendered":"https:\/\/boskienasiona.pl\/product\/nasiona-kwiatow-astry-aster-gusford-supreme-na-rabaty-i-kwiat-ciety\/"},"modified":"2026-04-19T14:24:09","modified_gmt":"2026-04-19T12:24:09","slug":"nasiona-kwiatow-astry-aster-gusford-supreme-na-rabaty-i-kwiat-ciety","status":"publish","type":"product","link":"https:\/\/boskienasiona.pl\/en\/produkt\/nasiona-kwiatow-astry-aster-gusford-supreme-na-rabaty-i-kwiat-ciety\/","title":{"rendered":"Nasiona kwiat\u00f3w astry Aster Gusford Supreme na rabaty i kwiat ci\u0119ty"},"content":{"rendered":"<section class=\"section\">\n<div class=\"item item-12\">\n<section class=\"text-item\">\n<h1>Nasiona kwiat\u00f3w astry Aster Gusford Supreme na rabaty i kwiat ci\u0119ty<\/h1>\n<\/section><\/div>\n<\/section>\n<section class=\"section\">\n<div class=\"item item-6\">\n<section class=\"image-item\">\n            <img decoding=\"async\" src=\"https:\/\/upload.cdn.baselinker.com\/products\/3018170\/608530fa36ce7e4842e620402964b422.jpg\" \/><br \/>\n        <\/section>\n<\/p><\/div>\n<div class=\"item item-6\">\n<section class=\"text-item\">\n<p><b>Aster wysoki pomponowy\u00a0Gusford\u00a0Supreme<\/b><\/p>\n<p>Callistephus chinensis<\/p>\n<p>Odmiana o\u00a0atrakcyjnych tr\u00f3jbarwnych, \u017c\u00f3\u0142to, bia\u0142o, czerwonych, pomponowych kwiatostanach. Zastosowanie: na\u00a0rabaty, obw\u00f3dki i\u00a0na\u00a0kwiat ci\u0119ty. Kwitnie od\u00a0lipca do\u00a0pa\u017adziernika. Wysiew w\u00a0III-IV do\u00a0skrzynek lub\u00a0kuwet pod\u00a0os\u0142onami lub\u00a0bezpo\u015brednio do\u00a0gruntu w\u00a0kwietniu. Wymaga stanowiska s\u0142onecznego, gleby \u017cyznej \u015brednio zwi\u0119z\u0142ej.<\/p>\n<ul>\n<li><b>Siew:<\/b> III-IV<\/li>\n<li><b>Kwitnienie:<\/b> VII-X<\/li>\n<li><b>Rozstawa:<\/b> 20x40cm<\/li>\n<li><b>Wysoko\u015b\u0107:<\/b> 50 cm<\/li>\n<li><b>Stanowisko:<\/b> s\u0142oneczne<\/li>\n<\/ul>\n<\/section><\/div>\n<\/section>\n<section class=\"section\">\n<div class=\"item item-6\">\n<section class=\"image-item\">\n            <img decoding=\"async\" src=\"https:\/\/upload.cdn.baselinker.com\/products\/3018170\/f344058a559d794a3323987b1251f881.jpg\" \/><br \/>\n        <\/section>\n<\/p><\/div>\n<div class=\"item item-6\">\n<section class=\"text-item\">\n<p><b>SPRAWDZONA JAKO\u015a\u0106 NASION<\/b><\/p>\n<p>Oferowane przez nas nasiona s\u0105 testowane w\u00a0<b>Laboratorium Oceny Nasion pod wzgl\u0119dem:<\/b><\/p>\n<p>\u2705<b>kie\u0142kowania<\/b><\/p>\n<p>\u2705<b>wilgotno\u015bci<\/b><\/p>\n<p>\u2705<b>czysto\u015bci ziarna<\/b><\/p>\n<p><b>Dzi\u0119ki czemu udost\u0119pniane nasiona s\u0105 \u015bci\u015ble wyselekcjonowane, tylko wysokiej klasy.<\/b><\/p>\n<p>Torebki zakupione na naszej aukcji s\u0105 w pe\u0142ni bezpieczne, posiadaj\u0105\u00a0<b>dat\u0119 wa\u017cno\u015bci i nr partii na opakowaniu.<\/b>\u00a0Gwarantujemy r\u00f3wnie\u017c jako\u015b\u0107 i oryginalno\u015b\u0107 produkt\u00f3w, poniewa\u017c s\u0105 nabywane bezpo\u015brednio od producenta.<\/p>\n<\/section><\/div>\n<\/section>\n<section class=\"section\">\n<div class=\"item item-12\">\n<section class=\"image-item\">\n            <img decoding=\"async\" src=\"https:\/\/upload.cdn.baselinker.com\/products\/3018170\/3a13cd37343ce7417f51e74599adc855.jpg\" \/><br \/>\n        <\/section>\n<\/p><\/div>\n<\/section>\n","protected":false},"excerpt":{"rendered":"<p>Nasiona kwiat\u00f3w astry Aster Gusford Supreme na rabaty i kwiat ci\u0119ty Aster wysoki pomponowy\u00a0Gusford\u00a0Supreme Callistephus chinensis Odmiana o\u00a0atrakcyjnych tr\u00f3jbarwnych, \u017c\u00f3\u0142to, bia\u0142o, czerwonych, pomponowych kwiatostanach. Zastosowanie: na\u00a0rabaty, obw\u00f3dki i\u00a0na\u00a0kwiat ci\u0119ty. Kwitnie od\u00a0lipca do\u00a0pa\u017adziernika. Wysiew w\u00a0III-IV do\u00a0skrzynek lub\u00a0kuwet pod\u00a0os\u0142onami lub\u00a0bezpo\u015brednio do\u00a0gruntu w\u00a0kwietniu. Wymaga stanowiska s\u0142onecznego, gleby \u017cyznej \u015brednio zwi\u0119z\u0142ej. Siew: III-IV Kwitnienie: VII-X Rozstawa: 20x40cm Wysoko\u015b\u0107: 50&#8230;<\/p>\n","protected":false},"featured_media":21321,"comment_status":"open","ping_status":"closed","template":"","meta":{"inline_featured_image":false},"product_cat":[134,162,183,182],"product_tag":[],"location":[],"class_list":{"0":"post-21333","1":"product","2":"type-product","3":"status-publish","4":"has-post-thumbnail","6":"product_cat-nasiona-kwiatow","7":"product_cat-nasiona","8":"product_cat-nasiona-kwiatow-ogrodowych","9":"product_cat-nasiona-kwiaty-doniczkowe","10":"nt-post-class","11":"","14":"excerpt-none","17":"first","18":"instock","19":"shipping-taxable","20":"purchasable","21":"product-type-simple"},"_links":{"self":[{"href":"https:\/\/boskienasiona.pl\/en\/wp-json\/wp\/v2\/product\/21333","targetHints":{"allow":["GET"]}}],"collection":[{"href":"https:\/\/boskienasiona.pl\/en\/wp-json\/wp\/v2\/product"}],"about":[{"href":"https:\/\/boskienasiona.pl\/en\/wp-json\/wp\/v2\/types\/product"}],"replies":[{"embeddable":true,"href":"https:\/\/boskienasiona.pl\/en\/wp-json\/wp\/v2\/comments?post=21333"}],"version-history":[{"count":1,"href":"https:\/\/boskienasiona.pl\/en\/wp-json\/wp\/v2\/product\/21333\/revisions"}],"predecessor-version":[{"id":22521,"href":"https:\/\/boskienasiona.pl\/en\/wp-json\/wp\/v2\/product\/21333\/revisions\/22521"}],"wp:featuredmedia":[{"embeddable":true,"href":"https:\/\/boskienasiona.pl\/en\/wp-json\/wp\/v2\/media\/21321"}],"wp:attachment":[{"href":"https:\/\/boskienasiona.pl\/en\/wp-json\/wp\/v2\/media?parent=21333"}],"wp:term":[{"taxonomy":"product_cat","embeddable":true,"href":"https:\/\/boskienasiona.pl\/en\/wp-json\/wp\/v2\/product_cat?post=21333"},{"taxonomy":"product_tag","embeddable":true,"href":"https:\/\/boskienasiona.pl\/en\/wp-json\/wp\/v2\/product_tag?post=21333"},{"taxonomy":"location","embeddable":true,"href":"https:\/\/boskienasiona.pl\/en\/wp-json\/wp\/v2\/location?post=21333"}],"curies":[{"name":"wp","href":"https:\/\/api.w.org\/{rel}","templated":true}]}}