{"id":21362,"date":"2025-02-03T10:36:56","date_gmt":"2025-02-03T09:36:56","guid":{"rendered":"https:\/\/boskienasiona.pl\/product\/nasiona-ziol-kolendra-siewna-cenny-dodatek-do-ciast-pasztetow-mies\/"},"modified":"2026-04-19T14:18:15","modified_gmt":"2026-04-19T12:18:15","slug":"nasiona-ziol-kolendra-siewna-cenny-dodatek-do-ciast-pasztetow-mies","status":"publish","type":"product","link":"https:\/\/boskienasiona.pl\/en\/produkt\/nasiona-ziol-kolendra-siewna-cenny-dodatek-do-ciast-pasztetow-mies\/","title":{"rendered":"Nasiona Zi\u00f3\u0142 Kolendra Siewna cenny dodatek do ciast pasztet\u00f3w mi\u0119s"},"content":{"rendered":"<section class=\"section\">\n<div class=\"item item-12\">\n<section class=\"text-item\">\n<h1>Nasiona Zi\u00f3\u0142 Kolendra Siewna cenny dodatek do ciast pasztet\u00f3w mi\u0119s<\/h1>\n<\/section><\/div>\n<\/section>\n<section class=\"section\">\n<div class=\"item item-6\">\n<section class=\"image-item\">\n            <img decoding=\"async\" src=\"https:\/\/upload.cdn.baselinker.com\/products\/3018170\/b7bde24d243ea64c2d46de6008570653.png\" \/><br \/>\n        <\/section>\n<\/p><\/div>\n<div class=\"item item-6\">\n<section class=\"text-item\">\n<p><b>Kolendra siewna<\/b><\/p>\n<p>Coriandrum sativum<\/p>\n<p>Ro\u015blina jednoroczna u\u017cywana jako przyprawa, podstawowy sk\u0142adnik indyjskiej mieszanki przyprawowej curry. Listki kolendry s\u0105 popularn\u0105 przypraw\u0105 w\u00a0kuchni azjatyckiej.<\/p>\n<p>To cenny dodatek do\u00a0ciast, pasztet\u00f3w, mi\u0119s a\u00a0tak\u017ce sos\u00f3w, sa\u0142atek oraz\u00a0ry\u017cu. Napar zalecany jest przy schorzeniach przewodu pokarmowego, pobudza apetyt, dzia\u0142a wykrztu\u015bnie. Nasiona wysiewa\u0107 w\u00a0III\/IV.<\/p>\n<ul>\n<li><b>Siew:<\/b> III-V<\/li>\n<li><b>Zbi\u00f3r:<\/b> VIII-IX<\/li>\n<li><b>Rozstawa:<\/b> 30x30cm<\/li>\n<\/ul>\n<\/section><\/div>\n<\/section>\n<section class=\"section\">\n<div class=\"item item-6\">\n<section class=\"image-item\">\n            <img decoding=\"async\" src=\"https:\/\/upload.cdn.baselinker.com\/products\/3018170\/afe1237a6848bb8303377af264fa3c80.png\" \/><br \/>\n        <\/section>\n<\/p><\/div>\n<div class=\"item item-6\">\n<section class=\"text-item\">\n<p><b>SPRAWDZONA JAKO\u015a\u0106 NASION<\/b><\/p>\n<p>Oferowane przez nas nasiona s\u0105 testowane w\u00a0<b>Laboratorium Oceny Nasion pod wzgl\u0119dem:<\/b><\/p>\n<p>\u2705<b>kie\u0142kowania<\/b><\/p>\n<p>\u2705<b>wilgotno\u015bci<\/b><\/p>\n<p>\u2705<b>czysto\u015bci ziarna<\/b><\/p>\n<p><b>Dzi\u0119ki czemu udost\u0119pniane nasiona s\u0105 \u015bci\u015ble wyselekcjonowane, tylko wysokiej klasy.<\/b><\/p>\n<p>Torebki zakupione na naszej aukcji s\u0105 w pe\u0142ni bezpieczne, posiadaj\u0105\u00a0<b>dat\u0119 wa\u017cno\u015bci i nr partii na opakowaniu.<\/b>\u00a0Gwarantujemy r\u00f3wnie\u017c jako\u015b\u0107 i oryginalno\u015b\u0107 produkt\u00f3w, poniewa\u017c s\u0105 nabywane bezpo\u015brednio od producenta.<\/p>\n<\/section><\/div>\n<\/section>\n<section class=\"section\">\n<div class=\"item item-6\">\n<section class=\"image-item\">\n            <img decoding=\"async\" src=\"https:\/\/upload.cdn.baselinker.com\/products\/3018170\/9d4f7600ddd0359daa467f4710502c4f.jpg\" \/><br \/>\n        <\/section>\n<\/p><\/div>\n<div class=\"item item-6\">\n<section class=\"image-item\">\n            <img decoding=\"async\" src=\"https:\/\/upload.cdn.baselinker.com\/products\/3018170\/3b41d2f5e473318994dbd09cea65f2a2.jpg\" \/><br \/>\n        <\/section>\n<\/p><\/div>\n<\/section>\n","protected":false},"excerpt":{"rendered":"<p>Nasiona Zi\u00f3\u0142 Kolendra Siewna cenny dodatek do ciast pasztet\u00f3w mi\u0119s Kolendra siewna Coriandrum sativum Ro\u015blina jednoroczna u\u017cywana jako przyprawa, podstawowy sk\u0142adnik indyjskiej mieszanki przyprawowej curry. Listki kolendry s\u0105 popularn\u0105 przypraw\u0105 w\u00a0kuchni azjatyckiej. To cenny dodatek do\u00a0ciast, pasztet\u00f3w, mi\u0119s a\u00a0tak\u017ce sos\u00f3w, sa\u0142atek oraz\u00a0ry\u017cu. Napar zalecany jest przy schorzeniach przewodu pokarmowego, pobudza apetyt, dzia\u0142a wykrztu\u015bnie. Nasiona wysiewa\u0107&#8230;<\/p>\n","protected":false},"featured_media":21454,"comment_status":"open","ping_status":"closed","template":"","meta":{"inline_featured_image":false},"product_cat":[126,162],"product_tag":[],"location":[],"class_list":{"0":"post-21362","1":"product","2":"type-product","3":"status-publish","4":"has-post-thumbnail","6":"product_cat-nasiona-warzyw","7":"product_cat-nasiona","8":"nt-post-class","9":"","12":"excerpt-none","15":"first","16":"instock","17":"shipping-taxable","18":"purchasable","19":"product-type-simple"},"_links":{"self":[{"href":"https:\/\/boskienasiona.pl\/en\/wp-json\/wp\/v2\/product\/21362","targetHints":{"allow":["GET"]}}],"collection":[{"href":"https:\/\/boskienasiona.pl\/en\/wp-json\/wp\/v2\/product"}],"about":[{"href":"https:\/\/boskienasiona.pl\/en\/wp-json\/wp\/v2\/types\/product"}],"replies":[{"embeddable":true,"href":"https:\/\/boskienasiona.pl\/en\/wp-json\/wp\/v2\/comments?post=21362"}],"version-history":[{"count":1,"href":"https:\/\/boskienasiona.pl\/en\/wp-json\/wp\/v2\/product\/21362\/revisions"}],"predecessor-version":[{"id":21425,"href":"https:\/\/boskienasiona.pl\/en\/wp-json\/wp\/v2\/product\/21362\/revisions\/21425"}],"wp:featuredmedia":[{"embeddable":true,"href":"https:\/\/boskienasiona.pl\/en\/wp-json\/wp\/v2\/media\/21454"}],"wp:attachment":[{"href":"https:\/\/boskienasiona.pl\/en\/wp-json\/wp\/v2\/media?parent=21362"}],"wp:term":[{"taxonomy":"product_cat","embeddable":true,"href":"https:\/\/boskienasiona.pl\/en\/wp-json\/wp\/v2\/product_cat?post=21362"},{"taxonomy":"product_tag","embeddable":true,"href":"https:\/\/boskienasiona.pl\/en\/wp-json\/wp\/v2\/product_tag?post=21362"},{"taxonomy":"location","embeddable":true,"href":"https:\/\/boskienasiona.pl\/en\/wp-json\/wp\/v2\/location?post=21362"}],"curies":[{"name":"wp","href":"https:\/\/api.w.org\/{rel}","templated":true}]}}