{"id":21378,"date":"2025-02-03T10:37:05","date_gmt":"2025-02-03T09:37:05","guid":{"rendered":"https:\/\/boskienasiona.pl\/product\/nasiona-ziol-koper-wloski-leczniczy\/"},"modified":"2025-08-05T22:20:31","modified_gmt":"2025-08-05T20:20:31","slug":"nasiona-ziol-koper-wloski-leczniczy","status":"publish","type":"product","link":"https:\/\/boskienasiona.pl\/en\/produkt\/nasiona-ziol-koper-wloski-leczniczy\/","title":{"rendered":"Nasiona zi\u00f3\u0142 Koper w\u0142oski leczniczy"},"content":{"rendered":"<section class=\"section\">\n<div class=\"item item-6\">\n<section class=\"image-item\"><img decoding=\"async\" src=\"https:\/\/upload.cdn.baselinker.com\/products\/3018170\/727eddff3d0f4ea6fcfb00753d9b1d09.jpg\" \/><\/section>\n<\/p><\/div>\n<div class=\"item item-6\">\n<section class=\"text-item\">\n<p>Foeniculum vulgare<\/p>\n<p>Ro\u015blina tworzy mi\u0119siste, zwi\u0119z\u0142e, bia\u0142e zgrubienia o&nbsp;aromacie any\u017cu. Poprawia trawienie i&nbsp;uspokaja. Jadalne s\u0105 zgrubienia, ogonki li\u015bciowe i&nbsp;li\u015bcie. Mo\u017cna je gotowa\u0107, dusi\u0107 i&nbsp;dodawa\u0107 do&nbsp;sa\u0142atek. Okres wegetacji 80-100 dni. Wysiew od&nbsp;V-VII.<\/p>\n<ul>\n<li><b>Siew:<\/b> V-VII<\/li>\n<li><b>Zbi\u00f3r:<\/b> IX-X<\/li>\n<li><b>Rozstawa:<\/b> 20&#215;40 cm<\/li>\n<\/ul>\n<\/section><\/div>\n<\/section>\n<section class=\"section\">\n<div class=\"item item-6\">\n<section class=\"image-item\"><img decoding=\"async\" src=\"https:\/\/upload.cdn.baselinker.com\/products\/3018170\/09864d860e01ef38ee27a2854e254b57.jpg\" \/><\/section>\n<\/p><\/div>\n<div class=\"item item-6\">\n<section class=\"text-item\">\n<p><b>SPRAWDZONA JAKO\u015a\u0106 NASION<\/b><\/p>\n<p>Oferowane przez nas nasiona s\u0105 testowane w&nbsp;<b>Laboratorium Oceny Nasion pod wzgl\u0119dem:<\/b><\/p>\n<p>\u2705<b>kie\u0142kowania<\/b><\/p>\n<p>\u2705<b>wilgotno\u015bci<\/b><\/p>\n<p>\u2705<b>czysto\u015bci ziarna<\/b><\/p>\n<p><b>Dzi\u0119ki czemu udost\u0119pniane nasiona s\u0105 \u015bci\u015ble wyselekcjonowane, tylko wysokiej klasy.<\/b><\/p>\n<p>Torebki zakupione na naszej aukcji s\u0105 w pe\u0142ni bezpieczne, posiadaj\u0105&nbsp;<b>dat\u0119 wa\u017cno\u015bci i nr partii na opakowaniu.<\/b>&nbsp;Gwarantujemy r\u00f3wnie\u017c jako\u015b\u0107 i oryginalno\u015b\u0107 produkt\u00f3w, poniewa\u017c s\u0105 nabywane bezpo\u015brednio od producenta.<\/p>\n<\/section><\/div>\n<\/section>\n","protected":false},"excerpt":{"rendered":"<p>Foeniculum vulgare Ro\u015blina tworzy mi\u0119siste, zwi\u0119z\u0142e, bia\u0142e zgrubienia o&nbsp;aromacie any\u017cu. Poprawia trawienie i&nbsp;uspokaja. Jadalne s\u0105 zgrubienia, ogonki li\u015bciowe i&nbsp;li\u015bcie. Mo\u017cna je gotowa\u0107, dusi\u0107 i&nbsp;dodawa\u0107 do&nbsp;sa\u0142atek. Okres wegetacji 80-100 dni. Wysiew od&nbsp;V-VII. Siew: V-VII Zbi\u00f3r: IX-X Rozstawa: 20&#215;40 cm SPRAWDZONA JAKO\u015a\u0106 NASION Oferowane przez nas nasiona s\u0105 testowane w&nbsp;Laboratorium Oceny Nasion pod wzgl\u0119dem: \u2705kie\u0142kowania \u2705wilgotno\u015bci \u2705czysto\u015bci&#8230;<\/p>\n","protected":false},"featured_media":21498,"comment_status":"open","ping_status":"closed","template":"","meta":{"inline_featured_image":false},"product_cat":[126,162],"product_tag":[],"location":[],"class_list":{"0":"post-21378","1":"product","2":"type-product","3":"status-publish","4":"has-post-thumbnail","6":"product_cat-nasiona-warzyw","7":"product_cat-nasiona","8":"nt-post-class","9":"","12":"excerpt-none","15":"first","16":"instock","17":"shipping-taxable","18":"purchasable","19":"product-type-simple"},"_links":{"self":[{"href":"https:\/\/boskienasiona.pl\/en\/wp-json\/wp\/v2\/product\/21378","targetHints":{"allow":["GET"]}}],"collection":[{"href":"https:\/\/boskienasiona.pl\/en\/wp-json\/wp\/v2\/product"}],"about":[{"href":"https:\/\/boskienasiona.pl\/en\/wp-json\/wp\/v2\/types\/product"}],"replies":[{"embeddable":true,"href":"https:\/\/boskienasiona.pl\/en\/wp-json\/wp\/v2\/comments?post=21378"}],"version-history":[{"count":1,"href":"https:\/\/boskienasiona.pl\/en\/wp-json\/wp\/v2\/product\/21378\/revisions"}],"predecessor-version":[{"id":21442,"href":"https:\/\/boskienasiona.pl\/en\/wp-json\/wp\/v2\/product\/21378\/revisions\/21442"}],"wp:featuredmedia":[{"embeddable":true,"href":"https:\/\/boskienasiona.pl\/en\/wp-json\/wp\/v2\/media\/21498"}],"wp:attachment":[{"href":"https:\/\/boskienasiona.pl\/en\/wp-json\/wp\/v2\/media?parent=21378"}],"wp:term":[{"taxonomy":"product_cat","embeddable":true,"href":"https:\/\/boskienasiona.pl\/en\/wp-json\/wp\/v2\/product_cat?post=21378"},{"taxonomy":"product_tag","embeddable":true,"href":"https:\/\/boskienasiona.pl\/en\/wp-json\/wp\/v2\/product_tag?post=21378"},{"taxonomy":"location","embeddable":true,"href":"https:\/\/boskienasiona.pl\/en\/wp-json\/wp\/v2\/location?post=21378"}],"curies":[{"name":"wp","href":"https:\/\/api.w.org\/{rel}","templated":true}]}}