{"id":21394,"date":"2025-02-03T10:37:23","date_gmt":"2025-02-03T09:37:23","guid":{"rendered":"https:\/\/boskienasiona.pl\/product\/nasiona-astry-aster-peoniowy-wysoki-stanislaw-czerwony-pelne-kwiaty\/"},"modified":"2026-04-19T14:24:09","modified_gmt":"2026-04-19T12:24:09","slug":"nasiona-astry-aster-peoniowy-wysoki-stanislaw-czerwony-pelne-kwiaty","status":"publish","type":"product","link":"https:\/\/boskienasiona.pl\/en\/produkt\/nasiona-astry-aster-peoniowy-wysoki-stanislaw-czerwony-pelne-kwiaty\/","title":{"rendered":"Nasiona astry Aster peoniowy wysoki Stanis\u0142aw czerwony pe\u0142ne kwiaty"},"content":{"rendered":"<section class=\"section\">\n<div class=\"item item-12\">\n<section class=\"text-item\">\n<h1>Nasiona astry Aster peoniowy wysoki Stanis\u0142aw czerwony pe\u0142ne kwiaty<\/h1>\n<\/section><\/div>\n<\/section>\n<section class=\"section\">\n<div class=\"item item-6\">\n<section class=\"image-item\">\n            <img decoding=\"async\" src=\"https:\/\/upload.cdn.baselinker.com\/products\/3018170\/733673641432870e8fa8d6e0617f41ce.jpg\" \/><br \/>\n        <\/section>\n<\/p><\/div>\n<div class=\"item item-6\">\n<section class=\"text-item\">\n<p><b>Aster wysoki peoniowy\u00a0Stanis\u0142aw<\/b><\/p>\n<p>Callistephus chinensis fl. pl.<\/p>\n<p>Odmiana o\u00a0zjawiskowych pe\u0142nych szkar\u0142atno-czerwonych kwiatach. Wysoko\u015b\u0107 ro\u015blin 60-70 cm. Zastosowanie na\u00a0kwiat ci\u0119ty, rabaty obw\u00f3dki, kwietniki. Wysiew w\u00a0marcu-kwietniu do\u00a0ogrzewanego inspektu lub\u00a0wprost do\u00a0gruntu w\u00a0kwietniu. Na\u00a0rabaty wysadza\u0107 w\u00a0maju w\u00a0rozstawie 20x30cm. Wymaga stanowiska s\u0142onecznego, \u015brednio wilgotnej, \u017cyznej gleby.<\/p>\n<ul>\n<li><b>Siew:<\/b> III-V<\/li>\n<li><b>Kwitnienie:<\/b> VII-X<\/li>\n<li><b>Rozstawa:<\/b> 20x30cm<\/li>\n<li><b>Wysoko\u015b\u0107:<\/b> 60-70cm<\/li>\n<\/ul>\n<\/section><\/div>\n<\/section>\n<section class=\"section\">\n<div class=\"item item-6\">\n<section class=\"image-item\">\n            <img decoding=\"async\" src=\"https:\/\/upload.cdn.baselinker.com\/products\/3018170\/11d5862cd7ec4075e791eaf4d66decd6.jpg\" \/><br \/>\n        <\/section>\n<\/p><\/div>\n<div class=\"item item-6\">\n<section class=\"text-item\">\n<p><b>SPRAWDZONA JAKO\u015a\u0106 NASION<\/b><\/p>\n<p>Oferowane przez nas nasiona s\u0105 testowane w\u00a0<b>Laboratorium Oceny Nasion pod wzgl\u0119dem:<\/b><\/p>\n<p>\u2705<b>kie\u0142kowania<\/b><\/p>\n<p>\u2705<b>wilgotno\u015bci<\/b><\/p>\n<p>\u2705<b>czysto\u015bci ziarna<\/b><\/p>\n<p><b>Dzi\u0119ki czemu udost\u0119pniane nasiona s\u0105 \u015bci\u015ble wyselekcjonowane, tylko wysokiej klasy.<\/b><\/p>\n<p>Torebki zakupione na naszej aukcji s\u0105 w pe\u0142ni bezpieczne, posiadaj\u0105\u00a0<b>dat\u0119 wa\u017cno\u015bci i nr partii na opakowaniu.<\/b>\u00a0Gwarantujemy r\u00f3wnie\u017c jako\u015b\u0107 i oryginalno\u015b\u0107 produkt\u00f3w, poniewa\u017c s\u0105 nabywane bezpo\u015brednio od producenta.<\/p>\n<\/section><\/div>\n<\/section>\n<section class=\"section\">\n<div class=\"item item-12\">\n<section class=\"image-item\">\n            <img decoding=\"async\" src=\"https:\/\/upload.cdn.baselinker.com\/products\/3018170\/f6165fe2de5e4986d1da5d25beeafd9d.jpg\" \/><br \/>\n        <\/section>\n<\/p><\/div>\n<\/section>\n","protected":false},"excerpt":{"rendered":"<p>Nasiona astry Aster peoniowy wysoki Stanis\u0142aw czerwony pe\u0142ne kwiaty Aster wysoki peoniowy\u00a0Stanis\u0142aw Callistephus chinensis fl. pl. Odmiana o\u00a0zjawiskowych pe\u0142nych szkar\u0142atno-czerwonych kwiatach. Wysoko\u015b\u0107 ro\u015blin 60-70 cm. Zastosowanie na\u00a0kwiat ci\u0119ty, rabaty obw\u00f3dki, kwietniki. Wysiew w\u00a0marcu-kwietniu do\u00a0ogrzewanego inspektu lub\u00a0wprost do\u00a0gruntu w\u00a0kwietniu. Na\u00a0rabaty wysadza\u0107 w\u00a0maju w\u00a0rozstawie 20x30cm. Wymaga stanowiska s\u0142onecznego, \u015brednio wilgotnej, \u017cyznej gleby. Siew: III-V Kwitnienie: VII-X Rozstawa:&#8230;<\/p>\n","protected":false},"featured_media":21382,"comment_status":"open","ping_status":"closed","template":"","meta":{"inline_featured_image":false},"product_cat":[134,162,183,182],"product_tag":[],"location":[],"class_list":{"0":"post-21394","1":"product","2":"type-product","3":"status-publish","4":"has-post-thumbnail","6":"product_cat-nasiona-kwiatow","7":"product_cat-nasiona","8":"product_cat-nasiona-kwiatow-ogrodowych","9":"product_cat-nasiona-kwiaty-doniczkowe","10":"nt-post-class","11":"","14":"excerpt-none","17":"first","18":"instock","19":"shipping-taxable","20":"purchasable","21":"product-type-simple"},"_links":{"self":[{"href":"https:\/\/boskienasiona.pl\/en\/wp-json\/wp\/v2\/product\/21394","targetHints":{"allow":["GET"]}}],"collection":[{"href":"https:\/\/boskienasiona.pl\/en\/wp-json\/wp\/v2\/product"}],"about":[{"href":"https:\/\/boskienasiona.pl\/en\/wp-json\/wp\/v2\/types\/product"}],"replies":[{"embeddable":true,"href":"https:\/\/boskienasiona.pl\/en\/wp-json\/wp\/v2\/comments?post=21394"}],"version-history":[{"count":1,"href":"https:\/\/boskienasiona.pl\/en\/wp-json\/wp\/v2\/product\/21394\/revisions"}],"predecessor-version":[{"id":22519,"href":"https:\/\/boskienasiona.pl\/en\/wp-json\/wp\/v2\/product\/21394\/revisions\/22519"}],"wp:featuredmedia":[{"embeddable":true,"href":"https:\/\/boskienasiona.pl\/en\/wp-json\/wp\/v2\/media\/21382"}],"wp:attachment":[{"href":"https:\/\/boskienasiona.pl\/en\/wp-json\/wp\/v2\/media?parent=21394"}],"wp:term":[{"taxonomy":"product_cat","embeddable":true,"href":"https:\/\/boskienasiona.pl\/en\/wp-json\/wp\/v2\/product_cat?post=21394"},{"taxonomy":"product_tag","embeddable":true,"href":"https:\/\/boskienasiona.pl\/en\/wp-json\/wp\/v2\/product_tag?post=21394"},{"taxonomy":"location","embeddable":true,"href":"https:\/\/boskienasiona.pl\/en\/wp-json\/wp\/v2\/location?post=21394"}],"curies":[{"name":"wp","href":"https:\/\/api.w.org\/{rel}","templated":true}]}}