{"id":21447,"date":"2025-02-03T10:37:54","date_gmt":"2025-02-03T09:37:54","guid":{"rendered":"https:\/\/boskienasiona.pl\/product\/nasiona-kwiatow-bratki-rokoko-wielkokwiatowy-mix-kolorow\/"},"modified":"2026-04-11T14:17:40","modified_gmt":"2026-04-11T12:17:40","slug":"nasiona-kwiatow-bratki-rokoko-wielkokwiatowy-mix-kolorow","status":"publish","type":"product","link":"https:\/\/boskienasiona.pl\/en\/produkt\/nasiona-kwiatow-bratki-rokoko-wielkokwiatowy-mix-kolorow\/","title":{"rendered":"Nasiona kwiat\u00f3w BRATKI ROKOKO WIELKOKWIATOWY MIX KOLOR\u00d3W"},"content":{"rendered":"<section class=\"section\">\n<div class=\"item item-12\">\n<section class=\"text-item\">\n<h1>Nasiona kwiat\u00f3w BRATKI ROKOKO WIELKOKWIATOWY MIX KOLOR\u00d3W<\/h1>\n<\/section><\/div>\n<\/section>\n<section class=\"section\">\n<div class=\"item item-6\">\n<section class=\"image-item\">\n            <img decoding=\"async\" src=\"https:\/\/upload.cdn.baselinker.com\/products\/3018170\/e08630d08e553c1347d8295d29e44313.jpg\" \/><br \/>\n        <\/section>\n<\/p><\/div>\n<div class=\"item item-6\">\n<section class=\"text-item\">\n<p><b>Bratek wielkokwiatowy\u00a0Rokoko<\/b><\/p>\n<p>VIOLA WITTROCKIANA FL.PL.<\/p>\n<p>Ro\u015blina dwuletnia o\u00a0pokroju zwarto-kulistym wysoko\u015bci 15-25 cm, o\u00a0du\u017cych wielobarwnych kwiatach. P\u0142atki s\u0105 silnie pofa\u0142dowane, co nadaje kwiatom niepowtarzalny urok. Zastosowanie: na\u00a0rabaty dywanowe, kwiat ci\u0119ty, kwietniki, obw\u00f3dki, do\u00a0pojemnik\u00f3w i\u00a0skrzynek na\u00a0balkony. Wysiew w\u00a0czerwcu-sierpniu pod\u00a0os\u0142onami lub\u00a0na\u00a0rozsadniku. Na\u00a0miejsce sta\u0142e sadzi\u0107 jesieni\u0105 lub\u00a0wiosn\u0105 .Kwitnie w\u00a0IV-X nast\u0119pnego roku.<\/p>\n<ul>\n<li><b>Wysoko\u015b\u0107:<\/b> 15-25 cm<\/li>\n<li><b>Siew:<\/b> VI-VIII<\/li>\n<li><b>Kwitnienie:<\/b> V-VII<\/li>\n<li><b>Rozstawa:<\/b> 20&#215;30 &#8211; 40 cm<\/li>\n<\/ul>\n<\/section><\/div>\n<\/section>\n<section class=\"section\">\n<div class=\"item item-6\">\n<section class=\"image-item\">\n            <img decoding=\"async\" src=\"https:\/\/upload.cdn.baselinker.com\/products\/3018170\/1272731cccdef86c37cfde8eba71e27d.jpg\" \/><br \/>\n        <\/section>\n<\/p><\/div>\n<div class=\"item item-6\">\n<section class=\"text-item\">\n<p><b>SPRAWDZONA JAKO\u015a\u0106 NASION<\/b><\/p>\n<p>Oferowane przez nas nasiona s\u0105 testowane w\u00a0<b>Laboratorium Oceny Nasion pod wzgl\u0119dem:<\/b><\/p>\n<p>\u2705<b>kie\u0142kowania<\/b><\/p>\n<p>\u2705<b>wilgotno\u015bci<\/b><\/p>\n<p>\u2705<b>czysto\u015bci ziarna<\/b><\/p>\n<p><b>Dzi\u0119ki czemu udost\u0119pniane nasiona s\u0105 \u015bci\u015ble wyselekcjonowane, tylko wysokiej klasy.<\/b><\/p>\n<p>Torebki zakupione na naszej aukcji s\u0105 w pe\u0142ni bezpieczne, posiadaj\u0105\u00a0<b>dat\u0119 wa\u017cno\u015bci i nr partii na opakowaniu.<\/b>\u00a0Gwarantujemy r\u00f3wnie\u017c jako\u015b\u0107 i oryginalno\u015b\u0107 produkt\u00f3w, poniewa\u017c s\u0105 nabywane bezpo\u015brednio od producenta.<\/p>\n<\/section><\/div>\n<\/section>\n<section class=\"section\">\n<div class=\"item item-6\">\n<section class=\"image-item\">\n            <img decoding=\"async\" src=\"https:\/\/upload.cdn.baselinker.com\/products\/3018170\/91c8b7274c673d37cd69b326850a2990.jpg\" \/><br \/>\n        <\/section>\n<\/p><\/div>\n<div class=\"item item-6\">\n<section class=\"image-item\">\n            <img decoding=\"async\" src=\"https:\/\/upload.cdn.baselinker.com\/products\/3018170\/e49d184a276e2cee11c44ccd00a15cce.jpg\" \/><br \/>\n        <\/section>\n<\/p><\/div>\n<\/section>\n<section class=\"section\">\n<div class=\"item item-6\">\n<section class=\"image-item\">\n            <img decoding=\"async\" src=\"https:\/\/upload.cdn.baselinker.com\/products\/3018170\/91c8b7274c673d37cd69b326850a2990.jpg\" \/><br \/>\n        <\/section>\n<\/p><\/div>\n<div class=\"item item-6\">\n<section class=\"image-item\">\n            <img decoding=\"async\" src=\"https:\/\/upload.cdn.baselinker.com\/products\/3018170\/29517e0f83583808a01d92355d42ec26.jpg\" \/><br \/>\n        <\/section>\n<\/p><\/div>\n<\/section>\n","protected":false},"excerpt":{"rendered":"<p>Nasiona kwiat\u00f3w BRATKI ROKOKO WIELKOKWIATOWY MIX KOLOR\u00d3W Bratek wielkokwiatowy\u00a0Rokoko VIOLA WITTROCKIANA FL.PL. Ro\u015blina dwuletnia o\u00a0pokroju zwarto-kulistym wysoko\u015bci 15-25 cm, o\u00a0du\u017cych wielobarwnych kwiatach. P\u0142atki s\u0105 silnie pofa\u0142dowane, co nadaje kwiatom niepowtarzalny urok. Zastosowanie: na\u00a0rabaty dywanowe, kwiat ci\u0119ty, kwietniki, obw\u00f3dki, do\u00a0pojemnik\u00f3w i\u00a0skrzynek na\u00a0balkony. Wysiew w\u00a0czerwcu-sierpniu pod\u00a0os\u0142onami lub\u00a0na\u00a0rozsadniku. Na\u00a0miejsce sta\u0142e sadzi\u0107 jesieni\u0105 lub\u00a0wiosn\u0105 .Kwitnie w\u00a0IV-X nast\u0119pnego roku. Wysoko\u015b\u0107:&#8230;<\/p>\n","protected":false},"featured_media":21397,"comment_status":"open","ping_status":"closed","template":"","meta":{"inline_featured_image":false},"product_cat":[134,162,183,182],"product_tag":[],"location":[],"class_list":{"0":"post-21447","1":"product","2":"type-product","3":"status-publish","4":"has-post-thumbnail","6":"product_cat-nasiona-kwiatow","7":"product_cat-nasiona","8":"product_cat-nasiona-kwiatow-ogrodowych","9":"product_cat-nasiona-kwiaty-doniczkowe","10":"nt-post-class","11":"","14":"excerpt-none","17":"first","18":"instock","19":"shipping-taxable","20":"purchasable","21":"product-type-simple"},"_links":{"self":[{"href":"https:\/\/boskienasiona.pl\/en\/wp-json\/wp\/v2\/product\/21447","targetHints":{"allow":["GET"]}}],"collection":[{"href":"https:\/\/boskienasiona.pl\/en\/wp-json\/wp\/v2\/product"}],"about":[{"href":"https:\/\/boskienasiona.pl\/en\/wp-json\/wp\/v2\/types\/product"}],"replies":[{"embeddable":true,"href":"https:\/\/boskienasiona.pl\/en\/wp-json\/wp\/v2\/comments?post=21447"}],"version-history":[{"count":1,"href":"https:\/\/boskienasiona.pl\/en\/wp-json\/wp\/v2\/product\/21447\/revisions"}],"predecessor-version":[{"id":22516,"href":"https:\/\/boskienasiona.pl\/en\/wp-json\/wp\/v2\/product\/21447\/revisions\/22516"}],"wp:featuredmedia":[{"embeddable":true,"href":"https:\/\/boskienasiona.pl\/en\/wp-json\/wp\/v2\/media\/21397"}],"wp:attachment":[{"href":"https:\/\/boskienasiona.pl\/en\/wp-json\/wp\/v2\/media?parent=21447"}],"wp:term":[{"taxonomy":"product_cat","embeddable":true,"href":"https:\/\/boskienasiona.pl\/en\/wp-json\/wp\/v2\/product_cat?post=21447"},{"taxonomy":"product_tag","embeddable":true,"href":"https:\/\/boskienasiona.pl\/en\/wp-json\/wp\/v2\/product_tag?post=21447"},{"taxonomy":"location","embeddable":true,"href":"https:\/\/boskienasiona.pl\/en\/wp-json\/wp\/v2\/location?post=21447"}],"curies":[{"name":"wp","href":"https:\/\/api.w.org\/{rel}","templated":true}]}}