{"id":21486,"date":"2025-02-03T10:38:20","date_gmt":"2025-02-03T09:38:20","guid":{"rendered":"https:\/\/boskienasiona.pl\/product\/nasiona-ziol-oregano-greckie-wlasciwosci-lecznicze\/"},"modified":"2026-04-19T14:18:16","modified_gmt":"2026-04-19T12:18:16","slug":"nasiona-ziol-oregano-greckie-wlasciwosci-lecznicze","status":"publish","type":"product","link":"https:\/\/boskienasiona.pl\/en\/produkt\/nasiona-ziol-oregano-greckie-wlasciwosci-lecznicze\/","title":{"rendered":"Nasiona zi\u00f3\u0142 Oregano Greckie w\u0142a\u015bciwo\u015bci lecznicze"},"content":{"rendered":"<section class=\"section\">\n<div class=\"item item-12\">\n<section class=\"text-item\">\n<h1>Nasiona zi\u00f3\u0142 Oregano Greckie w\u0142a\u015bciwo\u015bci lecznicze<\/h1>\n<\/section><\/div>\n<\/section>\n<section class=\"section\">\n<div class=\"item item-6\">\n<section class=\"image-item\">\n            <img decoding=\"async\" src=\"https:\/\/upload.cdn.baselinker.com\/products\/3018170\/30313240f94d8926d8772f2ad2401e64.jpg\" \/><br \/>\n        <\/section>\n<\/p><\/div>\n<div class=\"item item-6\">\n<section class=\"text-item\">\n<p><b>Oregano\u00a0greckie<\/b><\/p>\n<p>Origanum vulgare hirtum<\/p>\n<p>Bylina wysoko\u015bci 30\u00a0cm o\u00a0drobnych listkach i\u00a0\u015bnie\u017cno-bia\u0142ych kwiatach o\u00a0w\u0142a\u015bciwo\u015bciach leczniczych. Ma ostrzejszy i\u00a0intensywniejszy smak ni\u017c\u00a0<b>oregano<\/b>\u00a0pospolite. Napar z\u00a0li\u015bci i\u00a0kwiat\u00f3w s\u0142u\u017cy do\u00a0p\u0142ukania gard\u0142a, dzi\u0105se\u0142, reguluje prac\u0119 uk\u0142adu trawiennego.<\/p>\n<p>Zastosowanie:\u00a0jako przyprawa do\u00a0pizzy, zapiekanek, sos\u00f3w, potraw z\u00a0jaj, sera i\u00a0warzyw. Wysiew na\u00a0g\u0142. 0,5\u00a0cm IV-V. Wymaga stanowiska ciep\u0142ego, os\u0142oni\u0119tego. Zbiera\u00a0si\u0119 listki z\u00a0cz\u0119\u015bciami \u0142odyg i\u00a0kwiatami.<\/p>\n<p><b>\u2705Siew:<\/b> IV &#8211; V<\/p>\n<p><b>\u2705Zbi\u00f3r:<\/b> VI &#8211; IX<\/p>\n<p><b>\u2705<\/b><b>Rozstawa:<\/b> 40 x 20-25 cm<\/p>\n<\/section><\/div>\n<\/section>\n<section class=\"section\">\n<div class=\"item item-6\">\n<section class=\"image-item\">\n            <img decoding=\"async\" src=\"https:\/\/upload.cdn.baselinker.com\/products\/3018170\/e16d7b1d54fde276f643cae3ac83ae58.jpg\" \/><br \/>\n        <\/section>\n<\/p><\/div>\n<div class=\"item item-6\">\n<section class=\"text-item\">\n<p><b>SPRAWDZONA JAKO\u015a\u0106 NASION<\/b><\/p>\n<p>Oferowane przez nas nasiona s\u0105 testowane w\u00a0<b>Laboratorium Oceny Nasion pod wzgl\u0119dem:<\/b><\/p>\n<p>\u2705<b>kie\u0142kowania<\/b><\/p>\n<p>\u2705<b>wilgotno\u015bci<\/b><\/p>\n<p>\u2705<b>czysto\u015bci ziarna<\/b><\/p>\n<p><b>Dzi\u0119ki czemu udost\u0119pniane nasiona s\u0105 \u015bci\u015ble wyselekcjonowane, tylko wysokiej klasy.<\/b><\/p>\n<p>Torebki zakupione na naszej aukcji s\u0105 w pe\u0142ni bezpieczne, posiadaj\u0105\u00a0<b>dat\u0119 wa\u017cno\u015bci i nr partii na opakowaniu.<\/b>\u00a0Gwarantujemy r\u00f3wnie\u017c jako\u015b\u0107 i oryginalno\u015b\u0107 produkt\u00f3w, poniewa\u017c s\u0105 nabywane bezpo\u015brednio od producenta.<\/p>\n<\/section><\/div>\n<\/section>\n<section class=\"section\">\n<div class=\"item item-6\">\n<section class=\"image-item\">\n            <img decoding=\"async\" src=\"https:\/\/upload.cdn.baselinker.com\/products\/3018170\/0b20f9b0e4c5eab2dbb5666b1dd468c7.jpg\" \/><br \/>\n        <\/section>\n<\/p><\/div>\n<div class=\"item item-6\">\n<section class=\"image-item\">\n            <img decoding=\"async\" src=\"https:\/\/upload.cdn.baselinker.com\/products\/3018170\/ab931f07ddb55c9c3b196eb495777dbf.jpg\" \/><br \/>\n        <\/section>\n<\/p><\/div>\n<\/section>\n","protected":false},"excerpt":{"rendered":"<p>Nasiona zi\u00f3\u0142 Oregano Greckie w\u0142a\u015bciwo\u015bci lecznicze Oregano\u00a0greckie Origanum vulgare hirtum Bylina wysoko\u015bci 30\u00a0cm o\u00a0drobnych listkach i\u00a0\u015bnie\u017cno-bia\u0142ych kwiatach o\u00a0w\u0142a\u015bciwo\u015bciach leczniczych. Ma ostrzejszy i\u00a0intensywniejszy smak ni\u017c\u00a0oregano\u00a0pospolite. Napar z\u00a0li\u015bci i\u00a0kwiat\u00f3w s\u0142u\u017cy do\u00a0p\u0142ukania gard\u0142a, dzi\u0105se\u0142, reguluje prac\u0119 uk\u0142adu trawiennego. Zastosowanie:\u00a0jako przyprawa do\u00a0pizzy, zapiekanek, sos\u00f3w, potraw z\u00a0jaj, sera i\u00a0warzyw. Wysiew na\u00a0g\u0142. 0,5\u00a0cm IV-V. Wymaga stanowiska ciep\u0142ego, os\u0142oni\u0119tego. Zbiera\u00a0si\u0119 listki z\u00a0cz\u0119\u015bciami&#8230;<\/p>\n","protected":false},"featured_media":21448,"comment_status":"open","ping_status":"closed","template":"","meta":{"inline_featured_image":false},"product_cat":[128,162],"product_tag":[],"location":[],"class_list":{"0":"post-21486","1":"product","2":"type-product","3":"status-publish","4":"has-post-thumbnail","6":"product_cat-nasiona-ziol","7":"product_cat-nasiona","8":"nt-post-class","9":"","12":"excerpt-none","15":"first","16":"instock","17":"shipping-taxable","18":"purchasable","19":"product-type-simple"},"_links":{"self":[{"href":"https:\/\/boskienasiona.pl\/en\/wp-json\/wp\/v2\/product\/21486","targetHints":{"allow":["GET"]}}],"collection":[{"href":"https:\/\/boskienasiona.pl\/en\/wp-json\/wp\/v2\/product"}],"about":[{"href":"https:\/\/boskienasiona.pl\/en\/wp-json\/wp\/v2\/types\/product"}],"replies":[{"embeddable":true,"href":"https:\/\/boskienasiona.pl\/en\/wp-json\/wp\/v2\/comments?post=21486"}],"version-history":[{"count":0,"href":"https:\/\/boskienasiona.pl\/en\/wp-json\/wp\/v2\/product\/21486\/revisions"}],"wp:featuredmedia":[{"embeddable":true,"href":"https:\/\/boskienasiona.pl\/en\/wp-json\/wp\/v2\/media\/21448"}],"wp:attachment":[{"href":"https:\/\/boskienasiona.pl\/en\/wp-json\/wp\/v2\/media?parent=21486"}],"wp:term":[{"taxonomy":"product_cat","embeddable":true,"href":"https:\/\/boskienasiona.pl\/en\/wp-json\/wp\/v2\/product_cat?post=21486"},{"taxonomy":"product_tag","embeddable":true,"href":"https:\/\/boskienasiona.pl\/en\/wp-json\/wp\/v2\/product_tag?post=21486"},{"taxonomy":"location","embeddable":true,"href":"https:\/\/boskienasiona.pl\/en\/wp-json\/wp\/v2\/location?post=21486"}],"curies":[{"name":"wp","href":"https:\/\/api.w.org\/{rel}","templated":true}]}}