{"id":21497,"date":"2025-02-03T10:38:29","date_gmt":"2025-02-03T09:38:29","guid":{"rendered":"https:\/\/boskienasiona.pl\/product\/nasiona-kwiatow-cynie-cynia-daliowa-mix-na-kwiat-ciety-pieknie-kwitnie\/"},"modified":"2026-04-19T14:18:17","modified_gmt":"2026-04-19T12:18:17","slug":"nasiona-kwiatow-cynie-cynia-daliowa-mix-na-kwiat-ciety-pieknie-kwitnie","status":"publish","type":"product","link":"https:\/\/boskienasiona.pl\/en\/produkt\/nasiona-kwiatow-cynie-cynia-daliowa-mix-na-kwiat-ciety-pieknie-kwitnie\/","title":{"rendered":"Nasiona kwiat\u00f3w cynie Cynia Daliowa MIX na kwiat ci\u0119ty pi\u0119knie kwitnie"},"content":{"rendered":"<section class=\"section\">\n<div class=\"item item-12\">\n<section class=\"text-item\">\n<h1>Nasiona kwiat\u00f3w cynie Cynia Daliowa MIX na kwiat ci\u0119ty pi\u0119knie kwitnie<\/h1>\n<\/section><\/div>\n<\/section>\n<section class=\"section\">\n<div class=\"item item-6\">\n<section class=\"image-item\">\n            <img decoding=\"async\" src=\"https:\/\/upload.cdn.baselinker.com\/products\/3018170\/7b07c14979396fafb1be799cdfd11db0.png\" \/><br \/>\n        <\/section>\n<\/p><\/div>\n<div class=\"item item-6\">\n<section class=\"text-item\">\n<p><b>Cynia\u00a0daliowa\u00a0MIX<\/b><\/p>\n<p>Zinnia elegans chrys. fl. pl.<\/p>\n<p>Ro\u015blina jednoroczna, do\u00a060-80cm wys. Kwiaty okaza\u0142e, pe\u0142ne, wielobarwne. Doskona\u0142a na\u00a0wy\u017csze rabaty, do\u00a0nasadze\u0144 w\u00a0grupach i\u00a0na\u00a0kwiat ci\u0119ty. Pi\u0119knie kwitnie od\u00a0lipca do\u00a0wrze\u015bnia. Wysiew nasion w\u00a0III-IV do\u00a0ciep\u0142ego inspektu, wysadza\u0107 w\u00a0V. W\u00a0V mo\u017cna wysiewa\u0107 wprost do\u00a0gruntu.<\/p>\n<ul>\n<li><b>Siew:<\/b> III-V<\/li>\n<li><b>Kwitnienie:<\/b> VII-IX<\/li>\n<li><b>Rozstawa:<\/b> 30x40cm<\/li>\n<li><b>Wysoko\u015b\u0107:<\/b> 60-80cm<\/li>\n<\/ul>\n<\/section><\/div>\n<\/section>\n<section class=\"section\">\n<div class=\"item item-6\">\n<section class=\"image-item\">\n            <img decoding=\"async\" src=\"https:\/\/upload.cdn.baselinker.com\/products\/3018170\/b516d3c1c5f93f03e512d73025b24c90.png\" \/><br \/>\n        <\/section>\n<\/p><\/div>\n<div class=\"item item-6\">\n<section class=\"text-item\">\n<p><b>SPRAWDZONA JAKO\u015a\u0106 NASION<\/b><\/p>\n<p>Oferowane przez nas nasiona s\u0105 testowane w\u00a0<b>Laboratorium Oceny Nasion pod wzgl\u0119dem:<\/b><\/p>\n<p>\u2705<b>kie\u0142kowania<\/b><\/p>\n<p>\u2705<b>wilgotno\u015bci<\/b><\/p>\n<p>\u2705<b>czysto\u015bci ziarna<\/b><\/p>\n<p><b>Dzi\u0119ki czemu udost\u0119pniane nasiona s\u0105 \u015bci\u015ble wyselekcjonowane, tylko wysokiej klasy.<\/b><\/p>\n<p>Torebki zakupione na naszej aukcji s\u0105 w pe\u0142ni bezpieczne, posiadaj\u0105\u00a0<b>dat\u0119 wa\u017cno\u015bci i nr partii na opakowaniu.<\/b>\u00a0Gwarantujemy r\u00f3wnie\u017c jako\u015b\u0107 i oryginalno\u015b\u0107 produkt\u00f3w, poniewa\u017c s\u0105 nabywane bezpo\u015brednio od producenta.<\/p>\n<\/section><\/div>\n<\/section>\n<section class=\"section\">\n<div class=\"item item-12\">\n<section class=\"image-item\">\n            <img decoding=\"async\" src=\"https:\/\/upload.cdn.baselinker.com\/products\/3018170\/b3dd5f84d0b803472c5df7c559b29f40.png\" \/><br \/>\n        <\/section>\n<\/p><\/div>\n<\/section>\n","protected":false},"excerpt":{"rendered":"<p>Nasiona kwiat\u00f3w cynie Cynia Daliowa MIX na kwiat ci\u0119ty pi\u0119knie kwitnie Cynia\u00a0daliowa\u00a0MIX Zinnia elegans chrys. fl. pl. Ro\u015blina jednoroczna, do\u00a060-80cm wys. Kwiaty okaza\u0142e, pe\u0142ne, wielobarwne. Doskona\u0142a na\u00a0wy\u017csze rabaty, do\u00a0nasadze\u0144 w\u00a0grupach i\u00a0na\u00a0kwiat ci\u0119ty. Pi\u0119knie kwitnie od\u00a0lipca do\u00a0wrze\u015bnia. Wysiew nasion w\u00a0III-IV do\u00a0ciep\u0142ego inspektu, wysadza\u0107 w\u00a0V. W\u00a0V mo\u017cna wysiewa\u0107 wprost do\u00a0gruntu. Siew: III-V Kwitnienie: VII-IX Rozstawa: 30x40cm Wysoko\u015b\u0107:&#8230;<\/p>\n","protected":false},"featured_media":21452,"comment_status":"open","ping_status":"closed","template":"","meta":{"inline_featured_image":false},"product_cat":[134,180,162,183,182],"product_tag":[],"location":[],"class_list":{"0":"post-21497","1":"product","2":"type-product","3":"status-publish","4":"has-post-thumbnail","6":"product_cat-nasiona-kwiatow","7":"product_cat-cynie-nasiona","8":"product_cat-nasiona","9":"product_cat-nasiona-kwiatow-ogrodowych","10":"product_cat-nasiona-kwiaty-doniczkowe","11":"nt-post-class","12":"","15":"excerpt-none","18":"first","19":"instock","20":"shipping-taxable","21":"purchasable","22":"product-type-simple"},"_links":{"self":[{"href":"https:\/\/boskienasiona.pl\/en\/wp-json\/wp\/v2\/product\/21497","targetHints":{"allow":["GET"]}}],"collection":[{"href":"https:\/\/boskienasiona.pl\/en\/wp-json\/wp\/v2\/product"}],"about":[{"href":"https:\/\/boskienasiona.pl\/en\/wp-json\/wp\/v2\/types\/product"}],"replies":[{"embeddable":true,"href":"https:\/\/boskienasiona.pl\/en\/wp-json\/wp\/v2\/comments?post=21497"}],"version-history":[{"count":1,"href":"https:\/\/boskienasiona.pl\/en\/wp-json\/wp\/v2\/product\/21497\/revisions"}],"predecessor-version":[{"id":22452,"href":"https:\/\/boskienasiona.pl\/en\/wp-json\/wp\/v2\/product\/21497\/revisions\/22452"}],"wp:featuredmedia":[{"embeddable":true,"href":"https:\/\/boskienasiona.pl\/en\/wp-json\/wp\/v2\/media\/21452"}],"wp:attachment":[{"href":"https:\/\/boskienasiona.pl\/en\/wp-json\/wp\/v2\/media?parent=21497"}],"wp:term":[{"taxonomy":"product_cat","embeddable":true,"href":"https:\/\/boskienasiona.pl\/en\/wp-json\/wp\/v2\/product_cat?post=21497"},{"taxonomy":"product_tag","embeddable":true,"href":"https:\/\/boskienasiona.pl\/en\/wp-json\/wp\/v2\/product_tag?post=21497"},{"taxonomy":"location","embeddable":true,"href":"https:\/\/boskienasiona.pl\/en\/wp-json\/wp\/v2\/location?post=21497"}],"curies":[{"name":"wp","href":"https:\/\/api.w.org\/{rel}","templated":true}]}}