{"id":21536,"date":"2025-02-03T10:38:52","date_gmt":"2025-02-03T09:38:52","guid":{"rendered":"https:\/\/boskienasiona.pl\/product\/nasiona-kwiatow-gipsowka-biala-na-rabaty-skalniaki-i-kwiat-ciety\/"},"modified":"2026-04-02T22:19:25","modified_gmt":"2026-04-02T20:19:25","slug":"nasiona-kwiatow-gipsowka-biala-na-rabaty-skalniaki-i-kwiat-ciety","status":"publish","type":"product","link":"https:\/\/boskienasiona.pl\/en\/produkt\/nasiona-kwiatow-gipsowka-biala-na-rabaty-skalniaki-i-kwiat-ciety\/","title":{"rendered":"Nasiona kwiat\u00f3w Gips\u00f3wka bia\u0142a na rabaty skalniaki i kwiat ci\u0119ty"},"content":{"rendered":"<section class=\"section\">\n<div class=\"item item-12\">\n<section class=\"text-item\">\n<h1>Nasiona kwiat\u00f3w Gips\u00f3wka bia\u0142a na rabaty skalniaki i kwiat ci\u0119ty<\/h1>\n<\/section><\/div>\n<\/section>\n<section class=\"section\">\n<div class=\"item item-6\">\n<section class=\"image-item\">\n            <img decoding=\"async\" src=\"https:\/\/upload.cdn.baselinker.com\/products\/3018170\/1eb8f7c8108b33525adf255407fb3794.jpg\" \/><br \/>\n        <\/section>\n<\/p><\/div>\n<div class=\"item item-6\">\n<section class=\"text-item\">\n<p><b>Gips\u00f3wka\u00a0wytworna &#8211; bia\u0142a<\/b><\/p>\n<p>Gypsophila elegant<\/p>\n<p>Ro\u015blina jednoroczna o\u00a0mocno rozga\u0142\u0119zionych \u0142odygach i\u00a0drobnych bia\u0142ych kwiatkach. Kwitnie od\u00a0czerwca do\u00a0wrze\u015bnia. Polecana na\u00a0rabaty, skalniaki, do\u00a0obsiewania murk\u00f3w i\u00a0jako dodatek do\u00a0dekoracji bukiet\u00f3w. Nasiona wysiewamy od\u00a0III do\u00a0V wprost do\u00a0gruntu. Siewki nale\u017cy przerywa\u0107, pozostawiaj\u0105c ro\u015bliny w\u00a0rozstawie 15&#215;20 cm.\u00a0Wymaga gliniasto-piaszczystej, wapiennej gleby.<\/p>\n<ul>\n<li><b>Siew:<\/b> III-V<\/li>\n<li><b>Kwitnienie:<\/b> VI- IX<\/li>\n<li><b>Rozstawa:<\/b> 15x20cm<\/li>\n<li><b>Wysoko\u015b\u0107:<\/b> 30-50 cm<\/li>\n<\/ul>\n<\/section><\/div>\n<\/section>\n<section class=\"section\">\n<div class=\"item item-6\">\n<section class=\"image-item\">\n            <img decoding=\"async\" src=\"https:\/\/upload.cdn.baselinker.com\/products\/3018170\/bc17fcb82d19610b74818162a4e76bb6.jpg\" \/><br \/>\n        <\/section>\n<\/p><\/div>\n<div class=\"item item-6\">\n<section class=\"text-item\">\n<p><b>SPRAWDZONA JAKO\u015a\u0106 NASION<\/b><\/p>\n<p>Oferowane przez nas nasiona s\u0105 testowane w\u00a0<b>Laboratorium Oceny Nasion pod wzgl\u0119dem:<\/b><\/p>\n<p>\u2705<b>kie\u0142kowania<\/b><\/p>\n<p>\u2705<b>wilgotno\u015bci<\/b><\/p>\n<p>\u2705<b>czysto\u015bci ziarna<\/b><\/p>\n<p><b>Dzi\u0119ki czemu udost\u0119pniane nasiona s\u0105 \u015bci\u015ble wyselekcjonowane, tylko wysokiej klasy.<\/b><\/p>\n<p>Torebki zakupione na naszej aukcji s\u0105 w pe\u0142ni bezpieczne, posiadaj\u0105\u00a0<b>dat\u0119 wa\u017cno\u015bci i nr partii na opakowaniu.<\/b>\u00a0Gwarantujemy r\u00f3wnie\u017c jako\u015b\u0107 i oryginalno\u015b\u0107 produkt\u00f3w, poniewa\u017c s\u0105 nabywane bezpo\u015brednio od producenta.<\/p>\n<\/section><\/div>\n<\/section>\n<section class=\"section\">\n<div class=\"item item-6\">\n<section class=\"image-item\">\n            <img decoding=\"async\" src=\"https:\/\/upload.cdn.baselinker.com\/products\/3018170\/476253b3e4a0ca3b84ce39509dde6184.jpg\" \/><br \/>\n        <\/section>\n<\/p><\/div>\n<div class=\"item item-6\">\n<section class=\"image-item\">\n            <img decoding=\"async\" src=\"https:\/\/upload.cdn.baselinker.com\/products\/3018170\/c883ba037c384c03cab59aa15f160c9a.jpg\" \/><br \/>\n        <\/section>\n<\/p><\/div>\n<\/section>\n","protected":false},"excerpt":{"rendered":"<p>Nasiona kwiat\u00f3w Gips\u00f3wka bia\u0142a na rabaty skalniaki i kwiat ci\u0119ty Gips\u00f3wka\u00a0wytworna &#8211; bia\u0142a Gypsophila elegant Ro\u015blina jednoroczna o\u00a0mocno rozga\u0142\u0119zionych \u0142odygach i\u00a0drobnych bia\u0142ych kwiatkach. Kwitnie od\u00a0czerwca do\u00a0wrze\u015bnia. Polecana na\u00a0rabaty, skalniaki, do\u00a0obsiewania murk\u00f3w i\u00a0jako dodatek do\u00a0dekoracji bukiet\u00f3w. Nasiona wysiewamy od\u00a0III do\u00a0V wprost do\u00a0gruntu. Siewki nale\u017cy przerywa\u0107, pozostawiaj\u0105c ro\u015bliny w\u00a0rozstawie 15&#215;20 cm.\u00a0Wymaga gliniasto-piaszczystej, wapiennej gleby. Siew: III-V Kwitnienie:&#8230;<\/p>\n","protected":false},"featured_media":21500,"comment_status":"open","ping_status":"closed","template":"","meta":{"inline_featured_image":false},"product_cat":[134,162],"product_tag":[],"location":[],"class_list":{"0":"post-21536","1":"product","2":"type-product","3":"status-publish","4":"has-post-thumbnail","6":"product_cat-nasiona-kwiatow","7":"product_cat-nasiona","8":"nt-post-class","9":"","12":"excerpt-none","15":"first","16":"instock","17":"shipping-taxable","18":"purchasable","19":"product-type-simple"},"_links":{"self":[{"href":"https:\/\/boskienasiona.pl\/en\/wp-json\/wp\/v2\/product\/21536","targetHints":{"allow":["GET"]}}],"collection":[{"href":"https:\/\/boskienasiona.pl\/en\/wp-json\/wp\/v2\/product"}],"about":[{"href":"https:\/\/boskienasiona.pl\/en\/wp-json\/wp\/v2\/types\/product"}],"replies":[{"embeddable":true,"href":"https:\/\/boskienasiona.pl\/en\/wp-json\/wp\/v2\/comments?post=21536"}],"version-history":[{"count":0,"href":"https:\/\/boskienasiona.pl\/en\/wp-json\/wp\/v2\/product\/21536\/revisions"}],"wp:featuredmedia":[{"embeddable":true,"href":"https:\/\/boskienasiona.pl\/en\/wp-json\/wp\/v2\/media\/21500"}],"wp:attachment":[{"href":"https:\/\/boskienasiona.pl\/en\/wp-json\/wp\/v2\/media?parent=21536"}],"wp:term":[{"taxonomy":"product_cat","embeddable":true,"href":"https:\/\/boskienasiona.pl\/en\/wp-json\/wp\/v2\/product_cat?post=21536"},{"taxonomy":"product_tag","embeddable":true,"href":"https:\/\/boskienasiona.pl\/en\/wp-json\/wp\/v2\/product_tag?post=21536"},{"taxonomy":"location","embeddable":true,"href":"https:\/\/boskienasiona.pl\/en\/wp-json\/wp\/v2\/location?post=21536"}],"curies":[{"name":"wp","href":"https:\/\/api.w.org\/{rel}","templated":true}]}}