{"id":21553,"date":"2025-02-03T10:39:02","date_gmt":"2025-02-03T09:39:02","guid":{"rendered":"https:\/\/boskienasiona.pl\/product\/nasiona-ziol-rumianek-pospolity-na-napary-leczniczy\/"},"modified":"2026-03-25T22:20:29","modified_gmt":"2026-03-25T21:20:29","slug":"nasiona-ziol-rumianek-pospolity-na-napary-leczniczy","status":"publish","type":"product","link":"https:\/\/boskienasiona.pl\/en\/produkt\/nasiona-ziol-rumianek-pospolity-na-napary-leczniczy\/","title":{"rendered":"Nasiona zi\u00f3\u0142 Rumianek Pospolity na napary LECZNICZY"},"content":{"rendered":"<section class=\"section\">\n<div class=\"item item-12\">\n<section class=\"text-item\">\n<h1>Nasiona zi\u00f3\u0142 Rumianek Pospolity na napary LECZNICZY<\/h1>\n<\/section><\/div>\n<\/section>\n<section class=\"section\">\n<div class=\"item item-6\">\n<section class=\"image-item\">\n            <img decoding=\"async\" src=\"https:\/\/upload.cdn.baselinker.com\/products\/3018170\/ba06541c0631194b0b0879f66d2acbbd.png\" \/><br \/>\n        <\/section>\n<\/p><\/div>\n<div class=\"item item-6\">\n<section class=\"text-item\">\n<p><b>Rumianek\u00a0pospolity<\/b><\/p>\n<p>Matricaria chamomilla<\/p>\n<p>Ro\u015blina jednoroczna dorastaj\u0105ca do\u00a0wysoko\u015bci 50 cm. Dla cel\u00f3w leczniczych zbiera\u00a0si\u0119 koszyczki kwiatowe na\u00a0pocz\u0105tku kwitnienia kiedy bia\u0142e p\u0142atki s\u0105 u\u0142o\u017cone p\u0142asko. Napar z\u00a0koszyczk\u00f3w stosuje\u00a0si\u0119 przy zaburzeniach \u017co\u0142\u0105dka, kolkach u\u00a0dzieci i\u00a0w\u00a0stanach gor\u0105czkowych, zewn\u0119trznie jako \u015brodek dezynfekuj\u0105cy. Olejek rumiankowy dzia\u0142a relaksacyjnie i\u00a0odpr\u0119\u017caj\u0105co, rozlu\u017ania napi\u0119te mi\u0119\u015bnie cia\u0142a. Siew po\u0142. VIII-IX, lub\u00a0wczesn\u0105 wiosn\u0105, nasion nie\u00a0przysypywa\u0107 tylko\u00a0delikatnie wcisn\u0105\u0107 w\u00a0ziemie. Wschody ukazuj\u0105\u00a0si\u0119 po\u00a01-2 tyg.<\/p>\n<p><b>\u2705Siew:<\/b> po\u0142. VIII \u2013 IX; IV-po\u0142. V<\/p>\n<p><b>\u2705Zbi\u00f3r:<\/b> V &#8211; VIII<\/p>\n<p><b>\u2705Rozstawa:<\/b> 25 x 30 cm<\/p>\n<p><b>\u2705Wysoko\u015bci:<\/b> 50 cm<\/p>\n<\/section><\/div>\n<\/section>\n<section class=\"section\">\n<div class=\"item item-6\">\n<section class=\"image-item\">\n            <img decoding=\"async\" src=\"https:\/\/upload.cdn.baselinker.com\/products\/3018170\/9d136304ad8078b5098a230f390e6972.png\" \/><br \/>\n        <\/section>\n<\/p><\/div>\n<div class=\"item item-6\">\n<section class=\"text-item\">\n<p><b>SPRAWDZONA JAKO\u015a\u0106 NASION<\/b><\/p>\n<p>Oferowane przez nas nasiona s\u0105 testowane w\u00a0<b>Laboratorium Oceny Nasion pod wzgl\u0119dem:<\/b><\/p>\n<p>\u2705<b>kie\u0142kowania<\/b><\/p>\n<p>\u2705<b>wilgotno\u015bci<\/b><\/p>\n<p>\u2705<b>czysto\u015bci ziarna<\/b><\/p>\n<p><b>Dzi\u0119ki czemu udost\u0119pniane nasiona s\u0105 \u015bci\u015ble wyselekcjonowane, tylko wysokiej klasy.<\/b><\/p>\n<p>Torebki zakupione na naszej aukcji s\u0105 w pe\u0142ni bezpieczne, posiadaj\u0105\u00a0<b>dat\u0119 wa\u017cno\u015bci i nr partii na opakowaniu.<\/b>\u00a0Gwarantujemy r\u00f3wnie\u017c jako\u015b\u0107 i oryginalno\u015b\u0107 produkt\u00f3w, poniewa\u017c s\u0105 nabywane bezpo\u015brednio od producenta.<\/p>\n<\/section><\/div>\n<\/section>\n<section class=\"section\">\n<div class=\"item item-6\">\n<section class=\"image-item\">\n            <img decoding=\"async\" src=\"https:\/\/upload.cdn.baselinker.com\/products\/3018170\/43b5098b05ecfbc78e15484e07207da0.jpg\" \/><br \/>\n        <\/section>\n<\/p><\/div>\n<div class=\"item item-6\">\n<section class=\"image-item\">\n            <img decoding=\"async\" src=\"https:\/\/upload.cdn.baselinker.com\/products\/3018170\/eeead022409aa5873756d23a2c90bbe5.jpg\" \/><br \/>\n        <\/section>\n<\/p><\/div>\n<\/section>\n","protected":false},"excerpt":{"rendered":"<p>Nasiona zi\u00f3\u0142 Rumianek Pospolity na napary LECZNICZY Rumianek\u00a0pospolity Matricaria chamomilla Ro\u015blina jednoroczna dorastaj\u0105ca do\u00a0wysoko\u015bci 50 cm. Dla cel\u00f3w leczniczych zbiera\u00a0si\u0119 koszyczki kwiatowe na\u00a0pocz\u0105tku kwitnienia kiedy bia\u0142e p\u0142atki s\u0105 u\u0142o\u017cone p\u0142asko. Napar z\u00a0koszyczk\u00f3w stosuje\u00a0si\u0119 przy zaburzeniach \u017co\u0142\u0105dka, kolkach u\u00a0dzieci i\u00a0w\u00a0stanach gor\u0105czkowych, zewn\u0119trznie jako \u015brodek dezynfekuj\u0105cy. Olejek rumiankowy dzia\u0142a relaksacyjnie i\u00a0odpr\u0119\u017caj\u0105co, rozlu\u017ania napi\u0119te mi\u0119\u015bnie cia\u0142a. Siew po\u0142&#8230;.<\/p>\n","protected":false},"featured_media":21493,"comment_status":"open","ping_status":"closed","template":"","meta":{"inline_featured_image":false},"product_cat":[128,162],"product_tag":[],"location":[],"class_list":{"0":"post-21553","1":"product","2":"type-product","3":"status-publish","4":"has-post-thumbnail","6":"product_cat-nasiona-ziol","7":"product_cat-nasiona","8":"nt-post-class","9":"","12":"excerpt-none","15":"first","16":"instock","17":"shipping-taxable","18":"purchasable","19":"product-type-simple"},"_links":{"self":[{"href":"https:\/\/boskienasiona.pl\/en\/wp-json\/wp\/v2\/product\/21553","targetHints":{"allow":["GET"]}}],"collection":[{"href":"https:\/\/boskienasiona.pl\/en\/wp-json\/wp\/v2\/product"}],"about":[{"href":"https:\/\/boskienasiona.pl\/en\/wp-json\/wp\/v2\/types\/product"}],"replies":[{"embeddable":true,"href":"https:\/\/boskienasiona.pl\/en\/wp-json\/wp\/v2\/comments?post=21553"}],"version-history":[{"count":0,"href":"https:\/\/boskienasiona.pl\/en\/wp-json\/wp\/v2\/product\/21553\/revisions"}],"wp:featuredmedia":[{"embeddable":true,"href":"https:\/\/boskienasiona.pl\/en\/wp-json\/wp\/v2\/media\/21493"}],"wp:attachment":[{"href":"https:\/\/boskienasiona.pl\/en\/wp-json\/wp\/v2\/media?parent=21553"}],"wp:term":[{"taxonomy":"product_cat","embeddable":true,"href":"https:\/\/boskienasiona.pl\/en\/wp-json\/wp\/v2\/product_cat?post=21553"},{"taxonomy":"product_tag","embeddable":true,"href":"https:\/\/boskienasiona.pl\/en\/wp-json\/wp\/v2\/product_tag?post=21553"},{"taxonomy":"location","embeddable":true,"href":"https:\/\/boskienasiona.pl\/en\/wp-json\/wp\/v2\/location?post=21553"}],"curies":[{"name":"wp","href":"https:\/\/api.w.org\/{rel}","templated":true}]}}