{"id":21562,"date":"2025-02-03T10:39:11","date_gmt":"2025-02-03T09:39:11","guid":{"rendered":"https:\/\/boskienasiona.pl\/product\/nasiona-stewia-rebaudiana-natoralny-slodzik-slodsza-od-cukru\/"},"modified":"2026-04-19T14:18:18","modified_gmt":"2026-04-19T12:18:18","slug":"nasiona-stewia-rebaudiana-natoralny-slodzik-slodsza-od-cukru","status":"publish","type":"product","link":"https:\/\/boskienasiona.pl\/en\/produkt\/nasiona-stewia-rebaudiana-natoralny-slodzik-slodsza-od-cukru\/","title":{"rendered":"Nasiona stewia rebaudiana NAT\u00d3RALNY S\u0141ODZIK S\u0141ODSZA OD CUKRU"},"content":{"rendered":"<section class=\"section\">\n<div class=\"item item-12\">\n<section class=\"text-item\">\n<h1>Nasiona stewia rebaudiana NATURALNY S\u0141ODZIK S\u0141ODSZA OD CUKRU<\/h1>\n<\/section><\/div>\n<\/section>\n<section class=\"section\">\n<div class=\"item item-6\">\n<section class=\"image-item\"><img decoding=\"async\" src=\"https:\/\/upload.cdn.baselinker.com\/products\/3018170\/05e9a546afd5dacd7cb40248e10dcdc1.png\" \/><\/section>\n<\/p><\/div>\n<div class=\"item item-6\">\n<section class=\"text-item\">\n<p><b>Stewia<\/b><\/p>\n<p>Stevia rebaudiana<\/p>\n<p>Ro\u015blina jednoroczna o\u00a0wyj\u0105tkowo s\u0142odkich li\u015bciach, 20 razy\u00a0s\u0142odszych od\u00a0cukru i\u00a0jednocze\u015bnie zawieraj\u0105cych bardzo ma\u0142o kalorii. U\u017cywana jako naturalny s\u0142odzik do\u00a0s\u0142odzenia napoj\u00f3w i\u00a0potraw. Zalecane dla os\u00f3b chory na\u00a0cukrzyce, nadci\u015bnienie lub\u00a0porostu dbaj\u0105cych o\u00a0linie. Stewiozydy nadaj\u0105ce li\u015bciom s\u0142odki smak odporne s\u0105 na\u00a0wysok\u0105 temperatur\u0119 w\u00a0zwi\u0105zku z\u00a0tym mo\u017ce by\u0107 u\u017cywana do\u00a0pieczenia i\u00a0gotowania.\u00a0<b>Stewia<\/b>\u00a0najlepiej ro\u015bnie w\u00a0pe\u0142nym s\u0142o\u0144cu i\u00a0w\u00a0przepuszczalnym pod\u0142o\u017cu. Wysiew nasion III-V do\u00a0doniczek na\u00a0parapecie okiennym. Nie\u00a0przykrywa\u0107 nasion gdy\u017c \u015bwiat\u0142o wp\u0142ywa korzystnie na\u00a0kie\u0142kowanie. W\u00a0domu stewie mo\u017cna uprawia\u0107 przez ca\u0142y rok. Wysadzanie na\u00a0miejsce sta\u0142e po\u0142owa V.<\/p>\n<p><b>\u2705Siew:<\/b> III-V<\/p>\n<p><b>\u2705Zbi\u00f3r:<\/b> IX-X<\/p>\n<p><b>\u2705Rozstawa:<\/b> 65 x 20 cm<\/p>\n<p><b>\u2705Wysoko\u015bci:<\/b> 30-35 cm<\/p>\n<\/section><\/div>\n<\/section>\n<section class=\"section\">\n<div class=\"item item-6\">\n<section class=\"image-item\"><img decoding=\"async\" src=\"https:\/\/upload.cdn.baselinker.com\/products\/3018170\/6564818d412ccab77017269d717d3e2e.png\" \/><\/section>\n<\/p><\/div>\n<div class=\"item item-6\">\n<section class=\"text-item\">\n<p><b>SPRAWDZONA JAKO\u015a\u0106 NASION<\/b><\/p>\n<p>Oferowane przez nas nasiona s\u0105 testowane w\u00a0<b>Laboratorium Oceny Nasion pod wzgl\u0119dem:<\/b><\/p>\n<p>\u2705<b>kie\u0142kowania<\/b><\/p>\n<p>\u2705<b>wilgotno\u015bci<\/b><\/p>\n<p>\u2705<b>czysto\u015bci ziarna<\/b><\/p>\n<p><b>Dzi\u0119ki czemu udost\u0119pniane nasiona s\u0105 \u015bci\u015ble wyselekcjonowane, tylko wysokiej klasy.<\/b><\/p>\n<p>Torebki zakupione na naszej aukcji s\u0105 w pe\u0142ni bezpieczne, posiadaj\u0105\u00a0<b>dat\u0119 wa\u017cno\u015bci i nr partii na opakowaniu.<\/b>\u00a0Gwarantujemy r\u00f3wnie\u017c jako\u015b\u0107 i oryginalno\u015b\u0107 produkt\u00f3w, poniewa\u017c s\u0105 nabywane bezpo\u015brednio od producenta.<\/p>\n<\/section><\/div>\n<\/section>\n<section class=\"section\">\n<div class=\"item item-6\">\n<section class=\"image-item\"><img decoding=\"async\" src=\"https:\/\/upload.cdn.baselinker.com\/products\/3018170\/f45d84522efe5780fa232c28449866cd.jpg\" \/><\/section>\n<\/p><\/div>\n<div class=\"item item-6\">\n<section class=\"image-item\"><img decoding=\"async\" src=\"https:\/\/upload.cdn.baselinker.com\/products\/3018170\/c6b941019bfac395372c77ecf2ff6356.jpg\" \/><\/section>\n<\/p><\/div>\n<\/section>\n","protected":false},"excerpt":{"rendered":"<p>Nasiona stewia rebaudiana NATURALNY S\u0141ODZIK S\u0141ODSZA OD CUKRU Stewia Stevia rebaudiana Ro\u015blina jednoroczna o\u00a0wyj\u0105tkowo s\u0142odkich li\u015bciach, 20 razy\u00a0s\u0142odszych od\u00a0cukru i\u00a0jednocze\u015bnie zawieraj\u0105cych bardzo ma\u0142o kalorii. U\u017cywana jako naturalny s\u0142odzik do\u00a0s\u0142odzenia napoj\u00f3w i\u00a0potraw. Zalecane dla os\u00f3b chory na\u00a0cukrzyce, nadci\u015bnienie lub\u00a0porostu dbaj\u0105cych o\u00a0linie. Stewiozydy nadaj\u0105ce li\u015bciom s\u0142odki smak odporne s\u0105 na\u00a0wysok\u0105 temperatur\u0119 w\u00a0zwi\u0105zku z\u00a0tym mo\u017ce by\u0107 u\u017cywana do\u00a0pieczenia&#8230;<\/p>\n","protected":false},"featured_media":21514,"comment_status":"open","ping_status":"closed","template":"","meta":{"inline_featured_image":false},"product_cat":[126,162],"product_tag":[],"location":[],"class_list":{"0":"post-21562","1":"product","2":"type-product","3":"status-publish","4":"has-post-thumbnail","6":"product_cat-nasiona-warzyw","7":"product_cat-nasiona","8":"nt-post-class","9":"","12":"excerpt-none","15":"first","16":"instock","17":"shipping-taxable","18":"purchasable","19":"product-type-simple"},"_links":{"self":[{"href":"https:\/\/boskienasiona.pl\/en\/wp-json\/wp\/v2\/product\/21562","targetHints":{"allow":["GET"]}}],"collection":[{"href":"https:\/\/boskienasiona.pl\/en\/wp-json\/wp\/v2\/product"}],"about":[{"href":"https:\/\/boskienasiona.pl\/en\/wp-json\/wp\/v2\/types\/product"}],"replies":[{"embeddable":true,"href":"https:\/\/boskienasiona.pl\/en\/wp-json\/wp\/v2\/comments?post=21562"}],"version-history":[{"count":0,"href":"https:\/\/boskienasiona.pl\/en\/wp-json\/wp\/v2\/product\/21562\/revisions"}],"wp:featuredmedia":[{"embeddable":true,"href":"https:\/\/boskienasiona.pl\/en\/wp-json\/wp\/v2\/media\/21514"}],"wp:attachment":[{"href":"https:\/\/boskienasiona.pl\/en\/wp-json\/wp\/v2\/media?parent=21562"}],"wp:term":[{"taxonomy":"product_cat","embeddable":true,"href":"https:\/\/boskienasiona.pl\/en\/wp-json\/wp\/v2\/product_cat?post=21562"},{"taxonomy":"product_tag","embeddable":true,"href":"https:\/\/boskienasiona.pl\/en\/wp-json\/wp\/v2\/product_tag?post=21562"},{"taxonomy":"location","embeddable":true,"href":"https:\/\/boskienasiona.pl\/en\/wp-json\/wp\/v2\/location?post=21562"}],"curies":[{"name":"wp","href":"https:\/\/api.w.org\/{rel}","templated":true}]}}