{"id":21581,"date":"2025-02-03T10:39:29","date_gmt":"2025-02-03T09:39:29","guid":{"rendered":"https:\/\/boskienasiona.pl\/product\/nasiona-kwiatow-gozdzik-pierzasty-mix-pachnacy-o-polpelnych-kwiatach\/"},"modified":"2026-04-17T14:21:16","modified_gmt":"2026-04-17T12:21:16","slug":"nasiona-kwiatow-gozdzik-pierzasty-mix-pachnacy-o-polpelnych-kwiatach","status":"publish","type":"product","link":"https:\/\/boskienasiona.pl\/en\/produkt\/nasiona-kwiatow-gozdzik-pierzasty-mix-pachnacy-o-polpelnych-kwiatach\/","title":{"rendered":"Nasiona kwiat\u00f3w Go\u017adzik pierzasty MIX Pachn\u0105cy o p\u00f3\u0142pe\u0142nych kwiatach"},"content":{"rendered":"<section class=\"section\">\n<div class=\"item item-12\">\n<section class=\"text-item\">\n<h1>Nasiona kwiat\u00f3w Go\u017adzik pierzasty MIX Pachn\u0105cy o p\u00f3\u0142pe\u0142nych kwiatach<\/h1>\n<\/section><\/div>\n<\/section>\n<section class=\"section\">\n<div class=\"item item-6\">\n<section class=\"image-item\">\n            <img decoding=\"async\" src=\"https:\/\/upload.cdn.baselinker.com\/products\/3018170\/8838e79beae0a26a5de8a25417c8e1be.png\" \/><br \/>\n        <\/section>\n<\/p><\/div>\n<div class=\"item item-6\">\n<section class=\"text-item\">\n<p><b>Go\u017adzik pierzasty mieszanka &#8211; Spring Beauty<\/b><\/p>\n<p>Dianthus plumarius<\/p>\n<p>Ro\u015blina wieloletnia, wysoko\u015bci 30 cm, pi\u0119knie pachn\u0105ca o\u00a0postrz\u0119pionych p\u00f3\u0142pe\u0142nych kwiatach w\u00a0r\u00f3\u017cnych kolorach i\u00a0trawiastych sinozielonych li\u015bciach. Ro\u015blina tworzy barwne kobierce bardzo obficie i\u00a0d\u0142ugo kwitn\u0105ce (VI-VIII). Ro\u015bnie nawet na\u00a0stanowiskach suchych i\u00a0nieco ciemnych. Tworzy zgrabne srebrne k\u0119py w\u00a0ogrodach skalnych, skarpach i\u00a0murkach kwiatowych. Wysiew nasion w\u00a0kwietniu-czerwcu. Na\u00a0miejsce sta\u0142e wysadza\u0107 p\u00f3\u017anym latem w\u00a0rozstawie 20&#215;25 cm.<\/p>\n<ul>\n<li><b>Wysoko\u015b\u0107:<\/b> 30 cm<\/li>\n<li><b>Siew:<\/b> IV-VI<\/li>\n<li><b>Kwitnienie:<\/b> VI-VIII<\/li>\n<li><b>Rozstawa:<\/b> 20&#215;25 cm<\/li>\n<\/ul>\n<\/section><\/div>\n<\/section>\n<section class=\"section\">\n<div class=\"item item-6\">\n<section class=\"image-item\">\n            <img decoding=\"async\" src=\"https:\/\/upload.cdn.baselinker.com\/products\/3018170\/cf9027d4392385be29eb7d34050f8554.png\" \/><br \/>\n        <\/section>\n<\/p><\/div>\n<div class=\"item item-6\">\n<section class=\"text-item\">\n<p><b>SPRAWDZONA JAKO\u015a\u0106 NASION<\/b><\/p>\n<p>Oferowane przez nas nasiona s\u0105 testowane w\u00a0<b>Laboratorium Oceny Nasion pod wzgl\u0119dem:<\/b><\/p>\n<p>\u2705<b>kie\u0142kowania<\/b><\/p>\n<p>\u2705<b>wilgotno\u015bci<\/b><\/p>\n<p>\u2705<b>czysto\u015bci ziarna<\/b><\/p>\n<p><b>Dzi\u0119ki czemu udost\u0119pniane nasiona s\u0105 \u015bci\u015ble wyselekcjonowane, tylko wysokiej klasy.<\/b><\/p>\n<p>Torebki zakupione na naszej aukcji s\u0105 w pe\u0142ni bezpieczne, posiadaj\u0105\u00a0<b>dat\u0119 wa\u017cno\u015bci i nr partii na opakowaniu.<\/b>\u00a0Gwarantujemy r\u00f3wnie\u017c jako\u015b\u0107 i oryginalno\u015b\u0107 produkt\u00f3w, poniewa\u017c s\u0105 nabywane bezpo\u015brednio od producenta.<\/p>\n<\/section><\/div>\n<\/section>\n<section class=\"section\">\n<div class=\"item item-12\">\n<section class=\"image-item\">\n            <img decoding=\"async\" src=\"https:\/\/upload.cdn.baselinker.com\/products\/3018170\/5fda026ff85d8708204147fa570087ee.jpg\" \/><br \/>\n        <\/section>\n<\/p><\/div>\n<\/section>\n","protected":false},"excerpt":{"rendered":"<p>Nasiona kwiat\u00f3w Go\u017adzik pierzasty MIX Pachn\u0105cy o p\u00f3\u0142pe\u0142nych kwiatach Go\u017adzik pierzasty mieszanka &#8211; Spring Beauty Dianthus plumarius Ro\u015blina wieloletnia, wysoko\u015bci 30 cm, pi\u0119knie pachn\u0105ca o\u00a0postrz\u0119pionych p\u00f3\u0142pe\u0142nych kwiatach w\u00a0r\u00f3\u017cnych kolorach i\u00a0trawiastych sinozielonych li\u015bciach. Ro\u015blina tworzy barwne kobierce bardzo obficie i\u00a0d\u0142ugo kwitn\u0105ce (VI-VIII). Ro\u015bnie nawet na\u00a0stanowiskach suchych i\u00a0nieco ciemnych. Tworzy zgrabne srebrne k\u0119py w\u00a0ogrodach skalnych, skarpach i\u00a0murkach&#8230;<\/p>\n","protected":false},"featured_media":21545,"comment_status":"open","ping_status":"closed","template":"","meta":{"inline_featured_image":false},"product_cat":[134,162,183,182],"product_tag":[],"location":[],"class_list":{"0":"post-21581","1":"product","2":"type-product","3":"status-publish","4":"has-post-thumbnail","6":"product_cat-nasiona-kwiatow","7":"product_cat-nasiona","8":"product_cat-nasiona-kwiatow-ogrodowych","9":"product_cat-nasiona-kwiaty-doniczkowe","10":"nt-post-class","11":"","14":"excerpt-none","17":"first","18":"instock","19":"shipping-taxable","20":"purchasable","21":"product-type-simple"},"_links":{"self":[{"href":"https:\/\/boskienasiona.pl\/en\/wp-json\/wp\/v2\/product\/21581","targetHints":{"allow":["GET"]}}],"collection":[{"href":"https:\/\/boskienasiona.pl\/en\/wp-json\/wp\/v2\/product"}],"about":[{"href":"https:\/\/boskienasiona.pl\/en\/wp-json\/wp\/v2\/types\/product"}],"replies":[{"embeddable":true,"href":"https:\/\/boskienasiona.pl\/en\/wp-json\/wp\/v2\/comments?post=21581"}],"version-history":[{"count":1,"href":"https:\/\/boskienasiona.pl\/en\/wp-json\/wp\/v2\/product\/21581\/revisions"}],"predecessor-version":[{"id":22528,"href":"https:\/\/boskienasiona.pl\/en\/wp-json\/wp\/v2\/product\/21581\/revisions\/22528"}],"wp:featuredmedia":[{"embeddable":true,"href":"https:\/\/boskienasiona.pl\/en\/wp-json\/wp\/v2\/media\/21545"}],"wp:attachment":[{"href":"https:\/\/boskienasiona.pl\/en\/wp-json\/wp\/v2\/media?parent=21581"}],"wp:term":[{"taxonomy":"product_cat","embeddable":true,"href":"https:\/\/boskienasiona.pl\/en\/wp-json\/wp\/v2\/product_cat?post=21581"},{"taxonomy":"product_tag","embeddable":true,"href":"https:\/\/boskienasiona.pl\/en\/wp-json\/wp\/v2\/product_tag?post=21581"},{"taxonomy":"location","embeddable":true,"href":"https:\/\/boskienasiona.pl\/en\/wp-json\/wp\/v2\/location?post=21581"}],"curies":[{"name":"wp","href":"https:\/\/api.w.org\/{rel}","templated":true}]}}