{"id":21586,"date":"2025-02-03T10:39:36","date_gmt":"2025-02-03T09:39:36","guid":{"rendered":"https:\/\/boskienasiona.pl\/product\/nasiona-ziol-szalwie-szalwia-lekarska-na-stany-zapalne-organizmu\/"},"modified":"2026-04-17T14:21:19","modified_gmt":"2026-04-17T12:21:19","slug":"nasiona-ziol-szalwie-szalwia-lekarska-na-stany-zapalne-organizmu","status":"publish","type":"product","link":"https:\/\/boskienasiona.pl\/en\/produkt\/nasiona-ziol-szalwie-szalwia-lekarska-na-stany-zapalne-organizmu\/","title":{"rendered":"Nasiona Zi\u00f3\u0142 sza\u0142wie Sza\u0142wia Lekarska na stany zapalne organizmu"},"content":{"rendered":"<section class=\"section\">\n<div class=\"item item-12\">\n<section class=\"text-item\">\n<h1>Nasiona Zi\u00f3\u0142 sza\u0142wie Sza\u0142wia Lekarska na stany zapalne organizmu<\/h1>\n<\/section><\/div>\n<\/section>\n<section class=\"section\">\n<div class=\"item item-6\">\n<section class=\"image-item\"><img decoding=\"async\" src=\"https:\/\/upload.cdn.baselinker.com\/products\/3018170\/0279c99860bba7820ba96764eec17f4f.png\" \/><\/section>\n<\/p><\/div>\n<div class=\"item item-6\">\n<section class=\"text-item\">\n<p><b>Sza\u0142wia\u00a0lekarska<\/b><\/p>\n<p>Salvia officinalis<\/p>\n<p>Ro\u015blina wieloletnia, u\u017cytkowana jako surowiec zielarski, reguluje trawienie, s\u0142u\u017cy do\u00a0p\u0142ukania gard\u0142a, dzi\u0105se\u0142 i\u00a0jamy ustnej, a\u00a0sporz\u0105dzone z\u00a0niej napary \u0142agodz\u0105 stany zapalne organizmu. Jest cennym dodatkiem przyprawowym do\u00a0da\u0144 mi\u0119snych, ciast, deser\u00f3w i\u00a0sa\u0142atek. Siew nasion pod\u00a0os\u0142ony w\u00a0IV. Wysadzanie rozsady w\u00a0V\/VI. Zbi\u00f3r w\u00a0pierwszym roku w\u00a0VIII\/IX.<\/p>\n<ul>\n<li><b>Siew:<\/b> po\u0142owa IV-VI<\/li>\n<li><b>Zbi\u00f3r:<\/b> po\u0142owa VIII -IX<\/li>\n<li><b>Rozstawa:<\/b> 40 x 30 cm<\/li>\n<li><b>Wysoko\u015bci:<\/b> 40-60 cm<\/li>\n<\/ul>\n<\/section><\/div>\n<\/section>\n<section class=\"section\">\n<div class=\"item item-6\">\n<section class=\"image-item\"><img decoding=\"async\" src=\"\" \/><\/section>\n<\/p><\/div>\n<div class=\"item item-6\">\n<section class=\"text-item\">\n<p><b>SPRAWDZONA JAKO\u015a\u0106 NASION<\/b><\/p>\n<p>Oferowane przez nas nasiona s\u0105 testowane w\u00a0<b>Laboratorium Oceny Nasion pod wzgl\u0119dem:<\/b><\/p>\n<p>\u2705<b>kie\u0142kowania<\/b><\/p>\n<p>\u2705<b>wilgotno\u015bci<\/b><\/p>\n<p>\u2705<b>czysto\u015bci ziarna<\/b><\/p>\n<p><b>Dzi\u0119ki czemu udost\u0119pniane nasiona s\u0105 \u015bci\u015ble wyselekcjonowane, tylko wysokiej klasy.<\/b><\/p>\n<p>Torebki zakupione na naszej aukcji s\u0105 w pe\u0142ni bezpieczne, posiadaj\u0105\u00a0<b>dat\u0119 wa\u017cno\u015bci i nr partii na opakowaniu.<\/b>\u00a0Gwarantujemy r\u00f3wnie\u017c jako\u015b\u0107 i oryginalno\u015b\u0107 produkt\u00f3w, poniewa\u017c s\u0105 nabywane bezpo\u015brednio od producenta.<\/p>\n<\/section><\/div>\n<\/section>\n<section class=\"section\">\n<div class=\"item item-6\">\n<section class=\"image-item\"><img decoding=\"async\" src=\"https:\/\/upload.cdn.baselinker.com\/products\/3018170\/e00dc5f83083bbbd55054265b3aea6f3.jpg\" \/><\/section>\n<\/p><\/div>\n<div class=\"item item-6\">\n<section class=\"image-item\"><img decoding=\"async\" src=\"https:\/\/upload.cdn.baselinker.com\/products\/3018170\/2cbfe3bbb6a8bab668887c6bfa330311.jpg\" \/><\/section>\n<\/p><\/div>\n<\/section>\n","protected":false},"excerpt":{"rendered":"<p>Nasiona Zi\u00f3\u0142 sza\u0142wie Sza\u0142wia Lekarska na stany zapalne organizmu Sza\u0142wia\u00a0lekarska Salvia officinalis Ro\u015blina wieloletnia, u\u017cytkowana jako surowiec zielarski, reguluje trawienie, s\u0142u\u017cy do\u00a0p\u0142ukania gard\u0142a, dzi\u0105se\u0142 i\u00a0jamy ustnej, a\u00a0sporz\u0105dzone z\u00a0niej napary \u0142agodz\u0105 stany zapalne organizmu. Jest cennym dodatkiem przyprawowym do\u00a0da\u0144 mi\u0119snych, ciast, deser\u00f3w i\u00a0sa\u0142atek. Siew nasion pod\u00a0os\u0142ony w\u00a0IV. Wysadzanie rozsady w\u00a0V\/VI. Zbi\u00f3r w\u00a0pierwszym roku w\u00a0VIII\/IX. Siew: po\u0142owa&#8230;<\/p>\n","protected":false},"featured_media":21558,"comment_status":"open","ping_status":"closed","template":"","meta":{"inline_featured_image":false},"product_cat":[128,162],"product_tag":[],"location":[],"class_list":{"0":"post-21586","1":"product","2":"type-product","3":"status-publish","4":"has-post-thumbnail","6":"product_cat-nasiona-ziol","7":"product_cat-nasiona","8":"nt-post-class","9":"","12":"excerpt-none","15":"first","16":"instock","17":"shipping-taxable","18":"purchasable","19":"product-type-simple"},"_links":{"self":[{"href":"https:\/\/boskienasiona.pl\/en\/wp-json\/wp\/v2\/product\/21586","targetHints":{"allow":["GET"]}}],"collection":[{"href":"https:\/\/boskienasiona.pl\/en\/wp-json\/wp\/v2\/product"}],"about":[{"href":"https:\/\/boskienasiona.pl\/en\/wp-json\/wp\/v2\/types\/product"}],"replies":[{"embeddable":true,"href":"https:\/\/boskienasiona.pl\/en\/wp-json\/wp\/v2\/comments?post=21586"}],"version-history":[{"count":0,"href":"https:\/\/boskienasiona.pl\/en\/wp-json\/wp\/v2\/product\/21586\/revisions"}],"wp:featuredmedia":[{"embeddable":true,"href":"https:\/\/boskienasiona.pl\/en\/wp-json\/wp\/v2\/media\/21558"}],"wp:attachment":[{"href":"https:\/\/boskienasiona.pl\/en\/wp-json\/wp\/v2\/media?parent=21586"}],"wp:term":[{"taxonomy":"product_cat","embeddable":true,"href":"https:\/\/boskienasiona.pl\/en\/wp-json\/wp\/v2\/product_cat?post=21586"},{"taxonomy":"product_tag","embeddable":true,"href":"https:\/\/boskienasiona.pl\/en\/wp-json\/wp\/v2\/product_tag?post=21586"},{"taxonomy":"location","embeddable":true,"href":"https:\/\/boskienasiona.pl\/en\/wp-json\/wp\/v2\/location?post=21586"}],"curies":[{"name":"wp","href":"https:\/\/api.w.org\/{rel}","templated":true}]}}