{"id":21603,"date":"2025-02-03T10:40:00","date_gmt":"2025-02-03T09:40:00","guid":{"rendered":"https:\/\/boskienasiona.pl\/product\/nasiona-kwiatow-meczennica-passiflora-niebieska-wieloletnie-pnacze\/"},"modified":"2026-04-18T06:16:27","modified_gmt":"2026-04-18T04:16:27","slug":"meczennica-passiflora-nasiona-kwiatow","status":"publish","type":"product","link":"https:\/\/boskienasiona.pl\/en\/produkt\/meczennica-passiflora-nasiona-kwiatow\/","title":{"rendered":"M\u0119czennica niebieska Passiflora \u2013 nasiona kwiat\u00f3w wieloletnich"},"content":{"rendered":"<section class=\"section\">\n<div class=\"item item-12\">\n<section class=\"text-item\">\n<h2 style=\"text-align: center;\">M\u0119czennica niebieska Passiflora \u2013 nasiona kwiat\u00f3w wieloletnich<\/h2>\n<\/section>\n<\/div>\n<\/section>\n<section class=\"section\">\n<div class=\"item item-6\">\n<section class=\"image-item\"><img fetchpriority=\"high\" decoding=\"async\" class=\"aligncenter\" src=\"https:\/\/upload.cdn.baselinker.com\/products\/3018170\/8dc75db48e365dc0de90c7bd343fd292.png\" alt=\"\" width=\"500\" height=\"500\" \/><\/section>\n<\/div>\n<div class=\"item item-6\">\n<section class=\"text-item\"><b>M\u0119czennica, passiflora &#8211; niebieska<br \/>\n<\/b>Passiflora caerulea<\/section>\n<section><\/section>\n<h2 class=\"text-item\">M\u0119czennica niebieska (Passiflora caerulea) \u2013 efektowne pn\u0105cze z egzotycznym charakterem<\/h2>\n<section class=\"text-item\">Szukasz ro\u015bliny, kt\u00f3ra nie tylko ozdobi Tw\u00f3j ogr\u00f3d lub balkon, ale tak\u017ce wprowadzi do niego odrobin\u0119 egzotyki? <strong>M\u0119czennica niebieska<\/strong> to doskona\u0142y wyb\u00f3r! To niezwykle dekoracyjne pn\u0105cze zachwyca nietuzinkowymi kwiatami i \u0142atwo dopasowuje si\u0119 do r\u00f3\u017cnorodnych warunk\u00f3w uprawowych. Idealna propozycja dla os\u00f3b, kt\u00f3re chc\u0105 wzbogaci\u0107 sw\u00f3j ogr\u00f3d o <strong>kwiaty z nasion wieloletnie<\/strong>.Produkt pochodzi od renomowanej marki <strong>Toraf<\/strong>, znanej z wysokiej jako\u015bci <strong><a href=\"https:\/\/boskienasiona.pl\/kategoria\/nasiona\/\">nasion ogrodniczych<\/a><\/strong>.<\/p>\n<h2>Dlaczego warto wybra\u0107 m\u0119czennic\u0119 niebiesk\u0105?<\/h2>\n<ul>\n<li><strong>Efektowny wygl\u0105d<\/strong>: Kwiaty passiflory maj\u0105 \u015brednic\u0119 6\u201310 cm i wyr\u00f3\u017cniaj\u0105 si\u0119 bia\u0142o-niebiesk\u0105 kolorystyk\u0105 oraz niezwyk\u0142\u0105 budow\u0105.<\/li>\n<li><strong>Wieloletnia ozdoba<\/strong>: Ro\u015blina jest wieloletnia, co oznacza, \u017ce b\u0119dziesz cieszy\u0107 si\u0119 jej urod\u0105 przez wiele sezon\u00f3w.<\/li>\n<li><strong>Szybki wzrost<\/strong>: W doniczce dorasta do 1\u20132 m, a w gruncie, w sprzyjaj\u0105cych warunkach, nawet do 3 m.<\/li>\n<li><strong>Uprawa w doniczce i gruncie<\/strong>: Passiflora sprawdzi si\u0119 zar\u00f3wno jako ro\u015blina doniczkowa w domu, jak i ogrodowa na zewn\u0105trz.<\/li>\n<\/ul>\n<h2>Nasiona kwiat\u00f3w wieloletnich \u2013 jako\u015b\u0107, kt\u00f3rej mo\u017cesz zaufa\u0107<\/h2>\n<p>Oferowane przez nas <strong>nasiona kwiat\u00f3w wieloletnich<\/strong> s\u0105 starannie wyselekcjonowane i <strong>przetestowane w Laboratorium Oceny Nasion<\/strong>. Kontrolowane s\u0105:<\/p>\n<ul>\n<li><strong>kie\u0142kowanie<\/strong><\/li>\n<li><strong>wilgotno\u015b\u0107<\/strong><\/li>\n<li><strong>czysto\u015b\u0107 ziarna<\/strong><\/li>\n<\/ul>\n<p>Ka\u017cda torebka posiada numer partii oraz dat\u0119 wa\u017cno\u015bci, co gwarantuje najwy\u017cszy standard i \u015bwie\u017co\u015b\u0107 nasion.<\/p>\n<h2>Wymagania uprawowe m\u0119czennicy niebieskiej<\/h2>\n<ul>\n<li><strong>Siew<\/strong>: Ca\u0142y rok (w domu).<\/li>\n<li><strong>Rozstawa<\/strong>: 25-30\u00d710 cm \u2013 zapewnij ro\u015blinie przestrze\u0144 do rozwoju.<\/li>\n<li><strong>Stanowisko<\/strong>: S\u0142oneczne, os\u0142oni\u0119te od wiatru.<\/li>\n<li><strong>Podlewanie<\/strong>: Regularne, umiarkowane.<\/li>\n<li><strong>Kwitnienie<\/strong>: Od maja do wrze\u015bnia.<\/li>\n<\/ul>\n<p>Uprawa z nasion jest prosta i satysfakcjonuj\u0105ca, a efekty potrafi\u0105 zachwyci\u0107 ka\u017cdego ogrodnika.<\/p>\n<h2>Kwiaty z nasion wieloletnie \u2013 naturalna ozdoba ogrodu<\/h2>\n<p><strong>M\u0119czennica niebieska<\/strong> to \u015bwietne uzupe\u0142nienie kompozycji z innymi <strong>kwiatami wieloletnimi<\/strong>. Jej d\u0142ugie p\u0119dy efektownie oplataj\u0105 pergole i kratki, tworz\u0105c naturaln\u0105 os\u0142on\u0119 na balkonach i tarasach. Ro\u015blina ta jest ma\u0142o wymagaj\u0105ca, dynamicznie si\u0119 rozrasta i d\u0142ugo kwitnie, co czyni j\u0105 idealnym wyborem do r\u00f3\u017cnorodnych aran\u017cacji ogrodowych.<\/p>\n<h2>Podsumowanie \u2013 postaw na jako\u015b\u0107 i egzotyk\u0119<\/h2>\n<p>Je\u015bli interesuj\u0105 Ci\u0119 <strong>nasiona kwiaty wieloletnie<\/strong>, postaw na sprawdzone rozwi\u0105zanie, jakim jest <strong>m\u0119czennica niebieska<\/strong>. Pi\u0119kne kwiaty, egzotyczny wygl\u0105d, mo\u017cliwo\u015b\u0107 uprawy przez ca\u0142y rok \u2013 to ro\u015blina, kt\u00f3ra na pewno Ci\u0119 nie zawiedzie. W naszej ofercie znajdziesz szeroki wyb\u00f3r <strong>nasiona kwiaty wieloletnie<\/strong>, idealnych do ogrodu i na balkon.<\/p>\n<p><strong>Zam\u00f3w nasiona m\u0119czennicy ju\u017c dzi\u015b i stw\u00f3rz niepowtarzalny klimat w swoim ogrodzie!<\/strong><\/p>\n<\/section>\n<\/div>\n<\/section>\n<section class=\"section\">\n<div class=\"item item-6\"><\/div>\n<\/section>\n<section class=\"section\">\n<div class=\"item item-12\">\n<section class=\"image-item\"><img decoding=\"async\" src=\"https:\/\/upload.cdn.baselinker.com\/products\/3018170\/f05f0f3b7defc87f733946308a14f0ef.jpg\" \/><\/section>\n<\/div>\n<\/section>\n<section class=\"section\">\n<div class=\"item item-12\">\n<section class=\"image-item\"><img decoding=\"async\" src=\"https:\/\/upload.cdn.baselinker.com\/products\/3018170\/4efd001c64be8f57d869915596532be7.jpg\" \/><\/section>\n<\/div>\n<\/section>\n","protected":false},"excerpt":{"rendered":"<p>M\u0119czennica niebieska Passiflora \u2013 nasiona kwiat\u00f3w wieloletnich M\u0119czennica, passiflora &#8211; niebieska Passiflora caerulea M\u0119czennica niebieska (Passiflora caerulea) \u2013 efektowne pn\u0105cze z egzotycznym charakterem Szukasz ro\u015bliny, kt\u00f3ra nie tylko ozdobi Tw\u00f3j ogr\u00f3d lub balkon, ale tak\u017ce wprowadzi do niego odrobin\u0119 egzotyki? M\u0119czennica niebieska to doskona\u0142y wyb\u00f3r! To niezwykle dekoracyjne pn\u0105cze zachwyca nietuzinkowymi kwiatami i \u0142atwo dopasowuje&#8230;<\/p>\n","protected":false},"featured_media":21584,"comment_status":"open","ping_status":"closed","template":"","meta":{"inline_featured_image":false},"product_cat":[134,162],"product_tag":[],"location":[],"class_list":{"0":"post-21603","1":"product","2":"type-product","3":"status-publish","4":"has-post-thumbnail","6":"product_cat-nasiona-kwiatow","7":"product_cat-nasiona","8":"nt-post-class","9":"","12":"excerpt-none","15":"first","16":"instock","17":"shipping-taxable","18":"purchasable","19":"product-type-simple"},"_links":{"self":[{"href":"https:\/\/boskienasiona.pl\/en\/wp-json\/wp\/v2\/product\/21603","targetHints":{"allow":["GET"]}}],"collection":[{"href":"https:\/\/boskienasiona.pl\/en\/wp-json\/wp\/v2\/product"}],"about":[{"href":"https:\/\/boskienasiona.pl\/en\/wp-json\/wp\/v2\/types\/product"}],"replies":[{"embeddable":true,"href":"https:\/\/boskienasiona.pl\/en\/wp-json\/wp\/v2\/comments?post=21603"}],"version-history":[{"count":5,"href":"https:\/\/boskienasiona.pl\/en\/wp-json\/wp\/v2\/product\/21603\/revisions"}],"predecessor-version":[{"id":22553,"href":"https:\/\/boskienasiona.pl\/en\/wp-json\/wp\/v2\/product\/21603\/revisions\/22553"}],"wp:featuredmedia":[{"embeddable":true,"href":"https:\/\/boskienasiona.pl\/en\/wp-json\/wp\/v2\/media\/21584"}],"wp:attachment":[{"href":"https:\/\/boskienasiona.pl\/en\/wp-json\/wp\/v2\/media?parent=21603"}],"wp:term":[{"taxonomy":"product_cat","embeddable":true,"href":"https:\/\/boskienasiona.pl\/en\/wp-json\/wp\/v2\/product_cat?post=21603"},{"taxonomy":"product_tag","embeddable":true,"href":"https:\/\/boskienasiona.pl\/en\/wp-json\/wp\/v2\/product_tag?post=21603"},{"taxonomy":"location","embeddable":true,"href":"https:\/\/boskienasiona.pl\/en\/wp-json\/wp\/v2\/location?post=21603"}],"curies":[{"name":"wp","href":"https:\/\/api.w.org\/{rel}","templated":true}]}}