{"id":21629,"date":"2025-02-03T10:40:22","date_gmt":"2025-02-03T09:40:22","guid":{"rendered":"https:\/\/boskienasiona.pl\/product\/nasiona-kwiatow-nagietek-geisha-girl-pelne-kwiaty\/"},"modified":"2026-04-17T14:21:22","modified_gmt":"2026-04-17T12:21:22","slug":"nasiona-kwiatow-nagietek-geisha-girl-pelne-kwiaty","status":"publish","type":"product","link":"https:\/\/boskienasiona.pl\/en\/produkt\/nasiona-kwiatow-nagietek-geisha-girl-pelne-kwiaty\/","title":{"rendered":"Nasiona kwiat\u00f3w Nagietek GEISHA GIRL pe\u0142ne kwiaty"},"content":{"rendered":"<section class=\"section\">\n<div class=\"item item-6\">\n<section class=\"image-item\"><img decoding=\"async\" src=\"https:\/\/upload.cdn.baselinker.com\/products\/3018170\/164054024664fd20f77423dd8416d6bb.jpg\" \/><\/section>\n<\/p><\/div>\n<div class=\"item item-6\">\n<section class=\"text-item\">\n<h1>Nagietek\u00a0lekarski GEISHA GIRL<\/h1>\n<p>Wyj\u0105tkowa odmiana nagietka (wys. 50cm), tworz\u0105ca du\u017ce pe\u0142ne kwiaty w\u00a0czerwono- pomara\u0144czowym kolorze o\u00a0przyjemnym uspakajaj\u0105cym zapachu i\u00a0leczniczych w\u0142a\u015bciwo\u015bciach. Kwitnie od\u00a0wczesnego lata do\u00a0p\u00f3\u017anej jesieni. Doskona\u0142a odmiana do\u00a0obsadzania rabat, pojemnik\u00f3w i\u00a0na\u00a0kwiat ci\u0119ty. P\u0142atki dodane do\u00a0potrawy barwi\u0105 j\u0105 na\u00a0\u017c\u00f3\u0142to, nadaj\u0105c lekko pikantnego posmaku. Wysiew pod\u00a0os\u0142ony III-IV lub\u00a0do\u00a0gruntu IV-V.<\/p>\n<ul>\n<li><b>Siew:<\/b> III-V<\/li>\n<li><b>Wysoko\u015b\u0107:<\/b> 50 cm<\/li>\n<li><b>Kwitnienie:<\/b> VI-X<\/li>\n<li><b>Rozstawa:<\/b> 25 x 25 cm<\/li>\n<\/ul>\n<\/section><\/div>\n<\/section>\n<section class=\"section\">\n<div class=\"item item-6\">\n<section class=\"image-item\"><img decoding=\"async\" src=\"https:\/\/upload.cdn.baselinker.com\/products\/3018170\/855dc9a97d975030076dcbc668ad5a49.jpg\" \/><\/section>\n<\/p><\/div>\n<div class=\"item item-6\">\n<section class=\"image-item\"><img decoding=\"async\" src=\"https:\/\/upload.cdn.baselinker.com\/products\/3018170\/708553d9c0a04d5f4ec0f8c1713dc1d3.jpg\" \/><\/section>\n<\/p><\/div>\n<\/section>\n<section class=\"section\">\n<div class=\"item item-6\">\n<section class=\"image-item\"><img decoding=\"async\" src=\"https:\/\/upload.cdn.baselinker.com\/products\/3018170\/09befb12718f9f1d74c4ff21de3d1ecd.jpg\" \/><\/section>\n<\/p><\/div>\n<div class=\"item item-6\">\n<section class=\"text-item\">\n<p><b>SPRAWDZONA JAKO\u015a\u0106 NASION<\/b><\/p>\n<p>Oferowane przez nas nasiona s\u0105 testowane w\u00a0<b>Laboratorium Oceny Nasion pod wzgl\u0119dem:<\/b><\/p>\n<p>\u2705<b>kie\u0142kowania<\/b><\/p>\n<p>\u2705<b>wilgotno\u015bci<\/b><\/p>\n<p>\u2705<b>czysto\u015bci ziarna<\/b><\/p>\n<p><b>Dzi\u0119ki czemu udost\u0119pniane nasiona s\u0105 \u015bci\u015ble wyselekcjonowane, tylko wysokiej klasy.<\/b><\/p>\n<p>Torebki zakupione na naszej aukcji s\u0105 w pe\u0142ni bezpieczne, posiadaj\u0105\u00a0<b>dat\u0119 wa\u017cno\u015bci i nr partii na opakowaniu.<\/b>\u00a0Gwarantujemy r\u00f3wnie\u017c jako\u015b\u0107 i oryginalno\u015b\u0107 produkt\u00f3w, poniewa\u017c s\u0105 nabywane bezpo\u015brednio od producenta.<\/p>\n<\/section><\/div>\n<\/section>\n","protected":false},"excerpt":{"rendered":"<p>Nagietek\u00a0lekarski GEISHA GIRL Wyj\u0105tkowa odmiana nagietka (wys. 50cm), tworz\u0105ca du\u017ce pe\u0142ne kwiaty w\u00a0czerwono- pomara\u0144czowym kolorze o\u00a0przyjemnym uspakajaj\u0105cym zapachu i\u00a0leczniczych w\u0142a\u015bciwo\u015bciach. Kwitnie od\u00a0wczesnego lata do\u00a0p\u00f3\u017anej jesieni. Doskona\u0142a odmiana do\u00a0obsadzania rabat, pojemnik\u00f3w i\u00a0na\u00a0kwiat ci\u0119ty. P\u0142atki dodane do\u00a0potrawy barwi\u0105 j\u0105 na\u00a0\u017c\u00f3\u0142to, nadaj\u0105c lekko pikantnego posmaku. Wysiew pod\u00a0os\u0142ony III-IV lub\u00a0do\u00a0gruntu IV-V. Siew: III-V Wysoko\u015b\u0107: 50 cm Kwitnienie: VI-X Rozstawa:&#8230;<\/p>\n","protected":false},"featured_media":21606,"comment_status":"open","ping_status":"closed","template":"","meta":{"inline_featured_image":false},"product_cat":[134,162,183,182],"product_tag":[],"location":[],"class_list":{"0":"post-21629","1":"product","2":"type-product","3":"status-publish","4":"has-post-thumbnail","6":"product_cat-nasiona-kwiatow","7":"product_cat-nasiona","8":"product_cat-nasiona-kwiatow-ogrodowych","9":"product_cat-nasiona-kwiaty-doniczkowe","10":"nt-post-class","11":"","14":"excerpt-none","17":"first","18":"instock","19":"shipping-taxable","20":"purchasable","21":"product-type-simple"},"_links":{"self":[{"href":"https:\/\/boskienasiona.pl\/en\/wp-json\/wp\/v2\/product\/21629","targetHints":{"allow":["GET"]}}],"collection":[{"href":"https:\/\/boskienasiona.pl\/en\/wp-json\/wp\/v2\/product"}],"about":[{"href":"https:\/\/boskienasiona.pl\/en\/wp-json\/wp\/v2\/types\/product"}],"replies":[{"embeddable":true,"href":"https:\/\/boskienasiona.pl\/en\/wp-json\/wp\/v2\/comments?post=21629"}],"version-history":[{"count":1,"href":"https:\/\/boskienasiona.pl\/en\/wp-json\/wp\/v2\/product\/21629\/revisions"}],"predecessor-version":[{"id":22531,"href":"https:\/\/boskienasiona.pl\/en\/wp-json\/wp\/v2\/product\/21629\/revisions\/22531"}],"wp:featuredmedia":[{"embeddable":true,"href":"https:\/\/boskienasiona.pl\/en\/wp-json\/wp\/v2\/media\/21606"}],"wp:attachment":[{"href":"https:\/\/boskienasiona.pl\/en\/wp-json\/wp\/v2\/media?parent=21629"}],"wp:term":[{"taxonomy":"product_cat","embeddable":true,"href":"https:\/\/boskienasiona.pl\/en\/wp-json\/wp\/v2\/product_cat?post=21629"},{"taxonomy":"product_tag","embeddable":true,"href":"https:\/\/boskienasiona.pl\/en\/wp-json\/wp\/v2\/product_tag?post=21629"},{"taxonomy":"location","embeddable":true,"href":"https:\/\/boskienasiona.pl\/en\/wp-json\/wp\/v2\/location?post=21629"}],"curies":[{"name":"wp","href":"https:\/\/api.w.org\/{rel}","templated":true}]}}