{"id":21640,"date":"2025-02-03T10:40:46","date_gmt":"2025-02-03T09:40:46","guid":{"rendered":"https:\/\/boskienasiona.pl\/product\/nasiona-kwiatow-nasturcja-karlowa-mix-na-rabaty-i-skrzynek-balkonowych\/"},"modified":"2026-04-19T14:18:19","modified_gmt":"2026-04-19T12:18:19","slug":"nasiona-kwiatow-nasturcja-karlowa-mix-na-rabaty-i-skrzynek-balkonowych","status":"publish","type":"product","link":"https:\/\/boskienasiona.pl\/en\/produkt\/nasiona-kwiatow-nasturcja-karlowa-mix-na-rabaty-i-skrzynek-balkonowych\/","title":{"rendered":"Nasiona kwiat\u00f3w Nasturcja kar\u0142owa Mix na rabaty i skrzynek balkonowych"},"content":{"rendered":"<section class=\"section\">\n<div class=\"item item-6\">\n<section class=\"image-item\"><img decoding=\"async\" src=\"https:\/\/upload.cdn.baselinker.com\/products\/3018170\/6390660ab816d60b3b4ce3da004d223e.jpg\" \/><\/section>\n<\/p><\/div>\n<div class=\"item item-6\">\n<section class=\"text-item\">\n<p><b>Nasturcja&nbsp;kar\u0142owa MIX<\/b><\/p>\n<p>Tropaeolum majus nanum<\/p>\n<p>Ro\u015blina kar\u0142owa jednoroczna wysoko\u015bci 20-30 cm. Kwiaty w&nbsp;odcieniach pomara\u0144czowego i&nbsp;\u017c\u00f3\u0142tego, kwitn\u0105ce od&nbsp;lipca do&nbsp;pa\u017adziernika. Polecana na&nbsp;rabaty, do&nbsp;mis i&nbsp;skrzynek balkonowych. Kwiaty s\u0105 jadalne i&nbsp;zawieraj\u0105 du\u017co witaminy C. M\u0142ode nasiona u\u017cywane s\u0105 jako dodatek smakowy do&nbsp;sa\u0142atek. Wymaga gleb lekkich, \u015brednio \u017cyznych, stanowisko s\u0142oneczne.<\/p>\n<ul>\n<li><b>Siew:<\/b> IV- V<\/li>\n<li><b>Kwitnienie:<\/b> VI-X<\/li>\n<li><b>Rozstawa:<\/b> 30 x 40 cm<\/li>\n<\/ul>\n<\/section><\/div>\n<\/section>\n<section class=\"section\">\n<div class=\"item item-6\">\n<section class=\"image-item\"><img decoding=\"async\" src=\"\" \/><\/section>\n<\/p><\/div>\n<div class=\"item item-6\">\n<section class=\"text-item\">\n<p><b>SPRAWDZONA JAKO\u015a\u0106 NASION<\/b><\/p>\n<p>Oferowane przez nas nasiona s\u0105 testowane w&nbsp;<b>Laboratorium Oceny Nasion pod wzgl\u0119dem:<\/b><\/p>\n<p>\u2705<b>kie\u0142kowania<\/b><\/p>\n<p>\u2705<b>wilgotno\u015bci<\/b><\/p>\n<p>\u2705<b>czysto\u015bci ziarna<\/b><\/p>\n<p><b>Dzi\u0119ki czemu udost\u0119pniane nasiona s\u0105 \u015bci\u015ble wyselekcjonowane, tylko wysokiej klasy.<\/b><\/p>\n<p>Torebki zakupione na naszej aukcji s\u0105 w pe\u0142ni bezpieczne, posiadaj\u0105&nbsp;<b>dat\u0119 wa\u017cno\u015bci i nr partii na opakowaniu.<\/b>&nbsp;Gwarantujemy r\u00f3wnie\u017c jako\u015b\u0107 i oryginalno\u015b\u0107 produkt\u00f3w, poniewa\u017c s\u0105 nabywane bezpo\u015brednio od producenta.<\/p>\n<\/section><\/div>\n<\/section>\n<section class=\"section\">\n<div class=\"item item-12\">\n<section class=\"image-item\"><img decoding=\"async\" src=\"https:\/\/upload.cdn.baselinker.com\/products\/3018170\/cf61998c5fc8bf4b1e5c58e8a6162396.jpg\" \/><\/section>\n<\/p><\/div>\n<\/section>\n<section class=\"section\">\n<div class=\"item item-12\">\n<section class=\"image-item\"><img decoding=\"async\" src=\"https:\/\/upload.cdn.baselinker.com\/products\/3018170\/18a9b8ea33b523f50e13cb7df71b8bc5.jpg\" \/><\/section>\n<\/p><\/div>\n<\/section>\n<section class=\"section\">\n<div class=\"item item-12\">\n<section class=\"image-item\"><img decoding=\"async\" src=\"https:\/\/upload.cdn.baselinker.com\/products\/3018170\/7b690a4c8aabb688fc458da23f497d8e.jpg\" \/><\/section>\n<\/p><\/div>\n<\/section>\n","protected":false},"excerpt":{"rendered":"<p>Nasturcja&nbsp;kar\u0142owa MIX Tropaeolum majus nanum Ro\u015blina kar\u0142owa jednoroczna wysoko\u015bci 20-30 cm. Kwiaty w&nbsp;odcieniach pomara\u0144czowego i&nbsp;\u017c\u00f3\u0142tego, kwitn\u0105ce od&nbsp;lipca do&nbsp;pa\u017adziernika. Polecana na&nbsp;rabaty, do&nbsp;mis i&nbsp;skrzynek balkonowych. Kwiaty s\u0105 jadalne i&nbsp;zawieraj\u0105 du\u017co witaminy C. M\u0142ode nasiona u\u017cywane s\u0105 jako dodatek smakowy do&nbsp;sa\u0142atek. Wymaga gleb lekkich, \u015brednio \u017cyznych, stanowisko s\u0142oneczne. Siew: IV- V Kwitnienie: VI-X Rozstawa: 30 x 40 cm&#8230;<\/p>\n","protected":false},"featured_media":21630,"comment_status":"open","ping_status":"closed","template":"","meta":{"inline_featured_image":false},"product_cat":[134,162],"product_tag":[],"location":[],"class_list":{"0":"post-21640","1":"product","2":"type-product","3":"status-publish","4":"has-post-thumbnail","6":"product_cat-nasiona-kwiatow","7":"product_cat-nasiona","8":"nt-post-class","9":"","12":"excerpt-none","15":"first","16":"instock","17":"shipping-taxable","18":"purchasable","19":"product-type-simple"},"_links":{"self":[{"href":"https:\/\/boskienasiona.pl\/en\/wp-json\/wp\/v2\/product\/21640","targetHints":{"allow":["GET"]}}],"collection":[{"href":"https:\/\/boskienasiona.pl\/en\/wp-json\/wp\/v2\/product"}],"about":[{"href":"https:\/\/boskienasiona.pl\/en\/wp-json\/wp\/v2\/types\/product"}],"replies":[{"embeddable":true,"href":"https:\/\/boskienasiona.pl\/en\/wp-json\/wp\/v2\/comments?post=21640"}],"version-history":[{"count":0,"href":"https:\/\/boskienasiona.pl\/en\/wp-json\/wp\/v2\/product\/21640\/revisions"}],"wp:featuredmedia":[{"embeddable":true,"href":"https:\/\/boskienasiona.pl\/en\/wp-json\/wp\/v2\/media\/21630"}],"wp:attachment":[{"href":"https:\/\/boskienasiona.pl\/en\/wp-json\/wp\/v2\/media?parent=21640"}],"wp:term":[{"taxonomy":"product_cat","embeddable":true,"href":"https:\/\/boskienasiona.pl\/en\/wp-json\/wp\/v2\/product_cat?post=21640"},{"taxonomy":"product_tag","embeddable":true,"href":"https:\/\/boskienasiona.pl\/en\/wp-json\/wp\/v2\/product_tag?post=21640"},{"taxonomy":"location","embeddable":true,"href":"https:\/\/boskienasiona.pl\/en\/wp-json\/wp\/v2\/location?post=21640"}],"curies":[{"name":"wp","href":"https:\/\/api.w.org\/{rel}","templated":true}]}}