{"id":21653,"date":"2025-02-03T10:41:23","date_gmt":"2025-02-03T09:41:23","guid":{"rendered":"https:\/\/boskienasiona.pl\/product\/nasiona-nasturcja-wieksza-mieszanka-o-pojemnikow-na-balkonach-i-tarasach\/"},"modified":"2026-04-19T14:18:20","modified_gmt":"2026-04-19T12:18:20","slug":"nasiona-nasturcja-wieksza-mieszanka-o-pojemnikow-na-balkonach-i-tarasach","status":"publish","type":"product","link":"https:\/\/boskienasiona.pl\/en\/produkt\/nasiona-nasturcja-wieksza-mieszanka-o-pojemnikow-na-balkonach-i-tarasach\/","title":{"rendered":"Nasiona Nasturcja Wi\u0119ksza Mieszanka o pojemnik\u00f3w na balkonach i tarasach"},"content":{"rendered":"<section class=\"section\">\n<div class=\"item item-12\">\n<section class=\"text-item\">\n<h1>Nasiona Nasturcja Wi\u0119ksza Mieszanka o pojemnik\u00f3w na balkonach i tarasach<\/h1>\n<\/section><\/div>\n<\/section>\n<section class=\"section\">\n<div class=\"item item-6\">\n<section class=\"image-item\">\n            <img decoding=\"async\" src=\"https:\/\/upload.cdn.baselinker.com\/products\/3018170\/c1a1489875464c0d102a767682bd53c5.png\" \/><br \/>\n        <\/section>\n<\/p><\/div>\n<div class=\"item item-6\">\n<section class=\"text-item\">\n<p>Nasturcja\u00a0wi\u0119ksza mieszanka<\/p>\n<p>Tropaeolum majus<\/p>\n<p>Ro\u015blina jednoroczna o\u00a0gi\u0119tkich, lekko p\u0142o\u017c\u0105cych\u00a0si\u0119 p\u0119dach. Kwiaty w\u00a0odcieniach pomara\u0144czowego i\u00a0\u017c\u00f3\u0142tego. Polecana do\u00a0okrywania murk\u00f3w, altan do\u00a0pojemnik\u00f3w na\u00a0balkonach i\u00a0tarasach. Kwiaty s\u0105 jadalne i\u00a0zawieraj\u0105 du\u017co witaminy C. M\u0142ode nasiona u\u017cywane s\u0105 jako dodatek smakowy do\u00a0sa\u0142atek. Wysoko\u015b\u0107 200-300 cm. Kwitnie od\u00a0VI do\u00a0X. Wysiew nasion wprost do\u00a0gruntu w\u00a0IV-V. Udaj\u0119\u00a0si\u0119 na\u00a0ka\u017cdej glebie ogrodowej.<\/p>\n<ul>\n<li><b>Siew:<\/b> IV- V<\/li>\n<li><b>Kwitnienie:<\/b> VI-X<\/li>\n<li><b>Rozstawa:<\/b> 30 x 35 cm<\/li>\n<li><b>Wysoko\u015b\u0107:<\/b> 200-300 cm<\/li>\n<\/ul>\n<\/section><\/div>\n<\/section>\n<section class=\"section\">\n<div class=\"item item-6\">\n<section class=\"image-item\">\n            <img decoding=\"async\" src=\"https:\/\/upload.cdn.baselinker.com\/products\/3018170\/4266a2870819eae09a436548796b7a89.png\" \/><br \/>\n        <\/section>\n<\/p><\/div>\n<div class=\"item item-6\">\n<section class=\"text-item\">\n<p><b>SPRAWDZONA JAKO\u015a\u0106 NASION<\/b><\/p>\n<p>Oferowane przez nas nasiona s\u0105 testowane w\u00a0<b>Laboratorium Oceny Nasion pod wzgl\u0119dem:<\/b><\/p>\n<p>\u2705<b>kie\u0142kowania<\/b><\/p>\n<p>\u2705<b>wilgotno\u015bci<\/b><\/p>\n<p>\u2705<b>czysto\u015bci ziarna<\/b><\/p>\n<p><b>Dzi\u0119ki czemu udost\u0119pniane nasiona s\u0105 \u015bci\u015ble wyselekcjonowane, tylko wysokiej klasy.<\/b><\/p>\n<p>Torebki zakupione na naszej aukcji s\u0105 w pe\u0142ni bezpieczne, posiadaj\u0105\u00a0<b>dat\u0119 wa\u017cno\u015bci i nr partii na opakowaniu.<\/b>\u00a0Gwarantujemy r\u00f3wnie\u017c jako\u015b\u0107 i oryginalno\u015b\u0107 produkt\u00f3w, poniewa\u017c s\u0105 nabywane bezpo\u015brednio od producenta.<\/p>\n<\/section><\/div>\n<\/section>\n<section class=\"section\">\n<div class=\"item item-6\">\n<section class=\"image-item\">\n            <img decoding=\"async\" src=\"https:\/\/upload.cdn.baselinker.com\/products\/3018170\/fb56f6aa2ba688bb033eb18f1d06612b.jpg\" \/><br \/>\n        <\/section>\n<\/p><\/div>\n<div class=\"item item-6\">\n<section class=\"image-item\">\n            <img decoding=\"async\" src=\"https:\/\/upload.cdn.baselinker.com\/products\/3018170\/62105f3308aad04e10995bd9982ba103.jpg\" \/><br \/>\n        <\/section>\n<\/p><\/div>\n<\/section>\n","protected":false},"excerpt":{"rendered":"<p>Nasiona Nasturcja Wi\u0119ksza Mieszanka o pojemnik\u00f3w na balkonach i tarasach Nasturcja\u00a0wi\u0119ksza mieszanka Tropaeolum majus Ro\u015blina jednoroczna o\u00a0gi\u0119tkich, lekko p\u0142o\u017c\u0105cych\u00a0si\u0119 p\u0119dach. Kwiaty w\u00a0odcieniach pomara\u0144czowego i\u00a0\u017c\u00f3\u0142tego. Polecana do\u00a0okrywania murk\u00f3w, altan do\u00a0pojemnik\u00f3w na\u00a0balkonach i\u00a0tarasach. Kwiaty s\u0105 jadalne i\u00a0zawieraj\u0105 du\u017co witaminy C. M\u0142ode nasiona u\u017cywane s\u0105 jako dodatek smakowy do\u00a0sa\u0142atek. Wysoko\u015b\u0107 200-300 cm. Kwitnie od\u00a0VI do\u00a0X. Wysiew nasion wprost&#8230;<\/p>\n","protected":false},"featured_media":21641,"comment_status":"open","ping_status":"closed","template":"","meta":{"inline_featured_image":false},"product_cat":[134,162,183],"product_tag":[],"location":[],"class_list":{"0":"post-21653","1":"product","2":"type-product","3":"status-publish","4":"has-post-thumbnail","6":"product_cat-nasiona-kwiatow","7":"product_cat-nasiona","8":"product_cat-nasiona-kwiatow-ogrodowych","9":"nt-post-class","10":"","13":"excerpt-none","16":"first","17":"instock","18":"shipping-taxable","19":"purchasable","20":"product-type-simple"},"_links":{"self":[{"href":"https:\/\/boskienasiona.pl\/en\/wp-json\/wp\/v2\/product\/21653","targetHints":{"allow":["GET"]}}],"collection":[{"href":"https:\/\/boskienasiona.pl\/en\/wp-json\/wp\/v2\/product"}],"about":[{"href":"https:\/\/boskienasiona.pl\/en\/wp-json\/wp\/v2\/types\/product"}],"replies":[{"embeddable":true,"href":"https:\/\/boskienasiona.pl\/en\/wp-json\/wp\/v2\/comments?post=21653"}],"version-history":[{"count":1,"href":"https:\/\/boskienasiona.pl\/en\/wp-json\/wp\/v2\/product\/21653\/revisions"}],"predecessor-version":[{"id":22546,"href":"https:\/\/boskienasiona.pl\/en\/wp-json\/wp\/v2\/product\/21653\/revisions\/22546"}],"wp:featuredmedia":[{"embeddable":true,"href":"https:\/\/boskienasiona.pl\/en\/wp-json\/wp\/v2\/media\/21641"}],"wp:attachment":[{"href":"https:\/\/boskienasiona.pl\/en\/wp-json\/wp\/v2\/media?parent=21653"}],"wp:term":[{"taxonomy":"product_cat","embeddable":true,"href":"https:\/\/boskienasiona.pl\/en\/wp-json\/wp\/v2\/product_cat?post=21653"},{"taxonomy":"product_tag","embeddable":true,"href":"https:\/\/boskienasiona.pl\/en\/wp-json\/wp\/v2\/product_tag?post=21653"},{"taxonomy":"location","embeddable":true,"href":"https:\/\/boskienasiona.pl\/en\/wp-json\/wp\/v2\/location?post=21653"}],"curies":[{"name":"wp","href":"https:\/\/api.w.org\/{rel}","templated":true}]}}