{"id":21670,"date":"2025-02-03T10:41:43","date_gmt":"2025-02-03T09:41:43","guid":{"rendered":"https:\/\/boskienasiona.pl\/product\/nasiona-truskawka-tresca-nawet-do-100-owocow-uprawa-gruntowa-i-w-donicach\/"},"modified":"2026-04-18T22:18:21","modified_gmt":"2026-04-18T20:18:21","slug":"nasiona-truskawka-tresca-nawet-do-100-owocow-uprawa-gruntowa-i-w-donicach","status":"publish","type":"product","link":"https:\/\/boskienasiona.pl\/en\/produkt\/nasiona-truskawka-tresca-nawet-do-100-owocow-uprawa-gruntowa-i-w-donicach\/","title":{"rendered":"Nasiona Truskawka Tresca nawet do 100 owoc\u00f3w uprawa gruntowa i w donicach"},"content":{"rendered":"<section class=\"section\">\n<div class=\"item item-12\">\n<section class=\"text-item\">\n<h1>Nasiona Truskawka Tresca nawet do 100 owoc\u00f3w uprawa gruntowa i w donicach<\/h1>\n<\/section><\/div>\n<\/section>\n<section class=\"section\">\n<div class=\"item item-6\">\n<section class=\"image-item\">\n            <img decoding=\"async\" src=\"https:\/\/upload.cdn.baselinker.com\/products\/3018170\/8c1d9ccefdac6d55d4cafbdd73147f0e.jpg\" \/><br \/>\n        <\/section>\n<\/p><\/div>\n<div class=\"item item-6\">\n<section class=\"text-item\">\n<p><b>Truskawka Tresca<\/b><\/p>\n<p>Fragaria ananasa<\/p>\n<p>Odmiana do\u00a0uprawy gruntowej i\u00a0w\u00a0donicach, charakteryzuje\u00a0si\u0119 bardzo du\u017c\u0105 plenno\u015bci\u0105, owocuje nieprzerwanie od\u00a0VI do\u00a0jesiennych przymrozk\u00f3w. Z\u00a0jednej ro\u015bliny mo\u017cna uzyska\u0107 nawet oko\u0142o 100 owoc\u00f3w. Owoce smacznie \u015bredniej wielko\u015bci o\u00a0s\u0142odkim silnie aromatycznym soczystym, j\u0119drnym czerwonym mi\u0105\u017cszu, doskona\u0142e zar\u00f3wno do\u00a0bezpo\u015bredniego spo\u017cycia jak i\u00a0na\u00a0przetwory. Nasiona wysiewa\u0107 w\u00a0III-IV do\u00a0skrzynek lub\u00a0na\u00a0palety do\u00a0ziemi ogrodniczej z\u00a0domieszk\u0105 torfu i\u00a0piasku.<\/p>\n<ul>\n<li><b>Siew:<\/b> III-IV<\/li>\n<li><b>Sadzenie:<\/b> V; VIII-IX<\/li>\n<li><b>Zbi\u00f3r:<\/b> VI-X<\/li>\n<li><b>Rozstawa:<\/b> 40&#215;40 cm<\/li>\n<\/ul>\n<\/section><\/div>\n<\/section>\n<section class=\"section\">\n<div class=\"item item-6\">\n<section class=\"image-item\">\n            <img decoding=\"async\" src=\"https:\/\/upload.cdn.baselinker.com\/products\/3018170\/e929e2a997e8395fd51675ceb4605352.jpg\" \/><br \/>\n        <\/section>\n<\/p><\/div>\n<div class=\"item item-6\">\n<section class=\"text-item\">\n<p><b>SPRAWDZONA JAKO\u015a\u0106 NASION<\/b><\/p>\n<p>Oferowane przez nas nasiona s\u0105 testowane w\u00a0<b>Laboratorium Oceny Nasion pod wzgl\u0119dem:<\/b><\/p>\n<p>\u2705<b>kie\u0142kowania<\/b><\/p>\n<p>\u2705<b>wilgotno\u015bci<\/b><\/p>\n<p>\u2705<b>czysto\u015bci ziarna<\/b><\/p>\n<p><b>Dzi\u0119ki czemu udost\u0119pniane nasiona s\u0105 \u015bci\u015ble wyselekcjonowane, tylko wysokiej klasy.<\/b><\/p>\n<p>Torebki zakupione na naszej aukcji s\u0105 w pe\u0142ni bezpieczne, posiadaj\u0105\u00a0<b>dat\u0119 wa\u017cno\u015bci i nr partii na opakowaniu.<\/b>\u00a0Gwarantujemy r\u00f3wnie\u017c jako\u015b\u0107 i oryginalno\u015b\u0107 produkt\u00f3w, poniewa\u017c s\u0105 nabywane bezpo\u015brednio od producenta.<\/p>\n<\/section><\/div>\n<\/section>\n<section class=\"section\">\n<div class=\"item item-6\">\n<section class=\"image-item\">\n            <img decoding=\"async\" src=\"https:\/\/upload.cdn.baselinker.com\/products\/3018170\/63309eaaabd51ef55bb6677242813ce7.jpg\" \/><br \/>\n        <\/section>\n<\/p><\/div>\n<div class=\"item item-6\">\n<section class=\"image-item\">\n            <img decoding=\"async\" src=\"https:\/\/upload.cdn.baselinker.com\/products\/3018170\/10ab17ea4aa935158421d3973c609e71.jpg\" \/><br \/>\n        <\/section>\n<\/p><\/div>\n<\/section>\n","protected":false},"excerpt":{"rendered":"<p>Nasiona Truskawka Tresca nawet do 100 owoc\u00f3w uprawa gruntowa i w donicach Truskawka Tresca Fragaria ananasa Odmiana do\u00a0uprawy gruntowej i\u00a0w\u00a0donicach, charakteryzuje\u00a0si\u0119 bardzo du\u017c\u0105 plenno\u015bci\u0105, owocuje nieprzerwanie od\u00a0VI do\u00a0jesiennych przymrozk\u00f3w. Z\u00a0jednej ro\u015bliny mo\u017cna uzyska\u0107 nawet oko\u0142o 100 owoc\u00f3w. Owoce smacznie \u015bredniej wielko\u015bci o\u00a0s\u0142odkim silnie aromatycznym soczystym, j\u0119drnym czerwonym mi\u0105\u017cszu, doskona\u0142e zar\u00f3wno do\u00a0bezpo\u015bredniego spo\u017cycia jak i\u00a0na\u00a0przetwory. Nasiona&#8230;<\/p>\n","protected":false},"featured_media":21656,"comment_status":"open","ping_status":"closed","template":"","meta":{"inline_featured_image":false},"product_cat":[135,162,179],"product_tag":[],"location":[],"class_list":{"0":"post-21670","1":"product","2":"type-product","3":"status-publish","4":"has-post-thumbnail","6":"product_cat-nasiona-owocowe","7":"product_cat-nasiona","8":"product_cat-nasiona-truskawek","9":"nt-post-class","10":"","13":"excerpt-none","16":"first","17":"instock","18":"shipping-taxable","19":"purchasable","20":"product-type-simple"},"_links":{"self":[{"href":"https:\/\/boskienasiona.pl\/en\/wp-json\/wp\/v2\/product\/21670","targetHints":{"allow":["GET"]}}],"collection":[{"href":"https:\/\/boskienasiona.pl\/en\/wp-json\/wp\/v2\/product"}],"about":[{"href":"https:\/\/boskienasiona.pl\/en\/wp-json\/wp\/v2\/types\/product"}],"replies":[{"embeddable":true,"href":"https:\/\/boskienasiona.pl\/en\/wp-json\/wp\/v2\/comments?post=21670"}],"version-history":[{"count":1,"href":"https:\/\/boskienasiona.pl\/en\/wp-json\/wp\/v2\/product\/21670\/revisions"}],"predecessor-version":[{"id":22315,"href":"https:\/\/boskienasiona.pl\/en\/wp-json\/wp\/v2\/product\/21670\/revisions\/22315"}],"wp:featuredmedia":[{"embeddable":true,"href":"https:\/\/boskienasiona.pl\/en\/wp-json\/wp\/v2\/media\/21656"}],"wp:attachment":[{"href":"https:\/\/boskienasiona.pl\/en\/wp-json\/wp\/v2\/media?parent=21670"}],"wp:term":[{"taxonomy":"product_cat","embeddable":true,"href":"https:\/\/boskienasiona.pl\/en\/wp-json\/wp\/v2\/product_cat?post=21670"},{"taxonomy":"product_tag","embeddable":true,"href":"https:\/\/boskienasiona.pl\/en\/wp-json\/wp\/v2\/product_tag?post=21670"},{"taxonomy":"location","embeddable":true,"href":"https:\/\/boskienasiona.pl\/en\/wp-json\/wp\/v2\/location?post=21670"}],"curies":[{"name":"wp","href":"https:\/\/api.w.org\/{rel}","templated":true}]}}