{"id":21710,"date":"2025-02-03T10:42:28","date_gmt":"2025-02-03T09:42:28","guid":{"rendered":"https:\/\/boskienasiona.pl\/product\/nasiona-lubczyk-ogrodowy-magi-wieloletni-zimuje\/"},"modified":"2026-04-19T14:18:21","modified_gmt":"2026-04-19T12:18:21","slug":"nasiona-lubczyk-ogrodowy-magi-wieloletni-zimuje","status":"publish","type":"product","link":"https:\/\/boskienasiona.pl\/en\/produkt\/nasiona-lubczyk-ogrodowy-magi-wieloletni-zimuje\/","title":{"rendered":"Nasiona LUBCZYK OGRODOWY MAGI wieloletni zimuje"},"content":{"rendered":"<section class=\"section\">\n<div class=\"item item-12\">\n<section class=\"text-item\">\n<h1>Nasiona LUBCZYK OGRODOWY MAGI wieloletni zimuje<\/h1>\n<\/section><\/div>\n<\/section>\n<section class=\"section\">\n<div class=\"item item-6\">\n<section class=\"image-item\">\n            <img decoding=\"async\" src=\"https:\/\/upload.cdn.baselinker.com\/products\/3018170\/54b3b72f56f05e5d782b69ca70a50872.png\" \/><br \/>\n        <\/section>\n<\/p><\/div>\n<div class=\"item item-6\">\n<section class=\"text-item\">\n<p><b>Lubczyk\u00a0ogrodowy<\/b><\/p>\n<p>Levisticum officinalis<\/p>\n<p>Ro\u015blina wieloletnia, przyprawowa i\u00a0lecznicza. \u015awie\u017ce li\u015bcie dodaje\u00a0si\u0119 do\u00a0sa\u0142atek, zup pomidorowych, mi\u0119s i\u00a0sos\u00f3w. Zasuszone k\u0142\u0105cza nadaj\u0105\u00a0si\u0119 do\u00a0gulaszu, flak\u00f3w, drobiu, baraniny. Pobudza apetyt, reguluje procesy trawienne, dzia\u0142a moczop\u0119dnie. Wysiew do\u00a0gruntu lub\u00a0na\u00a0rozsadniku w\u00a0V-VI lub\u00a0VIII. Rozsadza\u0107 na\u00a0miejsce sta\u0142e w\u00a0VIII przy siewie wiosennym, lub\u00a0w\u00a0IV roku nast\u0119pnego przy siewie letnim. Zbi\u00f3r w\u00a0drugim roku uprawy.<\/p>\n<ul>\n<li><b>Siew:<\/b> po\u0142owa V-VI; VIII-po\u0142owa IX<\/li>\n<li><b>Zbi\u00f3r:<\/b> koniec V-IX<\/li>\n<li><b>Rozstawa:<\/b> 40&#215;40 cm<\/li>\n<\/ul>\n<\/section><\/div>\n<\/section>\n<section class=\"section\">\n<div class=\"item item-6\">\n<section class=\"image-item\">\n            <img decoding=\"async\" src=\"https:\/\/upload.cdn.baselinker.com\/products\/3018170\/72969b3ec285b01d7c96cefe8dddab3b.png\" \/><br \/>\n        <\/section>\n<\/p><\/div>\n<div class=\"item item-6\">\n<section class=\"text-item\">\n<p><b>SPRAWDZONA JAKO\u015a\u0106 NASION<\/b><\/p>\n<p>Oferowane przez nas nasiona s\u0105 testowane w\u00a0<b>Laboratorium Oceny Nasion pod wzgl\u0119dem:<\/b><\/p>\n<p>\u2705<b>kie\u0142kowania<\/b><\/p>\n<p>\u2705<b>wilgotno\u015bci<\/b><\/p>\n<p>\u2705<b>czysto\u015bci ziarna<\/b><\/p>\n<p><b>Dzi\u0119ki czemu udost\u0119pniane nasiona s\u0105 \u015bci\u015ble wyselekcjonowane, tylko wysokiej klasy.<\/b><\/p>\n<p>Torebki zakupione na naszej aukcji s\u0105 w pe\u0142ni bezpieczne, posiadaj\u0105\u00a0<b>dat\u0119 wa\u017cno\u015bci i nr partii na opakowaniu.<\/b>\u00a0Gwarantujemy r\u00f3wnie\u017c jako\u015b\u0107 i oryginalno\u015b\u0107 produkt\u00f3w, poniewa\u017c s\u0105 nabywane bezpo\u015brednio od producenta.<\/p>\n<\/section><\/div>\n<\/section>\n<section class=\"section\">\n<div class=\"item item-12\">\n<section class=\"image-item\">\n            <img decoding=\"async\" src=\"https:\/\/upload.cdn.baselinker.com\/products\/3018170\/b5744c30d688db8f5a030d9aa71dc2e2.png\" \/><br \/>\n        <\/section>\n<\/p><\/div>\n<\/section>\n<section class=\"section\">\n<div class=\"item item-12\">\n<section class=\"image-item\">\n            <img decoding=\"async\" src=\"https:\/\/upload.cdn.baselinker.com\/products\/3018170\/6ab7f2fd8c76080a9e96f39a80608e30.jpg\" \/><br \/>\n        <\/section>\n<\/p><\/div>\n<\/section>\n<section class=\"section\">\n<div class=\"item item-12\">\n<section class=\"image-item\">\n            <img decoding=\"async\" src=\"https:\/\/upload.cdn.baselinker.com\/products\/3018170\/b0d9bc0d5ae703b8c3a77596ad92a234.jpg\" \/><br \/>\n        <\/section>\n<\/p><\/div>\n<\/section>\n","protected":false},"excerpt":{"rendered":"<p>Nasiona LUBCZYK OGRODOWY MAGI wieloletni zimuje Lubczyk\u00a0ogrodowy Levisticum officinalis Ro\u015blina wieloletnia, przyprawowa i\u00a0lecznicza. \u015awie\u017ce li\u015bcie dodaje\u00a0si\u0119 do\u00a0sa\u0142atek, zup pomidorowych, mi\u0119s i\u00a0sos\u00f3w. Zasuszone k\u0142\u0105cza nadaj\u0105\u00a0si\u0119 do\u00a0gulaszu, flak\u00f3w, drobiu, baraniny. Pobudza apetyt, reguluje procesy trawienne, dzia\u0142a moczop\u0119dnie. Wysiew do\u00a0gruntu lub\u00a0na\u00a0rozsadniku w\u00a0V-VI lub\u00a0VIII. Rozsadza\u0107 na\u00a0miejsce sta\u0142e w\u00a0VIII przy siewie wiosennym, lub\u00a0w\u00a0IV roku nast\u0119pnego przy siewie letnim. Zbi\u00f3r w\u00a0drugim&#8230;<\/p>\n","protected":false},"featured_media":21718,"comment_status":"open","ping_status":"closed","template":"","meta":{"inline_featured_image":false},"product_cat":[134,162],"product_tag":[],"location":[],"class_list":{"0":"post-21710","1":"product","2":"type-product","3":"status-publish","4":"has-post-thumbnail","6":"product_cat-nasiona-kwiatow","7":"product_cat-nasiona","8":"nt-post-class","9":"","12":"excerpt-none","15":"first","16":"instock","17":"shipping-taxable","18":"purchasable","19":"product-type-simple"},"_links":{"self":[{"href":"https:\/\/boskienasiona.pl\/en\/wp-json\/wp\/v2\/product\/21710","targetHints":{"allow":["GET"]}}],"collection":[{"href":"https:\/\/boskienasiona.pl\/en\/wp-json\/wp\/v2\/product"}],"about":[{"href":"https:\/\/boskienasiona.pl\/en\/wp-json\/wp\/v2\/types\/product"}],"replies":[{"embeddable":true,"href":"https:\/\/boskienasiona.pl\/en\/wp-json\/wp\/v2\/comments?post=21710"}],"version-history":[{"count":1,"href":"https:\/\/boskienasiona.pl\/en\/wp-json\/wp\/v2\/product\/21710\/revisions"}],"predecessor-version":[{"id":21733,"href":"https:\/\/boskienasiona.pl\/en\/wp-json\/wp\/v2\/product\/21710\/revisions\/21733"}],"wp:featuredmedia":[{"embeddable":true,"href":"https:\/\/boskienasiona.pl\/en\/wp-json\/wp\/v2\/media\/21718"}],"wp:attachment":[{"href":"https:\/\/boskienasiona.pl\/en\/wp-json\/wp\/v2\/media?parent=21710"}],"wp:term":[{"taxonomy":"product_cat","embeddable":true,"href":"https:\/\/boskienasiona.pl\/en\/wp-json\/wp\/v2\/product_cat?post=21710"},{"taxonomy":"product_tag","embeddable":true,"href":"https:\/\/boskienasiona.pl\/en\/wp-json\/wp\/v2\/product_tag?post=21710"},{"taxonomy":"location","embeddable":true,"href":"https:\/\/boskienasiona.pl\/en\/wp-json\/wp\/v2\/location?post=21710"}],"curies":[{"name":"wp","href":"https:\/\/api.w.org\/{rel}","templated":true}]}}