{"id":21711,"date":"2025-02-03T10:42:30","date_gmt":"2025-02-03T09:42:30","guid":{"rendered":"https:\/\/boskienasiona.pl\/product\/nasiona-kwiatow-onetek-sea-shell-na-rabaty-i-kwiat-ciety\/"},"modified":"2026-04-18T22:18:22","modified_gmt":"2026-04-18T20:18:22","slug":"nasiona-kwiatow-onetek-sea-shell-na-rabaty-i-kwiat-ciety","status":"publish","type":"product","link":"https:\/\/boskienasiona.pl\/en\/produkt\/nasiona-kwiatow-onetek-sea-shell-na-rabaty-i-kwiat-ciety\/","title":{"rendered":"Nasiona kwiat\u00f3w On\u0119tek Sea Shell na rabaty i kwiat ci\u0119ty"},"content":{"rendered":"<section class=\"section\">\n<div class=\"item item-12\">\n<section class=\"text-item\">\n<h1>Nasiona kwiat\u00f3w On\u0119tek Muszelkowy Sea Shell na rabaty i kwiat ci\u0119ty<\/h1>\n<\/section><\/div>\n<\/section>\n<section class=\"section\">\n<div class=\"item item-6\">\n<section class=\"image-item\"><img decoding=\"async\" src=\"https:\/\/upload.cdn.baselinker.com\/products\/3018170\/105b06eb54b96f018f179dfac7db5f10.png\" \/><\/section>\n<\/p><\/div>\n<div class=\"item item-6\">\n<section class=\"text-item\">\n<p><b>On\u0119tek Muszelkowy Sea Shell Mix Nasiona 0,5g<\/b><\/p>\n<p>Ma\u0142o wymagaj\u0105ca d\u0142ugo i obficie kwitn\u0105ca ro\u015blina jednoroczna, wys. 80 cm o oryginalnych r\u00f3\u017cnobarwnych kwiatach z rurkowato zwini\u0119tymi p\u0142atkami otaczaj\u0105cymi \u017c\u00f3\u0142te \u015brodki.<\/p>\n<p>Doskona\u0142a na wysokie rabaty i na kwiat ci\u0119ty.<\/p>\n<p>Wysiew nasion na g\u0142\u0119boko\u015b\u0107 0,5-1cm wprost do gruntu od III-V w rozstawie 40&#215;40 cm.<\/p>\n<p>Wymaga stanowiska s\u0142onecznego.<\/p>\n<p><b>\u2705Rodzaj nasion:\u00a0<\/b>On\u0119tek Sea Shell<\/p>\n<p><b>\u2705Waga:<\/b>\u00a00,5g<\/p>\n<p><b>\u2705Wysoko\u015b\u0107:<\/b>\u00a080 cm<\/p>\n<p><b>\u2705Siew:\u00a0<\/b>III-V<\/p>\n<p><b>\u2705Kwitnienie<\/b>: VI-IX<\/p>\n<p><b>\u2705Rozstawa:<\/b>\u00a040 x 40 cm<\/p>\n<\/section><\/div>\n<\/section>\n<section class=\"section\">\n<div class=\"item item-6\">\n<section class=\"image-item\"><img decoding=\"async\" src=\"\" \/><\/section>\n<\/p><\/div>\n<div class=\"item item-6\">\n<section class=\"text-item\">\n<p><b>SPRAWDZONA JAKO\u015a\u0106 NASION<\/b><\/p>\n<p>Oferowane przez nas nasiona s\u0105 testowane w\u00a0<b>Laboratorium Oceny Nasion pod wzgl\u0119dem:<\/b><\/p>\n<p>\u2705<b>kie\u0142kowania<\/b><\/p>\n<p>\u2705<b>wilgotno\u015bci<\/b><\/p>\n<p>\u2705<b>czysto\u015bci ziarna<\/b><\/p>\n<p><b>Dzi\u0119ki czemu udost\u0119pniane nasiona s\u0105 \u015bci\u015ble wyselekcjonowane, tylko wysokiej klasy.<\/b><\/p>\n<p>Torebki zakupione na naszej aukcji s\u0105 w pe\u0142ni bezpieczne, posiadaj\u0105\u00a0<b>dat\u0119 wa\u017cno\u015bci i nr partii na opakowaniu.<\/b>\u00a0Gwarantujemy r\u00f3wnie\u017c jako\u015b\u0107 i oryginalno\u015b\u0107 produkt\u00f3w, poniewa\u017c s\u0105 nabywane bezpo\u015brednio od producenta.<\/p>\n<\/section><\/div>\n<\/section>\n<section class=\"section\">\n<div class=\"item item-6\">\n<section class=\"image-item\"><img decoding=\"async\" src=\"https:\/\/upload.cdn.baselinker.com\/products\/3018170\/758bb61020916ec70a06f9dc976cfda8.jpg\" \/><\/section>\n<\/p><\/div>\n<div class=\"item item-6\">\n<section class=\"image-item\"><img decoding=\"async\" src=\"https:\/\/upload.cdn.baselinker.com\/products\/3018170\/f49370c823c34d085a73cbe6a190af19.jpg\" \/><\/section>\n<\/p><\/div>\n<\/section>\n","protected":false},"excerpt":{"rendered":"<p>Nasiona kwiat\u00f3w On\u0119tek Muszelkowy Sea Shell na rabaty i kwiat ci\u0119ty On\u0119tek Muszelkowy Sea Shell Mix Nasiona 0,5g Ma\u0142o wymagaj\u0105ca d\u0142ugo i obficie kwitn\u0105ca ro\u015blina jednoroczna, wys. 80 cm o oryginalnych r\u00f3\u017cnobarwnych kwiatach z rurkowato zwini\u0119tymi p\u0142atkami otaczaj\u0105cymi \u017c\u00f3\u0142te \u015brodki. Doskona\u0142a na wysokie rabaty i na kwiat ci\u0119ty. Wysiew nasion na g\u0142\u0119boko\u015b\u0107 0,5-1cm wprost do&#8230;<\/p>\n","protected":false},"featured_media":21696,"comment_status":"open","ping_status":"closed","template":"","meta":{"inline_featured_image":false},"product_cat":[134,162,182],"product_tag":[],"location":[],"class_list":{"0":"post-21711","1":"product","2":"type-product","3":"status-publish","4":"has-post-thumbnail","6":"product_cat-nasiona-kwiatow","7":"product_cat-nasiona","8":"product_cat-nasiona-kwiaty-doniczkowe","9":"nt-post-class","10":"","13":"excerpt-none","16":"first","17":"instock","18":"shipping-taxable","19":"purchasable","20":"product-type-simple"},"_links":{"self":[{"href":"https:\/\/boskienasiona.pl\/en\/wp-json\/wp\/v2\/product\/21711","targetHints":{"allow":["GET"]}}],"collection":[{"href":"https:\/\/boskienasiona.pl\/en\/wp-json\/wp\/v2\/product"}],"about":[{"href":"https:\/\/boskienasiona.pl\/en\/wp-json\/wp\/v2\/types\/product"}],"replies":[{"embeddable":true,"href":"https:\/\/boskienasiona.pl\/en\/wp-json\/wp\/v2\/comments?post=21711"}],"version-history":[{"count":1,"href":"https:\/\/boskienasiona.pl\/en\/wp-json\/wp\/v2\/product\/21711\/revisions"}],"predecessor-version":[{"id":22530,"href":"https:\/\/boskienasiona.pl\/en\/wp-json\/wp\/v2\/product\/21711\/revisions\/22530"}],"wp:featuredmedia":[{"embeddable":true,"href":"https:\/\/boskienasiona.pl\/en\/wp-json\/wp\/v2\/media\/21696"}],"wp:attachment":[{"href":"https:\/\/boskienasiona.pl\/en\/wp-json\/wp\/v2\/media?parent=21711"}],"wp:term":[{"taxonomy":"product_cat","embeddable":true,"href":"https:\/\/boskienasiona.pl\/en\/wp-json\/wp\/v2\/product_cat?post=21711"},{"taxonomy":"product_tag","embeddable":true,"href":"https:\/\/boskienasiona.pl\/en\/wp-json\/wp\/v2\/product_tag?post=21711"},{"taxonomy":"location","embeddable":true,"href":"https:\/\/boskienasiona.pl\/en\/wp-json\/wp\/v2\/location?post=21711"}],"curies":[{"name":"wp","href":"https:\/\/api.w.org\/{rel}","templated":true}]}}